{"id":404,"date":"2024-10-11T14:32:07","date_gmt":"2024-10-11T14:32:07","guid":{"rendered":"https:\/\/spinbetter.cash\/pl\/?page_id=404"},"modified":"2025-12-11T16:14:18","modified_gmt":"2025-12-11T16:14:18","slug":"partners","status":"publish","type":"page","link":"https:\/\/spinbetter.cash\/pl\/partners\/","title":{"rendered":"Partnerzy"},"content":{"rendered":"","protected":false},"excerpt":{"rendered":"","protected":false},"author":1,"featured_media":0,"parent":0,"menu_order":0,"comment_status":"closed","ping_status":"closed","template":"","meta":{"_acf_changed":false,"footnotes":""},"class_list":["post-404","page","type-page","status-publish","hentry"],"acf":[],"yoast_head":"<!-- This site is optimized with the Yoast SEO plugin v27.3 - https:\/\/yoast.com\/product\/yoast-seo-wordpress\/ -->\n<title>Partnerzy SpinBet | Zarabiaj ze SpinBetter!<\/title>\n<meta name=\"description\" content=\"Zosta\u0144 partnerem SpinBetter - przy\u0142\u0105cz si\u0119 do udanego programu i zacznij zarabia\u0107 pieni\u0105dze, przyci\u0105gaj\u0105c graczy ju\u017c dzi\u015b!\" \/>\n<meta name=\"robots\" content=\"index, follow, max-snippet:-1, max-image-preview:large, max-video-preview:-1\" \/>\n<meta property=\"og:locale\" content=\"pl_PL\" \/>\n<meta property=\"og:type\" content=\"article\" \/>\n<meta property=\"og:title\" content=\"Partnerzy SpinBet | Zarabiaj ze SpinBetter!\" \/>\n<meta property=\"og:description\" content=\"Zosta\u0144 partnerem SpinBetter - przy\u0142\u0105cz si\u0119 do udanego programu i zacznij zarabia\u0107 pieni\u0105dze, przyci\u0105gaj\u0105c graczy ju\u017c dzi\u015b!\" \/>\n<meta property=\"og:url\" content=\"https:\/\/spinbetter.cash\/pl\/partners\/\" \/>\n<meta property=\"og:site_name\" content=\"Spinbetter Football PL\" \/>\n<meta property=\"article:modified_time\" content=\"2025-12-11T16:14:18+00:00\" \/>\n<meta name=\"twitter:card\" content=\"summary_large_image\" \/>\n<script type=\"application\/ld+json\" class=\"yoast-schema-graph\">{\"@context\":\"https:\\\/\\\/schema.org\",\"@graph\":[{\"@type\":\"WebPage\",\"@id\":\"https:\\\/\\\/spinbetter.cash\\\/pl\\\/partners\\\/\",\"url\":\"https:\\\/\\\/spinbetter.cash\\\/pl\\\/partners\\\/\",\"name\":\"Partnerzy SpinBet | Zarabiaj ze SpinBetter!\",\"isPartOf\":{\"@id\":\"https:\\\/\\\/spinbetter.cash\\\/pl\\\/#website\"},\"datePublished\":\"2024-10-11T14:32:07+00:00\",\"dateModified\":\"2025-12-11T16:14:18+00:00\",\"description\":\"Zosta\u0144 partnerem SpinBetter - przy\u0142\u0105cz si\u0119 do udanego programu i zacznij zarabia\u0107 pieni\u0105dze, przyci\u0105gaj\u0105c graczy ju\u017c dzi\u015b!\",\"breadcrumb\":{\"@id\":\"https:\\\/\\\/spinbetter.cash\\\/pl\\\/partners\\\/#breadcrumb\"},\"inLanguage\":\"pl-PL\",\"potentialAction\":[{\"@type\":\"ReadAction\",\"target\":[\"https:\\\/\\\/spinbetter.cash\\\/pl\\\/partners\\\/\"]}]},{\"@type\":\"BreadcrumbList\",\"@id\":\"https:\\\/\\\/spinbetter.cash\\\/pl\\\/partners\\\/#breadcrumb\",\"itemListElement\":[{\"@type\":\"ListItem\",\"position\":1,\"name\":\"Home\",\"item\":\"https:\\\/\\\/spinbetter.cash\\\/pl\\\/\"},{\"@type\":\"ListItem\",\"position\":2,\"name\":\"Partnerzy\"}]},{\"@type\":\"WebSite\",\"@id\":\"https:\\\/\\\/spinbetter.cash\\\/pl\\\/#website\",\"url\":\"https:\\\/\\\/spinbetter.cash\\\/pl\\\/\",\"name\":\"Spinbetter Football PL\",\"description\":\"\",\"potentialAction\":[{\"@type\":\"SearchAction\",\"target\":{\"@type\":\"EntryPoint\",\"urlTemplate\":\"https:\\\/\\\/spinbetter.cash\\\/pl\\\/?s={search_term_string}\"},\"query-input\":{\"@type\":\"PropertyValueSpecification\",\"valueRequired\":true,\"valueName\":\"search_term_string\"}}],\"inLanguage\":\"pl-PL\"}]}<\/script>\n<!-- \/ Yoast SEO plugin. -->","yoast_head_json":{"title":"Partnerzy SpinBet | Zarabiaj ze SpinBetter!","description":"Zosta\u0144 partnerem SpinBetter - przy\u0142\u0105cz si\u0119 do udanego programu i zacznij zarabia\u0107 pieni\u0105dze, przyci\u0105gaj\u0105c graczy ju\u017c dzi\u015b!","robots":{"index":"index","follow":"follow","max-snippet":"max-snippet:-1","max-image-preview":"max-image-preview:large","max-video-preview":"max-video-preview:-1"},"og_locale":"pl_PL","og_type":"article","og_title":"Partnerzy SpinBet | Zarabiaj ze SpinBetter!","og_description":"Zosta\u0144 partnerem SpinBetter - przy\u0142\u0105cz si\u0119 do udanego programu i zacznij zarabia\u0107 pieni\u0105dze, przyci\u0105gaj\u0105c graczy ju\u017c dzi\u015b!","og_url":"https:\/\/spinbetter.cash\/pl\/partners\/","og_site_name":"Spinbetter Football PL","article_modified_time":"2025-12-11T16:14:18+00:00","twitter_card":"summary_large_image","schema":{"@context":"https:\/\/schema.org","@graph":[{"@type":"WebPage","@id":"https:\/\/spinbetter.cash\/pl\/partners\/","url":"https:\/\/spinbetter.cash\/pl\/partners\/","name":"Partnerzy SpinBet | Zarabiaj ze SpinBetter!","isPartOf":{"@id":"https:\/\/spinbetter.cash\/pl\/#website"},"datePublished":"2024-10-11T14:32:07+00:00","dateModified":"2025-12-11T16:14:18+00:00","description":"Zosta\u0144 partnerem SpinBetter - przy\u0142\u0105cz si\u0119 do udanego programu i zacznij zarabia\u0107 pieni\u0105dze, przyci\u0105gaj\u0105c graczy ju\u017c dzi\u015b!","breadcrumb":{"@id":"https:\/\/spinbetter.cash\/pl\/partners\/#breadcrumb"},"inLanguage":"pl-PL","potentialAction":[{"@type":"ReadAction","target":["https:\/\/spinbetter.cash\/pl\/partners\/"]}]},{"@type":"BreadcrumbList","@id":"https:\/\/spinbetter.cash\/pl\/partners\/#breadcrumb","itemListElement":[{"@type":"ListItem","position":1,"name":"Home","item":"https:\/\/spinbetter.cash\/pl\/"},{"@type":"ListItem","position":2,"name":"Partnerzy"}]},{"@type":"WebSite","@id":"https:\/\/spinbetter.cash\/pl\/#website","url":"https:\/\/spinbetter.cash\/pl\/","name":"Spinbetter Football PL","description":"","potentialAction":[{"@type":"SearchAction","target":{"@type":"EntryPoint","urlTemplate":"https:\/\/spinbetter.cash\/pl\/?s={search_term_string}"},"query-input":{"@type":"PropertyValueSpecification","valueRequired":true,"valueName":"search_term_string"}}],"inLanguage":"pl-PL"}]}},"_links":{"self":[{"href":"https:\/\/spinbetter.cash\/pl\/wp-json\/wp\/v2\/pages\/404","targetHints":{"allow":["GET"]}}],"collection":[{"href":"https:\/\/spinbetter.cash\/pl\/wp-json\/wp\/v2\/pages"}],"about":[{"href":"https:\/\/spinbetter.cash\/pl\/wp-json\/wp\/v2\/types\/page"}],"author":[{"embeddable":true,"href":"https:\/\/spinbetter.cash\/pl\/wp-json\/wp\/v2\/users\/1"}],"replies":[{"embeddable":true,"href":"https:\/\/spinbetter.cash\/pl\/wp-json\/wp\/v2\/comments?post=404"}],"version-history":[{"count":19,"href":"https:\/\/spinbetter.cash\/pl\/wp-json\/wp\/v2\/pages\/404\/revisions"}],"predecessor-version":[{"id":701,"href":"https:\/\/spinbetter.cash\/pl\/wp-json\/wp\/v2\/pages\/404\/revisions\/701"}],"wp:attachment":[{"href":"https:\/\/spinbetter.cash\/pl\/wp-json\/wp\/v2\/media?parent=404"}],"curies":[{"name":"wp","href":"https:\/\/api.w.org\/{rel}","templated":true}]}}