{"id":392,"date":"2024-10-11T14:30:45","date_gmt":"2024-10-11T14:30:45","guid":{"rendered":"https:\/\/spinbetter.cash\/pl\/?page_id=392"},"modified":"2025-12-11T16:11:18","modified_gmt":"2025-12-11T16:11:18","slug":"free-spins","status":"publish","type":"page","link":"https:\/\/spinbetter.cash\/pl\/free-spins\/","title":{"rendered":"Darmowe obroty"},"content":{"rendered":"","protected":false},"excerpt":{"rendered":"","protected":false},"author":1,"featured_media":0,"parent":0,"menu_order":0,"comment_status":"closed","ping_status":"closed","template":"","meta":{"_acf_changed":false,"footnotes":""},"class_list":["post-392","page","type-page","status-publish","hentry"],"acf":[],"yoast_head":"<!-- This site is optimized with the Yoast SEO plugin v27.3 - https:\/\/yoast.com\/product\/yoast-seo-wordpress\/ -->\n<title>SpinBetter Darmowe Spiny \u2b50 Jak Je Otrzyma\u0107<\/title>\n<meta name=\"description\" content=\"SpinBetter Darmowe Spiny \u2b50 uzyskaj uporz\u0105dkowane nagrody promocyjne, licencjonowane funkcje gier oraz wygodne narz\u0119dzia aktywacyjne stworzone dla p\u0142ynnej i bezpiecznej gry.\" \/>\n<meta name=\"robots\" content=\"index, follow, max-snippet:-1, max-image-preview:large, max-video-preview:-1\" \/>\n<meta property=\"og:locale\" content=\"pl_PL\" \/>\n<meta property=\"og:type\" content=\"article\" \/>\n<meta property=\"og:title\" content=\"SpinBetter Darmowe Spiny \u2b50 Jak Je Otrzyma\u0107\" \/>\n<meta property=\"og:description\" content=\"SpinBetter Darmowe Spiny \u2b50 uzyskaj uporz\u0105dkowane nagrody promocyjne, licencjonowane funkcje gier oraz wygodne narz\u0119dzia aktywacyjne stworzone dla p\u0142ynnej i bezpiecznej gry.\" \/>\n<meta property=\"og:url\" content=\"https:\/\/spinbetter.cash\/pl\/free-spins\/\" \/>\n<meta property=\"og:site_name\" content=\"Spinbetter Football PL\" \/>\n<meta property=\"article:modified_time\" content=\"2025-12-11T16:11:18+00:00\" \/>\n<meta name=\"twitter:card\" content=\"summary_large_image\" \/>\n<script type=\"application\/ld+json\" class=\"yoast-schema-graph\">{\"@context\":\"https:\\\/\\\/schema.org\",\"@graph\":[{\"@type\":\"WebPage\",\"@id\":\"https:\\\/\\\/spinbetter.cash\\\/pl\\\/free-spins\\\/\",\"url\":\"https:\\\/\\\/spinbetter.cash\\\/pl\\\/free-spins\\\/\",\"name\":\"SpinBetter Darmowe Spiny \u2b50 Jak Je Otrzyma\u0107\",\"isPartOf\":{\"@id\":\"https:\\\/\\\/spinbetter.cash\\\/pl\\\/#website\"},\"datePublished\":\"2024-10-11T14:30:45+00:00\",\"dateModified\":\"2025-12-11T16:11:18+00:00\",\"description\":\"SpinBetter Darmowe Spiny \u2b50 uzyskaj uporz\u0105dkowane nagrody promocyjne, licencjonowane funkcje gier oraz wygodne narz\u0119dzia aktywacyjne stworzone dla p\u0142ynnej i bezpiecznej gry.\",\"breadcrumb\":{\"@id\":\"https:\\\/\\\/spinbetter.cash\\\/pl\\\/free-spins\\\/#breadcrumb\"},\"inLanguage\":\"pl-PL\",\"potentialAction\":[{\"@type\":\"ReadAction\",\"target\":[\"https:\\\/\\\/spinbetter.cash\\\/pl\\\/free-spins\\\/\"]}]},{\"@type\":\"BreadcrumbList\",\"@id\":\"https:\\\/\\\/spinbetter.cash\\\/pl\\\/free-spins\\\/#breadcrumb\",\"itemListElement\":[{\"@type\":\"ListItem\",\"position\":1,\"name\":\"Home\",\"item\":\"https:\\\/\\\/spinbetter.cash\\\/pl\\\/\"},{\"@type\":\"ListItem\",\"position\":2,\"name\":\"Darmowe obroty\"}]},{\"@type\":\"WebSite\",\"@id\":\"https:\\\/\\\/spinbetter.cash\\\/pl\\\/#website\",\"url\":\"https:\\\/\\\/spinbetter.cash\\\/pl\\\/\",\"name\":\"Spinbetter Football PL\",\"description\":\"\",\"potentialAction\":[{\"@type\":\"SearchAction\",\"target\":{\"@type\":\"EntryPoint\",\"urlTemplate\":\"https:\\\/\\\/spinbetter.cash\\\/pl\\\/?s={search_term_string}\"},\"query-input\":{\"@type\":\"PropertyValueSpecification\",\"valueRequired\":true,\"valueName\":\"search_term_string\"}}],\"inLanguage\":\"pl-PL\"}]}<\/script>\n<!-- \/ Yoast SEO plugin. -->","yoast_head_json":{"title":"SpinBetter Darmowe Spiny \u2b50 Jak Je Otrzyma\u0107","description":"SpinBetter Darmowe Spiny \u2b50 uzyskaj uporz\u0105dkowane nagrody promocyjne, licencjonowane funkcje gier oraz wygodne narz\u0119dzia aktywacyjne stworzone dla p\u0142ynnej i bezpiecznej gry.","robots":{"index":"index","follow":"follow","max-snippet":"max-snippet:-1","max-image-preview":"max-image-preview:large","max-video-preview":"max-video-preview:-1"},"og_locale":"pl_PL","og_type":"article","og_title":"SpinBetter Darmowe Spiny \u2b50 Jak Je Otrzyma\u0107","og_description":"SpinBetter Darmowe Spiny \u2b50 uzyskaj uporz\u0105dkowane nagrody promocyjne, licencjonowane funkcje gier oraz wygodne narz\u0119dzia aktywacyjne stworzone dla p\u0142ynnej i bezpiecznej gry.","og_url":"https:\/\/spinbetter.cash\/pl\/free-spins\/","og_site_name":"Spinbetter Football PL","article_modified_time":"2025-12-11T16:11:18+00:00","twitter_card":"summary_large_image","schema":{"@context":"https:\/\/schema.org","@graph":[{"@type":"WebPage","@id":"https:\/\/spinbetter.cash\/pl\/free-spins\/","url":"https:\/\/spinbetter.cash\/pl\/free-spins\/","name":"SpinBetter Darmowe Spiny \u2b50 Jak Je Otrzyma\u0107","isPartOf":{"@id":"https:\/\/spinbetter.cash\/pl\/#website"},"datePublished":"2024-10-11T14:30:45+00:00","dateModified":"2025-12-11T16:11:18+00:00","description":"SpinBetter Darmowe Spiny \u2b50 uzyskaj uporz\u0105dkowane nagrody promocyjne, licencjonowane funkcje gier oraz wygodne narz\u0119dzia aktywacyjne stworzone dla p\u0142ynnej i bezpiecznej gry.","breadcrumb":{"@id":"https:\/\/spinbetter.cash\/pl\/free-spins\/#breadcrumb"},"inLanguage":"pl-PL","potentialAction":[{"@type":"ReadAction","target":["https:\/\/spinbetter.cash\/pl\/free-spins\/"]}]},{"@type":"BreadcrumbList","@id":"https:\/\/spinbetter.cash\/pl\/free-spins\/#breadcrumb","itemListElement":[{"@type":"ListItem","position":1,"name":"Home","item":"https:\/\/spinbetter.cash\/pl\/"},{"@type":"ListItem","position":2,"name":"Darmowe obroty"}]},{"@type":"WebSite","@id":"https:\/\/spinbetter.cash\/pl\/#website","url":"https:\/\/spinbetter.cash\/pl\/","name":"Spinbetter Football PL","description":"","potentialAction":[{"@type":"SearchAction","target":{"@type":"EntryPoint","urlTemplate":"https:\/\/spinbetter.cash\/pl\/?s={search_term_string}"},"query-input":{"@type":"PropertyValueSpecification","valueRequired":true,"valueName":"search_term_string"}}],"inLanguage":"pl-PL"}]}},"_links":{"self":[{"href":"https:\/\/spinbetter.cash\/pl\/wp-json\/wp\/v2\/pages\/392","targetHints":{"allow":["GET"]}}],"collection":[{"href":"https:\/\/spinbetter.cash\/pl\/wp-json\/wp\/v2\/pages"}],"about":[{"href":"https:\/\/spinbetter.cash\/pl\/wp-json\/wp\/v2\/types\/page"}],"author":[{"embeddable":true,"href":"https:\/\/spinbetter.cash\/pl\/wp-json\/wp\/v2\/users\/1"}],"replies":[{"embeddable":true,"href":"https:\/\/spinbetter.cash\/pl\/wp-json\/wp\/v2\/comments?post=392"}],"version-history":[{"count":19,"href":"https:\/\/spinbetter.cash\/pl\/wp-json\/wp\/v2\/pages\/392\/revisions"}],"predecessor-version":[{"id":692,"href":"https:\/\/spinbetter.cash\/pl\/wp-json\/wp\/v2\/pages\/392\/revisions\/692"}],"wp:attachment":[{"href":"https:\/\/spinbetter.cash\/pl\/wp-json\/wp\/v2\/media?parent=392"}],"curies":[{"name":"wp","href":"https:\/\/api.w.org\/{rel}","templated":true}]}}