{"id":336,"date":"2024-10-11T14:31:35","date_gmt":"2024-10-11T14:31:35","guid":{"rendered":"https:\/\/spinbetter.cash\/pl\/?page_id=336"},"modified":"2025-12-12T08:23:30","modified_gmt":"2025-12-12T08:23:30","slug":"login","status":"publish","type":"page","link":"https:\/\/spinbetter.cash\/pl\/login\/","title":{"rendered":"Logowanie"},"content":{"rendered":"","protected":false},"excerpt":{"rendered":"","protected":false},"author":1,"featured_media":0,"parent":0,"menu_order":0,"comment_status":"closed","ping_status":"closed","template":"","meta":{"_acf_changed":false,"footnotes":""},"class_list":["post-336","page","type-page","status-publish","hentry"],"acf":[],"yoast_head":"<!-- This site is optimized with the Yoast SEO plugin v27.3 - https:\/\/yoast.com\/product\/yoast-seo-wordpress\/ -->\n<title>SpinBetter Login \u2714\ufe0f Szybki Dost\u0119p do Zak\u0142ad\u00f3w i Wygranych<\/title>\n<meta name=\"description\" content=\"SpinBetter Login \u2705 bezpieczny dost\u0119p do konta z ochron\u0105 autoryzacji, szybkie wej\u015bcie do sekcji kasyna i zak\u0142ad\u00f3w sportowych oraz pe\u0142na kontrola nad p\u0142atno\u015bciami i bonusami.\" \/>\n<meta name=\"robots\" content=\"index, follow, max-snippet:-1, max-image-preview:large, max-video-preview:-1\" \/>\n<meta property=\"og:locale\" content=\"pl_PL\" \/>\n<meta property=\"og:type\" content=\"article\" \/>\n<meta property=\"og:title\" content=\"SpinBetter Login \u2714\ufe0f Szybki Dost\u0119p do Zak\u0142ad\u00f3w i Wygranych\" \/>\n<meta property=\"og:description\" content=\"SpinBetter Login \u2705 bezpieczny dost\u0119p do konta z ochron\u0105 autoryzacji, szybkie wej\u015bcie do sekcji kasyna i zak\u0142ad\u00f3w sportowych oraz pe\u0142na kontrola nad p\u0142atno\u015bciami i bonusami.\" \/>\n<meta property=\"og:url\" content=\"https:\/\/spinbetter.cash\/pl\/login\/\" \/>\n<meta property=\"og:site_name\" content=\"Spinbetter Football PL\" \/>\n<meta property=\"article:modified_time\" content=\"2025-12-12T08:23:30+00:00\" \/>\n<meta name=\"twitter:card\" content=\"summary_large_image\" \/>\n<script type=\"application\/ld+json\" class=\"yoast-schema-graph\">{\"@context\":\"https:\\\/\\\/schema.org\",\"@graph\":[{\"@type\":\"WebPage\",\"@id\":\"https:\\\/\\\/spinbetter.cash\\\/pl\\\/login\\\/\",\"url\":\"https:\\\/\\\/spinbetter.cash\\\/pl\\\/login\\\/\",\"name\":\"SpinBetter Login \u2714\ufe0f Szybki Dost\u0119p do Zak\u0142ad\u00f3w i Wygranych\",\"isPartOf\":{\"@id\":\"https:\\\/\\\/spinbetter.cash\\\/pl\\\/#website\"},\"datePublished\":\"2024-10-11T14:31:35+00:00\",\"dateModified\":\"2025-12-12T08:23:30+00:00\",\"description\":\"SpinBetter Login \u2705 bezpieczny dost\u0119p do konta z ochron\u0105 autoryzacji, szybkie wej\u015bcie do sekcji kasyna i zak\u0142ad\u00f3w sportowych oraz pe\u0142na kontrola nad p\u0142atno\u015bciami i bonusami.\",\"breadcrumb\":{\"@id\":\"https:\\\/\\\/spinbetter.cash\\\/pl\\\/login\\\/#breadcrumb\"},\"inLanguage\":\"pl-PL\",\"potentialAction\":[{\"@type\":\"ReadAction\",\"target\":[\"https:\\\/\\\/spinbetter.cash\\\/pl\\\/login\\\/\"]}]},{\"@type\":\"BreadcrumbList\",\"@id\":\"https:\\\/\\\/spinbetter.cash\\\/pl\\\/login\\\/#breadcrumb\",\"itemListElement\":[{\"@type\":\"ListItem\",\"position\":1,\"name\":\"Home\",\"item\":\"https:\\\/\\\/spinbetter.cash\\\/pl\\\/\"},{\"@type\":\"ListItem\",\"position\":2,\"name\":\"Logowanie\"}]},{\"@type\":\"WebSite\",\"@id\":\"https:\\\/\\\/spinbetter.cash\\\/pl\\\/#website\",\"url\":\"https:\\\/\\\/spinbetter.cash\\\/pl\\\/\",\"name\":\"Spinbetter Football PL\",\"description\":\"\",\"potentialAction\":[{\"@type\":\"SearchAction\",\"target\":{\"@type\":\"EntryPoint\",\"urlTemplate\":\"https:\\\/\\\/spinbetter.cash\\\/pl\\\/?s={search_term_string}\"},\"query-input\":{\"@type\":\"PropertyValueSpecification\",\"valueRequired\":true,\"valueName\":\"search_term_string\"}}],\"inLanguage\":\"pl-PL\"}]}<\/script>\n<!-- \/ Yoast SEO plugin. -->","yoast_head_json":{"title":"SpinBetter Login \u2714\ufe0f Szybki Dost\u0119p do Zak\u0142ad\u00f3w i Wygranych","description":"SpinBetter Login \u2705 bezpieczny dost\u0119p do konta z ochron\u0105 autoryzacji, szybkie wej\u015bcie do sekcji kasyna i zak\u0142ad\u00f3w sportowych oraz pe\u0142na kontrola nad p\u0142atno\u015bciami i bonusami.","robots":{"index":"index","follow":"follow","max-snippet":"max-snippet:-1","max-image-preview":"max-image-preview:large","max-video-preview":"max-video-preview:-1"},"og_locale":"pl_PL","og_type":"article","og_title":"SpinBetter Login \u2714\ufe0f Szybki Dost\u0119p do Zak\u0142ad\u00f3w i Wygranych","og_description":"SpinBetter Login \u2705 bezpieczny dost\u0119p do konta z ochron\u0105 autoryzacji, szybkie wej\u015bcie do sekcji kasyna i zak\u0142ad\u00f3w sportowych oraz pe\u0142na kontrola nad p\u0142atno\u015bciami i bonusami.","og_url":"https:\/\/spinbetter.cash\/pl\/login\/","og_site_name":"Spinbetter Football PL","article_modified_time":"2025-12-12T08:23:30+00:00","twitter_card":"summary_large_image","schema":{"@context":"https:\/\/schema.org","@graph":[{"@type":"WebPage","@id":"https:\/\/spinbetter.cash\/pl\/login\/","url":"https:\/\/spinbetter.cash\/pl\/login\/","name":"SpinBetter Login \u2714\ufe0f Szybki Dost\u0119p do Zak\u0142ad\u00f3w i Wygranych","isPartOf":{"@id":"https:\/\/spinbetter.cash\/pl\/#website"},"datePublished":"2024-10-11T14:31:35+00:00","dateModified":"2025-12-12T08:23:30+00:00","description":"SpinBetter Login \u2705 bezpieczny dost\u0119p do konta z ochron\u0105 autoryzacji, szybkie wej\u015bcie do sekcji kasyna i zak\u0142ad\u00f3w sportowych oraz pe\u0142na kontrola nad p\u0142atno\u015bciami i bonusami.","breadcrumb":{"@id":"https:\/\/spinbetter.cash\/pl\/login\/#breadcrumb"},"inLanguage":"pl-PL","potentialAction":[{"@type":"ReadAction","target":["https:\/\/spinbetter.cash\/pl\/login\/"]}]},{"@type":"BreadcrumbList","@id":"https:\/\/spinbetter.cash\/pl\/login\/#breadcrumb","itemListElement":[{"@type":"ListItem","position":1,"name":"Home","item":"https:\/\/spinbetter.cash\/pl\/"},{"@type":"ListItem","position":2,"name":"Logowanie"}]},{"@type":"WebSite","@id":"https:\/\/spinbetter.cash\/pl\/#website","url":"https:\/\/spinbetter.cash\/pl\/","name":"Spinbetter Football PL","description":"","potentialAction":[{"@type":"SearchAction","target":{"@type":"EntryPoint","urlTemplate":"https:\/\/spinbetter.cash\/pl\/?s={search_term_string}"},"query-input":{"@type":"PropertyValueSpecification","valueRequired":true,"valueName":"search_term_string"}}],"inLanguage":"pl-PL"}]}},"_links":{"self":[{"href":"https:\/\/spinbetter.cash\/pl\/wp-json\/wp\/v2\/pages\/336","targetHints":{"allow":["GET"]}}],"collection":[{"href":"https:\/\/spinbetter.cash\/pl\/wp-json\/wp\/v2\/pages"}],"about":[{"href":"https:\/\/spinbetter.cash\/pl\/wp-json\/wp\/v2\/types\/page"}],"author":[{"embeddable":true,"href":"https:\/\/spinbetter.cash\/pl\/wp-json\/wp\/v2\/users\/1"}],"replies":[{"embeddable":true,"href":"https:\/\/spinbetter.cash\/pl\/wp-json\/wp\/v2\/comments?post=336"}],"version-history":[{"count":22,"href":"https:\/\/spinbetter.cash\/pl\/wp-json\/wp\/v2\/pages\/336\/revisions"}],"predecessor-version":[{"id":703,"href":"https:\/\/spinbetter.cash\/pl\/wp-json\/wp\/v2\/pages\/336\/revisions\/703"}],"wp:attachment":[{"href":"https:\/\/spinbetter.cash\/pl\/wp-json\/wp\/v2\/media?parent=336"}],"curies":[{"name":"wp","href":"https:\/\/api.w.org\/{rel}","templated":true}]}}