{"id":2,"date":"2023-05-18T17:18:34","date_gmt":"2023-05-18T17:18:34","guid":{"rendered":"https:\/\/spinbetter.cash\/pl\/?page_id=2"},"modified":"2025-12-11T16:08:01","modified_gmt":"2025-12-11T16:08:01","slug":"sample-page","status":"publish","type":"page","link":"https:\/\/spinbetter.cash\/pl\/","title":{"rendered":"Strona g\u0142\u00f3wna"},"content":{"rendered":"","protected":false},"excerpt":{"rendered":"","protected":false},"author":1,"featured_media":0,"parent":0,"menu_order":0,"comment_status":"closed","ping_status":"open","template":"","meta":{"_acf_changed":false,"footnotes":""},"class_list":["post-2","page","type-page","status-publish","hentry"],"acf":[],"yoast_head":"<!-- This site is optimized with the Yoast SEO plugin v27.3 - https:\/\/yoast.com\/product\/yoast-seo-wordpress\/ -->\n<title>SpinBetter Polska \u2b50 Kasyno Online i Zak\u0142ady Sportowe<\/title>\n<meta name=\"description\" content=\"SpinBetter Polska \u2b50 certyfikowane kasyno online i zak\u0142ady sportowe bezpieczne p\u0142atno\u015bci, szybkie wyp\u0142aty i atrakcyjny program bonusowy dla graczy.\" \/>\n<meta name=\"robots\" content=\"index, follow, max-snippet:-1, max-image-preview:large, max-video-preview:-1\" \/>\n<meta property=\"og:locale\" content=\"pl_PL\" \/>\n<meta property=\"og:type\" content=\"article\" \/>\n<meta property=\"og:title\" content=\"SpinBetter Polska \u2b50 Kasyno Online i Zak\u0142ady Sportowe\" \/>\n<meta property=\"og:description\" content=\"SpinBetter Polska \u2b50 certyfikowane kasyno online i zak\u0142ady sportowe bezpieczne p\u0142atno\u015bci, szybkie wyp\u0142aty i atrakcyjny program bonusowy dla graczy.\" \/>\n<meta property=\"og:url\" content=\"https:\/\/spinbetter.cash\/pl\/\" \/>\n<meta property=\"og:site_name\" content=\"Spinbetter Football PL\" \/>\n<meta property=\"article:modified_time\" content=\"2025-12-11T16:08:01+00:00\" \/>\n<meta name=\"twitter:card\" content=\"summary_large_image\" \/>\n<script type=\"application\/ld+json\" class=\"yoast-schema-graph\">{\"@context\":\"https:\\\/\\\/schema.org\",\"@graph\":[{\"@type\":\"WebPage\",\"@id\":\"https:\\\/\\\/spinbetter.cash\\\/pl\\\/\",\"url\":\"https:\\\/\\\/spinbetter.cash\\\/pl\\\/\",\"name\":\"SpinBetter Polska \u2b50 Kasyno Online i Zak\u0142ady Sportowe\",\"isPartOf\":{\"@id\":\"https:\\\/\\\/spinbetter.cash\\\/pl\\\/#website\"},\"datePublished\":\"2023-05-18T17:18:34+00:00\",\"dateModified\":\"2025-12-11T16:08:01+00:00\",\"description\":\"SpinBetter Polska \u2b50 certyfikowane kasyno online i zak\u0142ady sportowe bezpieczne p\u0142atno\u015bci, szybkie wyp\u0142aty i atrakcyjny program bonusowy dla graczy.\",\"breadcrumb\":{\"@id\":\"https:\\\/\\\/spinbetter.cash\\\/pl\\\/#breadcrumb\"},\"inLanguage\":\"pl-PL\",\"potentialAction\":[{\"@type\":\"ReadAction\",\"target\":[\"https:\\\/\\\/spinbetter.cash\\\/pl\\\/\"]}]},{\"@type\":\"BreadcrumbList\",\"@id\":\"https:\\\/\\\/spinbetter.cash\\\/pl\\\/#breadcrumb\",\"itemListElement\":[{\"@type\":\"ListItem\",\"position\":1,\"name\":\"Home\",\"item\":\"https:\\\/\\\/spinbetter.cash\\\/pl\\\/\"},{\"@type\":\"ListItem\",\"position\":2,\"name\":\"Strona g\u0142\u00f3wna\"}]},{\"@type\":\"WebSite\",\"@id\":\"https:\\\/\\\/spinbetter.cash\\\/pl\\\/#website\",\"url\":\"https:\\\/\\\/spinbetter.cash\\\/pl\\\/\",\"name\":\"Spinbetter Football PL\",\"description\":\"\",\"potentialAction\":[{\"@type\":\"SearchAction\",\"target\":{\"@type\":\"EntryPoint\",\"urlTemplate\":\"https:\\\/\\\/spinbetter.cash\\\/pl\\\/?s={search_term_string}\"},\"query-input\":{\"@type\":\"PropertyValueSpecification\",\"valueRequired\":true,\"valueName\":\"search_term_string\"}}],\"inLanguage\":\"pl-PL\"}]}<\/script>\n<!-- \/ Yoast SEO plugin. -->","yoast_head_json":{"title":"SpinBetter Polska \u2b50 Kasyno Online i Zak\u0142ady Sportowe","description":"SpinBetter Polska \u2b50 certyfikowane kasyno online i zak\u0142ady sportowe bezpieczne p\u0142atno\u015bci, szybkie wyp\u0142aty i atrakcyjny program bonusowy dla graczy.","robots":{"index":"index","follow":"follow","max-snippet":"max-snippet:-1","max-image-preview":"max-image-preview:large","max-video-preview":"max-video-preview:-1"},"og_locale":"pl_PL","og_type":"article","og_title":"SpinBetter Polska \u2b50 Kasyno Online i Zak\u0142ady Sportowe","og_description":"SpinBetter Polska \u2b50 certyfikowane kasyno online i zak\u0142ady sportowe bezpieczne p\u0142atno\u015bci, szybkie wyp\u0142aty i atrakcyjny program bonusowy dla graczy.","og_url":"https:\/\/spinbetter.cash\/pl\/","og_site_name":"Spinbetter Football PL","article_modified_time":"2025-12-11T16:08:01+00:00","twitter_card":"summary_large_image","schema":{"@context":"https:\/\/schema.org","@graph":[{"@type":"WebPage","@id":"https:\/\/spinbetter.cash\/pl\/","url":"https:\/\/spinbetter.cash\/pl\/","name":"SpinBetter Polska \u2b50 Kasyno Online i Zak\u0142ady Sportowe","isPartOf":{"@id":"https:\/\/spinbetter.cash\/pl\/#website"},"datePublished":"2023-05-18T17:18:34+00:00","dateModified":"2025-12-11T16:08:01+00:00","description":"SpinBetter Polska \u2b50 certyfikowane kasyno online i zak\u0142ady sportowe bezpieczne p\u0142atno\u015bci, szybkie wyp\u0142aty i atrakcyjny program bonusowy dla graczy.","breadcrumb":{"@id":"https:\/\/spinbetter.cash\/pl\/#breadcrumb"},"inLanguage":"pl-PL","potentialAction":[{"@type":"ReadAction","target":["https:\/\/spinbetter.cash\/pl\/"]}]},{"@type":"BreadcrumbList","@id":"https:\/\/spinbetter.cash\/pl\/#breadcrumb","itemListElement":[{"@type":"ListItem","position":1,"name":"Home","item":"https:\/\/spinbetter.cash\/pl\/"},{"@type":"ListItem","position":2,"name":"Strona g\u0142\u00f3wna"}]},{"@type":"WebSite","@id":"https:\/\/spinbetter.cash\/pl\/#website","url":"https:\/\/spinbetter.cash\/pl\/","name":"Spinbetter Football PL","description":"","potentialAction":[{"@type":"SearchAction","target":{"@type":"EntryPoint","urlTemplate":"https:\/\/spinbetter.cash\/pl\/?s={search_term_string}"},"query-input":{"@type":"PropertyValueSpecification","valueRequired":true,"valueName":"search_term_string"}}],"inLanguage":"pl-PL"}]}},"_links":{"self":[{"href":"https:\/\/spinbetter.cash\/pl\/wp-json\/wp\/v2\/pages\/2","targetHints":{"allow":["GET"]}}],"collection":[{"href":"https:\/\/spinbetter.cash\/pl\/wp-json\/wp\/v2\/pages"}],"about":[{"href":"https:\/\/spinbetter.cash\/pl\/wp-json\/wp\/v2\/types\/page"}],"author":[{"embeddable":true,"href":"https:\/\/spinbetter.cash\/pl\/wp-json\/wp\/v2\/users\/1"}],"replies":[{"embeddable":true,"href":"https:\/\/spinbetter.cash\/pl\/wp-json\/wp\/v2\/comments?post=2"}],"version-history":[{"count":118,"href":"https:\/\/spinbetter.cash\/pl\/wp-json\/wp\/v2\/pages\/2\/revisions"}],"predecessor-version":[{"id":681,"href":"https:\/\/spinbetter.cash\/pl\/wp-json\/wp\/v2\/pages\/2\/revisions\/681"}],"wp:attachment":[{"href":"https:\/\/spinbetter.cash\/pl\/wp-json\/wp\/v2\/media?parent=2"}],"curies":[{"name":"wp","href":"https:\/\/api.w.org\/{rel}","templated":true}]}}