{"id":152,"date":"2023-05-18T17:39:43","date_gmt":"2023-05-18T17:39:43","guid":{"rendered":"https:\/\/spinbetter.cash\/pl\/?page_id=152"},"modified":"2026-02-04T09:30:03","modified_gmt":"2026-02-04T09:30:03","slug":"bonus","status":"publish","type":"page","link":"https:\/\/spinbetter.cash\/pl\/bonus\/","title":{"rendered":"Bonus"},"content":{"rendered":"","protected":false},"excerpt":{"rendered":"","protected":false},"author":1,"featured_media":0,"parent":0,"menu_order":0,"comment_status":"closed","ping_status":"closed","template":"","meta":{"_acf_changed":false,"footnotes":""},"class_list":["post-152","page","type-page","status-publish","hentry"],"acf":[],"yoast_head":"<!-- This site is optimized with the Yoast SEO plugin v27.3 - https:\/\/yoast.com\/product\/yoast-seo-wordpress\/ -->\n<title>SpinBetter Bonus \u26a1 Oferty dla Kasyna i Zak\u0142ad\u00f3w Sportowych<\/title>\n<meta name=\"description\" content=\"SpinBetter Bonus \u2728 oferta powitalna, sta\u0142e promocje, nagrody lojalno\u015bciowe i specjalne bonusy wydarze\u0144 wszystko w certyfikowanym i bezpiecznym \u015brodowisku gry.\" \/>\n<meta name=\"robots\" content=\"index, follow, max-snippet:-1, max-image-preview:large, max-video-preview:-1\" \/>\n<meta property=\"og:locale\" content=\"pl_PL\" \/>\n<meta property=\"og:type\" content=\"article\" \/>\n<meta property=\"og:title\" content=\"SpinBetter Bonus \u26a1 Oferty dla Kasyna i Zak\u0142ad\u00f3w Sportowych\" \/>\n<meta property=\"og:description\" content=\"SpinBetter Bonus \u2728 oferta powitalna, sta\u0142e promocje, nagrody lojalno\u015bciowe i specjalne bonusy wydarze\u0144 wszystko w certyfikowanym i bezpiecznym \u015brodowisku gry.\" \/>\n<meta property=\"og:url\" content=\"https:\/\/spinbetter.cash\/pl\/bonus\/\" \/>\n<meta property=\"og:site_name\" content=\"Spinbetter Football PL\" \/>\n<meta property=\"article:modified_time\" content=\"2026-02-04T09:30:03+00:00\" \/>\n<meta name=\"twitter:card\" content=\"summary_large_image\" \/>\n<script type=\"application\/ld+json\" class=\"yoast-schema-graph\">{\"@context\":\"https:\\\/\\\/schema.org\",\"@graph\":[{\"@type\":\"WebPage\",\"@id\":\"https:\\\/\\\/spinbetter.cash\\\/pl\\\/bonus\\\/\",\"url\":\"https:\\\/\\\/spinbetter.cash\\\/pl\\\/bonus\\\/\",\"name\":\"SpinBetter Bonus \u26a1 Oferty dla Kasyna i Zak\u0142ad\u00f3w Sportowych\",\"isPartOf\":{\"@id\":\"https:\\\/\\\/spinbetter.cash\\\/pl\\\/#website\"},\"datePublished\":\"2023-05-18T17:39:43+00:00\",\"dateModified\":\"2026-02-04T09:30:03+00:00\",\"description\":\"SpinBetter Bonus \u2728 oferta powitalna, sta\u0142e promocje, nagrody lojalno\u015bciowe i specjalne bonusy wydarze\u0144 wszystko w certyfikowanym i bezpiecznym \u015brodowisku gry.\",\"breadcrumb\":{\"@id\":\"https:\\\/\\\/spinbetter.cash\\\/pl\\\/bonus\\\/#breadcrumb\"},\"inLanguage\":\"pl-PL\",\"potentialAction\":[{\"@type\":\"ReadAction\",\"target\":[\"https:\\\/\\\/spinbetter.cash\\\/pl\\\/bonus\\\/\"]}]},{\"@type\":\"BreadcrumbList\",\"@id\":\"https:\\\/\\\/spinbetter.cash\\\/pl\\\/bonus\\\/#breadcrumb\",\"itemListElement\":[{\"@type\":\"ListItem\",\"position\":1,\"name\":\"Home\",\"item\":\"https:\\\/\\\/spinbetter.cash\\\/pl\\\/\"},{\"@type\":\"ListItem\",\"position\":2,\"name\":\"Bonus\"}]},{\"@type\":\"WebSite\",\"@id\":\"https:\\\/\\\/spinbetter.cash\\\/pl\\\/#website\",\"url\":\"https:\\\/\\\/spinbetter.cash\\\/pl\\\/\",\"name\":\"Spinbetter Football PL\",\"description\":\"\",\"potentialAction\":[{\"@type\":\"SearchAction\",\"target\":{\"@type\":\"EntryPoint\",\"urlTemplate\":\"https:\\\/\\\/spinbetter.cash\\\/pl\\\/?s={search_term_string}\"},\"query-input\":{\"@type\":\"PropertyValueSpecification\",\"valueRequired\":true,\"valueName\":\"search_term_string\"}}],\"inLanguage\":\"pl-PL\"}]}<\/script>\n<!-- \/ Yoast SEO plugin. -->","yoast_head_json":{"title":"SpinBetter Bonus \u26a1 Oferty dla Kasyna i Zak\u0142ad\u00f3w Sportowych","description":"SpinBetter Bonus \u2728 oferta powitalna, sta\u0142e promocje, nagrody lojalno\u015bciowe i specjalne bonusy wydarze\u0144 wszystko w certyfikowanym i bezpiecznym \u015brodowisku gry.","robots":{"index":"index","follow":"follow","max-snippet":"max-snippet:-1","max-image-preview":"max-image-preview:large","max-video-preview":"max-video-preview:-1"},"og_locale":"pl_PL","og_type":"article","og_title":"SpinBetter Bonus \u26a1 Oferty dla Kasyna i Zak\u0142ad\u00f3w Sportowych","og_description":"SpinBetter Bonus \u2728 oferta powitalna, sta\u0142e promocje, nagrody lojalno\u015bciowe i specjalne bonusy wydarze\u0144 wszystko w certyfikowanym i bezpiecznym \u015brodowisku gry.","og_url":"https:\/\/spinbetter.cash\/pl\/bonus\/","og_site_name":"Spinbetter Football PL","article_modified_time":"2026-02-04T09:30:03+00:00","twitter_card":"summary_large_image","schema":{"@context":"https:\/\/schema.org","@graph":[{"@type":"WebPage","@id":"https:\/\/spinbetter.cash\/pl\/bonus\/","url":"https:\/\/spinbetter.cash\/pl\/bonus\/","name":"SpinBetter Bonus \u26a1 Oferty dla Kasyna i Zak\u0142ad\u00f3w Sportowych","isPartOf":{"@id":"https:\/\/spinbetter.cash\/pl\/#website"},"datePublished":"2023-05-18T17:39:43+00:00","dateModified":"2026-02-04T09:30:03+00:00","description":"SpinBetter Bonus \u2728 oferta powitalna, sta\u0142e promocje, nagrody lojalno\u015bciowe i specjalne bonusy wydarze\u0144 wszystko w certyfikowanym i bezpiecznym \u015brodowisku gry.","breadcrumb":{"@id":"https:\/\/spinbetter.cash\/pl\/bonus\/#breadcrumb"},"inLanguage":"pl-PL","potentialAction":[{"@type":"ReadAction","target":["https:\/\/spinbetter.cash\/pl\/bonus\/"]}]},{"@type":"BreadcrumbList","@id":"https:\/\/spinbetter.cash\/pl\/bonus\/#breadcrumb","itemListElement":[{"@type":"ListItem","position":1,"name":"Home","item":"https:\/\/spinbetter.cash\/pl\/"},{"@type":"ListItem","position":2,"name":"Bonus"}]},{"@type":"WebSite","@id":"https:\/\/spinbetter.cash\/pl\/#website","url":"https:\/\/spinbetter.cash\/pl\/","name":"Spinbetter Football PL","description":"","potentialAction":[{"@type":"SearchAction","target":{"@type":"EntryPoint","urlTemplate":"https:\/\/spinbetter.cash\/pl\/?s={search_term_string}"},"query-input":{"@type":"PropertyValueSpecification","valueRequired":true,"valueName":"search_term_string"}}],"inLanguage":"pl-PL"}]}},"_links":{"self":[{"href":"https:\/\/spinbetter.cash\/pl\/wp-json\/wp\/v2\/pages\/152","targetHints":{"allow":["GET"]}}],"collection":[{"href":"https:\/\/spinbetter.cash\/pl\/wp-json\/wp\/v2\/pages"}],"about":[{"href":"https:\/\/spinbetter.cash\/pl\/wp-json\/wp\/v2\/types\/page"}],"author":[{"embeddable":true,"href":"https:\/\/spinbetter.cash\/pl\/wp-json\/wp\/v2\/users\/1"}],"replies":[{"embeddable":true,"href":"https:\/\/spinbetter.cash\/pl\/wp-json\/wp\/v2\/comments?post=152"}],"version-history":[{"count":23,"href":"https:\/\/spinbetter.cash\/pl\/wp-json\/wp\/v2\/pages\/152\/revisions"}],"predecessor-version":[{"id":708,"href":"https:\/\/spinbetter.cash\/pl\/wp-json\/wp\/v2\/pages\/152\/revisions\/708"}],"wp:attachment":[{"href":"https:\/\/spinbetter.cash\/pl\/wp-json\/wp\/v2\/media?parent=152"}],"curies":[{"name":"wp","href":"https:\/\/api.w.org\/{rel}","templated":true}]}}