{"id":650,"date":"2025-07-03T13:57:51","date_gmt":"2025-07-03T13:57:51","guid":{"rendered":"https:\/\/spinbetter.cash\/no\/?page_id=650"},"modified":"2025-07-03T13:57:51","modified_gmt":"2025-07-03T13:57:51","slug":"betting-cashback-from-spinbetter","status":"publish","type":"page","link":"https:\/\/spinbetter.cash\/no\/bonus\/betting-cashback-from-spinbetter\/","title":{"rendered":"Spill CASHBACK fra SpinBetter"},"content":{"rendered":"","protected":false},"excerpt":{"rendered":"","protected":false},"author":1,"featured_media":0,"parent":152,"menu_order":0,"comment_status":"closed","ping_status":"closed","template":"","meta":{"_acf_changed":false,"footnotes":""},"class_list":["post-650","page","type-page","status-publish","hentry"],"acf":[],"yoast_head":"<!-- This site is optimized with the Yoast SEO plugin v27.3 - https:\/\/yoast.com\/product\/yoast-seo-wordpress\/ -->\n<title>SpinBetter sports cashback &gt; Din sjanse til \u00e5 f\u00e5 tilbake tapene dine<\/title>\n<meta name=\"description\" content=\"Spill uten frykt p\u00e5 SpinBetter casino! F\u00e5 3 % tilbake hver uke opptil 1000 EUR. Taper du? SpinBetter vil gi deg deler av pengene tilbake!\" \/>\n<meta name=\"robots\" content=\"index, follow, max-snippet:-1, max-image-preview:large, max-video-preview:-1\" \/>\n<meta property=\"og:locale\" content=\"nb_NO\" \/>\n<meta property=\"og:type\" content=\"article\" \/>\n<meta property=\"og:title\" content=\"SpinBetter sports cashback &gt; Din sjanse til \u00e5 f\u00e5 tilbake tapene dine\" \/>\n<meta property=\"og:description\" content=\"Spill uten frykt p\u00e5 SpinBetter casino! F\u00e5 3 % tilbake hver uke opptil 1000 EUR. Taper du? SpinBetter vil gi deg deler av pengene tilbake!\" \/>\n<meta property=\"og:url\" content=\"https:\/\/spinbetter.cash\/no\/bonus\/betting-cashback-from-spinbetter\/\" \/>\n<meta property=\"og:site_name\" content=\"SpinBetter football NO\" \/>\n<meta name=\"twitter:card\" content=\"summary_large_image\" \/>\n<script type=\"application\/ld+json\" class=\"yoast-schema-graph\">{\"@context\":\"https:\\\/\\\/schema.org\",\"@graph\":[{\"@type\":\"WebPage\",\"@id\":\"https:\\\/\\\/spinbetter.cash\\\/no\\\/bonus\\\/betting-cashback-from-spinbetter\\\/\",\"url\":\"https:\\\/\\\/spinbetter.cash\\\/no\\\/bonus\\\/betting-cashback-from-spinbetter\\\/\",\"name\":\"SpinBetter sports cashback > Din sjanse til \u00e5 f\u00e5 tilbake tapene dine\",\"isPartOf\":{\"@id\":\"https:\\\/\\\/spinbetter.cash\\\/no\\\/#website\"},\"datePublished\":\"2025-07-03T13:57:51+00:00\",\"description\":\"Spill uten frykt p\u00e5 SpinBetter casino! F\u00e5 3 % tilbake hver uke opptil 1000 EUR. Taper du? SpinBetter vil gi deg deler av pengene tilbake!\",\"breadcrumb\":{\"@id\":\"https:\\\/\\\/spinbetter.cash\\\/no\\\/bonus\\\/betting-cashback-from-spinbetter\\\/#breadcrumb\"},\"inLanguage\":\"nb-NO\",\"potentialAction\":[{\"@type\":\"ReadAction\",\"target\":[\"https:\\\/\\\/spinbetter.cash\\\/no\\\/bonus\\\/betting-cashback-from-spinbetter\\\/\"]}]},{\"@type\":\"BreadcrumbList\",\"@id\":\"https:\\\/\\\/spinbetter.cash\\\/no\\\/bonus\\\/betting-cashback-from-spinbetter\\\/#breadcrumb\",\"itemListElement\":[{\"@type\":\"ListItem\",\"position\":1,\"name\":\"Home\",\"item\":\"https:\\\/\\\/spinbetter.cash\\\/no\\\/\"},{\"@type\":\"ListItem\",\"position\":2,\"name\":\"Bonus\",\"item\":\"https:\\\/\\\/spinbetter.cash\\\/no\\\/bonus\\\/\"},{\"@type\":\"ListItem\",\"position\":3,\"name\":\"Spill CASHBACK fra SpinBetter\"}]},{\"@type\":\"WebSite\",\"@id\":\"https:\\\/\\\/spinbetter.cash\\\/no\\\/#website\",\"url\":\"https:\\\/\\\/spinbetter.cash\\\/no\\\/\",\"name\":\"SpinBetter football NO\",\"description\":\"My WordPress Blog\",\"potentialAction\":[{\"@type\":\"SearchAction\",\"target\":{\"@type\":\"EntryPoint\",\"urlTemplate\":\"https:\\\/\\\/spinbetter.cash\\\/no\\\/?s={search_term_string}\"},\"query-input\":{\"@type\":\"PropertyValueSpecification\",\"valueRequired\":true,\"valueName\":\"search_term_string\"}}],\"inLanguage\":\"nb-NO\"}]}<\/script>\n<!-- \/ Yoast SEO plugin. -->","yoast_head_json":{"title":"SpinBetter sports cashback > Din sjanse til \u00e5 f\u00e5 tilbake tapene dine","description":"Spill uten frykt p\u00e5 SpinBetter casino! F\u00e5 3 % tilbake hver uke opptil 1000 EUR. Taper du? SpinBetter vil gi deg deler av pengene tilbake!","robots":{"index":"index","follow":"follow","max-snippet":"max-snippet:-1","max-image-preview":"max-image-preview:large","max-video-preview":"max-video-preview:-1"},"og_locale":"nb_NO","og_type":"article","og_title":"SpinBetter sports cashback > Din sjanse til \u00e5 f\u00e5 tilbake tapene dine","og_description":"Spill uten frykt p\u00e5 SpinBetter casino! F\u00e5 3 % tilbake hver uke opptil 1000 EUR. Taper du? SpinBetter vil gi deg deler av pengene tilbake!","og_url":"https:\/\/spinbetter.cash\/no\/bonus\/betting-cashback-from-spinbetter\/","og_site_name":"SpinBetter football NO","twitter_card":"summary_large_image","schema":{"@context":"https:\/\/schema.org","@graph":[{"@type":"WebPage","@id":"https:\/\/spinbetter.cash\/no\/bonus\/betting-cashback-from-spinbetter\/","url":"https:\/\/spinbetter.cash\/no\/bonus\/betting-cashback-from-spinbetter\/","name":"SpinBetter sports cashback > Din sjanse til \u00e5 f\u00e5 tilbake tapene dine","isPartOf":{"@id":"https:\/\/spinbetter.cash\/no\/#website"},"datePublished":"2025-07-03T13:57:51+00:00","description":"Spill uten frykt p\u00e5 SpinBetter casino! F\u00e5 3 % tilbake hver uke opptil 1000 EUR. Taper du? SpinBetter vil gi deg deler av pengene tilbake!","breadcrumb":{"@id":"https:\/\/spinbetter.cash\/no\/bonus\/betting-cashback-from-spinbetter\/#breadcrumb"},"inLanguage":"nb-NO","potentialAction":[{"@type":"ReadAction","target":["https:\/\/spinbetter.cash\/no\/bonus\/betting-cashback-from-spinbetter\/"]}]},{"@type":"BreadcrumbList","@id":"https:\/\/spinbetter.cash\/no\/bonus\/betting-cashback-from-spinbetter\/#breadcrumb","itemListElement":[{"@type":"ListItem","position":1,"name":"Home","item":"https:\/\/spinbetter.cash\/no\/"},{"@type":"ListItem","position":2,"name":"Bonus","item":"https:\/\/spinbetter.cash\/no\/bonus\/"},{"@type":"ListItem","position":3,"name":"Spill CASHBACK fra SpinBetter"}]},{"@type":"WebSite","@id":"https:\/\/spinbetter.cash\/no\/#website","url":"https:\/\/spinbetter.cash\/no\/","name":"SpinBetter football NO","description":"My WordPress Blog","potentialAction":[{"@type":"SearchAction","target":{"@type":"EntryPoint","urlTemplate":"https:\/\/spinbetter.cash\/no\/?s={search_term_string}"},"query-input":{"@type":"PropertyValueSpecification","valueRequired":true,"valueName":"search_term_string"}}],"inLanguage":"nb-NO"}]}},"_links":{"self":[{"href":"https:\/\/spinbetter.cash\/no\/wp-json\/wp\/v2\/pages\/650","targetHints":{"allow":["GET"]}}],"collection":[{"href":"https:\/\/spinbetter.cash\/no\/wp-json\/wp\/v2\/pages"}],"about":[{"href":"https:\/\/spinbetter.cash\/no\/wp-json\/wp\/v2\/types\/page"}],"author":[{"embeddable":true,"href":"https:\/\/spinbetter.cash\/no\/wp-json\/wp\/v2\/users\/1"}],"replies":[{"embeddable":true,"href":"https:\/\/spinbetter.cash\/no\/wp-json\/wp\/v2\/comments?post=650"}],"version-history":[{"count":1,"href":"https:\/\/spinbetter.cash\/no\/wp-json\/wp\/v2\/pages\/650\/revisions"}],"predecessor-version":[{"id":651,"href":"https:\/\/spinbetter.cash\/no\/wp-json\/wp\/v2\/pages\/650\/revisions\/651"}],"up":[{"embeddable":true,"href":"https:\/\/spinbetter.cash\/no\/wp-json\/wp\/v2\/pages\/152"}],"wp:attachment":[{"href":"https:\/\/spinbetter.cash\/no\/wp-json\/wp\/v2\/media?parent=650"}],"curies":[{"name":"wp","href":"https:\/\/api.w.org\/{rel}","templated":true}]}}