{"id":632,"date":"2025-06-05T23:08:48","date_gmt":"2025-06-05T23:08:48","guid":{"rendered":"https:\/\/spinbetter.cash\/no\/?page_id=632"},"modified":"2025-06-12T09:25:54","modified_gmt":"2025-06-12T09:25:54","slug":"100-free-spins","status":"publish","type":"page","link":"https:\/\/spinbetter.cash\/no\/bonus\/100-free-spins\/","title":{"rendered":"F\u00e5 100 FS \u2013 umiddelbart!"},"content":{"rendered":"","protected":false},"excerpt":{"rendered":"","protected":false},"author":1,"featured_media":0,"parent":152,"menu_order":0,"comment_status":"closed","ping_status":"closed","template":"","meta":{"_acf_changed":false,"footnotes":""},"class_list":["post-632","page","type-page","status-publish","hentry"],"acf":[],"yoast_head":"<!-- This site is optimized with the Yoast SEO plugin v27.3 - https:\/\/yoast.com\/product\/yoast-seo-wordpress\/ -->\n<title>100 FS p\u00e5 SpinBetter for \u00e5 abonnere p\u00e5 Telegram | Ingen innskudd!<\/title>\n<meta name=\"description\" content=\"F\u00e5 100 gratisspinn uten innskudd bare ved \u00e5 abonnere p\u00e5 Telegram-feeden v\u00e5r! Bli med i SpinBetter, f\u00e5 gratisspinn!\" \/>\n<meta name=\"robots\" content=\"index, follow, max-snippet:-1, max-image-preview:large, max-video-preview:-1\" \/>\n<meta property=\"og:locale\" content=\"nb_NO\" \/>\n<meta property=\"og:type\" content=\"article\" \/>\n<meta property=\"og:title\" content=\"100 FS p\u00e5 SpinBetter for \u00e5 abonnere p\u00e5 Telegram | Ingen innskudd!\" \/>\n<meta property=\"og:description\" content=\"F\u00e5 100 gratisspinn uten innskudd bare ved \u00e5 abonnere p\u00e5 Telegram-feeden v\u00e5r! Bli med i SpinBetter, f\u00e5 gratisspinn!\" \/>\n<meta property=\"og:url\" content=\"https:\/\/spinbetter.cash\/no\/bonus\/100-free-spins\/\" \/>\n<meta property=\"og:site_name\" content=\"SpinBetter football NO\" \/>\n<meta property=\"article:modified_time\" content=\"2025-06-12T09:25:54+00:00\" \/>\n<meta name=\"twitter:card\" content=\"summary_large_image\" \/>\n<script type=\"application\/ld+json\" class=\"yoast-schema-graph\">{\"@context\":\"https:\\\/\\\/schema.org\",\"@graph\":[{\"@type\":\"WebPage\",\"@id\":\"https:\\\/\\\/spinbetter.cash\\\/no\\\/bonus\\\/100-free-spins\\\/\",\"url\":\"https:\\\/\\\/spinbetter.cash\\\/no\\\/bonus\\\/100-free-spins\\\/\",\"name\":\"100 FS p\u00e5 SpinBetter for \u00e5 abonnere p\u00e5 Telegram | Ingen innskudd!\",\"isPartOf\":{\"@id\":\"https:\\\/\\\/spinbetter.cash\\\/no\\\/#website\"},\"datePublished\":\"2025-06-05T23:08:48+00:00\",\"dateModified\":\"2025-06-12T09:25:54+00:00\",\"description\":\"F\u00e5 100 gratisspinn uten innskudd bare ved \u00e5 abonnere p\u00e5 Telegram-feeden v\u00e5r! Bli med i SpinBetter, f\u00e5 gratisspinn!\",\"breadcrumb\":{\"@id\":\"https:\\\/\\\/spinbetter.cash\\\/no\\\/bonus\\\/100-free-spins\\\/#breadcrumb\"},\"inLanguage\":\"nb-NO\",\"potentialAction\":[{\"@type\":\"ReadAction\",\"target\":[\"https:\\\/\\\/spinbetter.cash\\\/no\\\/bonus\\\/100-free-spins\\\/\"]}]},{\"@type\":\"BreadcrumbList\",\"@id\":\"https:\\\/\\\/spinbetter.cash\\\/no\\\/bonus\\\/100-free-spins\\\/#breadcrumb\",\"itemListElement\":[{\"@type\":\"ListItem\",\"position\":1,\"name\":\"Home\",\"item\":\"https:\\\/\\\/spinbetter.cash\\\/no\\\/\"},{\"@type\":\"ListItem\",\"position\":2,\"name\":\"Bonus\",\"item\":\"https:\\\/\\\/spinbetter.cash\\\/no\\\/bonus\\\/\"},{\"@type\":\"ListItem\",\"position\":3,\"name\":\"F\u00e5 100 FS \u2013 umiddelbart!\"}]},{\"@type\":\"WebSite\",\"@id\":\"https:\\\/\\\/spinbetter.cash\\\/no\\\/#website\",\"url\":\"https:\\\/\\\/spinbetter.cash\\\/no\\\/\",\"name\":\"SpinBetter football NO\",\"description\":\"My WordPress Blog\",\"potentialAction\":[{\"@type\":\"SearchAction\",\"target\":{\"@type\":\"EntryPoint\",\"urlTemplate\":\"https:\\\/\\\/spinbetter.cash\\\/no\\\/?s={search_term_string}\"},\"query-input\":{\"@type\":\"PropertyValueSpecification\",\"valueRequired\":true,\"valueName\":\"search_term_string\"}}],\"inLanguage\":\"nb-NO\"}]}<\/script>\n<!-- \/ Yoast SEO plugin. -->","yoast_head_json":{"title":"100 FS p\u00e5 SpinBetter for \u00e5 abonnere p\u00e5 Telegram | Ingen innskudd!","description":"F\u00e5 100 gratisspinn uten innskudd bare ved \u00e5 abonnere p\u00e5 Telegram-feeden v\u00e5r! Bli med i SpinBetter, f\u00e5 gratisspinn!","robots":{"index":"index","follow":"follow","max-snippet":"max-snippet:-1","max-image-preview":"max-image-preview:large","max-video-preview":"max-video-preview:-1"},"og_locale":"nb_NO","og_type":"article","og_title":"100 FS p\u00e5 SpinBetter for \u00e5 abonnere p\u00e5 Telegram | Ingen innskudd!","og_description":"F\u00e5 100 gratisspinn uten innskudd bare ved \u00e5 abonnere p\u00e5 Telegram-feeden v\u00e5r! Bli med i SpinBetter, f\u00e5 gratisspinn!","og_url":"https:\/\/spinbetter.cash\/no\/bonus\/100-free-spins\/","og_site_name":"SpinBetter football NO","article_modified_time":"2025-06-12T09:25:54+00:00","twitter_card":"summary_large_image","schema":{"@context":"https:\/\/schema.org","@graph":[{"@type":"WebPage","@id":"https:\/\/spinbetter.cash\/no\/bonus\/100-free-spins\/","url":"https:\/\/spinbetter.cash\/no\/bonus\/100-free-spins\/","name":"100 FS p\u00e5 SpinBetter for \u00e5 abonnere p\u00e5 Telegram | Ingen innskudd!","isPartOf":{"@id":"https:\/\/spinbetter.cash\/no\/#website"},"datePublished":"2025-06-05T23:08:48+00:00","dateModified":"2025-06-12T09:25:54+00:00","description":"F\u00e5 100 gratisspinn uten innskudd bare ved \u00e5 abonnere p\u00e5 Telegram-feeden v\u00e5r! Bli med i SpinBetter, f\u00e5 gratisspinn!","breadcrumb":{"@id":"https:\/\/spinbetter.cash\/no\/bonus\/100-free-spins\/#breadcrumb"},"inLanguage":"nb-NO","potentialAction":[{"@type":"ReadAction","target":["https:\/\/spinbetter.cash\/no\/bonus\/100-free-spins\/"]}]},{"@type":"BreadcrumbList","@id":"https:\/\/spinbetter.cash\/no\/bonus\/100-free-spins\/#breadcrumb","itemListElement":[{"@type":"ListItem","position":1,"name":"Home","item":"https:\/\/spinbetter.cash\/no\/"},{"@type":"ListItem","position":2,"name":"Bonus","item":"https:\/\/spinbetter.cash\/no\/bonus\/"},{"@type":"ListItem","position":3,"name":"F\u00e5 100 FS \u2013 umiddelbart!"}]},{"@type":"WebSite","@id":"https:\/\/spinbetter.cash\/no\/#website","url":"https:\/\/spinbetter.cash\/no\/","name":"SpinBetter football NO","description":"My WordPress Blog","potentialAction":[{"@type":"SearchAction","target":{"@type":"EntryPoint","urlTemplate":"https:\/\/spinbetter.cash\/no\/?s={search_term_string}"},"query-input":{"@type":"PropertyValueSpecification","valueRequired":true,"valueName":"search_term_string"}}],"inLanguage":"nb-NO"}]}},"_links":{"self":[{"href":"https:\/\/spinbetter.cash\/no\/wp-json\/wp\/v2\/pages\/632","targetHints":{"allow":["GET"]}}],"collection":[{"href":"https:\/\/spinbetter.cash\/no\/wp-json\/wp\/v2\/pages"}],"about":[{"href":"https:\/\/spinbetter.cash\/no\/wp-json\/wp\/v2\/types\/page"}],"author":[{"embeddable":true,"href":"https:\/\/spinbetter.cash\/no\/wp-json\/wp\/v2\/users\/1"}],"replies":[{"embeddable":true,"href":"https:\/\/spinbetter.cash\/no\/wp-json\/wp\/v2\/comments?post=632"}],"version-history":[{"count":1,"href":"https:\/\/spinbetter.cash\/no\/wp-json\/wp\/v2\/pages\/632\/revisions"}],"predecessor-version":[{"id":633,"href":"https:\/\/spinbetter.cash\/no\/wp-json\/wp\/v2\/pages\/632\/revisions\/633"}],"up":[{"embeddable":true,"href":"https:\/\/spinbetter.cash\/no\/wp-json\/wp\/v2\/pages\/152"}],"wp:attachment":[{"href":"https:\/\/spinbetter.cash\/no\/wp-json\/wp\/v2\/media?parent=632"}],"curies":[{"name":"wp","href":"https:\/\/api.w.org\/{rel}","templated":true}]}}