{"id":624,"date":"2025-05-30T07:11:30","date_gmt":"2025-05-30T07:11:30","guid":{"rendered":"https:\/\/spinbetter.cash\/no\/?page_id=624"},"modified":"2025-05-30T07:11:30","modified_gmt":"2025-05-30T07:11:30","slug":"bonuses-for-five-deposits","status":"publish","type":"page","link":"https:\/\/spinbetter.cash\/no\/bonus\/bonuses-for-five-deposits\/","title":{"rendered":"Bonuser p\u00e5 5 innskudd"},"content":{"rendered":"","protected":false},"excerpt":{"rendered":"","protected":false},"author":1,"featured_media":0,"parent":152,"menu_order":0,"comment_status":"closed","ping_status":"closed","template":"","meta":{"_acf_changed":false,"footnotes":""},"class_list":["post-624","page","type-page","status-publish","hentry"],"acf":[],"yoast_head":"<!-- This site is optimized with the Yoast SEO plugin v27.3 - https:\/\/yoast.com\/product\/yoast-seo-wordpress\/ -->\n<title>SpinBetter-kampanje &gt; Bonuser p\u00e5 5 innskudd for sportsbetting<\/title>\n<meta name=\"description\" content=\"Start din reise med SpinBetter og f\u00e5 bonuser p\u00e5 dine fem f\u00f8rste innskudd for sportsbetting \u2013 opptil 100 EUR! Bli med n\u00e5!\" \/>\n<meta name=\"robots\" content=\"index, follow, max-snippet:-1, max-image-preview:large, max-video-preview:-1\" \/>\n<meta property=\"og:locale\" content=\"nb_NO\" \/>\n<meta property=\"og:type\" content=\"article\" \/>\n<meta property=\"og:title\" content=\"SpinBetter-kampanje &gt; Bonuser p\u00e5 5 innskudd for sportsbetting\" \/>\n<meta property=\"og:description\" content=\"Start din reise med SpinBetter og f\u00e5 bonuser p\u00e5 dine fem f\u00f8rste innskudd for sportsbetting \u2013 opptil 100 EUR! Bli med n\u00e5!\" \/>\n<meta property=\"og:url\" content=\"https:\/\/spinbetter.cash\/no\/bonus\/bonuses-for-five-deposits\/\" \/>\n<meta property=\"og:site_name\" content=\"SpinBetter football NO\" \/>\n<meta name=\"twitter:card\" content=\"summary_large_image\" \/>\n<script type=\"application\/ld+json\" class=\"yoast-schema-graph\">{\"@context\":\"https:\\\/\\\/schema.org\",\"@graph\":[{\"@type\":\"WebPage\",\"@id\":\"https:\\\/\\\/spinbetter.cash\\\/no\\\/bonus\\\/bonuses-for-five-deposits\\\/\",\"url\":\"https:\\\/\\\/spinbetter.cash\\\/no\\\/bonus\\\/bonuses-for-five-deposits\\\/\",\"name\":\"SpinBetter-kampanje > Bonuser p\u00e5 5 innskudd for sportsbetting\",\"isPartOf\":{\"@id\":\"https:\\\/\\\/spinbetter.cash\\\/no\\\/#website\"},\"datePublished\":\"2025-05-30T07:11:30+00:00\",\"description\":\"Start din reise med SpinBetter og f\u00e5 bonuser p\u00e5 dine fem f\u00f8rste innskudd for sportsbetting \u2013 opptil 100 EUR! Bli med n\u00e5!\",\"breadcrumb\":{\"@id\":\"https:\\\/\\\/spinbetter.cash\\\/no\\\/bonus\\\/bonuses-for-five-deposits\\\/#breadcrumb\"},\"inLanguage\":\"nb-NO\",\"potentialAction\":[{\"@type\":\"ReadAction\",\"target\":[\"https:\\\/\\\/spinbetter.cash\\\/no\\\/bonus\\\/bonuses-for-five-deposits\\\/\"]}]},{\"@type\":\"BreadcrumbList\",\"@id\":\"https:\\\/\\\/spinbetter.cash\\\/no\\\/bonus\\\/bonuses-for-five-deposits\\\/#breadcrumb\",\"itemListElement\":[{\"@type\":\"ListItem\",\"position\":1,\"name\":\"Home\",\"item\":\"https:\\\/\\\/spinbetter.cash\\\/no\\\/\"},{\"@type\":\"ListItem\",\"position\":2,\"name\":\"Bonus\",\"item\":\"https:\\\/\\\/spinbetter.cash\\\/no\\\/bonus\\\/\"},{\"@type\":\"ListItem\",\"position\":3,\"name\":\"Bonuser p\u00e5 5 innskudd\"}]},{\"@type\":\"WebSite\",\"@id\":\"https:\\\/\\\/spinbetter.cash\\\/no\\\/#website\",\"url\":\"https:\\\/\\\/spinbetter.cash\\\/no\\\/\",\"name\":\"SpinBetter football NO\",\"description\":\"My WordPress Blog\",\"potentialAction\":[{\"@type\":\"SearchAction\",\"target\":{\"@type\":\"EntryPoint\",\"urlTemplate\":\"https:\\\/\\\/spinbetter.cash\\\/no\\\/?s={search_term_string}\"},\"query-input\":{\"@type\":\"PropertyValueSpecification\",\"valueRequired\":true,\"valueName\":\"search_term_string\"}}],\"inLanguage\":\"nb-NO\"}]}<\/script>\n<!-- \/ Yoast SEO plugin. -->","yoast_head_json":{"title":"SpinBetter-kampanje > Bonuser p\u00e5 5 innskudd for sportsbetting","description":"Start din reise med SpinBetter og f\u00e5 bonuser p\u00e5 dine fem f\u00f8rste innskudd for sportsbetting \u2013 opptil 100 EUR! Bli med n\u00e5!","robots":{"index":"index","follow":"follow","max-snippet":"max-snippet:-1","max-image-preview":"max-image-preview:large","max-video-preview":"max-video-preview:-1"},"og_locale":"nb_NO","og_type":"article","og_title":"SpinBetter-kampanje > Bonuser p\u00e5 5 innskudd for sportsbetting","og_description":"Start din reise med SpinBetter og f\u00e5 bonuser p\u00e5 dine fem f\u00f8rste innskudd for sportsbetting \u2013 opptil 100 EUR! Bli med n\u00e5!","og_url":"https:\/\/spinbetter.cash\/no\/bonus\/bonuses-for-five-deposits\/","og_site_name":"SpinBetter football NO","twitter_card":"summary_large_image","schema":{"@context":"https:\/\/schema.org","@graph":[{"@type":"WebPage","@id":"https:\/\/spinbetter.cash\/no\/bonus\/bonuses-for-five-deposits\/","url":"https:\/\/spinbetter.cash\/no\/bonus\/bonuses-for-five-deposits\/","name":"SpinBetter-kampanje > Bonuser p\u00e5 5 innskudd for sportsbetting","isPartOf":{"@id":"https:\/\/spinbetter.cash\/no\/#website"},"datePublished":"2025-05-30T07:11:30+00:00","description":"Start din reise med SpinBetter og f\u00e5 bonuser p\u00e5 dine fem f\u00f8rste innskudd for sportsbetting \u2013 opptil 100 EUR! Bli med n\u00e5!","breadcrumb":{"@id":"https:\/\/spinbetter.cash\/no\/bonus\/bonuses-for-five-deposits\/#breadcrumb"},"inLanguage":"nb-NO","potentialAction":[{"@type":"ReadAction","target":["https:\/\/spinbetter.cash\/no\/bonus\/bonuses-for-five-deposits\/"]}]},{"@type":"BreadcrumbList","@id":"https:\/\/spinbetter.cash\/no\/bonus\/bonuses-for-five-deposits\/#breadcrumb","itemListElement":[{"@type":"ListItem","position":1,"name":"Home","item":"https:\/\/spinbetter.cash\/no\/"},{"@type":"ListItem","position":2,"name":"Bonus","item":"https:\/\/spinbetter.cash\/no\/bonus\/"},{"@type":"ListItem","position":3,"name":"Bonuser p\u00e5 5 innskudd"}]},{"@type":"WebSite","@id":"https:\/\/spinbetter.cash\/no\/#website","url":"https:\/\/spinbetter.cash\/no\/","name":"SpinBetter football NO","description":"My WordPress Blog","potentialAction":[{"@type":"SearchAction","target":{"@type":"EntryPoint","urlTemplate":"https:\/\/spinbetter.cash\/no\/?s={search_term_string}"},"query-input":{"@type":"PropertyValueSpecification","valueRequired":true,"valueName":"search_term_string"}}],"inLanguage":"nb-NO"}]}},"_links":{"self":[{"href":"https:\/\/spinbetter.cash\/no\/wp-json\/wp\/v2\/pages\/624","targetHints":{"allow":["GET"]}}],"collection":[{"href":"https:\/\/spinbetter.cash\/no\/wp-json\/wp\/v2\/pages"}],"about":[{"href":"https:\/\/spinbetter.cash\/no\/wp-json\/wp\/v2\/types\/page"}],"author":[{"embeddable":true,"href":"https:\/\/spinbetter.cash\/no\/wp-json\/wp\/v2\/users\/1"}],"replies":[{"embeddable":true,"href":"https:\/\/spinbetter.cash\/no\/wp-json\/wp\/v2\/comments?post=624"}],"version-history":[{"count":1,"href":"https:\/\/spinbetter.cash\/no\/wp-json\/wp\/v2\/pages\/624\/revisions"}],"predecessor-version":[{"id":625,"href":"https:\/\/spinbetter.cash\/no\/wp-json\/wp\/v2\/pages\/624\/revisions\/625"}],"up":[{"embeddable":true,"href":"https:\/\/spinbetter.cash\/no\/wp-json\/wp\/v2\/pages\/152"}],"wp:attachment":[{"href":"https:\/\/spinbetter.cash\/no\/wp-json\/wp\/v2\/media?parent=624"}],"curies":[{"name":"wp","href":"https:\/\/api.w.org\/{rel}","templated":true}]}}