{"id":392,"date":"2024-10-11T14:30:45","date_gmt":"2024-10-11T14:30:45","guid":{"rendered":"https:\/\/spinbetter.cash\/no\/?page_id=392"},"modified":"2025-11-20T09:05:56","modified_gmt":"2025-11-20T09:05:56","slug":"free-spins","status":"publish","type":"page","link":"https:\/\/spinbetter.cash\/no\/free-spins\/","title":{"rendered":"Gratisspinn"},"content":{"rendered":"","protected":false},"excerpt":{"rendered":"","protected":false},"author":1,"featured_media":0,"parent":0,"menu_order":0,"comment_status":"closed","ping_status":"closed","template":"","meta":{"_acf_changed":false,"footnotes":""},"class_list":["post-392","page","type-page","status-publish","hentry"],"acf":[],"yoast_head":"<!-- This site is optimized with the Yoast SEO plugin v27.3 - https:\/\/yoast.com\/product\/yoast-seo-wordpress\/ -->\n<title>SpinBetter gratisspinn | Gratisspinn for gevinster!<\/title>\n<meta name=\"description\" content=\"Bruk freespins hos SpinBetter. Gratisspinn i de beste spilleautomatene venter p\u00e5 deg! Ta dem og begynn \u00e5 vinne akkurat n\u00e5!\" \/>\n<meta name=\"robots\" content=\"index, follow, max-snippet:-1, max-image-preview:large, max-video-preview:-1\" \/>\n<meta property=\"og:locale\" content=\"nb_NO\" \/>\n<meta property=\"og:type\" content=\"article\" \/>\n<meta property=\"og:title\" content=\"SpinBetter gratisspinn | Gratisspinn for gevinster!\" \/>\n<meta property=\"og:description\" content=\"Bruk freespins hos SpinBetter. Gratisspinn i de beste spilleautomatene venter p\u00e5 deg! Ta dem og begynn \u00e5 vinne akkurat n\u00e5!\" \/>\n<meta property=\"og:url\" content=\"https:\/\/spinbetter.cash\/no\/free-spins\/\" \/>\n<meta property=\"og:site_name\" content=\"SpinBetter football NO\" \/>\n<meta property=\"article:modified_time\" content=\"2025-11-20T09:05:56+00:00\" \/>\n<meta name=\"twitter:card\" content=\"summary_large_image\" \/>\n<script type=\"application\/ld+json\" class=\"yoast-schema-graph\">{\"@context\":\"https:\\\/\\\/schema.org\",\"@graph\":[{\"@type\":\"WebPage\",\"@id\":\"https:\\\/\\\/spinbetter.cash\\\/no\\\/free-spins\\\/\",\"url\":\"https:\\\/\\\/spinbetter.cash\\\/no\\\/free-spins\\\/\",\"name\":\"SpinBetter gratisspinn | Gratisspinn for gevinster!\",\"isPartOf\":{\"@id\":\"https:\\\/\\\/spinbetter.cash\\\/no\\\/#website\"},\"datePublished\":\"2024-10-11T14:30:45+00:00\",\"dateModified\":\"2025-11-20T09:05:56+00:00\",\"description\":\"Bruk freespins hos SpinBetter. Gratisspinn i de beste spilleautomatene venter p\u00e5 deg! Ta dem og begynn \u00e5 vinne akkurat n\u00e5!\",\"breadcrumb\":{\"@id\":\"https:\\\/\\\/spinbetter.cash\\\/no\\\/free-spins\\\/#breadcrumb\"},\"inLanguage\":\"nb-NO\",\"potentialAction\":[{\"@type\":\"ReadAction\",\"target\":[\"https:\\\/\\\/spinbetter.cash\\\/no\\\/free-spins\\\/\"]}]},{\"@type\":\"BreadcrumbList\",\"@id\":\"https:\\\/\\\/spinbetter.cash\\\/no\\\/free-spins\\\/#breadcrumb\",\"itemListElement\":[{\"@type\":\"ListItem\",\"position\":1,\"name\":\"Home\",\"item\":\"https:\\\/\\\/spinbetter.cash\\\/no\\\/\"},{\"@type\":\"ListItem\",\"position\":2,\"name\":\"Gratisspinn\"}]},{\"@type\":\"WebSite\",\"@id\":\"https:\\\/\\\/spinbetter.cash\\\/no\\\/#website\",\"url\":\"https:\\\/\\\/spinbetter.cash\\\/no\\\/\",\"name\":\"SpinBetter football NO\",\"description\":\"My WordPress Blog\",\"potentialAction\":[{\"@type\":\"SearchAction\",\"target\":{\"@type\":\"EntryPoint\",\"urlTemplate\":\"https:\\\/\\\/spinbetter.cash\\\/no\\\/?s={search_term_string}\"},\"query-input\":{\"@type\":\"PropertyValueSpecification\",\"valueRequired\":true,\"valueName\":\"search_term_string\"}}],\"inLanguage\":\"nb-NO\"}]}<\/script>\n<!-- \/ Yoast SEO plugin. -->","yoast_head_json":{"title":"SpinBetter gratisspinn | Gratisspinn for gevinster!","description":"Bruk freespins hos SpinBetter. Gratisspinn i de beste spilleautomatene venter p\u00e5 deg! Ta dem og begynn \u00e5 vinne akkurat n\u00e5!","robots":{"index":"index","follow":"follow","max-snippet":"max-snippet:-1","max-image-preview":"max-image-preview:large","max-video-preview":"max-video-preview:-1"},"og_locale":"nb_NO","og_type":"article","og_title":"SpinBetter gratisspinn | Gratisspinn for gevinster!","og_description":"Bruk freespins hos SpinBetter. Gratisspinn i de beste spilleautomatene venter p\u00e5 deg! Ta dem og begynn \u00e5 vinne akkurat n\u00e5!","og_url":"https:\/\/spinbetter.cash\/no\/free-spins\/","og_site_name":"SpinBetter football NO","article_modified_time":"2025-11-20T09:05:56+00:00","twitter_card":"summary_large_image","schema":{"@context":"https:\/\/schema.org","@graph":[{"@type":"WebPage","@id":"https:\/\/spinbetter.cash\/no\/free-spins\/","url":"https:\/\/spinbetter.cash\/no\/free-spins\/","name":"SpinBetter gratisspinn | Gratisspinn for gevinster!","isPartOf":{"@id":"https:\/\/spinbetter.cash\/no\/#website"},"datePublished":"2024-10-11T14:30:45+00:00","dateModified":"2025-11-20T09:05:56+00:00","description":"Bruk freespins hos SpinBetter. Gratisspinn i de beste spilleautomatene venter p\u00e5 deg! Ta dem og begynn \u00e5 vinne akkurat n\u00e5!","breadcrumb":{"@id":"https:\/\/spinbetter.cash\/no\/free-spins\/#breadcrumb"},"inLanguage":"nb-NO","potentialAction":[{"@type":"ReadAction","target":["https:\/\/spinbetter.cash\/no\/free-spins\/"]}]},{"@type":"BreadcrumbList","@id":"https:\/\/spinbetter.cash\/no\/free-spins\/#breadcrumb","itemListElement":[{"@type":"ListItem","position":1,"name":"Home","item":"https:\/\/spinbetter.cash\/no\/"},{"@type":"ListItem","position":2,"name":"Gratisspinn"}]},{"@type":"WebSite","@id":"https:\/\/spinbetter.cash\/no\/#website","url":"https:\/\/spinbetter.cash\/no\/","name":"SpinBetter football NO","description":"My WordPress Blog","potentialAction":[{"@type":"SearchAction","target":{"@type":"EntryPoint","urlTemplate":"https:\/\/spinbetter.cash\/no\/?s={search_term_string}"},"query-input":{"@type":"PropertyValueSpecification","valueRequired":true,"valueName":"search_term_string"}}],"inLanguage":"nb-NO"}]}},"_links":{"self":[{"href":"https:\/\/spinbetter.cash\/no\/wp-json\/wp\/v2\/pages\/392","targetHints":{"allow":["GET"]}}],"collection":[{"href":"https:\/\/spinbetter.cash\/no\/wp-json\/wp\/v2\/pages"}],"about":[{"href":"https:\/\/spinbetter.cash\/no\/wp-json\/wp\/v2\/types\/page"}],"author":[{"embeddable":true,"href":"https:\/\/spinbetter.cash\/no\/wp-json\/wp\/v2\/users\/1"}],"replies":[{"embeddable":true,"href":"https:\/\/spinbetter.cash\/no\/wp-json\/wp\/v2\/comments?post=392"}],"version-history":[{"count":20,"href":"https:\/\/spinbetter.cash\/no\/wp-json\/wp\/v2\/pages\/392\/revisions"}],"predecessor-version":[{"id":675,"href":"https:\/\/spinbetter.cash\/no\/wp-json\/wp\/v2\/pages\/392\/revisions\/675"}],"wp:attachment":[{"href":"https:\/\/spinbetter.cash\/no\/wp-json\/wp\/v2\/media?parent=392"}],"curies":[{"name":"wp","href":"https:\/\/api.w.org\/{rel}","templated":true}]}}