{"id":336,"date":"2024-10-11T14:31:35","date_gmt":"2024-10-11T14:31:35","guid":{"rendered":"https:\/\/spinbetter.cash\/no\/?page_id=336"},"modified":"2025-06-12T09:19:27","modified_gmt":"2025-06-12T09:19:27","slug":"login","status":"publish","type":"page","link":"https:\/\/spinbetter.cash\/no\/login\/","title":{"rendered":"Logge"},"content":{"rendered":"","protected":false},"excerpt":{"rendered":"","protected":false},"author":1,"featured_media":0,"parent":0,"menu_order":0,"comment_status":"closed","ping_status":"closed","template":"","meta":{"_acf_changed":false,"footnotes":""},"class_list":["post-336","page","type-page","status-publish","hentry"],"acf":[],"yoast_head":"<!-- This site is optimized with the Yoast SEO plugin v27.3 - https:\/\/yoast.com\/product\/yoast-seo-wordpress\/ -->\n<title>SpinBetter Login | Rask tilgang til spill og gevinster!<\/title>\n<meta name=\"description\" content=\"Logg inn p\u00e5 SpinBetter &gt; \u00d8yeblikkelig tilgang til kontoen din, sportsbetting og gambling! Logg inn og begynn \u00e5 vinne med en gang!\" \/>\n<meta name=\"robots\" content=\"index, follow, max-snippet:-1, max-image-preview:large, max-video-preview:-1\" \/>\n<meta property=\"og:locale\" content=\"nb_NO\" \/>\n<meta property=\"og:type\" content=\"article\" \/>\n<meta property=\"og:title\" content=\"SpinBetter Login | Rask tilgang til spill og gevinster!\" \/>\n<meta property=\"og:description\" content=\"Logg inn p\u00e5 SpinBetter &gt; \u00d8yeblikkelig tilgang til kontoen din, sportsbetting og gambling! Logg inn og begynn \u00e5 vinne med en gang!\" \/>\n<meta property=\"og:url\" content=\"https:\/\/spinbetter.cash\/no\/login\/\" \/>\n<meta property=\"og:site_name\" content=\"SpinBetter football NO\" \/>\n<meta property=\"article:modified_time\" content=\"2025-06-12T09:19:27+00:00\" \/>\n<meta name=\"twitter:card\" content=\"summary_large_image\" \/>\n<script type=\"application\/ld+json\" class=\"yoast-schema-graph\">{\"@context\":\"https:\\\/\\\/schema.org\",\"@graph\":[{\"@type\":\"WebPage\",\"@id\":\"https:\\\/\\\/spinbetter.cash\\\/no\\\/login\\\/\",\"url\":\"https:\\\/\\\/spinbetter.cash\\\/no\\\/login\\\/\",\"name\":\"SpinBetter Login | Rask tilgang til spill og gevinster!\",\"isPartOf\":{\"@id\":\"https:\\\/\\\/spinbetter.cash\\\/no\\\/#website\"},\"datePublished\":\"2024-10-11T14:31:35+00:00\",\"dateModified\":\"2025-06-12T09:19:27+00:00\",\"description\":\"Logg inn p\u00e5 SpinBetter > \u00d8yeblikkelig tilgang til kontoen din, sportsbetting og gambling! Logg inn og begynn \u00e5 vinne med en gang!\",\"breadcrumb\":{\"@id\":\"https:\\\/\\\/spinbetter.cash\\\/no\\\/login\\\/#breadcrumb\"},\"inLanguage\":\"nb-NO\",\"potentialAction\":[{\"@type\":\"ReadAction\",\"target\":[\"https:\\\/\\\/spinbetter.cash\\\/no\\\/login\\\/\"]}]},{\"@type\":\"BreadcrumbList\",\"@id\":\"https:\\\/\\\/spinbetter.cash\\\/no\\\/login\\\/#breadcrumb\",\"itemListElement\":[{\"@type\":\"ListItem\",\"position\":1,\"name\":\"Home\",\"item\":\"https:\\\/\\\/spinbetter.cash\\\/no\\\/\"},{\"@type\":\"ListItem\",\"position\":2,\"name\":\"Logge\"}]},{\"@type\":\"WebSite\",\"@id\":\"https:\\\/\\\/spinbetter.cash\\\/no\\\/#website\",\"url\":\"https:\\\/\\\/spinbetter.cash\\\/no\\\/\",\"name\":\"SpinBetter football NO\",\"description\":\"My WordPress Blog\",\"potentialAction\":[{\"@type\":\"SearchAction\",\"target\":{\"@type\":\"EntryPoint\",\"urlTemplate\":\"https:\\\/\\\/spinbetter.cash\\\/no\\\/?s={search_term_string}\"},\"query-input\":{\"@type\":\"PropertyValueSpecification\",\"valueRequired\":true,\"valueName\":\"search_term_string\"}}],\"inLanguage\":\"nb-NO\"}]}<\/script>\n<!-- \/ Yoast SEO plugin. -->","yoast_head_json":{"title":"SpinBetter Login | Rask tilgang til spill og gevinster!","description":"Logg inn p\u00e5 SpinBetter > \u00d8yeblikkelig tilgang til kontoen din, sportsbetting og gambling! Logg inn og begynn \u00e5 vinne med en gang!","robots":{"index":"index","follow":"follow","max-snippet":"max-snippet:-1","max-image-preview":"max-image-preview:large","max-video-preview":"max-video-preview:-1"},"og_locale":"nb_NO","og_type":"article","og_title":"SpinBetter Login | Rask tilgang til spill og gevinster!","og_description":"Logg inn p\u00e5 SpinBetter > \u00d8yeblikkelig tilgang til kontoen din, sportsbetting og gambling! Logg inn og begynn \u00e5 vinne med en gang!","og_url":"https:\/\/spinbetter.cash\/no\/login\/","og_site_name":"SpinBetter football NO","article_modified_time":"2025-06-12T09:19:27+00:00","twitter_card":"summary_large_image","schema":{"@context":"https:\/\/schema.org","@graph":[{"@type":"WebPage","@id":"https:\/\/spinbetter.cash\/no\/login\/","url":"https:\/\/spinbetter.cash\/no\/login\/","name":"SpinBetter Login | Rask tilgang til spill og gevinster!","isPartOf":{"@id":"https:\/\/spinbetter.cash\/no\/#website"},"datePublished":"2024-10-11T14:31:35+00:00","dateModified":"2025-06-12T09:19:27+00:00","description":"Logg inn p\u00e5 SpinBetter > \u00d8yeblikkelig tilgang til kontoen din, sportsbetting og gambling! Logg inn og begynn \u00e5 vinne med en gang!","breadcrumb":{"@id":"https:\/\/spinbetter.cash\/no\/login\/#breadcrumb"},"inLanguage":"nb-NO","potentialAction":[{"@type":"ReadAction","target":["https:\/\/spinbetter.cash\/no\/login\/"]}]},{"@type":"BreadcrumbList","@id":"https:\/\/spinbetter.cash\/no\/login\/#breadcrumb","itemListElement":[{"@type":"ListItem","position":1,"name":"Home","item":"https:\/\/spinbetter.cash\/no\/"},{"@type":"ListItem","position":2,"name":"Logge"}]},{"@type":"WebSite","@id":"https:\/\/spinbetter.cash\/no\/#website","url":"https:\/\/spinbetter.cash\/no\/","name":"SpinBetter football NO","description":"My WordPress Blog","potentialAction":[{"@type":"SearchAction","target":{"@type":"EntryPoint","urlTemplate":"https:\/\/spinbetter.cash\/no\/?s={search_term_string}"},"query-input":{"@type":"PropertyValueSpecification","valueRequired":true,"valueName":"search_term_string"}}],"inLanguage":"nb-NO"}]}},"_links":{"self":[{"href":"https:\/\/spinbetter.cash\/no\/wp-json\/wp\/v2\/pages\/336","targetHints":{"allow":["GET"]}}],"collection":[{"href":"https:\/\/spinbetter.cash\/no\/wp-json\/wp\/v2\/pages"}],"about":[{"href":"https:\/\/spinbetter.cash\/no\/wp-json\/wp\/v2\/types\/page"}],"author":[{"embeddable":true,"href":"https:\/\/spinbetter.cash\/no\/wp-json\/wp\/v2\/users\/1"}],"replies":[{"embeddable":true,"href":"https:\/\/spinbetter.cash\/no\/wp-json\/wp\/v2\/comments?post=336"}],"version-history":[{"count":22,"href":"https:\/\/spinbetter.cash\/no\/wp-json\/wp\/v2\/pages\/336\/revisions"}],"predecessor-version":[{"id":589,"href":"https:\/\/spinbetter.cash\/no\/wp-json\/wp\/v2\/pages\/336\/revisions\/589"}],"wp:attachment":[{"href":"https:\/\/spinbetter.cash\/no\/wp-json\/wp\/v2\/media?parent=336"}],"curies":[{"name":"wp","href":"https:\/\/api.w.org\/{rel}","templated":true}]}}