{"id":640,"date":"2025-06-06T11:45:10","date_gmt":"2025-06-06T11:45:10","guid":{"rendered":"https:\/\/spinbetter.cash\/lv\/?page_id=640"},"modified":"2025-06-12T09:07:19","modified_gmt":"2025-06-12T09:07:19","slug":"spinbetter-welcome","status":"publish","type":"page","link":"https:\/\/spinbetter.cash\/lv\/bonus\/spinbetter-welcome\/","title":{"rendered":"SpinBetter sveiciens"},"content":{"rendered":"","protected":false},"excerpt":{"rendered":"","protected":false},"author":1,"featured_media":0,"parent":152,"menu_order":0,"comment_status":"closed","ping_status":"closed","template":"","meta":{"_acf_changed":false,"footnotes":""},"class_list":["post-640","page","type-page","status-publish","hentry"],"acf":[],"yoast_head":"<!-- This site is optimized with the Yoast SEO plugin v27.3 - https:\/\/yoast.com\/product\/yoast-seo-wordpress\/ -->\n<title>SpinBetter sagaid\u012b\u0161anas bonuss &gt; Sa\u0146emiet 1500\u00a0\u20ac!<\/title>\n<meta name=\"description\" content=\"Pievienojies SpinBetter un sa\u0146emiet neticamu sagaid\u012b\u0161anas paketi &gt; l\u012bdz pat 1500 \u20ac un 150 bezmaksas griezieni! S\u0101ciet laim\u0113t jau \u0161odien!\" \/>\n<meta name=\"robots\" content=\"index, follow, max-snippet:-1, max-image-preview:large, max-video-preview:-1\" \/>\n<meta property=\"og:locale\" content=\"lv_LV\" \/>\n<meta property=\"og:type\" content=\"article\" \/>\n<meta property=\"og:title\" content=\"SpinBetter sagaid\u012b\u0161anas bonuss &gt; Sa\u0146emiet 1500\u00a0\u20ac!\" \/>\n<meta property=\"og:description\" content=\"Pievienojies SpinBetter un sa\u0146emiet neticamu sagaid\u012b\u0161anas paketi &gt; l\u012bdz pat 1500 \u20ac un 150 bezmaksas griezieni! S\u0101ciet laim\u0113t jau \u0161odien!\" \/>\n<meta property=\"og:url\" content=\"https:\/\/spinbetter.cash\/lv\/bonus\/spinbetter-welcome\/\" \/>\n<meta property=\"og:site_name\" content=\"Spinbetter football LV\" \/>\n<meta property=\"article:modified_time\" content=\"2025-06-12T09:07:19+00:00\" \/>\n<meta name=\"twitter:card\" content=\"summary_large_image\" \/>\n<script type=\"application\/ld+json\" class=\"yoast-schema-graph\">{\"@context\":\"https:\\\/\\\/schema.org\",\"@graph\":[{\"@type\":\"WebPage\",\"@id\":\"https:\\\/\\\/spinbetter.cash\\\/lv\\\/bonus\\\/spinbetter-welcome\\\/\",\"url\":\"https:\\\/\\\/spinbetter.cash\\\/lv\\\/bonus\\\/spinbetter-welcome\\\/\",\"name\":\"SpinBetter sagaid\u012b\u0161anas bonuss > Sa\u0146emiet 1500\u00a0\u20ac!\",\"isPartOf\":{\"@id\":\"https:\\\/\\\/spinbetter.cash\\\/lv\\\/#website\"},\"datePublished\":\"2025-06-06T11:45:10+00:00\",\"dateModified\":\"2025-06-12T09:07:19+00:00\",\"description\":\"Pievienojies SpinBetter un sa\u0146emiet neticamu sagaid\u012b\u0161anas paketi > l\u012bdz pat 1500 \u20ac un 150 bezmaksas griezieni! S\u0101ciet laim\u0113t jau \u0161odien!\",\"breadcrumb\":{\"@id\":\"https:\\\/\\\/spinbetter.cash\\\/lv\\\/bonus\\\/spinbetter-welcome\\\/#breadcrumb\"},\"inLanguage\":\"lv-LV\",\"potentialAction\":[{\"@type\":\"ReadAction\",\"target\":[\"https:\\\/\\\/spinbetter.cash\\\/lv\\\/bonus\\\/spinbetter-welcome\\\/\"]}]},{\"@type\":\"BreadcrumbList\",\"@id\":\"https:\\\/\\\/spinbetter.cash\\\/lv\\\/bonus\\\/spinbetter-welcome\\\/#breadcrumb\",\"itemListElement\":[{\"@type\":\"ListItem\",\"position\":1,\"name\":\"Home\",\"item\":\"https:\\\/\\\/spinbetter.cash\\\/lv\\\/\"},{\"@type\":\"ListItem\",\"position\":2,\"name\":\"Bonuss\",\"item\":\"https:\\\/\\\/spinbetter.cash\\\/lv\\\/bonus\\\/\"},{\"@type\":\"ListItem\",\"position\":3,\"name\":\"SpinBetter sveiciens\"}]},{\"@type\":\"WebSite\",\"@id\":\"https:\\\/\\\/spinbetter.cash\\\/lv\\\/#website\",\"url\":\"https:\\\/\\\/spinbetter.cash\\\/lv\\\/\",\"name\":\"Spinbetter football LV\",\"description\":\"My WordPress Blog\",\"potentialAction\":[{\"@type\":\"SearchAction\",\"target\":{\"@type\":\"EntryPoint\",\"urlTemplate\":\"https:\\\/\\\/spinbetter.cash\\\/lv\\\/?s={search_term_string}\"},\"query-input\":{\"@type\":\"PropertyValueSpecification\",\"valueRequired\":true,\"valueName\":\"search_term_string\"}}],\"inLanguage\":\"lv-LV\"}]}<\/script>\n<!-- \/ Yoast SEO plugin. -->","yoast_head_json":{"title":"SpinBetter sagaid\u012b\u0161anas bonuss > Sa\u0146emiet 1500\u00a0\u20ac!","description":"Pievienojies SpinBetter un sa\u0146emiet neticamu sagaid\u012b\u0161anas paketi > l\u012bdz pat 1500 \u20ac un 150 bezmaksas griezieni! S\u0101ciet laim\u0113t jau \u0161odien!","robots":{"index":"index","follow":"follow","max-snippet":"max-snippet:-1","max-image-preview":"max-image-preview:large","max-video-preview":"max-video-preview:-1"},"og_locale":"lv_LV","og_type":"article","og_title":"SpinBetter sagaid\u012b\u0161anas bonuss > Sa\u0146emiet 1500\u00a0\u20ac!","og_description":"Pievienojies SpinBetter un sa\u0146emiet neticamu sagaid\u012b\u0161anas paketi > l\u012bdz pat 1500 \u20ac un 150 bezmaksas griezieni! S\u0101ciet laim\u0113t jau \u0161odien!","og_url":"https:\/\/spinbetter.cash\/lv\/bonus\/spinbetter-welcome\/","og_site_name":"Spinbetter football LV","article_modified_time":"2025-06-12T09:07:19+00:00","twitter_card":"summary_large_image","schema":{"@context":"https:\/\/schema.org","@graph":[{"@type":"WebPage","@id":"https:\/\/spinbetter.cash\/lv\/bonus\/spinbetter-welcome\/","url":"https:\/\/spinbetter.cash\/lv\/bonus\/spinbetter-welcome\/","name":"SpinBetter sagaid\u012b\u0161anas bonuss > Sa\u0146emiet 1500\u00a0\u20ac!","isPartOf":{"@id":"https:\/\/spinbetter.cash\/lv\/#website"},"datePublished":"2025-06-06T11:45:10+00:00","dateModified":"2025-06-12T09:07:19+00:00","description":"Pievienojies SpinBetter un sa\u0146emiet neticamu sagaid\u012b\u0161anas paketi > l\u012bdz pat 1500 \u20ac un 150 bezmaksas griezieni! S\u0101ciet laim\u0113t jau \u0161odien!","breadcrumb":{"@id":"https:\/\/spinbetter.cash\/lv\/bonus\/spinbetter-welcome\/#breadcrumb"},"inLanguage":"lv-LV","potentialAction":[{"@type":"ReadAction","target":["https:\/\/spinbetter.cash\/lv\/bonus\/spinbetter-welcome\/"]}]},{"@type":"BreadcrumbList","@id":"https:\/\/spinbetter.cash\/lv\/bonus\/spinbetter-welcome\/#breadcrumb","itemListElement":[{"@type":"ListItem","position":1,"name":"Home","item":"https:\/\/spinbetter.cash\/lv\/"},{"@type":"ListItem","position":2,"name":"Bonuss","item":"https:\/\/spinbetter.cash\/lv\/bonus\/"},{"@type":"ListItem","position":3,"name":"SpinBetter sveiciens"}]},{"@type":"WebSite","@id":"https:\/\/spinbetter.cash\/lv\/#website","url":"https:\/\/spinbetter.cash\/lv\/","name":"Spinbetter football LV","description":"My WordPress Blog","potentialAction":[{"@type":"SearchAction","target":{"@type":"EntryPoint","urlTemplate":"https:\/\/spinbetter.cash\/lv\/?s={search_term_string}"},"query-input":{"@type":"PropertyValueSpecification","valueRequired":true,"valueName":"search_term_string"}}],"inLanguage":"lv-LV"}]}},"_links":{"self":[{"href":"https:\/\/spinbetter.cash\/lv\/wp-json\/wp\/v2\/pages\/640","targetHints":{"allow":["GET"]}}],"collection":[{"href":"https:\/\/spinbetter.cash\/lv\/wp-json\/wp\/v2\/pages"}],"about":[{"href":"https:\/\/spinbetter.cash\/lv\/wp-json\/wp\/v2\/types\/page"}],"author":[{"embeddable":true,"href":"https:\/\/spinbetter.cash\/lv\/wp-json\/wp\/v2\/users\/1"}],"replies":[{"embeddable":true,"href":"https:\/\/spinbetter.cash\/lv\/wp-json\/wp\/v2\/comments?post=640"}],"version-history":[{"count":1,"href":"https:\/\/spinbetter.cash\/lv\/wp-json\/wp\/v2\/pages\/640\/revisions"}],"predecessor-version":[{"id":641,"href":"https:\/\/spinbetter.cash\/lv\/wp-json\/wp\/v2\/pages\/640\/revisions\/641"}],"up":[{"embeddable":true,"href":"https:\/\/spinbetter.cash\/lv\/wp-json\/wp\/v2\/pages\/152"}],"wp:attachment":[{"href":"https:\/\/spinbetter.cash\/lv\/wp-json\/wp\/v2\/media?parent=640"}],"curies":[{"name":"wp","href":"https:\/\/api.w.org\/{rel}","templated":true}]}}