{"id":638,"date":"2025-06-05T23:01:51","date_gmt":"2025-06-05T23:01:51","guid":{"rendered":"https:\/\/spinbetter.cash\/lv\/?page_id=638"},"modified":"2025-06-12T09:05:00","modified_gmt":"2025-06-12T09:05:00","slug":"100-free-spins","status":"publish","type":"page","link":"https:\/\/spinbetter.cash\/lv\/bonus\/100-free-spins\/","title":{"rendered":"Sa\u0146emiet 100 bezmaksas sitienus \u2014 acumirkl\u012b!"},"content":{"rendered":"","protected":false},"excerpt":{"rendered":"","protected":false},"author":1,"featured_media":0,"parent":152,"menu_order":0,"comment_status":"closed","ping_status":"closed","template":"","meta":{"_acf_changed":false,"footnotes":""},"class_list":["post-638","page","type-page","status-publish","hentry"],"acf":[],"yoast_head":"<!-- This site is optimized with the Yoast SEO plugin v27.3 - https:\/\/yoast.com\/product\/yoast-seo-wordpress\/ -->\n<title>100 bezmaksas griezieni vietn\u0113 SpinBetter<\/title>\n<meta name=\"description\" content=\"Sa\u0146emiet 100 bezmaksas griezienus bez depoz\u012bta, vienk\u0101r\u0161i abon\u0113jot m\u016bsu Telegram pl\u016bsmu! Pievienojieties SpinBetter!\" \/>\n<meta name=\"robots\" content=\"index, follow, max-snippet:-1, max-image-preview:large, max-video-preview:-1\" \/>\n<meta property=\"og:locale\" content=\"lv_LV\" \/>\n<meta property=\"og:type\" content=\"article\" \/>\n<meta property=\"og:title\" content=\"100 bezmaksas griezieni vietn\u0113 SpinBetter\" \/>\n<meta property=\"og:description\" content=\"Sa\u0146emiet 100 bezmaksas griezienus bez depoz\u012bta, vienk\u0101r\u0161i abon\u0113jot m\u016bsu Telegram pl\u016bsmu! Pievienojieties SpinBetter!\" \/>\n<meta property=\"og:url\" content=\"https:\/\/spinbetter.cash\/lv\/bonus\/100-free-spins\/\" \/>\n<meta property=\"og:site_name\" content=\"Spinbetter football LV\" \/>\n<meta property=\"article:modified_time\" content=\"2025-06-12T09:05:00+00:00\" \/>\n<meta name=\"twitter:card\" content=\"summary_large_image\" \/>\n<script type=\"application\/ld+json\" class=\"yoast-schema-graph\">{\"@context\":\"https:\\\/\\\/schema.org\",\"@graph\":[{\"@type\":\"WebPage\",\"@id\":\"https:\\\/\\\/spinbetter.cash\\\/lv\\\/bonus\\\/100-free-spins\\\/\",\"url\":\"https:\\\/\\\/spinbetter.cash\\\/lv\\\/bonus\\\/100-free-spins\\\/\",\"name\":\"100 bezmaksas griezieni vietn\u0113 SpinBetter\",\"isPartOf\":{\"@id\":\"https:\\\/\\\/spinbetter.cash\\\/lv\\\/#website\"},\"datePublished\":\"2025-06-05T23:01:51+00:00\",\"dateModified\":\"2025-06-12T09:05:00+00:00\",\"description\":\"Sa\u0146emiet 100 bezmaksas griezienus bez depoz\u012bta, vienk\u0101r\u0161i abon\u0113jot m\u016bsu Telegram pl\u016bsmu! Pievienojieties SpinBetter!\",\"breadcrumb\":{\"@id\":\"https:\\\/\\\/spinbetter.cash\\\/lv\\\/bonus\\\/100-free-spins\\\/#breadcrumb\"},\"inLanguage\":\"lv-LV\",\"potentialAction\":[{\"@type\":\"ReadAction\",\"target\":[\"https:\\\/\\\/spinbetter.cash\\\/lv\\\/bonus\\\/100-free-spins\\\/\"]}]},{\"@type\":\"BreadcrumbList\",\"@id\":\"https:\\\/\\\/spinbetter.cash\\\/lv\\\/bonus\\\/100-free-spins\\\/#breadcrumb\",\"itemListElement\":[{\"@type\":\"ListItem\",\"position\":1,\"name\":\"Home\",\"item\":\"https:\\\/\\\/spinbetter.cash\\\/lv\\\/\"},{\"@type\":\"ListItem\",\"position\":2,\"name\":\"Bonuss\",\"item\":\"https:\\\/\\\/spinbetter.cash\\\/lv\\\/bonus\\\/\"},{\"@type\":\"ListItem\",\"position\":3,\"name\":\"Sa\u0146emiet 100 bezmaksas sitienus \u2014 acumirkl\u012b!\"}]},{\"@type\":\"WebSite\",\"@id\":\"https:\\\/\\\/spinbetter.cash\\\/lv\\\/#website\",\"url\":\"https:\\\/\\\/spinbetter.cash\\\/lv\\\/\",\"name\":\"Spinbetter football LV\",\"description\":\"My WordPress Blog\",\"potentialAction\":[{\"@type\":\"SearchAction\",\"target\":{\"@type\":\"EntryPoint\",\"urlTemplate\":\"https:\\\/\\\/spinbetter.cash\\\/lv\\\/?s={search_term_string}\"},\"query-input\":{\"@type\":\"PropertyValueSpecification\",\"valueRequired\":true,\"valueName\":\"search_term_string\"}}],\"inLanguage\":\"lv-LV\"}]}<\/script>\n<!-- \/ Yoast SEO plugin. -->","yoast_head_json":{"title":"100 bezmaksas griezieni vietn\u0113 SpinBetter","description":"Sa\u0146emiet 100 bezmaksas griezienus bez depoz\u012bta, vienk\u0101r\u0161i abon\u0113jot m\u016bsu Telegram pl\u016bsmu! Pievienojieties SpinBetter!","robots":{"index":"index","follow":"follow","max-snippet":"max-snippet:-1","max-image-preview":"max-image-preview:large","max-video-preview":"max-video-preview:-1"},"og_locale":"lv_LV","og_type":"article","og_title":"100 bezmaksas griezieni vietn\u0113 SpinBetter","og_description":"Sa\u0146emiet 100 bezmaksas griezienus bez depoz\u012bta, vienk\u0101r\u0161i abon\u0113jot m\u016bsu Telegram pl\u016bsmu! Pievienojieties SpinBetter!","og_url":"https:\/\/spinbetter.cash\/lv\/bonus\/100-free-spins\/","og_site_name":"Spinbetter football LV","article_modified_time":"2025-06-12T09:05:00+00:00","twitter_card":"summary_large_image","schema":{"@context":"https:\/\/schema.org","@graph":[{"@type":"WebPage","@id":"https:\/\/spinbetter.cash\/lv\/bonus\/100-free-spins\/","url":"https:\/\/spinbetter.cash\/lv\/bonus\/100-free-spins\/","name":"100 bezmaksas griezieni vietn\u0113 SpinBetter","isPartOf":{"@id":"https:\/\/spinbetter.cash\/lv\/#website"},"datePublished":"2025-06-05T23:01:51+00:00","dateModified":"2025-06-12T09:05:00+00:00","description":"Sa\u0146emiet 100 bezmaksas griezienus bez depoz\u012bta, vienk\u0101r\u0161i abon\u0113jot m\u016bsu Telegram pl\u016bsmu! Pievienojieties SpinBetter!","breadcrumb":{"@id":"https:\/\/spinbetter.cash\/lv\/bonus\/100-free-spins\/#breadcrumb"},"inLanguage":"lv-LV","potentialAction":[{"@type":"ReadAction","target":["https:\/\/spinbetter.cash\/lv\/bonus\/100-free-spins\/"]}]},{"@type":"BreadcrumbList","@id":"https:\/\/spinbetter.cash\/lv\/bonus\/100-free-spins\/#breadcrumb","itemListElement":[{"@type":"ListItem","position":1,"name":"Home","item":"https:\/\/spinbetter.cash\/lv\/"},{"@type":"ListItem","position":2,"name":"Bonuss","item":"https:\/\/spinbetter.cash\/lv\/bonus\/"},{"@type":"ListItem","position":3,"name":"Sa\u0146emiet 100 bezmaksas sitienus \u2014 acumirkl\u012b!"}]},{"@type":"WebSite","@id":"https:\/\/spinbetter.cash\/lv\/#website","url":"https:\/\/spinbetter.cash\/lv\/","name":"Spinbetter football LV","description":"My WordPress Blog","potentialAction":[{"@type":"SearchAction","target":{"@type":"EntryPoint","urlTemplate":"https:\/\/spinbetter.cash\/lv\/?s={search_term_string}"},"query-input":{"@type":"PropertyValueSpecification","valueRequired":true,"valueName":"search_term_string"}}],"inLanguage":"lv-LV"}]}},"_links":{"self":[{"href":"https:\/\/spinbetter.cash\/lv\/wp-json\/wp\/v2\/pages\/638","targetHints":{"allow":["GET"]}}],"collection":[{"href":"https:\/\/spinbetter.cash\/lv\/wp-json\/wp\/v2\/pages"}],"about":[{"href":"https:\/\/spinbetter.cash\/lv\/wp-json\/wp\/v2\/types\/page"}],"author":[{"embeddable":true,"href":"https:\/\/spinbetter.cash\/lv\/wp-json\/wp\/v2\/users\/1"}],"replies":[{"embeddable":true,"href":"https:\/\/spinbetter.cash\/lv\/wp-json\/wp\/v2\/comments?post=638"}],"version-history":[{"count":1,"href":"https:\/\/spinbetter.cash\/lv\/wp-json\/wp\/v2\/pages\/638\/revisions"}],"predecessor-version":[{"id":639,"href":"https:\/\/spinbetter.cash\/lv\/wp-json\/wp\/v2\/pages\/638\/revisions\/639"}],"up":[{"embeddable":true,"href":"https:\/\/spinbetter.cash\/lv\/wp-json\/wp\/v2\/pages\/152"}],"wp:attachment":[{"href":"https:\/\/spinbetter.cash\/lv\/wp-json\/wp\/v2\/media?parent=638"}],"curies":[{"name":"wp","href":"https:\/\/api.w.org\/{rel}","templated":true}]}}