{"id":636,"date":"2025-06-05T13:08:15","date_gmt":"2025-06-05T13:08:15","guid":{"rendered":"https:\/\/spinbetter.cash\/lv\/?page_id=636"},"modified":"2025-06-12T09:12:57","modified_gmt":"2025-06-12T09:12:57","slug":"bet-now-pay-later","status":"publish","type":"page","link":"https:\/\/spinbetter.cash\/lv\/bonus\/bet-now-pay-later\/","title":{"rendered":"Veiciet likmes tagad \u2014 maks\u0101jiet v\u0113l\u0101k"},"content":{"rendered":"","protected":false},"excerpt":{"rendered":"","protected":false},"author":1,"featured_media":0,"parent":152,"menu_order":0,"comment_status":"closed","ping_status":"closed","template":"","meta":{"_acf_changed":false,"footnotes":""},"class_list":["post-636","page","type-page","status-publish","hentry"],"acf":[],"yoast_head":"<!-- This site is optimized with the Yoast SEO plugin v27.3 - https:\/\/yoast.com\/product\/yoast-seo-wordpress\/ -->\n<title>Veiciet likmes tagad, maks\u0101jiet v\u0113l\u0101k ar SpinBetter!<\/title>\n<meta name=\"description\" content=\"Ne\u013caujiet tuk\u0161am konta atlikumam aptur\u0113t j\u016bsu azartu! Ar SpinBetter Advance Bet veiciet likmes pat tad, ja j\u016bsu kont\u0101 ir nulle!\" \/>\n<meta name=\"robots\" content=\"index, follow, max-snippet:-1, max-image-preview:large, max-video-preview:-1\" \/>\n<meta property=\"og:locale\" content=\"lv_LV\" \/>\n<meta property=\"og:type\" content=\"article\" \/>\n<meta property=\"og:title\" content=\"Veiciet likmes tagad, maks\u0101jiet v\u0113l\u0101k ar SpinBetter!\" \/>\n<meta property=\"og:description\" content=\"Ne\u013caujiet tuk\u0161am konta atlikumam aptur\u0113t j\u016bsu azartu! Ar SpinBetter Advance Bet veiciet likmes pat tad, ja j\u016bsu kont\u0101 ir nulle!\" \/>\n<meta property=\"og:url\" content=\"https:\/\/spinbetter.cash\/lv\/bonus\/bet-now-pay-later\/\" \/>\n<meta property=\"og:site_name\" content=\"Spinbetter football LV\" \/>\n<meta property=\"article:modified_time\" content=\"2025-06-12T09:12:57+00:00\" \/>\n<meta name=\"twitter:card\" content=\"summary_large_image\" \/>\n<script type=\"application\/ld+json\" class=\"yoast-schema-graph\">{\"@context\":\"https:\\\/\\\/schema.org\",\"@graph\":[{\"@type\":\"WebPage\",\"@id\":\"https:\\\/\\\/spinbetter.cash\\\/lv\\\/bonus\\\/bet-now-pay-later\\\/\",\"url\":\"https:\\\/\\\/spinbetter.cash\\\/lv\\\/bonus\\\/bet-now-pay-later\\\/\",\"name\":\"Veiciet likmes tagad, maks\u0101jiet v\u0113l\u0101k ar SpinBetter!\",\"isPartOf\":{\"@id\":\"https:\\\/\\\/spinbetter.cash\\\/lv\\\/#website\"},\"datePublished\":\"2025-06-05T13:08:15+00:00\",\"dateModified\":\"2025-06-12T09:12:57+00:00\",\"description\":\"Ne\u013caujiet tuk\u0161am konta atlikumam aptur\u0113t j\u016bsu azartu! Ar SpinBetter Advance Bet veiciet likmes pat tad, ja j\u016bsu kont\u0101 ir nulle!\",\"breadcrumb\":{\"@id\":\"https:\\\/\\\/spinbetter.cash\\\/lv\\\/bonus\\\/bet-now-pay-later\\\/#breadcrumb\"},\"inLanguage\":\"lv-LV\",\"potentialAction\":[{\"@type\":\"ReadAction\",\"target\":[\"https:\\\/\\\/spinbetter.cash\\\/lv\\\/bonus\\\/bet-now-pay-later\\\/\"]}]},{\"@type\":\"BreadcrumbList\",\"@id\":\"https:\\\/\\\/spinbetter.cash\\\/lv\\\/bonus\\\/bet-now-pay-later\\\/#breadcrumb\",\"itemListElement\":[{\"@type\":\"ListItem\",\"position\":1,\"name\":\"Home\",\"item\":\"https:\\\/\\\/spinbetter.cash\\\/lv\\\/\"},{\"@type\":\"ListItem\",\"position\":2,\"name\":\"Bonuss\",\"item\":\"https:\\\/\\\/spinbetter.cash\\\/lv\\\/bonus\\\/\"},{\"@type\":\"ListItem\",\"position\":3,\"name\":\"Veiciet likmes tagad \u2014 maks\u0101jiet v\u0113l\u0101k\"}]},{\"@type\":\"WebSite\",\"@id\":\"https:\\\/\\\/spinbetter.cash\\\/lv\\\/#website\",\"url\":\"https:\\\/\\\/spinbetter.cash\\\/lv\\\/\",\"name\":\"Spinbetter football LV\",\"description\":\"My WordPress Blog\",\"potentialAction\":[{\"@type\":\"SearchAction\",\"target\":{\"@type\":\"EntryPoint\",\"urlTemplate\":\"https:\\\/\\\/spinbetter.cash\\\/lv\\\/?s={search_term_string}\"},\"query-input\":{\"@type\":\"PropertyValueSpecification\",\"valueRequired\":true,\"valueName\":\"search_term_string\"}}],\"inLanguage\":\"lv-LV\"}]}<\/script>\n<!-- \/ Yoast SEO plugin. -->","yoast_head_json":{"title":"Veiciet likmes tagad, maks\u0101jiet v\u0113l\u0101k ar SpinBetter!","description":"Ne\u013caujiet tuk\u0161am konta atlikumam aptur\u0113t j\u016bsu azartu! Ar SpinBetter Advance Bet veiciet likmes pat tad, ja j\u016bsu kont\u0101 ir nulle!","robots":{"index":"index","follow":"follow","max-snippet":"max-snippet:-1","max-image-preview":"max-image-preview:large","max-video-preview":"max-video-preview:-1"},"og_locale":"lv_LV","og_type":"article","og_title":"Veiciet likmes tagad, maks\u0101jiet v\u0113l\u0101k ar SpinBetter!","og_description":"Ne\u013caujiet tuk\u0161am konta atlikumam aptur\u0113t j\u016bsu azartu! Ar SpinBetter Advance Bet veiciet likmes pat tad, ja j\u016bsu kont\u0101 ir nulle!","og_url":"https:\/\/spinbetter.cash\/lv\/bonus\/bet-now-pay-later\/","og_site_name":"Spinbetter football LV","article_modified_time":"2025-06-12T09:12:57+00:00","twitter_card":"summary_large_image","schema":{"@context":"https:\/\/schema.org","@graph":[{"@type":"WebPage","@id":"https:\/\/spinbetter.cash\/lv\/bonus\/bet-now-pay-later\/","url":"https:\/\/spinbetter.cash\/lv\/bonus\/bet-now-pay-later\/","name":"Veiciet likmes tagad, maks\u0101jiet v\u0113l\u0101k ar SpinBetter!","isPartOf":{"@id":"https:\/\/spinbetter.cash\/lv\/#website"},"datePublished":"2025-06-05T13:08:15+00:00","dateModified":"2025-06-12T09:12:57+00:00","description":"Ne\u013caujiet tuk\u0161am konta atlikumam aptur\u0113t j\u016bsu azartu! Ar SpinBetter Advance Bet veiciet likmes pat tad, ja j\u016bsu kont\u0101 ir nulle!","breadcrumb":{"@id":"https:\/\/spinbetter.cash\/lv\/bonus\/bet-now-pay-later\/#breadcrumb"},"inLanguage":"lv-LV","potentialAction":[{"@type":"ReadAction","target":["https:\/\/spinbetter.cash\/lv\/bonus\/bet-now-pay-later\/"]}]},{"@type":"BreadcrumbList","@id":"https:\/\/spinbetter.cash\/lv\/bonus\/bet-now-pay-later\/#breadcrumb","itemListElement":[{"@type":"ListItem","position":1,"name":"Home","item":"https:\/\/spinbetter.cash\/lv\/"},{"@type":"ListItem","position":2,"name":"Bonuss","item":"https:\/\/spinbetter.cash\/lv\/bonus\/"},{"@type":"ListItem","position":3,"name":"Veiciet likmes tagad \u2014 maks\u0101jiet v\u0113l\u0101k"}]},{"@type":"WebSite","@id":"https:\/\/spinbetter.cash\/lv\/#website","url":"https:\/\/spinbetter.cash\/lv\/","name":"Spinbetter football LV","description":"My WordPress Blog","potentialAction":[{"@type":"SearchAction","target":{"@type":"EntryPoint","urlTemplate":"https:\/\/spinbetter.cash\/lv\/?s={search_term_string}"},"query-input":{"@type":"PropertyValueSpecification","valueRequired":true,"valueName":"search_term_string"}}],"inLanguage":"lv-LV"}]}},"_links":{"self":[{"href":"https:\/\/spinbetter.cash\/lv\/wp-json\/wp\/v2\/pages\/636","targetHints":{"allow":["GET"]}}],"collection":[{"href":"https:\/\/spinbetter.cash\/lv\/wp-json\/wp\/v2\/pages"}],"about":[{"href":"https:\/\/spinbetter.cash\/lv\/wp-json\/wp\/v2\/types\/page"}],"author":[{"embeddable":true,"href":"https:\/\/spinbetter.cash\/lv\/wp-json\/wp\/v2\/users\/1"}],"replies":[{"embeddable":true,"href":"https:\/\/spinbetter.cash\/lv\/wp-json\/wp\/v2\/comments?post=636"}],"version-history":[{"count":1,"href":"https:\/\/spinbetter.cash\/lv\/wp-json\/wp\/v2\/pages\/636\/revisions"}],"predecessor-version":[{"id":637,"href":"https:\/\/spinbetter.cash\/lv\/wp-json\/wp\/v2\/pages\/636\/revisions\/637"}],"up":[{"embeddable":true,"href":"https:\/\/spinbetter.cash\/lv\/wp-json\/wp\/v2\/pages\/152"}],"wp:attachment":[{"href":"https:\/\/spinbetter.cash\/lv\/wp-json\/wp\/v2\/media?parent=636"}],"curies":[{"name":"wp","href":"https:\/\/api.w.org\/{rel}","templated":true}]}}