{"id":634,"date":"2025-06-04T17:16:46","date_gmt":"2025-06-04T17:16:46","guid":{"rendered":"https:\/\/spinbetter.cash\/lv\/?page_id=634"},"modified":"2025-06-12T09:09:34","modified_gmt":"2025-06-12T09:09:34","slug":"bet-in-the-app","status":"publish","type":"page","link":"https:\/\/spinbetter.cash\/lv\/bonus\/bet-in-the-app\/","title":{"rendered":"Der\u012bbas lietotn\u0113"},"content":{"rendered":"","protected":false},"excerpt":{"rendered":"","protected":false},"author":1,"featured_media":0,"parent":152,"menu_order":0,"comment_status":"closed","ping_status":"closed","template":"","meta":{"_acf_changed":false,"footnotes":""},"class_list":["post-634","page","type-page","status-publish","hentry"],"acf":[],"yoast_head":"<!-- This site is optimized with the Yoast SEO plugin v27.3 - https:\/\/yoast.com\/product\/yoast-seo-wordpress\/ -->\n<title>Veiciet likmes SpinBetter lietotn\u0113 &gt; Sa\u0146emiet l\u012bdz pat 10\u00a0\u20ac!<\/title>\n<meta name=\"description\" content=\"V\u0113lies, lai katra likme b\u016btu uzvaro\u0161a? Lejupiel\u0101d\u0113 SpinBetter aplik\u0101ciju un sa\u0146em bezmaksas likmi l\u012bdz 10 \u20ac bez iemaksas!\" \/>\n<meta name=\"robots\" content=\"index, follow, max-snippet:-1, max-image-preview:large, max-video-preview:-1\" \/>\n<meta property=\"og:locale\" content=\"lv_LV\" \/>\n<meta property=\"og:type\" content=\"article\" \/>\n<meta property=\"og:title\" content=\"Veiciet likmes SpinBetter lietotn\u0113 &gt; Sa\u0146emiet l\u012bdz pat 10\u00a0\u20ac!\" \/>\n<meta property=\"og:description\" content=\"V\u0113lies, lai katra likme b\u016btu uzvaro\u0161a? Lejupiel\u0101d\u0113 SpinBetter aplik\u0101ciju un sa\u0146em bezmaksas likmi l\u012bdz 10 \u20ac bez iemaksas!\" \/>\n<meta property=\"og:url\" content=\"https:\/\/spinbetter.cash\/lv\/bonus\/bet-in-the-app\/\" \/>\n<meta property=\"og:site_name\" content=\"Spinbetter football LV\" \/>\n<meta property=\"article:modified_time\" content=\"2025-06-12T09:09:34+00:00\" \/>\n<meta name=\"twitter:card\" content=\"summary_large_image\" \/>\n<script type=\"application\/ld+json\" class=\"yoast-schema-graph\">{\"@context\":\"https:\\\/\\\/schema.org\",\"@graph\":[{\"@type\":\"WebPage\",\"@id\":\"https:\\\/\\\/spinbetter.cash\\\/lv\\\/bonus\\\/bet-in-the-app\\\/\",\"url\":\"https:\\\/\\\/spinbetter.cash\\\/lv\\\/bonus\\\/bet-in-the-app\\\/\",\"name\":\"Veiciet likmes SpinBetter lietotn\u0113 > Sa\u0146emiet l\u012bdz pat 10\u00a0\u20ac!\",\"isPartOf\":{\"@id\":\"https:\\\/\\\/spinbetter.cash\\\/lv\\\/#website\"},\"datePublished\":\"2025-06-04T17:16:46+00:00\",\"dateModified\":\"2025-06-12T09:09:34+00:00\",\"description\":\"V\u0113lies, lai katra likme b\u016btu uzvaro\u0161a? Lejupiel\u0101d\u0113 SpinBetter aplik\u0101ciju un sa\u0146em bezmaksas likmi l\u012bdz 10 \u20ac bez iemaksas!\",\"breadcrumb\":{\"@id\":\"https:\\\/\\\/spinbetter.cash\\\/lv\\\/bonus\\\/bet-in-the-app\\\/#breadcrumb\"},\"inLanguage\":\"lv-LV\",\"potentialAction\":[{\"@type\":\"ReadAction\",\"target\":[\"https:\\\/\\\/spinbetter.cash\\\/lv\\\/bonus\\\/bet-in-the-app\\\/\"]}]},{\"@type\":\"BreadcrumbList\",\"@id\":\"https:\\\/\\\/spinbetter.cash\\\/lv\\\/bonus\\\/bet-in-the-app\\\/#breadcrumb\",\"itemListElement\":[{\"@type\":\"ListItem\",\"position\":1,\"name\":\"Home\",\"item\":\"https:\\\/\\\/spinbetter.cash\\\/lv\\\/\"},{\"@type\":\"ListItem\",\"position\":2,\"name\":\"Bonuss\",\"item\":\"https:\\\/\\\/spinbetter.cash\\\/lv\\\/bonus\\\/\"},{\"@type\":\"ListItem\",\"position\":3,\"name\":\"Der\u012bbas lietotn\u0113\"}]},{\"@type\":\"WebSite\",\"@id\":\"https:\\\/\\\/spinbetter.cash\\\/lv\\\/#website\",\"url\":\"https:\\\/\\\/spinbetter.cash\\\/lv\\\/\",\"name\":\"Spinbetter football LV\",\"description\":\"My WordPress Blog\",\"potentialAction\":[{\"@type\":\"SearchAction\",\"target\":{\"@type\":\"EntryPoint\",\"urlTemplate\":\"https:\\\/\\\/spinbetter.cash\\\/lv\\\/?s={search_term_string}\"},\"query-input\":{\"@type\":\"PropertyValueSpecification\",\"valueRequired\":true,\"valueName\":\"search_term_string\"}}],\"inLanguage\":\"lv-LV\"}]}<\/script>\n<!-- \/ Yoast SEO plugin. -->","yoast_head_json":{"title":"Veiciet likmes SpinBetter lietotn\u0113 > Sa\u0146emiet l\u012bdz pat 10\u00a0\u20ac!","description":"V\u0113lies, lai katra likme b\u016btu uzvaro\u0161a? Lejupiel\u0101d\u0113 SpinBetter aplik\u0101ciju un sa\u0146em bezmaksas likmi l\u012bdz 10 \u20ac bez iemaksas!","robots":{"index":"index","follow":"follow","max-snippet":"max-snippet:-1","max-image-preview":"max-image-preview:large","max-video-preview":"max-video-preview:-1"},"og_locale":"lv_LV","og_type":"article","og_title":"Veiciet likmes SpinBetter lietotn\u0113 > Sa\u0146emiet l\u012bdz pat 10\u00a0\u20ac!","og_description":"V\u0113lies, lai katra likme b\u016btu uzvaro\u0161a? Lejupiel\u0101d\u0113 SpinBetter aplik\u0101ciju un sa\u0146em bezmaksas likmi l\u012bdz 10 \u20ac bez iemaksas!","og_url":"https:\/\/spinbetter.cash\/lv\/bonus\/bet-in-the-app\/","og_site_name":"Spinbetter football LV","article_modified_time":"2025-06-12T09:09:34+00:00","twitter_card":"summary_large_image","schema":{"@context":"https:\/\/schema.org","@graph":[{"@type":"WebPage","@id":"https:\/\/spinbetter.cash\/lv\/bonus\/bet-in-the-app\/","url":"https:\/\/spinbetter.cash\/lv\/bonus\/bet-in-the-app\/","name":"Veiciet likmes SpinBetter lietotn\u0113 > Sa\u0146emiet l\u012bdz pat 10\u00a0\u20ac!","isPartOf":{"@id":"https:\/\/spinbetter.cash\/lv\/#website"},"datePublished":"2025-06-04T17:16:46+00:00","dateModified":"2025-06-12T09:09:34+00:00","description":"V\u0113lies, lai katra likme b\u016btu uzvaro\u0161a? Lejupiel\u0101d\u0113 SpinBetter aplik\u0101ciju un sa\u0146em bezmaksas likmi l\u012bdz 10 \u20ac bez iemaksas!","breadcrumb":{"@id":"https:\/\/spinbetter.cash\/lv\/bonus\/bet-in-the-app\/#breadcrumb"},"inLanguage":"lv-LV","potentialAction":[{"@type":"ReadAction","target":["https:\/\/spinbetter.cash\/lv\/bonus\/bet-in-the-app\/"]}]},{"@type":"BreadcrumbList","@id":"https:\/\/spinbetter.cash\/lv\/bonus\/bet-in-the-app\/#breadcrumb","itemListElement":[{"@type":"ListItem","position":1,"name":"Home","item":"https:\/\/spinbetter.cash\/lv\/"},{"@type":"ListItem","position":2,"name":"Bonuss","item":"https:\/\/spinbetter.cash\/lv\/bonus\/"},{"@type":"ListItem","position":3,"name":"Der\u012bbas lietotn\u0113"}]},{"@type":"WebSite","@id":"https:\/\/spinbetter.cash\/lv\/#website","url":"https:\/\/spinbetter.cash\/lv\/","name":"Spinbetter football LV","description":"My WordPress Blog","potentialAction":[{"@type":"SearchAction","target":{"@type":"EntryPoint","urlTemplate":"https:\/\/spinbetter.cash\/lv\/?s={search_term_string}"},"query-input":{"@type":"PropertyValueSpecification","valueRequired":true,"valueName":"search_term_string"}}],"inLanguage":"lv-LV"}]}},"_links":{"self":[{"href":"https:\/\/spinbetter.cash\/lv\/wp-json\/wp\/v2\/pages\/634","targetHints":{"allow":["GET"]}}],"collection":[{"href":"https:\/\/spinbetter.cash\/lv\/wp-json\/wp\/v2\/pages"}],"about":[{"href":"https:\/\/spinbetter.cash\/lv\/wp-json\/wp\/v2\/types\/page"}],"author":[{"embeddable":true,"href":"https:\/\/spinbetter.cash\/lv\/wp-json\/wp\/v2\/users\/1"}],"replies":[{"embeddable":true,"href":"https:\/\/spinbetter.cash\/lv\/wp-json\/wp\/v2\/comments?post=634"}],"version-history":[{"count":1,"href":"https:\/\/spinbetter.cash\/lv\/wp-json\/wp\/v2\/pages\/634\/revisions"}],"predecessor-version":[{"id":635,"href":"https:\/\/spinbetter.cash\/lv\/wp-json\/wp\/v2\/pages\/634\/revisions\/635"}],"up":[{"embeddable":true,"href":"https:\/\/spinbetter.cash\/lv\/wp-json\/wp\/v2\/pages\/152"}],"wp:attachment":[{"href":"https:\/\/spinbetter.cash\/lv\/wp-json\/wp\/v2\/media?parent=634"}],"curies":[{"name":"wp","href":"https:\/\/api.w.org\/{rel}","templated":true}]}}