{"id":416,"date":"2024-10-11T14:31:11","date_gmt":"2024-10-11T14:31:11","guid":{"rendered":"https:\/\/spinbetter.cash\/lv\/?page_id=416"},"modified":"2025-06-12T08:51:18","modified_gmt":"2025-06-12T08:51:18","slug":"download","status":"publish","type":"page","link":"https:\/\/spinbetter.cash\/lv\/download\/","title":{"rendered":"Lejupiel\u0101d\u0113t"},"content":{"rendered":"","protected":false},"excerpt":{"rendered":"","protected":false},"author":1,"featured_media":0,"parent":0,"menu_order":0,"comment_status":"closed","ping_status":"closed","template":"","meta":{"_acf_changed":false,"footnotes":""},"class_list":["post-416","page","type-page","status-publish","hentry"],"acf":[],"yoast_head":"<!-- This site is optimized with the Yoast SEO plugin v27.3 - https:\/\/yoast.com\/product\/yoast-seo-wordpress\/ -->\n<title>SpinBetter APK | Lejupiel\u0101d\u0113t tie\u0161saistes kazino uz viedt\u0101lruni<\/title>\n<meta name=\"description\" content=\"Lejupiel\u0101d\u0113jiet SpinBetter APK \u2014 veiciet likmes uz sportu un sp\u0113l\u0113jiet kazino sp\u0113les tie\u0161i no sava mobil\u0101 t\u0101lru\u0146a!\" \/>\n<meta name=\"robots\" content=\"index, follow, max-snippet:-1, max-image-preview:large, max-video-preview:-1\" \/>\n<meta property=\"og:locale\" content=\"lv_LV\" \/>\n<meta property=\"og:type\" content=\"article\" \/>\n<meta property=\"og:title\" content=\"SpinBetter APK | Lejupiel\u0101d\u0113t tie\u0161saistes kazino uz viedt\u0101lruni\" \/>\n<meta property=\"og:description\" content=\"Lejupiel\u0101d\u0113jiet SpinBetter APK \u2014 veiciet likmes uz sportu un sp\u0113l\u0113jiet kazino sp\u0113les tie\u0161i no sava mobil\u0101 t\u0101lru\u0146a!\" \/>\n<meta property=\"og:url\" content=\"https:\/\/spinbetter.cash\/lv\/download\/\" \/>\n<meta property=\"og:site_name\" content=\"Spinbetter football LV\" \/>\n<meta property=\"article:modified_time\" content=\"2025-06-12T08:51:18+00:00\" \/>\n<meta name=\"twitter:card\" content=\"summary_large_image\" \/>\n<script type=\"application\/ld+json\" class=\"yoast-schema-graph\">{\"@context\":\"https:\\\/\\\/schema.org\",\"@graph\":[{\"@type\":\"WebPage\",\"@id\":\"https:\\\/\\\/spinbetter.cash\\\/lv\\\/download\\\/\",\"url\":\"https:\\\/\\\/spinbetter.cash\\\/lv\\\/download\\\/\",\"name\":\"SpinBetter APK | Lejupiel\u0101d\u0113t tie\u0161saistes kazino uz viedt\u0101lruni\",\"isPartOf\":{\"@id\":\"https:\\\/\\\/spinbetter.cash\\\/lv\\\/#website\"},\"datePublished\":\"2024-10-11T14:31:11+00:00\",\"dateModified\":\"2025-06-12T08:51:18+00:00\",\"description\":\"Lejupiel\u0101d\u0113jiet SpinBetter APK \u2014 veiciet likmes uz sportu un sp\u0113l\u0113jiet kazino sp\u0113les tie\u0161i no sava mobil\u0101 t\u0101lru\u0146a!\",\"breadcrumb\":{\"@id\":\"https:\\\/\\\/spinbetter.cash\\\/lv\\\/download\\\/#breadcrumb\"},\"inLanguage\":\"lv-LV\",\"potentialAction\":[{\"@type\":\"ReadAction\",\"target\":[\"https:\\\/\\\/spinbetter.cash\\\/lv\\\/download\\\/\"]}]},{\"@type\":\"BreadcrumbList\",\"@id\":\"https:\\\/\\\/spinbetter.cash\\\/lv\\\/download\\\/#breadcrumb\",\"itemListElement\":[{\"@type\":\"ListItem\",\"position\":1,\"name\":\"Home\",\"item\":\"https:\\\/\\\/spinbetter.cash\\\/lv\\\/\"},{\"@type\":\"ListItem\",\"position\":2,\"name\":\"Lejupiel\u0101d\u0113t\"}]},{\"@type\":\"WebSite\",\"@id\":\"https:\\\/\\\/spinbetter.cash\\\/lv\\\/#website\",\"url\":\"https:\\\/\\\/spinbetter.cash\\\/lv\\\/\",\"name\":\"Spinbetter football LV\",\"description\":\"My WordPress Blog\",\"potentialAction\":[{\"@type\":\"SearchAction\",\"target\":{\"@type\":\"EntryPoint\",\"urlTemplate\":\"https:\\\/\\\/spinbetter.cash\\\/lv\\\/?s={search_term_string}\"},\"query-input\":{\"@type\":\"PropertyValueSpecification\",\"valueRequired\":true,\"valueName\":\"search_term_string\"}}],\"inLanguage\":\"lv-LV\"}]}<\/script>\n<!-- \/ Yoast SEO plugin. -->","yoast_head_json":{"title":"SpinBetter APK | Lejupiel\u0101d\u0113t tie\u0161saistes kazino uz viedt\u0101lruni","description":"Lejupiel\u0101d\u0113jiet SpinBetter APK \u2014 veiciet likmes uz sportu un sp\u0113l\u0113jiet kazino sp\u0113les tie\u0161i no sava mobil\u0101 t\u0101lru\u0146a!","robots":{"index":"index","follow":"follow","max-snippet":"max-snippet:-1","max-image-preview":"max-image-preview:large","max-video-preview":"max-video-preview:-1"},"og_locale":"lv_LV","og_type":"article","og_title":"SpinBetter APK | Lejupiel\u0101d\u0113t tie\u0161saistes kazino uz viedt\u0101lruni","og_description":"Lejupiel\u0101d\u0113jiet SpinBetter APK \u2014 veiciet likmes uz sportu un sp\u0113l\u0113jiet kazino sp\u0113les tie\u0161i no sava mobil\u0101 t\u0101lru\u0146a!","og_url":"https:\/\/spinbetter.cash\/lv\/download\/","og_site_name":"Spinbetter football LV","article_modified_time":"2025-06-12T08:51:18+00:00","twitter_card":"summary_large_image","schema":{"@context":"https:\/\/schema.org","@graph":[{"@type":"WebPage","@id":"https:\/\/spinbetter.cash\/lv\/download\/","url":"https:\/\/spinbetter.cash\/lv\/download\/","name":"SpinBetter APK | Lejupiel\u0101d\u0113t tie\u0161saistes kazino uz viedt\u0101lruni","isPartOf":{"@id":"https:\/\/spinbetter.cash\/lv\/#website"},"datePublished":"2024-10-11T14:31:11+00:00","dateModified":"2025-06-12T08:51:18+00:00","description":"Lejupiel\u0101d\u0113jiet SpinBetter APK \u2014 veiciet likmes uz sportu un sp\u0113l\u0113jiet kazino sp\u0113les tie\u0161i no sava mobil\u0101 t\u0101lru\u0146a!","breadcrumb":{"@id":"https:\/\/spinbetter.cash\/lv\/download\/#breadcrumb"},"inLanguage":"lv-LV","potentialAction":[{"@type":"ReadAction","target":["https:\/\/spinbetter.cash\/lv\/download\/"]}]},{"@type":"BreadcrumbList","@id":"https:\/\/spinbetter.cash\/lv\/download\/#breadcrumb","itemListElement":[{"@type":"ListItem","position":1,"name":"Home","item":"https:\/\/spinbetter.cash\/lv\/"},{"@type":"ListItem","position":2,"name":"Lejupiel\u0101d\u0113t"}]},{"@type":"WebSite","@id":"https:\/\/spinbetter.cash\/lv\/#website","url":"https:\/\/spinbetter.cash\/lv\/","name":"Spinbetter football LV","description":"My WordPress Blog","potentialAction":[{"@type":"SearchAction","target":{"@type":"EntryPoint","urlTemplate":"https:\/\/spinbetter.cash\/lv\/?s={search_term_string}"},"query-input":{"@type":"PropertyValueSpecification","valueRequired":true,"valueName":"search_term_string"}}],"inLanguage":"lv-LV"}]}},"_links":{"self":[{"href":"https:\/\/spinbetter.cash\/lv\/wp-json\/wp\/v2\/pages\/416","targetHints":{"allow":["GET"]}}],"collection":[{"href":"https:\/\/spinbetter.cash\/lv\/wp-json\/wp\/v2\/pages"}],"about":[{"href":"https:\/\/spinbetter.cash\/lv\/wp-json\/wp\/v2\/types\/page"}],"author":[{"embeddable":true,"href":"https:\/\/spinbetter.cash\/lv\/wp-json\/wp\/v2\/users\/1"}],"replies":[{"embeddable":true,"href":"https:\/\/spinbetter.cash\/lv\/wp-json\/wp\/v2\/comments?post=416"}],"version-history":[{"count":32,"href":"https:\/\/spinbetter.cash\/lv\/wp-json\/wp\/v2\/pages\/416\/revisions"}],"predecessor-version":[{"id":618,"href":"https:\/\/spinbetter.cash\/lv\/wp-json\/wp\/v2\/pages\/416\/revisions\/618"}],"wp:attachment":[{"href":"https:\/\/spinbetter.cash\/lv\/wp-json\/wp\/v2\/media?parent=416"}],"curies":[{"name":"wp","href":"https:\/\/api.w.org\/{rel}","templated":true}]}}