{"id":404,"date":"2024-10-11T14:32:07","date_gmt":"2024-10-11T14:32:07","guid":{"rendered":"https:\/\/spinbetter.cash\/lv\/?page_id=404"},"modified":"2025-11-20T12:20:44","modified_gmt":"2025-11-20T12:20:44","slug":"partners","status":"publish","type":"page","link":"https:\/\/spinbetter.cash\/lv\/partners\/","title":{"rendered":"Partneri"},"content":{"rendered":"","protected":false},"excerpt":{"rendered":"","protected":false},"author":1,"featured_media":0,"parent":0,"menu_order":0,"comment_status":"closed","ping_status":"closed","template":"","meta":{"_acf_changed":false,"footnotes":""},"class_list":["post-404","page","type-page","status-publish","hentry"],"acf":[],"yoast_head":"<!-- This site is optimized with the Yoast SEO plugin v27.3 - https:\/\/yoast.com\/product\/yoast-seo-wordpress\/ -->\n<title>SpinBet partneri | Pelniet ar SpinBetter!<\/title>\n<meta name=\"description\" content=\"K\u013c\u016bstiet par SpinBetter fili\u0101li un g\u016bstiet ien\u0101kumus. Pievienojieties veiksm\u012bgai partneru programmai un pelniet!\" \/>\n<meta name=\"robots\" content=\"index, follow, max-snippet:-1, max-image-preview:large, max-video-preview:-1\" \/>\n<meta property=\"og:locale\" content=\"lv_LV\" \/>\n<meta property=\"og:type\" content=\"article\" \/>\n<meta property=\"og:title\" content=\"SpinBet partneri | Pelniet ar SpinBetter!\" \/>\n<meta property=\"og:description\" content=\"K\u013c\u016bstiet par SpinBetter fili\u0101li un g\u016bstiet ien\u0101kumus. Pievienojieties veiksm\u012bgai partneru programmai un pelniet!\" \/>\n<meta property=\"og:url\" content=\"https:\/\/spinbetter.cash\/lv\/partners\/\" \/>\n<meta property=\"og:site_name\" content=\"Spinbetter football LV\" \/>\n<meta property=\"article:modified_time\" content=\"2025-11-20T12:20:44+00:00\" \/>\n<meta name=\"twitter:card\" content=\"summary_large_image\" \/>\n<script type=\"application\/ld+json\" class=\"yoast-schema-graph\">{\"@context\":\"https:\\\/\\\/schema.org\",\"@graph\":[{\"@type\":\"WebPage\",\"@id\":\"https:\\\/\\\/spinbetter.cash\\\/lv\\\/partners\\\/\",\"url\":\"https:\\\/\\\/spinbetter.cash\\\/lv\\\/partners\\\/\",\"name\":\"SpinBet partneri | Pelniet ar SpinBetter!\",\"isPartOf\":{\"@id\":\"https:\\\/\\\/spinbetter.cash\\\/lv\\\/#website\"},\"datePublished\":\"2024-10-11T14:32:07+00:00\",\"dateModified\":\"2025-11-20T12:20:44+00:00\",\"description\":\"K\u013c\u016bstiet par SpinBetter fili\u0101li un g\u016bstiet ien\u0101kumus. Pievienojieties veiksm\u012bgai partneru programmai un pelniet!\",\"breadcrumb\":{\"@id\":\"https:\\\/\\\/spinbetter.cash\\\/lv\\\/partners\\\/#breadcrumb\"},\"inLanguage\":\"lv-LV\",\"potentialAction\":[{\"@type\":\"ReadAction\",\"target\":[\"https:\\\/\\\/spinbetter.cash\\\/lv\\\/partners\\\/\"]}]},{\"@type\":\"BreadcrumbList\",\"@id\":\"https:\\\/\\\/spinbetter.cash\\\/lv\\\/partners\\\/#breadcrumb\",\"itemListElement\":[{\"@type\":\"ListItem\",\"position\":1,\"name\":\"Home\",\"item\":\"https:\\\/\\\/spinbetter.cash\\\/lv\\\/\"},{\"@type\":\"ListItem\",\"position\":2,\"name\":\"Partneri\"}]},{\"@type\":\"WebSite\",\"@id\":\"https:\\\/\\\/spinbetter.cash\\\/lv\\\/#website\",\"url\":\"https:\\\/\\\/spinbetter.cash\\\/lv\\\/\",\"name\":\"Spinbetter football LV\",\"description\":\"My WordPress Blog\",\"potentialAction\":[{\"@type\":\"SearchAction\",\"target\":{\"@type\":\"EntryPoint\",\"urlTemplate\":\"https:\\\/\\\/spinbetter.cash\\\/lv\\\/?s={search_term_string}\"},\"query-input\":{\"@type\":\"PropertyValueSpecification\",\"valueRequired\":true,\"valueName\":\"search_term_string\"}}],\"inLanguage\":\"lv-LV\"}]}<\/script>\n<!-- \/ Yoast SEO plugin. -->","yoast_head_json":{"title":"SpinBet partneri | Pelniet ar SpinBetter!","description":"K\u013c\u016bstiet par SpinBetter fili\u0101li un g\u016bstiet ien\u0101kumus. Pievienojieties veiksm\u012bgai partneru programmai un pelniet!","robots":{"index":"index","follow":"follow","max-snippet":"max-snippet:-1","max-image-preview":"max-image-preview:large","max-video-preview":"max-video-preview:-1"},"og_locale":"lv_LV","og_type":"article","og_title":"SpinBet partneri | Pelniet ar SpinBetter!","og_description":"K\u013c\u016bstiet par SpinBetter fili\u0101li un g\u016bstiet ien\u0101kumus. Pievienojieties veiksm\u012bgai partneru programmai un pelniet!","og_url":"https:\/\/spinbetter.cash\/lv\/partners\/","og_site_name":"Spinbetter football LV","article_modified_time":"2025-11-20T12:20:44+00:00","twitter_card":"summary_large_image","schema":{"@context":"https:\/\/schema.org","@graph":[{"@type":"WebPage","@id":"https:\/\/spinbetter.cash\/lv\/partners\/","url":"https:\/\/spinbetter.cash\/lv\/partners\/","name":"SpinBet partneri | Pelniet ar SpinBetter!","isPartOf":{"@id":"https:\/\/spinbetter.cash\/lv\/#website"},"datePublished":"2024-10-11T14:32:07+00:00","dateModified":"2025-11-20T12:20:44+00:00","description":"K\u013c\u016bstiet par SpinBetter fili\u0101li un g\u016bstiet ien\u0101kumus. Pievienojieties veiksm\u012bgai partneru programmai un pelniet!","breadcrumb":{"@id":"https:\/\/spinbetter.cash\/lv\/partners\/#breadcrumb"},"inLanguage":"lv-LV","potentialAction":[{"@type":"ReadAction","target":["https:\/\/spinbetter.cash\/lv\/partners\/"]}]},{"@type":"BreadcrumbList","@id":"https:\/\/spinbetter.cash\/lv\/partners\/#breadcrumb","itemListElement":[{"@type":"ListItem","position":1,"name":"Home","item":"https:\/\/spinbetter.cash\/lv\/"},{"@type":"ListItem","position":2,"name":"Partneri"}]},{"@type":"WebSite","@id":"https:\/\/spinbetter.cash\/lv\/#website","url":"https:\/\/spinbetter.cash\/lv\/","name":"Spinbetter football LV","description":"My WordPress Blog","potentialAction":[{"@type":"SearchAction","target":{"@type":"EntryPoint","urlTemplate":"https:\/\/spinbetter.cash\/lv\/?s={search_term_string}"},"query-input":{"@type":"PropertyValueSpecification","valueRequired":true,"valueName":"search_term_string"}}],"inLanguage":"lv-LV"}]}},"_links":{"self":[{"href":"https:\/\/spinbetter.cash\/lv\/wp-json\/wp\/v2\/pages\/404","targetHints":{"allow":["GET"]}}],"collection":[{"href":"https:\/\/spinbetter.cash\/lv\/wp-json\/wp\/v2\/pages"}],"about":[{"href":"https:\/\/spinbetter.cash\/lv\/wp-json\/wp\/v2\/types\/page"}],"author":[{"embeddable":true,"href":"https:\/\/spinbetter.cash\/lv\/wp-json\/wp\/v2\/users\/1"}],"replies":[{"embeddable":true,"href":"https:\/\/spinbetter.cash\/lv\/wp-json\/wp\/v2\/comments?post=404"}],"version-history":[{"count":19,"href":"https:\/\/spinbetter.cash\/lv\/wp-json\/wp\/v2\/pages\/404\/revisions"}],"predecessor-version":[{"id":682,"href":"https:\/\/spinbetter.cash\/lv\/wp-json\/wp\/v2\/pages\/404\/revisions\/682"}],"wp:attachment":[{"href":"https:\/\/spinbetter.cash\/lv\/wp-json\/wp\/v2\/media?parent=404"}],"curies":[{"name":"wp","href":"https:\/\/api.w.org\/{rel}","templated":true}]}}