{"id":654,"date":"2025-07-31T14:13:27","date_gmt":"2025-07-31T14:13:27","guid":{"rendered":"https:\/\/spinbetter.cash\/lu\/?page_id=654"},"modified":"2025-07-31T14:13:42","modified_gmt":"2025-07-31T14:13:42","slug":"20-cashback","status":"publish","type":"page","link":"https:\/\/spinbetter.cash\/lu\/bonus\/20-cashback\/","title":{"rendered":"Bis zu 20% Cashback"},"content":{"rendered":"","protected":false},"excerpt":{"rendered":"","protected":false},"author":1,"featured_media":0,"parent":152,"menu_order":0,"comment_status":"closed","ping_status":"closed","template":"","meta":{"_acf_changed":false,"footnotes":""},"class_list":["post-654","page","type-page","status-publish","hentry"],"acf":[],"yoast_head":"<!-- This site is optimized with the Yoast SEO plugin v27.3 - https:\/\/yoast.com\/product\/yoast-seo-wordpress\/ -->\n<title>Fussball Cashback vu SpinBetter \u1405 bis zu 20% vun den As\u00e4tz<\/title>\n<meta name=\"description\" content=\"Wetten op Fussball bei SpinBetter a kr\u00e9ien bis zu 20% vun \u00c4re Verloschter zer\u00e9ck. W\u00ebchentlech Cashback bis zu \u20ac500 op \u00c4re Bonuskonto \u2013 maacht mat vun 4.08 bis 5.10!\" \/>\n<meta name=\"robots\" content=\"index, follow, max-snippet:-1, max-image-preview:large, max-video-preview:-1\" \/>\n<meta property=\"og:locale\" content=\"nl_NL\" \/>\n<meta property=\"og:type\" content=\"article\" \/>\n<meta property=\"og:title\" content=\"Fussball Cashback vu SpinBetter \u1405 bis zu 20% vun den As\u00e4tz\" \/>\n<meta property=\"og:description\" content=\"Wetten op Fussball bei SpinBetter a kr\u00e9ien bis zu 20% vun \u00c4re Verloschter zer\u00e9ck. W\u00ebchentlech Cashback bis zu \u20ac500 op \u00c4re Bonuskonto \u2013 maacht mat vun 4.08 bis 5.10!\" \/>\n<meta property=\"og:url\" content=\"https:\/\/spinbetter.cash\/lu\/bonus\/20-cashback\/\" \/>\n<meta property=\"og:site_name\" content=\"Spinbetter football LU\" \/>\n<meta property=\"article:modified_time\" content=\"2025-07-31T14:13:42+00:00\" \/>\n<meta name=\"twitter:card\" content=\"summary_large_image\" \/>\n<script type=\"application\/ld+json\" class=\"yoast-schema-graph\">{\"@context\":\"https:\\\/\\\/schema.org\",\"@graph\":[{\"@type\":\"WebPage\",\"@id\":\"https:\\\/\\\/spinbetter.cash\\\/lu\\\/bonus\\\/20-cashback\\\/\",\"url\":\"https:\\\/\\\/spinbetter.cash\\\/lu\\\/bonus\\\/20-cashback\\\/\",\"name\":\"Fussball Cashback vu SpinBetter \u1405 bis zu 20% vun den As\u00e4tz\",\"isPartOf\":{\"@id\":\"https:\\\/\\\/spinbetter.cash\\\/lu\\\/#website\"},\"datePublished\":\"2025-07-31T14:13:27+00:00\",\"dateModified\":\"2025-07-31T14:13:42+00:00\",\"description\":\"Wetten op Fussball bei SpinBetter a kr\u00e9ien bis zu 20% vun \u00c4re Verloschter zer\u00e9ck. W\u00ebchentlech Cashback bis zu \u20ac500 op \u00c4re Bonuskonto \u2013 maacht mat vun 4.08 bis 5.10!\",\"breadcrumb\":{\"@id\":\"https:\\\/\\\/spinbetter.cash\\\/lu\\\/bonus\\\/20-cashback\\\/#breadcrumb\"},\"inLanguage\":\"nl-NL\",\"potentialAction\":[{\"@type\":\"ReadAction\",\"target\":[\"https:\\\/\\\/spinbetter.cash\\\/lu\\\/bonus\\\/20-cashback\\\/\"]}]},{\"@type\":\"BreadcrumbList\",\"@id\":\"https:\\\/\\\/spinbetter.cash\\\/lu\\\/bonus\\\/20-cashback\\\/#breadcrumb\",\"itemListElement\":[{\"@type\":\"ListItem\",\"position\":1,\"name\":\"Home\",\"item\":\"https:\\\/\\\/spinbetter.cash\\\/lu\\\/\"},{\"@type\":\"ListItem\",\"position\":2,\"name\":\"Bonus\",\"item\":\"https:\\\/\\\/spinbetter.cash\\\/lu\\\/bonus\\\/\"},{\"@type\":\"ListItem\",\"position\":3,\"name\":\"Bis zu 20% Cashback\"}]},{\"@type\":\"WebSite\",\"@id\":\"https:\\\/\\\/spinbetter.cash\\\/lu\\\/#website\",\"url\":\"https:\\\/\\\/spinbetter.cash\\\/lu\\\/\",\"name\":\"Spinbetter football LU\",\"description\":\"My WordPress Blog\",\"potentialAction\":[{\"@type\":\"SearchAction\",\"target\":{\"@type\":\"EntryPoint\",\"urlTemplate\":\"https:\\\/\\\/spinbetter.cash\\\/lu\\\/?s={search_term_string}\"},\"query-input\":{\"@type\":\"PropertyValueSpecification\",\"valueRequired\":true,\"valueName\":\"search_term_string\"}}],\"inLanguage\":\"nl-NL\"}]}<\/script>\n<!-- \/ Yoast SEO plugin. -->","yoast_head_json":{"title":"Fussball Cashback vu SpinBetter \u1405 bis zu 20% vun den As\u00e4tz","description":"Wetten op Fussball bei SpinBetter a kr\u00e9ien bis zu 20% vun \u00c4re Verloschter zer\u00e9ck. W\u00ebchentlech Cashback bis zu \u20ac500 op \u00c4re Bonuskonto \u2013 maacht mat vun 4.08 bis 5.10!","robots":{"index":"index","follow":"follow","max-snippet":"max-snippet:-1","max-image-preview":"max-image-preview:large","max-video-preview":"max-video-preview:-1"},"og_locale":"nl_NL","og_type":"article","og_title":"Fussball Cashback vu SpinBetter \u1405 bis zu 20% vun den As\u00e4tz","og_description":"Wetten op Fussball bei SpinBetter a kr\u00e9ien bis zu 20% vun \u00c4re Verloschter zer\u00e9ck. W\u00ebchentlech Cashback bis zu \u20ac500 op \u00c4re Bonuskonto \u2013 maacht mat vun 4.08 bis 5.10!","og_url":"https:\/\/spinbetter.cash\/lu\/bonus\/20-cashback\/","og_site_name":"Spinbetter football LU","article_modified_time":"2025-07-31T14:13:42+00:00","twitter_card":"summary_large_image","schema":{"@context":"https:\/\/schema.org","@graph":[{"@type":"WebPage","@id":"https:\/\/spinbetter.cash\/lu\/bonus\/20-cashback\/","url":"https:\/\/spinbetter.cash\/lu\/bonus\/20-cashback\/","name":"Fussball Cashback vu SpinBetter \u1405 bis zu 20% vun den As\u00e4tz","isPartOf":{"@id":"https:\/\/spinbetter.cash\/lu\/#website"},"datePublished":"2025-07-31T14:13:27+00:00","dateModified":"2025-07-31T14:13:42+00:00","description":"Wetten op Fussball bei SpinBetter a kr\u00e9ien bis zu 20% vun \u00c4re Verloschter zer\u00e9ck. W\u00ebchentlech Cashback bis zu \u20ac500 op \u00c4re Bonuskonto \u2013 maacht mat vun 4.08 bis 5.10!","breadcrumb":{"@id":"https:\/\/spinbetter.cash\/lu\/bonus\/20-cashback\/#breadcrumb"},"inLanguage":"nl-NL","potentialAction":[{"@type":"ReadAction","target":["https:\/\/spinbetter.cash\/lu\/bonus\/20-cashback\/"]}]},{"@type":"BreadcrumbList","@id":"https:\/\/spinbetter.cash\/lu\/bonus\/20-cashback\/#breadcrumb","itemListElement":[{"@type":"ListItem","position":1,"name":"Home","item":"https:\/\/spinbetter.cash\/lu\/"},{"@type":"ListItem","position":2,"name":"Bonus","item":"https:\/\/spinbetter.cash\/lu\/bonus\/"},{"@type":"ListItem","position":3,"name":"Bis zu 20% Cashback"}]},{"@type":"WebSite","@id":"https:\/\/spinbetter.cash\/lu\/#website","url":"https:\/\/spinbetter.cash\/lu\/","name":"Spinbetter football LU","description":"My WordPress Blog","potentialAction":[{"@type":"SearchAction","target":{"@type":"EntryPoint","urlTemplate":"https:\/\/spinbetter.cash\/lu\/?s={search_term_string}"},"query-input":{"@type":"PropertyValueSpecification","valueRequired":true,"valueName":"search_term_string"}}],"inLanguage":"nl-NL"}]}},"_links":{"self":[{"href":"https:\/\/spinbetter.cash\/lu\/wp-json\/wp\/v2\/pages\/654","targetHints":{"allow":["GET"]}}],"collection":[{"href":"https:\/\/spinbetter.cash\/lu\/wp-json\/wp\/v2\/pages"}],"about":[{"href":"https:\/\/spinbetter.cash\/lu\/wp-json\/wp\/v2\/types\/page"}],"author":[{"embeddable":true,"href":"https:\/\/spinbetter.cash\/lu\/wp-json\/wp\/v2\/users\/1"}],"replies":[{"embeddable":true,"href":"https:\/\/spinbetter.cash\/lu\/wp-json\/wp\/v2\/comments?post=654"}],"version-history":[{"count":1,"href":"https:\/\/spinbetter.cash\/lu\/wp-json\/wp\/v2\/pages\/654\/revisions"}],"predecessor-version":[{"id":655,"href":"https:\/\/spinbetter.cash\/lu\/wp-json\/wp\/v2\/pages\/654\/revisions\/655"}],"up":[{"embeddable":true,"href":"https:\/\/spinbetter.cash\/lu\/wp-json\/wp\/v2\/pages\/152"}],"wp:attachment":[{"href":"https:\/\/spinbetter.cash\/lu\/wp-json\/wp\/v2\/media?parent=654"}],"curies":[{"name":"wp","href":"https:\/\/api.w.org\/{rel}","templated":true}]}}