{"id":629,"date":"2025-06-05T13:33:42","date_gmt":"2025-06-05T13:33:42","guid":{"rendered":"https:\/\/spinbetter.cash\/lu\/?page_id=629"},"modified":"2025-06-12T10:06:06","modified_gmt":"2025-06-12T10:06:06","slug":"bet-now-pay-later","status":"publish","type":"page","link":"https:\/\/spinbetter.cash\/lu\/bonus\/bet-now-pay-later\/","title":{"rendered":"Elo wetten &#8211; sp\u00e9ider bezuelen"},"content":{"rendered":"","protected":false},"excerpt":{"rendered":"","protected":false},"author":1,"featured_media":0,"parent":152,"menu_order":0,"comment_status":"closed","ping_status":"closed","template":"","meta":{"_acf_changed":false,"footnotes":""},"class_list":["post-629","page","type-page","status-publish","hentry"],"acf":[],"yoast_head":"<!-- This site is optimized with the Yoast SEO plugin v27.3 - https:\/\/yoast.com\/product\/yoast-seo-wordpress\/ -->\n<title>Bezuelt sp\u00e9ider mat engem Virausbezuelung bei SpinBetter!<\/title>\n<meta name=\"description\" content=\"Mat Advance Bet vu SpinBetter k\u00ebnnt Dir och Wetten ofginn, wann Dir Null op \u00c4rem Kont hutt! Verpasst \u00c4r Chance net ze gewannen - spillt clever\" \/>\n<meta name=\"robots\" content=\"index, follow, max-snippet:-1, max-image-preview:large, max-video-preview:-1\" \/>\n<meta property=\"og:locale\" content=\"nl_NL\" \/>\n<meta property=\"og:type\" content=\"article\" \/>\n<meta property=\"og:title\" content=\"Bezuelt sp\u00e9ider mat engem Virausbezuelung bei SpinBetter!\" \/>\n<meta property=\"og:description\" content=\"Mat Advance Bet vu SpinBetter k\u00ebnnt Dir och Wetten ofginn, wann Dir Null op \u00c4rem Kont hutt! Verpasst \u00c4r Chance net ze gewannen - spillt clever\" \/>\n<meta property=\"og:url\" content=\"https:\/\/spinbetter.cash\/lu\/bonus\/bet-now-pay-later\/\" \/>\n<meta property=\"og:site_name\" content=\"Spinbetter football LU\" \/>\n<meta property=\"article:modified_time\" content=\"2025-06-12T10:06:06+00:00\" \/>\n<meta name=\"twitter:card\" content=\"summary_large_image\" \/>\n<script type=\"application\/ld+json\" class=\"yoast-schema-graph\">{\"@context\":\"https:\\\/\\\/schema.org\",\"@graph\":[{\"@type\":\"WebPage\",\"@id\":\"https:\\\/\\\/spinbetter.cash\\\/lu\\\/bonus\\\/bet-now-pay-later\\\/\",\"url\":\"https:\\\/\\\/spinbetter.cash\\\/lu\\\/bonus\\\/bet-now-pay-later\\\/\",\"name\":\"Bezuelt sp\u00e9ider mat engem Virausbezuelung bei SpinBetter!\",\"isPartOf\":{\"@id\":\"https:\\\/\\\/spinbetter.cash\\\/lu\\\/#website\"},\"datePublished\":\"2025-06-05T13:33:42+00:00\",\"dateModified\":\"2025-06-12T10:06:06+00:00\",\"description\":\"Mat Advance Bet vu SpinBetter k\u00ebnnt Dir och Wetten ofginn, wann Dir Null op \u00c4rem Kont hutt! Verpasst \u00c4r Chance net ze gewannen - spillt clever\",\"breadcrumb\":{\"@id\":\"https:\\\/\\\/spinbetter.cash\\\/lu\\\/bonus\\\/bet-now-pay-later\\\/#breadcrumb\"},\"inLanguage\":\"nl-NL\",\"potentialAction\":[{\"@type\":\"ReadAction\",\"target\":[\"https:\\\/\\\/spinbetter.cash\\\/lu\\\/bonus\\\/bet-now-pay-later\\\/\"]}]},{\"@type\":\"BreadcrumbList\",\"@id\":\"https:\\\/\\\/spinbetter.cash\\\/lu\\\/bonus\\\/bet-now-pay-later\\\/#breadcrumb\",\"itemListElement\":[{\"@type\":\"ListItem\",\"position\":1,\"name\":\"Home\",\"item\":\"https:\\\/\\\/spinbetter.cash\\\/lu\\\/\"},{\"@type\":\"ListItem\",\"position\":2,\"name\":\"Bonus\",\"item\":\"https:\\\/\\\/spinbetter.cash\\\/lu\\\/bonus\\\/\"},{\"@type\":\"ListItem\",\"position\":3,\"name\":\"Elo wetten &#8211; sp\u00e9ider bezuelen\"}]},{\"@type\":\"WebSite\",\"@id\":\"https:\\\/\\\/spinbetter.cash\\\/lu\\\/#website\",\"url\":\"https:\\\/\\\/spinbetter.cash\\\/lu\\\/\",\"name\":\"Spinbetter football LU\",\"description\":\"My WordPress Blog\",\"potentialAction\":[{\"@type\":\"SearchAction\",\"target\":{\"@type\":\"EntryPoint\",\"urlTemplate\":\"https:\\\/\\\/spinbetter.cash\\\/lu\\\/?s={search_term_string}\"},\"query-input\":{\"@type\":\"PropertyValueSpecification\",\"valueRequired\":true,\"valueName\":\"search_term_string\"}}],\"inLanguage\":\"nl-NL\"}]}<\/script>\n<!-- \/ Yoast SEO plugin. -->","yoast_head_json":{"title":"Bezuelt sp\u00e9ider mat engem Virausbezuelung bei SpinBetter!","description":"Mat Advance Bet vu SpinBetter k\u00ebnnt Dir och Wetten ofginn, wann Dir Null op \u00c4rem Kont hutt! Verpasst \u00c4r Chance net ze gewannen - spillt clever","robots":{"index":"index","follow":"follow","max-snippet":"max-snippet:-1","max-image-preview":"max-image-preview:large","max-video-preview":"max-video-preview:-1"},"og_locale":"nl_NL","og_type":"article","og_title":"Bezuelt sp\u00e9ider mat engem Virausbezuelung bei SpinBetter!","og_description":"Mat Advance Bet vu SpinBetter k\u00ebnnt Dir och Wetten ofginn, wann Dir Null op \u00c4rem Kont hutt! Verpasst \u00c4r Chance net ze gewannen - spillt clever","og_url":"https:\/\/spinbetter.cash\/lu\/bonus\/bet-now-pay-later\/","og_site_name":"Spinbetter football LU","article_modified_time":"2025-06-12T10:06:06+00:00","twitter_card":"summary_large_image","schema":{"@context":"https:\/\/schema.org","@graph":[{"@type":"WebPage","@id":"https:\/\/spinbetter.cash\/lu\/bonus\/bet-now-pay-later\/","url":"https:\/\/spinbetter.cash\/lu\/bonus\/bet-now-pay-later\/","name":"Bezuelt sp\u00e9ider mat engem Virausbezuelung bei SpinBetter!","isPartOf":{"@id":"https:\/\/spinbetter.cash\/lu\/#website"},"datePublished":"2025-06-05T13:33:42+00:00","dateModified":"2025-06-12T10:06:06+00:00","description":"Mat Advance Bet vu SpinBetter k\u00ebnnt Dir och Wetten ofginn, wann Dir Null op \u00c4rem Kont hutt! Verpasst \u00c4r Chance net ze gewannen - spillt clever","breadcrumb":{"@id":"https:\/\/spinbetter.cash\/lu\/bonus\/bet-now-pay-later\/#breadcrumb"},"inLanguage":"nl-NL","potentialAction":[{"@type":"ReadAction","target":["https:\/\/spinbetter.cash\/lu\/bonus\/bet-now-pay-later\/"]}]},{"@type":"BreadcrumbList","@id":"https:\/\/spinbetter.cash\/lu\/bonus\/bet-now-pay-later\/#breadcrumb","itemListElement":[{"@type":"ListItem","position":1,"name":"Home","item":"https:\/\/spinbetter.cash\/lu\/"},{"@type":"ListItem","position":2,"name":"Bonus","item":"https:\/\/spinbetter.cash\/lu\/bonus\/"},{"@type":"ListItem","position":3,"name":"Elo wetten &#8211; sp\u00e9ider bezuelen"}]},{"@type":"WebSite","@id":"https:\/\/spinbetter.cash\/lu\/#website","url":"https:\/\/spinbetter.cash\/lu\/","name":"Spinbetter football LU","description":"My WordPress Blog","potentialAction":[{"@type":"SearchAction","target":{"@type":"EntryPoint","urlTemplate":"https:\/\/spinbetter.cash\/lu\/?s={search_term_string}"},"query-input":{"@type":"PropertyValueSpecification","valueRequired":true,"valueName":"search_term_string"}}],"inLanguage":"nl-NL"}]}},"_links":{"self":[{"href":"https:\/\/spinbetter.cash\/lu\/wp-json\/wp\/v2\/pages\/629","targetHints":{"allow":["GET"]}}],"collection":[{"href":"https:\/\/spinbetter.cash\/lu\/wp-json\/wp\/v2\/pages"}],"about":[{"href":"https:\/\/spinbetter.cash\/lu\/wp-json\/wp\/v2\/types\/page"}],"author":[{"embeddable":true,"href":"https:\/\/spinbetter.cash\/lu\/wp-json\/wp\/v2\/users\/1"}],"replies":[{"embeddable":true,"href":"https:\/\/spinbetter.cash\/lu\/wp-json\/wp\/v2\/comments?post=629"}],"version-history":[{"count":1,"href":"https:\/\/spinbetter.cash\/lu\/wp-json\/wp\/v2\/pages\/629\/revisions"}],"predecessor-version":[{"id":630,"href":"https:\/\/spinbetter.cash\/lu\/wp-json\/wp\/v2\/pages\/629\/revisions\/630"}],"up":[{"embeddable":true,"href":"https:\/\/spinbetter.cash\/lu\/wp-json\/wp\/v2\/pages\/152"}],"wp:attachment":[{"href":"https:\/\/spinbetter.cash\/lu\/wp-json\/wp\/v2\/media?parent=629"}],"curies":[{"name":"wp","href":"https:\/\/api.w.org\/{rel}","templated":true}]}}