{"id":364,"date":"2024-10-11T14:32:41","date_gmt":"2024-10-11T14:32:41","guid":{"rendered":"https:\/\/spinbetter.cash\/lu\/?page_id=364"},"modified":"2026-01-13T10:20:58","modified_gmt":"2026-01-13T10:20:58","slug":"promocode","status":"publish","type":"page","link":"https:\/\/spinbetter.cash\/lu\/promocode\/","title":{"rendered":"Promo \u0441ode"},"content":{"rendered":"","protected":false},"excerpt":{"rendered":"","protected":false},"author":1,"featured_media":0,"parent":0,"menu_order":0,"comment_status":"closed","ping_status":"closed","template":"","meta":{"_acf_changed":false,"footnotes":""},"class_list":["post-364","page","type-page","status-publish","hentry"],"acf":[],"yoast_head":"<!-- This site is optimized with the Yoast SEO plugin v27.3 - https:\/\/yoast.com\/product\/yoast-seo-wordpress\/ -->\n<title>SpinBetter Promo Code | Kritt Bonus a gewannt M\u00e9i!<\/title>\n<meta name=\"description\" content=\"Benotzt De Promo Code SpinBetter-Kritt Bonus Op \u00e4r \u00e9ischt Depositioune an erh\u00e9icht \u00c4r Chancen Op Wetten a Spillen Erfolleg!\" \/>\n<meta name=\"robots\" content=\"index, follow, max-snippet:-1, max-image-preview:large, max-video-preview:-1\" \/>\n<meta property=\"og:locale\" content=\"nl_NL\" \/>\n<meta property=\"og:type\" content=\"article\" \/>\n<meta property=\"og:title\" content=\"SpinBetter Promo Code | Kritt Bonus a gewannt M\u00e9i!\" \/>\n<meta property=\"og:description\" content=\"Benotzt De Promo Code SpinBetter-Kritt Bonus Op \u00e4r \u00e9ischt Depositioune an erh\u00e9icht \u00c4r Chancen Op Wetten a Spillen Erfolleg!\" \/>\n<meta property=\"og:url\" content=\"https:\/\/spinbetter.cash\/lu\/promocode\/\" \/>\n<meta property=\"og:site_name\" content=\"Spinbetter football LU\" \/>\n<meta property=\"article:modified_time\" content=\"2026-01-13T10:20:58+00:00\" \/>\n<meta name=\"twitter:card\" content=\"summary_large_image\" \/>\n<script type=\"application\/ld+json\" class=\"yoast-schema-graph\">{\"@context\":\"https:\\\/\\\/schema.org\",\"@graph\":[{\"@type\":\"WebPage\",\"@id\":\"https:\\\/\\\/spinbetter.cash\\\/lu\\\/promocode\\\/\",\"url\":\"https:\\\/\\\/spinbetter.cash\\\/lu\\\/promocode\\\/\",\"name\":\"SpinBetter Promo Code | Kritt Bonus a gewannt M\u00e9i!\",\"isPartOf\":{\"@id\":\"https:\\\/\\\/spinbetter.cash\\\/lu\\\/#website\"},\"datePublished\":\"2024-10-11T14:32:41+00:00\",\"dateModified\":\"2026-01-13T10:20:58+00:00\",\"description\":\"Benotzt De Promo Code SpinBetter-Kritt Bonus Op \u00e4r \u00e9ischt Depositioune an erh\u00e9icht \u00c4r Chancen Op Wetten a Spillen Erfolleg!\",\"breadcrumb\":{\"@id\":\"https:\\\/\\\/spinbetter.cash\\\/lu\\\/promocode\\\/#breadcrumb\"},\"inLanguage\":\"nl-NL\",\"potentialAction\":[{\"@type\":\"ReadAction\",\"target\":[\"https:\\\/\\\/spinbetter.cash\\\/lu\\\/promocode\\\/\"]}]},{\"@type\":\"BreadcrumbList\",\"@id\":\"https:\\\/\\\/spinbetter.cash\\\/lu\\\/promocode\\\/#breadcrumb\",\"itemListElement\":[{\"@type\":\"ListItem\",\"position\":1,\"name\":\"Home\",\"item\":\"https:\\\/\\\/spinbetter.cash\\\/lu\\\/\"},{\"@type\":\"ListItem\",\"position\":2,\"name\":\"Promo \u0441ode\"}]},{\"@type\":\"WebSite\",\"@id\":\"https:\\\/\\\/spinbetter.cash\\\/lu\\\/#website\",\"url\":\"https:\\\/\\\/spinbetter.cash\\\/lu\\\/\",\"name\":\"Spinbetter football LU\",\"description\":\"My WordPress Blog\",\"potentialAction\":[{\"@type\":\"SearchAction\",\"target\":{\"@type\":\"EntryPoint\",\"urlTemplate\":\"https:\\\/\\\/spinbetter.cash\\\/lu\\\/?s={search_term_string}\"},\"query-input\":{\"@type\":\"PropertyValueSpecification\",\"valueRequired\":true,\"valueName\":\"search_term_string\"}}],\"inLanguage\":\"nl-NL\"}]}<\/script>\n<!-- \/ Yoast SEO plugin. -->","yoast_head_json":{"title":"SpinBetter Promo Code | Kritt Bonus a gewannt M\u00e9i!","description":"Benotzt De Promo Code SpinBetter-Kritt Bonus Op \u00e4r \u00e9ischt Depositioune an erh\u00e9icht \u00c4r Chancen Op Wetten a Spillen Erfolleg!","robots":{"index":"index","follow":"follow","max-snippet":"max-snippet:-1","max-image-preview":"max-image-preview:large","max-video-preview":"max-video-preview:-1"},"og_locale":"nl_NL","og_type":"article","og_title":"SpinBetter Promo Code | Kritt Bonus a gewannt M\u00e9i!","og_description":"Benotzt De Promo Code SpinBetter-Kritt Bonus Op \u00e4r \u00e9ischt Depositioune an erh\u00e9icht \u00c4r Chancen Op Wetten a Spillen Erfolleg!","og_url":"https:\/\/spinbetter.cash\/lu\/promocode\/","og_site_name":"Spinbetter football LU","article_modified_time":"2026-01-13T10:20:58+00:00","twitter_card":"summary_large_image","schema":{"@context":"https:\/\/schema.org","@graph":[{"@type":"WebPage","@id":"https:\/\/spinbetter.cash\/lu\/promocode\/","url":"https:\/\/spinbetter.cash\/lu\/promocode\/","name":"SpinBetter Promo Code | Kritt Bonus a gewannt M\u00e9i!","isPartOf":{"@id":"https:\/\/spinbetter.cash\/lu\/#website"},"datePublished":"2024-10-11T14:32:41+00:00","dateModified":"2026-01-13T10:20:58+00:00","description":"Benotzt De Promo Code SpinBetter-Kritt Bonus Op \u00e4r \u00e9ischt Depositioune an erh\u00e9icht \u00c4r Chancen Op Wetten a Spillen Erfolleg!","breadcrumb":{"@id":"https:\/\/spinbetter.cash\/lu\/promocode\/#breadcrumb"},"inLanguage":"nl-NL","potentialAction":[{"@type":"ReadAction","target":["https:\/\/spinbetter.cash\/lu\/promocode\/"]}]},{"@type":"BreadcrumbList","@id":"https:\/\/spinbetter.cash\/lu\/promocode\/#breadcrumb","itemListElement":[{"@type":"ListItem","position":1,"name":"Home","item":"https:\/\/spinbetter.cash\/lu\/"},{"@type":"ListItem","position":2,"name":"Promo \u0441ode"}]},{"@type":"WebSite","@id":"https:\/\/spinbetter.cash\/lu\/#website","url":"https:\/\/spinbetter.cash\/lu\/","name":"Spinbetter football LU","description":"My WordPress Blog","potentialAction":[{"@type":"SearchAction","target":{"@type":"EntryPoint","urlTemplate":"https:\/\/spinbetter.cash\/lu\/?s={search_term_string}"},"query-input":{"@type":"PropertyValueSpecification","valueRequired":true,"valueName":"search_term_string"}}],"inLanguage":"nl-NL"}]}},"_links":{"self":[{"href":"https:\/\/spinbetter.cash\/lu\/wp-json\/wp\/v2\/pages\/364","targetHints":{"allow":["GET"]}}],"collection":[{"href":"https:\/\/spinbetter.cash\/lu\/wp-json\/wp\/v2\/pages"}],"about":[{"href":"https:\/\/spinbetter.cash\/lu\/wp-json\/wp\/v2\/types\/page"}],"author":[{"embeddable":true,"href":"https:\/\/spinbetter.cash\/lu\/wp-json\/wp\/v2\/users\/1"}],"replies":[{"embeddable":true,"href":"https:\/\/spinbetter.cash\/lu\/wp-json\/wp\/v2\/comments?post=364"}],"version-history":[{"count":34,"href":"https:\/\/spinbetter.cash\/lu\/wp-json\/wp\/v2\/pages\/364\/revisions"}],"predecessor-version":[{"id":687,"href":"https:\/\/spinbetter.cash\/lu\/wp-json\/wp\/v2\/pages\/364\/revisions\/687"}],"wp:attachment":[{"href":"https:\/\/spinbetter.cash\/lu\/wp-json\/wp\/v2\/media?parent=364"}],"curies":[{"name":"wp","href":"https:\/\/api.w.org\/{rel}","templated":true}]}}