{"id":336,"date":"2024-10-11T14:31:35","date_gmt":"2024-10-11T14:31:35","guid":{"rendered":"https:\/\/spinbetter.cash\/lu\/?page_id=336"},"modified":"2025-06-12T09:53:20","modified_gmt":"2025-06-12T09:53:20","slug":"login","status":"publish","type":"page","link":"https:\/\/spinbetter.cash\/lu\/login\/","title":{"rendered":"Login"},"content":{"rendered":"","protected":false},"excerpt":{"rendered":"","protected":false},"author":1,"featured_media":0,"parent":0,"menu_order":0,"comment_status":"closed","ping_status":"closed","template":"","meta":{"_acf_changed":false,"footnotes":""},"class_list":["post-336","page","type-page","status-publish","hentry"],"acf":[],"yoast_head":"<!-- This site is optimized with the Yoast SEO plugin v27.3 - https:\/\/yoast.com\/product\/yoast-seo-wordpress\/ -->\n<title>SpinBetter Login | Schnell Zougang zu Wetten a Gew\u00ebnn!<\/title>\n<meta name=\"description\" content=\"Mellt iech Bei SpinBetter un &gt; Direkten Zougang Zu \u00c4rem Kont, Sportwetten a Gambling! Mellt iech un a f\u00e4nkt direkt un ze gewannen!\" \/>\n<meta name=\"robots\" content=\"index, follow, max-snippet:-1, max-image-preview:large, max-video-preview:-1\" \/>\n<meta property=\"og:locale\" content=\"nl_NL\" \/>\n<meta property=\"og:type\" content=\"article\" \/>\n<meta property=\"og:title\" content=\"SpinBetter Login | Schnell Zougang zu Wetten a Gew\u00ebnn!\" \/>\n<meta property=\"og:description\" content=\"Mellt iech Bei SpinBetter un &gt; Direkten Zougang Zu \u00c4rem Kont, Sportwetten a Gambling! Mellt iech un a f\u00e4nkt direkt un ze gewannen!\" \/>\n<meta property=\"og:url\" content=\"https:\/\/spinbetter.cash\/lu\/login\/\" \/>\n<meta property=\"og:site_name\" content=\"Spinbetter football LU\" \/>\n<meta property=\"article:modified_time\" content=\"2025-06-12T09:53:20+00:00\" \/>\n<meta name=\"twitter:card\" content=\"summary_large_image\" \/>\n<script type=\"application\/ld+json\" class=\"yoast-schema-graph\">{\"@context\":\"https:\\\/\\\/schema.org\",\"@graph\":[{\"@type\":\"WebPage\",\"@id\":\"https:\\\/\\\/spinbetter.cash\\\/lu\\\/login\\\/\",\"url\":\"https:\\\/\\\/spinbetter.cash\\\/lu\\\/login\\\/\",\"name\":\"SpinBetter Login | Schnell Zougang zu Wetten a Gew\u00ebnn!\",\"isPartOf\":{\"@id\":\"https:\\\/\\\/spinbetter.cash\\\/lu\\\/#website\"},\"datePublished\":\"2024-10-11T14:31:35+00:00\",\"dateModified\":\"2025-06-12T09:53:20+00:00\",\"description\":\"Mellt iech Bei SpinBetter un > Direkten Zougang Zu \u00c4rem Kont, Sportwetten a Gambling! Mellt iech un a f\u00e4nkt direkt un ze gewannen!\",\"breadcrumb\":{\"@id\":\"https:\\\/\\\/spinbetter.cash\\\/lu\\\/login\\\/#breadcrumb\"},\"inLanguage\":\"nl-NL\",\"potentialAction\":[{\"@type\":\"ReadAction\",\"target\":[\"https:\\\/\\\/spinbetter.cash\\\/lu\\\/login\\\/\"]}]},{\"@type\":\"BreadcrumbList\",\"@id\":\"https:\\\/\\\/spinbetter.cash\\\/lu\\\/login\\\/#breadcrumb\",\"itemListElement\":[{\"@type\":\"ListItem\",\"position\":1,\"name\":\"Home\",\"item\":\"https:\\\/\\\/spinbetter.cash\\\/lu\\\/\"},{\"@type\":\"ListItem\",\"position\":2,\"name\":\"Login\"}]},{\"@type\":\"WebSite\",\"@id\":\"https:\\\/\\\/spinbetter.cash\\\/lu\\\/#website\",\"url\":\"https:\\\/\\\/spinbetter.cash\\\/lu\\\/\",\"name\":\"Spinbetter football LU\",\"description\":\"My WordPress Blog\",\"potentialAction\":[{\"@type\":\"SearchAction\",\"target\":{\"@type\":\"EntryPoint\",\"urlTemplate\":\"https:\\\/\\\/spinbetter.cash\\\/lu\\\/?s={search_term_string}\"},\"query-input\":{\"@type\":\"PropertyValueSpecification\",\"valueRequired\":true,\"valueName\":\"search_term_string\"}}],\"inLanguage\":\"nl-NL\"}]}<\/script>\n<!-- \/ Yoast SEO plugin. -->","yoast_head_json":{"title":"SpinBetter Login | Schnell Zougang zu Wetten a Gew\u00ebnn!","description":"Mellt iech Bei SpinBetter un > Direkten Zougang Zu \u00c4rem Kont, Sportwetten a Gambling! Mellt iech un a f\u00e4nkt direkt un ze gewannen!","robots":{"index":"index","follow":"follow","max-snippet":"max-snippet:-1","max-image-preview":"max-image-preview:large","max-video-preview":"max-video-preview:-1"},"og_locale":"nl_NL","og_type":"article","og_title":"SpinBetter Login | Schnell Zougang zu Wetten a Gew\u00ebnn!","og_description":"Mellt iech Bei SpinBetter un > Direkten Zougang Zu \u00c4rem Kont, Sportwetten a Gambling! Mellt iech un a f\u00e4nkt direkt un ze gewannen!","og_url":"https:\/\/spinbetter.cash\/lu\/login\/","og_site_name":"Spinbetter football LU","article_modified_time":"2025-06-12T09:53:20+00:00","twitter_card":"summary_large_image","schema":{"@context":"https:\/\/schema.org","@graph":[{"@type":"WebPage","@id":"https:\/\/spinbetter.cash\/lu\/login\/","url":"https:\/\/spinbetter.cash\/lu\/login\/","name":"SpinBetter Login | Schnell Zougang zu Wetten a Gew\u00ebnn!","isPartOf":{"@id":"https:\/\/spinbetter.cash\/lu\/#website"},"datePublished":"2024-10-11T14:31:35+00:00","dateModified":"2025-06-12T09:53:20+00:00","description":"Mellt iech Bei SpinBetter un > Direkten Zougang Zu \u00c4rem Kont, Sportwetten a Gambling! Mellt iech un a f\u00e4nkt direkt un ze gewannen!","breadcrumb":{"@id":"https:\/\/spinbetter.cash\/lu\/login\/#breadcrumb"},"inLanguage":"nl-NL","potentialAction":[{"@type":"ReadAction","target":["https:\/\/spinbetter.cash\/lu\/login\/"]}]},{"@type":"BreadcrumbList","@id":"https:\/\/spinbetter.cash\/lu\/login\/#breadcrumb","itemListElement":[{"@type":"ListItem","position":1,"name":"Home","item":"https:\/\/spinbetter.cash\/lu\/"},{"@type":"ListItem","position":2,"name":"Login"}]},{"@type":"WebSite","@id":"https:\/\/spinbetter.cash\/lu\/#website","url":"https:\/\/spinbetter.cash\/lu\/","name":"Spinbetter football LU","description":"My WordPress Blog","potentialAction":[{"@type":"SearchAction","target":{"@type":"EntryPoint","urlTemplate":"https:\/\/spinbetter.cash\/lu\/?s={search_term_string}"},"query-input":{"@type":"PropertyValueSpecification","valueRequired":true,"valueName":"search_term_string"}}],"inLanguage":"nl-NL"}]}},"_links":{"self":[{"href":"https:\/\/spinbetter.cash\/lu\/wp-json\/wp\/v2\/pages\/336","targetHints":{"allow":["GET"]}}],"collection":[{"href":"https:\/\/spinbetter.cash\/lu\/wp-json\/wp\/v2\/pages"}],"about":[{"href":"https:\/\/spinbetter.cash\/lu\/wp-json\/wp\/v2\/types\/page"}],"author":[{"embeddable":true,"href":"https:\/\/spinbetter.cash\/lu\/wp-json\/wp\/v2\/users\/1"}],"replies":[{"embeddable":true,"href":"https:\/\/spinbetter.cash\/lu\/wp-json\/wp\/v2\/comments?post=336"}],"version-history":[{"count":22,"href":"https:\/\/spinbetter.cash\/lu\/wp-json\/wp\/v2\/pages\/336\/revisions"}],"predecessor-version":[{"id":588,"href":"https:\/\/spinbetter.cash\/lu\/wp-json\/wp\/v2\/pages\/336\/revisions\/588"}],"wp:attachment":[{"href":"https:\/\/spinbetter.cash\/lu\/wp-json\/wp\/v2\/media?parent=336"}],"curies":[{"name":"wp","href":"https:\/\/api.w.org\/{rel}","templated":true}]}}