{"id":660,"date":"2025-08-05T06:54:41","date_gmt":"2025-08-05T06:54:41","guid":{"rendered":"https:\/\/spinbetter.cash\/hu\/?page_id=660"},"modified":"2025-12-11T16:19:08","modified_gmt":"2025-12-11T16:19:08","slug":"freebet-spinbetter","status":"publish","type":"page","link":"https:\/\/spinbetter.cash\/hu\/bonus\/freebet-spinbetter\/","title":{"rendered":"Ingyenes fogad\u00e1s a SpinBettert\u0151l"},"content":{"rendered":"","protected":false},"excerpt":{"rendered":"","protected":false},"author":1,"featured_media":0,"parent":152,"menu_order":0,"comment_status":"closed","ping_status":"closed","template":"","meta":{"_acf_changed":false,"footnotes":""},"class_list":["post-660","page","type-page","status-publish","hentry"],"acf":[],"yoast_head":"<!-- This site is optimized with the Yoast SEO plugin v27.3 - https:\/\/yoast.com\/product\/yoast-seo-wordpress\/ -->\n<title>Ingyenes fogad\u00e1s a SpinBetter-en \u1405 Ak\u00e1r 200 eur\u00f3 fogad\u00e1sokra<\/title>\n<meta name=\"description\" content=\"Tegyen nyer\u0151 fogad\u00e1sokat a The International j\u00e1t\u00e9kra, \u00e9s kapjon egy ingyenes fogad\u00e1st ak\u00e1r 200 eur\u00f3ig. Vegyen r\u00e9szt a SpinBetter prom\u00f3ci\u00f3ban 2025. szeptember 3. \u00e9s szeptember 16. k\u00f6z\u00f6tt.\" \/>\n<meta name=\"robots\" content=\"index, follow, max-snippet:-1, max-image-preview:large, max-video-preview:-1\" \/>\n<meta property=\"og:locale\" content=\"hu_HU\" \/>\n<meta property=\"og:type\" content=\"article\" \/>\n<meta property=\"og:title\" content=\"Ingyenes fogad\u00e1s a SpinBetter-en \u1405 Ak\u00e1r 200 eur\u00f3 fogad\u00e1sokra\" \/>\n<meta property=\"og:description\" content=\"Tegyen nyer\u0151 fogad\u00e1sokat a The International j\u00e1t\u00e9kra, \u00e9s kapjon egy ingyenes fogad\u00e1st ak\u00e1r 200 eur\u00f3ig. Vegyen r\u00e9szt a SpinBetter prom\u00f3ci\u00f3ban 2025. szeptember 3. \u00e9s szeptember 16. k\u00f6z\u00f6tt.\" \/>\n<meta property=\"og:url\" content=\"https:\/\/spinbetter.cash\/hu\/bonus\/freebet-spinbetter\/\" \/>\n<meta property=\"og:site_name\" content=\"Spinbetter Football HU\" \/>\n<meta property=\"article:modified_time\" content=\"2025-12-11T16:19:08+00:00\" \/>\n<meta name=\"twitter:card\" content=\"summary_large_image\" \/>\n<script type=\"application\/ld+json\" class=\"yoast-schema-graph\">{\"@context\":\"https:\\\/\\\/schema.org\",\"@graph\":[{\"@type\":\"WebPage\",\"@id\":\"https:\\\/\\\/spinbetter.cash\\\/hu\\\/bonus\\\/freebet-spinbetter\\\/\",\"url\":\"https:\\\/\\\/spinbetter.cash\\\/hu\\\/bonus\\\/freebet-spinbetter\\\/\",\"name\":\"Ingyenes fogad\u00e1s a SpinBetter-en \u1405 Ak\u00e1r 200 eur\u00f3 fogad\u00e1sokra\",\"isPartOf\":{\"@id\":\"https:\\\/\\\/spinbetter.cash\\\/hu\\\/#website\"},\"datePublished\":\"2025-08-05T06:54:41+00:00\",\"dateModified\":\"2025-12-11T16:19:08+00:00\",\"description\":\"Tegyen nyer\u0151 fogad\u00e1sokat a The International j\u00e1t\u00e9kra, \u00e9s kapjon egy ingyenes fogad\u00e1st ak\u00e1r 200 eur\u00f3ig. Vegyen r\u00e9szt a SpinBetter prom\u00f3ci\u00f3ban 2025. szeptember 3. \u00e9s szeptember 16. k\u00f6z\u00f6tt.\",\"breadcrumb\":{\"@id\":\"https:\\\/\\\/spinbetter.cash\\\/hu\\\/bonus\\\/freebet-spinbetter\\\/#breadcrumb\"},\"inLanguage\":\"hu\",\"potentialAction\":[{\"@type\":\"ReadAction\",\"target\":[\"https:\\\/\\\/spinbetter.cash\\\/hu\\\/bonus\\\/freebet-spinbetter\\\/\"]}]},{\"@type\":\"BreadcrumbList\",\"@id\":\"https:\\\/\\\/spinbetter.cash\\\/hu\\\/bonus\\\/freebet-spinbetter\\\/#breadcrumb\",\"itemListElement\":[{\"@type\":\"ListItem\",\"position\":1,\"name\":\"Home\",\"item\":\"https:\\\/\\\/spinbetter.cash\\\/hu\\\/\"},{\"@type\":\"ListItem\",\"position\":2,\"name\":\"B\u00f3nusz\",\"item\":\"https:\\\/\\\/spinbetter.cash\\\/hu\\\/bonus\\\/\"},{\"@type\":\"ListItem\",\"position\":3,\"name\":\"Ingyenes fogad\u00e1s a SpinBettert\u0151l\"}]},{\"@type\":\"WebSite\",\"@id\":\"https:\\\/\\\/spinbetter.cash\\\/hu\\\/#website\",\"url\":\"https:\\\/\\\/spinbetter.cash\\\/hu\\\/\",\"name\":\"Spinbetter Football HU\",\"description\":\"My WordPress Blog\",\"potentialAction\":[{\"@type\":\"SearchAction\",\"target\":{\"@type\":\"EntryPoint\",\"urlTemplate\":\"https:\\\/\\\/spinbetter.cash\\\/hu\\\/?s={search_term_string}\"},\"query-input\":{\"@type\":\"PropertyValueSpecification\",\"valueRequired\":true,\"valueName\":\"search_term_string\"}}],\"inLanguage\":\"hu\"}]}<\/script>\n<!-- \/ Yoast SEO plugin. -->","yoast_head_json":{"title":"Ingyenes fogad\u00e1s a SpinBetter-en \u1405 Ak\u00e1r 200 eur\u00f3 fogad\u00e1sokra","description":"Tegyen nyer\u0151 fogad\u00e1sokat a The International j\u00e1t\u00e9kra, \u00e9s kapjon egy ingyenes fogad\u00e1st ak\u00e1r 200 eur\u00f3ig. Vegyen r\u00e9szt a SpinBetter prom\u00f3ci\u00f3ban 2025. szeptember 3. \u00e9s szeptember 16. k\u00f6z\u00f6tt.","robots":{"index":"index","follow":"follow","max-snippet":"max-snippet:-1","max-image-preview":"max-image-preview:large","max-video-preview":"max-video-preview:-1"},"og_locale":"hu_HU","og_type":"article","og_title":"Ingyenes fogad\u00e1s a SpinBetter-en \u1405 Ak\u00e1r 200 eur\u00f3 fogad\u00e1sokra","og_description":"Tegyen nyer\u0151 fogad\u00e1sokat a The International j\u00e1t\u00e9kra, \u00e9s kapjon egy ingyenes fogad\u00e1st ak\u00e1r 200 eur\u00f3ig. Vegyen r\u00e9szt a SpinBetter prom\u00f3ci\u00f3ban 2025. szeptember 3. \u00e9s szeptember 16. k\u00f6z\u00f6tt.","og_url":"https:\/\/spinbetter.cash\/hu\/bonus\/freebet-spinbetter\/","og_site_name":"Spinbetter Football HU","article_modified_time":"2025-12-11T16:19:08+00:00","twitter_card":"summary_large_image","schema":{"@context":"https:\/\/schema.org","@graph":[{"@type":"WebPage","@id":"https:\/\/spinbetter.cash\/hu\/bonus\/freebet-spinbetter\/","url":"https:\/\/spinbetter.cash\/hu\/bonus\/freebet-spinbetter\/","name":"Ingyenes fogad\u00e1s a SpinBetter-en \u1405 Ak\u00e1r 200 eur\u00f3 fogad\u00e1sokra","isPartOf":{"@id":"https:\/\/spinbetter.cash\/hu\/#website"},"datePublished":"2025-08-05T06:54:41+00:00","dateModified":"2025-12-11T16:19:08+00:00","description":"Tegyen nyer\u0151 fogad\u00e1sokat a The International j\u00e1t\u00e9kra, \u00e9s kapjon egy ingyenes fogad\u00e1st ak\u00e1r 200 eur\u00f3ig. Vegyen r\u00e9szt a SpinBetter prom\u00f3ci\u00f3ban 2025. szeptember 3. \u00e9s szeptember 16. k\u00f6z\u00f6tt.","breadcrumb":{"@id":"https:\/\/spinbetter.cash\/hu\/bonus\/freebet-spinbetter\/#breadcrumb"},"inLanguage":"hu","potentialAction":[{"@type":"ReadAction","target":["https:\/\/spinbetter.cash\/hu\/bonus\/freebet-spinbetter\/"]}]},{"@type":"BreadcrumbList","@id":"https:\/\/spinbetter.cash\/hu\/bonus\/freebet-spinbetter\/#breadcrumb","itemListElement":[{"@type":"ListItem","position":1,"name":"Home","item":"https:\/\/spinbetter.cash\/hu\/"},{"@type":"ListItem","position":2,"name":"B\u00f3nusz","item":"https:\/\/spinbetter.cash\/hu\/bonus\/"},{"@type":"ListItem","position":3,"name":"Ingyenes fogad\u00e1s a SpinBettert\u0151l"}]},{"@type":"WebSite","@id":"https:\/\/spinbetter.cash\/hu\/#website","url":"https:\/\/spinbetter.cash\/hu\/","name":"Spinbetter Football HU","description":"My WordPress Blog","potentialAction":[{"@type":"SearchAction","target":{"@type":"EntryPoint","urlTemplate":"https:\/\/spinbetter.cash\/hu\/?s={search_term_string}"},"query-input":{"@type":"PropertyValueSpecification","valueRequired":true,"valueName":"search_term_string"}}],"inLanguage":"hu"}]}},"_links":{"self":[{"href":"https:\/\/spinbetter.cash\/hu\/wp-json\/wp\/v2\/pages\/660","targetHints":{"allow":["GET"]}}],"collection":[{"href":"https:\/\/spinbetter.cash\/hu\/wp-json\/wp\/v2\/pages"}],"about":[{"href":"https:\/\/spinbetter.cash\/hu\/wp-json\/wp\/v2\/types\/page"}],"author":[{"embeddable":true,"href":"https:\/\/spinbetter.cash\/hu\/wp-json\/wp\/v2\/users\/1"}],"replies":[{"embeddable":true,"href":"https:\/\/spinbetter.cash\/hu\/wp-json\/wp\/v2\/comments?post=660"}],"version-history":[{"count":2,"href":"https:\/\/spinbetter.cash\/hu\/wp-json\/wp\/v2\/pages\/660\/revisions"}],"predecessor-version":[{"id":712,"href":"https:\/\/spinbetter.cash\/hu\/wp-json\/wp\/v2\/pages\/660\/revisions\/712"}],"up":[{"embeddable":true,"href":"https:\/\/spinbetter.cash\/hu\/wp-json\/wp\/v2\/pages\/152"}],"wp:attachment":[{"href":"https:\/\/spinbetter.cash\/hu\/wp-json\/wp\/v2\/media?parent=660"}],"curies":[{"name":"wp","href":"https:\/\/api.w.org\/{rel}","templated":true}]}}