{"id":658,"date":"2025-07-31T11:39:28","date_gmt":"2025-07-31T11:39:28","guid":{"rendered":"https:\/\/spinbetter.cash\/hu\/?page_id=658"},"modified":"2025-12-11T16:15:50","modified_gmt":"2025-12-11T16:15:50","slug":"20-cashback","status":"publish","type":"page","link":"https:\/\/spinbetter.cash\/hu\/bonus\/20-cashback\/","title":{"rendered":"Ak\u00e1r 20% p\u00e9nzvisszat\u00e9r\u00edt\u00e9s"},"content":{"rendered":"","protected":false},"excerpt":{"rendered":"","protected":false},"author":1,"featured_media":0,"parent":152,"menu_order":0,"comment_status":"closed","ping_status":"closed","template":"","meta":{"_acf_changed":false,"footnotes":""},"class_list":["post-658","page","type-page","status-publish","hentry"],"acf":[],"yoast_head":"<!-- This site is optimized with the Yoast SEO plugin v27.3 - https:\/\/yoast.com\/product\/yoast-seo-wordpress\/ -->\n<title>Futball cashback a SpinBettert\u0151l \u1405 heti ak\u00e1r a fogad\u00e1sok 20%-a<\/title>\n<meta name=\"description\" content=\"Fogadj focira a SpinBetteren, \u00e9s ak\u00e1r 20%-ot is visszakaphatsz vesztes\u00e9geidb\u0151l. Heti ak\u00e1r 500 \u20ac visszat\u00e9r\u00edt\u00e9s a b\u00f3nuszsz\u00e1ml\u00e1dra \u2013 vegy\u00e9l r\u00e9szt 4.08-t\u00f3l 5.10-ig!\" \/>\n<meta name=\"robots\" content=\"index, follow, max-snippet:-1, max-image-preview:large, max-video-preview:-1\" \/>\n<meta property=\"og:locale\" content=\"hu_HU\" \/>\n<meta property=\"og:type\" content=\"article\" \/>\n<meta property=\"og:title\" content=\"Futball cashback a SpinBettert\u0151l \u1405 heti ak\u00e1r a fogad\u00e1sok 20%-a\" \/>\n<meta property=\"og:description\" content=\"Fogadj focira a SpinBetteren, \u00e9s ak\u00e1r 20%-ot is visszakaphatsz vesztes\u00e9geidb\u0151l. Heti ak\u00e1r 500 \u20ac visszat\u00e9r\u00edt\u00e9s a b\u00f3nuszsz\u00e1ml\u00e1dra \u2013 vegy\u00e9l r\u00e9szt 4.08-t\u00f3l 5.10-ig!\" \/>\n<meta property=\"og:url\" content=\"https:\/\/spinbetter.cash\/hu\/bonus\/20-cashback\/\" \/>\n<meta property=\"og:site_name\" content=\"Spinbetter Football HU\" \/>\n<meta property=\"article:modified_time\" content=\"2025-12-11T16:15:50+00:00\" \/>\n<meta name=\"twitter:card\" content=\"summary_large_image\" \/>\n<script type=\"application\/ld+json\" class=\"yoast-schema-graph\">{\"@context\":\"https:\\\/\\\/schema.org\",\"@graph\":[{\"@type\":\"WebPage\",\"@id\":\"https:\\\/\\\/spinbetter.cash\\\/hu\\\/bonus\\\/20-cashback\\\/\",\"url\":\"https:\\\/\\\/spinbetter.cash\\\/hu\\\/bonus\\\/20-cashback\\\/\",\"name\":\"Futball cashback a SpinBettert\u0151l \u1405 heti ak\u00e1r a fogad\u00e1sok 20%-a\",\"isPartOf\":{\"@id\":\"https:\\\/\\\/spinbetter.cash\\\/hu\\\/#website\"},\"datePublished\":\"2025-07-31T11:39:28+00:00\",\"dateModified\":\"2025-12-11T16:15:50+00:00\",\"description\":\"Fogadj focira a SpinBetteren, \u00e9s ak\u00e1r 20%-ot is visszakaphatsz vesztes\u00e9geidb\u0151l. Heti ak\u00e1r 500 \u20ac visszat\u00e9r\u00edt\u00e9s a b\u00f3nuszsz\u00e1ml\u00e1dra \u2013 vegy\u00e9l r\u00e9szt 4.08-t\u00f3l 5.10-ig!\",\"breadcrumb\":{\"@id\":\"https:\\\/\\\/spinbetter.cash\\\/hu\\\/bonus\\\/20-cashback\\\/#breadcrumb\"},\"inLanguage\":\"hu\",\"potentialAction\":[{\"@type\":\"ReadAction\",\"target\":[\"https:\\\/\\\/spinbetter.cash\\\/hu\\\/bonus\\\/20-cashback\\\/\"]}]},{\"@type\":\"BreadcrumbList\",\"@id\":\"https:\\\/\\\/spinbetter.cash\\\/hu\\\/bonus\\\/20-cashback\\\/#breadcrumb\",\"itemListElement\":[{\"@type\":\"ListItem\",\"position\":1,\"name\":\"Home\",\"item\":\"https:\\\/\\\/spinbetter.cash\\\/hu\\\/\"},{\"@type\":\"ListItem\",\"position\":2,\"name\":\"B\u00f3nusz\",\"item\":\"https:\\\/\\\/spinbetter.cash\\\/hu\\\/bonus\\\/\"},{\"@type\":\"ListItem\",\"position\":3,\"name\":\"Ak\u00e1r 20% p\u00e9nzvisszat\u00e9r\u00edt\u00e9s\"}]},{\"@type\":\"WebSite\",\"@id\":\"https:\\\/\\\/spinbetter.cash\\\/hu\\\/#website\",\"url\":\"https:\\\/\\\/spinbetter.cash\\\/hu\\\/\",\"name\":\"Spinbetter Football HU\",\"description\":\"My WordPress Blog\",\"potentialAction\":[{\"@type\":\"SearchAction\",\"target\":{\"@type\":\"EntryPoint\",\"urlTemplate\":\"https:\\\/\\\/spinbetter.cash\\\/hu\\\/?s={search_term_string}\"},\"query-input\":{\"@type\":\"PropertyValueSpecification\",\"valueRequired\":true,\"valueName\":\"search_term_string\"}}],\"inLanguage\":\"hu\"}]}<\/script>\n<!-- \/ Yoast SEO plugin. -->","yoast_head_json":{"title":"Futball cashback a SpinBettert\u0151l \u1405 heti ak\u00e1r a fogad\u00e1sok 20%-a","description":"Fogadj focira a SpinBetteren, \u00e9s ak\u00e1r 20%-ot is visszakaphatsz vesztes\u00e9geidb\u0151l. Heti ak\u00e1r 500 \u20ac visszat\u00e9r\u00edt\u00e9s a b\u00f3nuszsz\u00e1ml\u00e1dra \u2013 vegy\u00e9l r\u00e9szt 4.08-t\u00f3l 5.10-ig!","robots":{"index":"index","follow":"follow","max-snippet":"max-snippet:-1","max-image-preview":"max-image-preview:large","max-video-preview":"max-video-preview:-1"},"og_locale":"hu_HU","og_type":"article","og_title":"Futball cashback a SpinBettert\u0151l \u1405 heti ak\u00e1r a fogad\u00e1sok 20%-a","og_description":"Fogadj focira a SpinBetteren, \u00e9s ak\u00e1r 20%-ot is visszakaphatsz vesztes\u00e9geidb\u0151l. Heti ak\u00e1r 500 \u20ac visszat\u00e9r\u00edt\u00e9s a b\u00f3nuszsz\u00e1ml\u00e1dra \u2013 vegy\u00e9l r\u00e9szt 4.08-t\u00f3l 5.10-ig!","og_url":"https:\/\/spinbetter.cash\/hu\/bonus\/20-cashback\/","og_site_name":"Spinbetter Football HU","article_modified_time":"2025-12-11T16:15:50+00:00","twitter_card":"summary_large_image","schema":{"@context":"https:\/\/schema.org","@graph":[{"@type":"WebPage","@id":"https:\/\/spinbetter.cash\/hu\/bonus\/20-cashback\/","url":"https:\/\/spinbetter.cash\/hu\/bonus\/20-cashback\/","name":"Futball cashback a SpinBettert\u0151l \u1405 heti ak\u00e1r a fogad\u00e1sok 20%-a","isPartOf":{"@id":"https:\/\/spinbetter.cash\/hu\/#website"},"datePublished":"2025-07-31T11:39:28+00:00","dateModified":"2025-12-11T16:15:50+00:00","description":"Fogadj focira a SpinBetteren, \u00e9s ak\u00e1r 20%-ot is visszakaphatsz vesztes\u00e9geidb\u0151l. Heti ak\u00e1r 500 \u20ac visszat\u00e9r\u00edt\u00e9s a b\u00f3nuszsz\u00e1ml\u00e1dra \u2013 vegy\u00e9l r\u00e9szt 4.08-t\u00f3l 5.10-ig!","breadcrumb":{"@id":"https:\/\/spinbetter.cash\/hu\/bonus\/20-cashback\/#breadcrumb"},"inLanguage":"hu","potentialAction":[{"@type":"ReadAction","target":["https:\/\/spinbetter.cash\/hu\/bonus\/20-cashback\/"]}]},{"@type":"BreadcrumbList","@id":"https:\/\/spinbetter.cash\/hu\/bonus\/20-cashback\/#breadcrumb","itemListElement":[{"@type":"ListItem","position":1,"name":"Home","item":"https:\/\/spinbetter.cash\/hu\/"},{"@type":"ListItem","position":2,"name":"B\u00f3nusz","item":"https:\/\/spinbetter.cash\/hu\/bonus\/"},{"@type":"ListItem","position":3,"name":"Ak\u00e1r 20% p\u00e9nzvisszat\u00e9r\u00edt\u00e9s"}]},{"@type":"WebSite","@id":"https:\/\/spinbetter.cash\/hu\/#website","url":"https:\/\/spinbetter.cash\/hu\/","name":"Spinbetter Football HU","description":"My WordPress Blog","potentialAction":[{"@type":"SearchAction","target":{"@type":"EntryPoint","urlTemplate":"https:\/\/spinbetter.cash\/hu\/?s={search_term_string}"},"query-input":{"@type":"PropertyValueSpecification","valueRequired":true,"valueName":"search_term_string"}}],"inLanguage":"hu"}]}},"_links":{"self":[{"href":"https:\/\/spinbetter.cash\/hu\/wp-json\/wp\/v2\/pages\/658","targetHints":{"allow":["GET"]}}],"collection":[{"href":"https:\/\/spinbetter.cash\/hu\/wp-json\/wp\/v2\/pages"}],"about":[{"href":"https:\/\/spinbetter.cash\/hu\/wp-json\/wp\/v2\/types\/page"}],"author":[{"embeddable":true,"href":"https:\/\/spinbetter.cash\/hu\/wp-json\/wp\/v2\/users\/1"}],"replies":[{"embeddable":true,"href":"https:\/\/spinbetter.cash\/hu\/wp-json\/wp\/v2\/comments?post=658"}],"version-history":[{"count":2,"href":"https:\/\/spinbetter.cash\/hu\/wp-json\/wp\/v2\/pages\/658\/revisions"}],"predecessor-version":[{"id":696,"href":"https:\/\/spinbetter.cash\/hu\/wp-json\/wp\/v2\/pages\/658\/revisions\/696"}],"up":[{"embeddable":true,"href":"https:\/\/spinbetter.cash\/hu\/wp-json\/wp\/v2\/pages\/152"}],"wp:attachment":[{"href":"https:\/\/spinbetter.cash\/hu\/wp-json\/wp\/v2\/media?parent=658"}],"curies":[{"name":"wp","href":"https:\/\/api.w.org\/{rel}","templated":true}]}}