{"id":623,"date":"2025-05-21T11:07:39","date_gmt":"2025-05-21T11:07:39","guid":{"rendered":"https:\/\/spinbetter.cash\/hu\/?page_id=623"},"modified":"2025-12-11T16:16:15","modified_gmt":"2025-12-11T16:16:15","slug":"bet-in-the-app","status":"publish","type":"page","link":"https:\/\/spinbetter.cash\/hu\/bonus\/bet-in-the-app\/","title":{"rendered":"Fogadj az alkalmaz\u00e1sban"},"content":{"rendered":"","protected":false},"excerpt":{"rendered":"","protected":false},"author":1,"featured_media":0,"parent":152,"menu_order":0,"comment_status":"closed","ping_status":"closed","template":"","meta":{"_acf_changed":false,"footnotes":""},"class_list":["post-623","page","type-page","status-publish","hentry"],"acf":[],"yoast_head":"<!-- This site is optimized with the Yoast SEO plugin v27.3 - https:\/\/yoast.com\/product\/yoast-seo-wordpress\/ -->\n<title>SpinBetter &gt; Ak\u00e1r 10 \u20ac \u00e9rt\u00e9k\u0171 ingyenes fogad\u00e1sokat is kaphatsz<\/title>\n<meta name=\"description\" content=\"T\u00f6bbet szeretn\u00e9l nyerni? T\u00f6ltsd le a SpinBetter alkalmaz\u00e1st, \u00e9s kapj egy ingyenes fogad\u00e1st befizet\u00e9s n\u00e9lk\u00fcl ak\u00e1r 10 eur\u00f3ig!\" \/>\n<meta name=\"robots\" content=\"index, follow, max-snippet:-1, max-image-preview:large, max-video-preview:-1\" \/>\n<meta property=\"og:locale\" content=\"hu_HU\" \/>\n<meta property=\"og:type\" content=\"article\" \/>\n<meta property=\"og:title\" content=\"SpinBetter &gt; Ak\u00e1r 10 \u20ac \u00e9rt\u00e9k\u0171 ingyenes fogad\u00e1sokat is kaphatsz\" \/>\n<meta property=\"og:description\" content=\"T\u00f6bbet szeretn\u00e9l nyerni? T\u00f6ltsd le a SpinBetter alkalmaz\u00e1st, \u00e9s kapj egy ingyenes fogad\u00e1st befizet\u00e9s n\u00e9lk\u00fcl ak\u00e1r 10 eur\u00f3ig!\" \/>\n<meta property=\"og:url\" content=\"https:\/\/spinbetter.cash\/hu\/bonus\/bet-in-the-app\/\" \/>\n<meta property=\"og:site_name\" content=\"Spinbetter Football HU\" \/>\n<meta property=\"article:modified_time\" content=\"2025-12-11T16:16:15+00:00\" \/>\n<meta name=\"twitter:card\" content=\"summary_large_image\" \/>\n<script type=\"application\/ld+json\" class=\"yoast-schema-graph\">{\"@context\":\"https:\\\/\\\/schema.org\",\"@graph\":[{\"@type\":\"WebPage\",\"@id\":\"https:\\\/\\\/spinbetter.cash\\\/hu\\\/bonus\\\/bet-in-the-app\\\/\",\"url\":\"https:\\\/\\\/spinbetter.cash\\\/hu\\\/bonus\\\/bet-in-the-app\\\/\",\"name\":\"SpinBetter > Ak\u00e1r 10 \u20ac \u00e9rt\u00e9k\u0171 ingyenes fogad\u00e1sokat is kaphatsz\",\"isPartOf\":{\"@id\":\"https:\\\/\\\/spinbetter.cash\\\/hu\\\/#website\"},\"datePublished\":\"2025-05-21T11:07:39+00:00\",\"dateModified\":\"2025-12-11T16:16:15+00:00\",\"description\":\"T\u00f6bbet szeretn\u00e9l nyerni? T\u00f6ltsd le a SpinBetter alkalmaz\u00e1st, \u00e9s kapj egy ingyenes fogad\u00e1st befizet\u00e9s n\u00e9lk\u00fcl ak\u00e1r 10 eur\u00f3ig!\",\"breadcrumb\":{\"@id\":\"https:\\\/\\\/spinbetter.cash\\\/hu\\\/bonus\\\/bet-in-the-app\\\/#breadcrumb\"},\"inLanguage\":\"hu\",\"potentialAction\":[{\"@type\":\"ReadAction\",\"target\":[\"https:\\\/\\\/spinbetter.cash\\\/hu\\\/bonus\\\/bet-in-the-app\\\/\"]}]},{\"@type\":\"BreadcrumbList\",\"@id\":\"https:\\\/\\\/spinbetter.cash\\\/hu\\\/bonus\\\/bet-in-the-app\\\/#breadcrumb\",\"itemListElement\":[{\"@type\":\"ListItem\",\"position\":1,\"name\":\"Home\",\"item\":\"https:\\\/\\\/spinbetter.cash\\\/hu\\\/\"},{\"@type\":\"ListItem\",\"position\":2,\"name\":\"B\u00f3nusz\",\"item\":\"https:\\\/\\\/spinbetter.cash\\\/hu\\\/bonus\\\/\"},{\"@type\":\"ListItem\",\"position\":3,\"name\":\"Fogadj az alkalmaz\u00e1sban\"}]},{\"@type\":\"WebSite\",\"@id\":\"https:\\\/\\\/spinbetter.cash\\\/hu\\\/#website\",\"url\":\"https:\\\/\\\/spinbetter.cash\\\/hu\\\/\",\"name\":\"Spinbetter Football HU\",\"description\":\"My WordPress Blog\",\"potentialAction\":[{\"@type\":\"SearchAction\",\"target\":{\"@type\":\"EntryPoint\",\"urlTemplate\":\"https:\\\/\\\/spinbetter.cash\\\/hu\\\/?s={search_term_string}\"},\"query-input\":{\"@type\":\"PropertyValueSpecification\",\"valueRequired\":true,\"valueName\":\"search_term_string\"}}],\"inLanguage\":\"hu\"}]}<\/script>\n<!-- \/ Yoast SEO plugin. -->","yoast_head_json":{"title":"SpinBetter > Ak\u00e1r 10 \u20ac \u00e9rt\u00e9k\u0171 ingyenes fogad\u00e1sokat is kaphatsz","description":"T\u00f6bbet szeretn\u00e9l nyerni? T\u00f6ltsd le a SpinBetter alkalmaz\u00e1st, \u00e9s kapj egy ingyenes fogad\u00e1st befizet\u00e9s n\u00e9lk\u00fcl ak\u00e1r 10 eur\u00f3ig!","robots":{"index":"index","follow":"follow","max-snippet":"max-snippet:-1","max-image-preview":"max-image-preview:large","max-video-preview":"max-video-preview:-1"},"og_locale":"hu_HU","og_type":"article","og_title":"SpinBetter > Ak\u00e1r 10 \u20ac \u00e9rt\u00e9k\u0171 ingyenes fogad\u00e1sokat is kaphatsz","og_description":"T\u00f6bbet szeretn\u00e9l nyerni? T\u00f6ltsd le a SpinBetter alkalmaz\u00e1st, \u00e9s kapj egy ingyenes fogad\u00e1st befizet\u00e9s n\u00e9lk\u00fcl ak\u00e1r 10 eur\u00f3ig!","og_url":"https:\/\/spinbetter.cash\/hu\/bonus\/bet-in-the-app\/","og_site_name":"Spinbetter Football HU","article_modified_time":"2025-12-11T16:16:15+00:00","twitter_card":"summary_large_image","schema":{"@context":"https:\/\/schema.org","@graph":[{"@type":"WebPage","@id":"https:\/\/spinbetter.cash\/hu\/bonus\/bet-in-the-app\/","url":"https:\/\/spinbetter.cash\/hu\/bonus\/bet-in-the-app\/","name":"SpinBetter > Ak\u00e1r 10 \u20ac \u00e9rt\u00e9k\u0171 ingyenes fogad\u00e1sokat is kaphatsz","isPartOf":{"@id":"https:\/\/spinbetter.cash\/hu\/#website"},"datePublished":"2025-05-21T11:07:39+00:00","dateModified":"2025-12-11T16:16:15+00:00","description":"T\u00f6bbet szeretn\u00e9l nyerni? T\u00f6ltsd le a SpinBetter alkalmaz\u00e1st, \u00e9s kapj egy ingyenes fogad\u00e1st befizet\u00e9s n\u00e9lk\u00fcl ak\u00e1r 10 eur\u00f3ig!","breadcrumb":{"@id":"https:\/\/spinbetter.cash\/hu\/bonus\/bet-in-the-app\/#breadcrumb"},"inLanguage":"hu","potentialAction":[{"@type":"ReadAction","target":["https:\/\/spinbetter.cash\/hu\/bonus\/bet-in-the-app\/"]}]},{"@type":"BreadcrumbList","@id":"https:\/\/spinbetter.cash\/hu\/bonus\/bet-in-the-app\/#breadcrumb","itemListElement":[{"@type":"ListItem","position":1,"name":"Home","item":"https:\/\/spinbetter.cash\/hu\/"},{"@type":"ListItem","position":2,"name":"B\u00f3nusz","item":"https:\/\/spinbetter.cash\/hu\/bonus\/"},{"@type":"ListItem","position":3,"name":"Fogadj az alkalmaz\u00e1sban"}]},{"@type":"WebSite","@id":"https:\/\/spinbetter.cash\/hu\/#website","url":"https:\/\/spinbetter.cash\/hu\/","name":"Spinbetter Football HU","description":"My WordPress Blog","potentialAction":[{"@type":"SearchAction","target":{"@type":"EntryPoint","urlTemplate":"https:\/\/spinbetter.cash\/hu\/?s={search_term_string}"},"query-input":{"@type":"PropertyValueSpecification","valueRequired":true,"valueName":"search_term_string"}}],"inLanguage":"hu"}]}},"_links":{"self":[{"href":"https:\/\/spinbetter.cash\/hu\/wp-json\/wp\/v2\/pages\/623","targetHints":{"allow":["GET"]}}],"collection":[{"href":"https:\/\/spinbetter.cash\/hu\/wp-json\/wp\/v2\/pages"}],"about":[{"href":"https:\/\/spinbetter.cash\/hu\/wp-json\/wp\/v2\/types\/page"}],"author":[{"embeddable":true,"href":"https:\/\/spinbetter.cash\/hu\/wp-json\/wp\/v2\/users\/1"}],"replies":[{"embeddable":true,"href":"https:\/\/spinbetter.cash\/hu\/wp-json\/wp\/v2\/comments?post=623"}],"version-history":[{"count":4,"href":"https:\/\/spinbetter.cash\/hu\/wp-json\/wp\/v2\/pages\/623\/revisions"}],"predecessor-version":[{"id":698,"href":"https:\/\/spinbetter.cash\/hu\/wp-json\/wp\/v2\/pages\/623\/revisions\/698"}],"up":[{"embeddable":true,"href":"https:\/\/spinbetter.cash\/hu\/wp-json\/wp\/v2\/pages\/152"}],"wp:attachment":[{"href":"https:\/\/spinbetter.cash\/hu\/wp-json\/wp\/v2\/media?parent=623"}],"curies":[{"name":"wp","href":"https:\/\/api.w.org\/{rel}","templated":true}]}}