{"id":449,"date":"2024-10-11T14:31:53","date_gmt":"2024-10-11T14:31:53","guid":{"rendered":"https:\/\/spinbetter.cash\/hu\/?page_id=449"},"modified":"2025-12-11T16:17:57","modified_gmt":"2025-12-11T16:17:57","slug":"mirror","status":"publish","type":"page","link":"https:\/\/spinbetter.cash\/hu\/mirror\/","title":{"rendered":"T\u00fck\u00f6r"},"content":{"rendered":"","protected":false},"excerpt":{"rendered":"","protected":false},"author":1,"featured_media":0,"parent":0,"menu_order":0,"comment_status":"closed","ping_status":"closed","template":"","meta":{"_acf_changed":false,"footnotes":""},"class_list":["post-449","page","type-page","status-publish","hentry"],"acf":[],"yoast_head":"<!-- This site is optimized with the Yoast SEO plugin v27.3 - https:\/\/yoast.com\/product\/yoast-seo-wordpress\/ -->\n<title>SpinBetter Mirror | gyors hozz\u00e1f\u00e9r\u00e9s az oldalhoz blokkol\u00e1s n\u00e9lk\u00fcl!<\/title>\n<meta name=\"description\" content=\"Haszn\u00e1ld a SpinBetter t\u00fckr\u00f6t. Nyisd meg az oldalt, tegy\u00e9l sportfogad\u00e1sokat \u00e9s j\u00e1tssz kaszin\u00f3j\u00e1t\u00e9kokat korl\u00e1toz\u00e1sok n\u00e9lk\u00fcl!\" \/>\n<meta name=\"robots\" content=\"index, follow, max-snippet:-1, max-image-preview:large, max-video-preview:-1\" \/>\n<meta property=\"og:locale\" content=\"hu_HU\" \/>\n<meta property=\"og:type\" content=\"article\" \/>\n<meta property=\"og:title\" content=\"SpinBetter Mirror | gyors hozz\u00e1f\u00e9r\u00e9s az oldalhoz blokkol\u00e1s n\u00e9lk\u00fcl!\" \/>\n<meta property=\"og:description\" content=\"Haszn\u00e1ld a SpinBetter t\u00fckr\u00f6t. Nyisd meg az oldalt, tegy\u00e9l sportfogad\u00e1sokat \u00e9s j\u00e1tssz kaszin\u00f3j\u00e1t\u00e9kokat korl\u00e1toz\u00e1sok n\u00e9lk\u00fcl!\" \/>\n<meta property=\"og:url\" content=\"https:\/\/spinbetter.cash\/hu\/mirror\/\" \/>\n<meta property=\"og:site_name\" content=\"Spinbetter Football HU\" \/>\n<meta property=\"article:modified_time\" content=\"2025-12-11T16:17:57+00:00\" \/>\n<meta name=\"twitter:card\" content=\"summary_large_image\" \/>\n<script type=\"application\/ld+json\" class=\"yoast-schema-graph\">{\"@context\":\"https:\\\/\\\/schema.org\",\"@graph\":[{\"@type\":\"WebPage\",\"@id\":\"https:\\\/\\\/spinbetter.cash\\\/hu\\\/mirror\\\/\",\"url\":\"https:\\\/\\\/spinbetter.cash\\\/hu\\\/mirror\\\/\",\"name\":\"SpinBetter Mirror | gyors hozz\u00e1f\u00e9r\u00e9s az oldalhoz blokkol\u00e1s n\u00e9lk\u00fcl!\",\"isPartOf\":{\"@id\":\"https:\\\/\\\/spinbetter.cash\\\/hu\\\/#website\"},\"datePublished\":\"2024-10-11T14:31:53+00:00\",\"dateModified\":\"2025-12-11T16:17:57+00:00\",\"description\":\"Haszn\u00e1ld a SpinBetter t\u00fckr\u00f6t. Nyisd meg az oldalt, tegy\u00e9l sportfogad\u00e1sokat \u00e9s j\u00e1tssz kaszin\u00f3j\u00e1t\u00e9kokat korl\u00e1toz\u00e1sok n\u00e9lk\u00fcl!\",\"breadcrumb\":{\"@id\":\"https:\\\/\\\/spinbetter.cash\\\/hu\\\/mirror\\\/#breadcrumb\"},\"inLanguage\":\"hu\",\"potentialAction\":[{\"@type\":\"ReadAction\",\"target\":[\"https:\\\/\\\/spinbetter.cash\\\/hu\\\/mirror\\\/\"]}]},{\"@type\":\"BreadcrumbList\",\"@id\":\"https:\\\/\\\/spinbetter.cash\\\/hu\\\/mirror\\\/#breadcrumb\",\"itemListElement\":[{\"@type\":\"ListItem\",\"position\":1,\"name\":\"Home\",\"item\":\"https:\\\/\\\/spinbetter.cash\\\/hu\\\/\"},{\"@type\":\"ListItem\",\"position\":2,\"name\":\"T\u00fck\u00f6r\"}]},{\"@type\":\"WebSite\",\"@id\":\"https:\\\/\\\/spinbetter.cash\\\/hu\\\/#website\",\"url\":\"https:\\\/\\\/spinbetter.cash\\\/hu\\\/\",\"name\":\"Spinbetter Football HU\",\"description\":\"My WordPress Blog\",\"potentialAction\":[{\"@type\":\"SearchAction\",\"target\":{\"@type\":\"EntryPoint\",\"urlTemplate\":\"https:\\\/\\\/spinbetter.cash\\\/hu\\\/?s={search_term_string}\"},\"query-input\":{\"@type\":\"PropertyValueSpecification\",\"valueRequired\":true,\"valueName\":\"search_term_string\"}}],\"inLanguage\":\"hu\"}]}<\/script>\n<!-- \/ Yoast SEO plugin. -->","yoast_head_json":{"title":"SpinBetter Mirror | gyors hozz\u00e1f\u00e9r\u00e9s az oldalhoz blokkol\u00e1s n\u00e9lk\u00fcl!","description":"Haszn\u00e1ld a SpinBetter t\u00fckr\u00f6t. Nyisd meg az oldalt, tegy\u00e9l sportfogad\u00e1sokat \u00e9s j\u00e1tssz kaszin\u00f3j\u00e1t\u00e9kokat korl\u00e1toz\u00e1sok n\u00e9lk\u00fcl!","robots":{"index":"index","follow":"follow","max-snippet":"max-snippet:-1","max-image-preview":"max-image-preview:large","max-video-preview":"max-video-preview:-1"},"og_locale":"hu_HU","og_type":"article","og_title":"SpinBetter Mirror | gyors hozz\u00e1f\u00e9r\u00e9s az oldalhoz blokkol\u00e1s n\u00e9lk\u00fcl!","og_description":"Haszn\u00e1ld a SpinBetter t\u00fckr\u00f6t. Nyisd meg az oldalt, tegy\u00e9l sportfogad\u00e1sokat \u00e9s j\u00e1tssz kaszin\u00f3j\u00e1t\u00e9kokat korl\u00e1toz\u00e1sok n\u00e9lk\u00fcl!","og_url":"https:\/\/spinbetter.cash\/hu\/mirror\/","og_site_name":"Spinbetter Football HU","article_modified_time":"2025-12-11T16:17:57+00:00","twitter_card":"summary_large_image","schema":{"@context":"https:\/\/schema.org","@graph":[{"@type":"WebPage","@id":"https:\/\/spinbetter.cash\/hu\/mirror\/","url":"https:\/\/spinbetter.cash\/hu\/mirror\/","name":"SpinBetter Mirror | gyors hozz\u00e1f\u00e9r\u00e9s az oldalhoz blokkol\u00e1s n\u00e9lk\u00fcl!","isPartOf":{"@id":"https:\/\/spinbetter.cash\/hu\/#website"},"datePublished":"2024-10-11T14:31:53+00:00","dateModified":"2025-12-11T16:17:57+00:00","description":"Haszn\u00e1ld a SpinBetter t\u00fckr\u00f6t. Nyisd meg az oldalt, tegy\u00e9l sportfogad\u00e1sokat \u00e9s j\u00e1tssz kaszin\u00f3j\u00e1t\u00e9kokat korl\u00e1toz\u00e1sok n\u00e9lk\u00fcl!","breadcrumb":{"@id":"https:\/\/spinbetter.cash\/hu\/mirror\/#breadcrumb"},"inLanguage":"hu","potentialAction":[{"@type":"ReadAction","target":["https:\/\/spinbetter.cash\/hu\/mirror\/"]}]},{"@type":"BreadcrumbList","@id":"https:\/\/spinbetter.cash\/hu\/mirror\/#breadcrumb","itemListElement":[{"@type":"ListItem","position":1,"name":"Home","item":"https:\/\/spinbetter.cash\/hu\/"},{"@type":"ListItem","position":2,"name":"T\u00fck\u00f6r"}]},{"@type":"WebSite","@id":"https:\/\/spinbetter.cash\/hu\/#website","url":"https:\/\/spinbetter.cash\/hu\/","name":"Spinbetter Football HU","description":"My WordPress Blog","potentialAction":[{"@type":"SearchAction","target":{"@type":"EntryPoint","urlTemplate":"https:\/\/spinbetter.cash\/hu\/?s={search_term_string}"},"query-input":{"@type":"PropertyValueSpecification","valueRequired":true,"valueName":"search_term_string"}}],"inLanguage":"hu"}]}},"_links":{"self":[{"href":"https:\/\/spinbetter.cash\/hu\/wp-json\/wp\/v2\/pages\/449","targetHints":{"allow":["GET"]}}],"collection":[{"href":"https:\/\/spinbetter.cash\/hu\/wp-json\/wp\/v2\/pages"}],"about":[{"href":"https:\/\/spinbetter.cash\/hu\/wp-json\/wp\/v2\/types\/page"}],"author":[{"embeddable":true,"href":"https:\/\/spinbetter.cash\/hu\/wp-json\/wp\/v2\/users\/1"}],"replies":[{"embeddable":true,"href":"https:\/\/spinbetter.cash\/hu\/wp-json\/wp\/v2\/comments?post=449"}],"version-history":[{"count":24,"href":"https:\/\/spinbetter.cash\/hu\/wp-json\/wp\/v2\/pages\/449\/revisions"}],"predecessor-version":[{"id":708,"href":"https:\/\/spinbetter.cash\/hu\/wp-json\/wp\/v2\/pages\/449\/revisions\/708"}],"wp:attachment":[{"href":"https:\/\/spinbetter.cash\/hu\/wp-json\/wp\/v2\/media?parent=449"}],"curies":[{"name":"wp","href":"https:\/\/api.w.org\/{rel}","templated":true}]}}