{"id":434,"date":"2024-10-11T14:32:24","date_gmt":"2024-10-11T14:32:24","guid":{"rendered":"https:\/\/spinbetter.cash\/hu\/?page_id=434"},"modified":"2025-12-11T16:18:18","modified_gmt":"2025-12-11T16:18:18","slug":"player-reviews","status":"publish","type":"page","link":"https:\/\/spinbetter.cash\/hu\/player-reviews\/","title":{"rendered":"Critiques de joueurs"},"content":{"rendered":"","protected":false},"excerpt":{"rendered":"","protected":false},"author":1,"featured_media":0,"parent":0,"menu_order":0,"comment_status":"closed","ping_status":"closed","template":"","meta":{"_acf_changed":false,"footnotes":""},"class_list":["post-434","page","type-page","status-publish","hentry"],"acf":[],"yoast_head":"<!-- This site is optimized with the Yoast SEO plugin v27.3 - https:\/\/yoast.com\/product\/yoast-seo-wordpress\/ -->\n<title>SpinBetter kaszin\u00f3 \u00e9s bukm\u00e9ker j\u00e1t\u00e9kos v\u00e9lem\u00e9nye<\/title>\n<meta name=\"description\" content=\"Olvassa el a SpinBetter j\u00e1t\u00e9kosok \u00e9rt\u00e9kel\u00e9seit. Tudja meg, hogyan fogadnak, nyernek \u00e9s kapnak b\u00f3nuszokat m\u00e1sok!\" \/>\n<meta name=\"robots\" content=\"index, follow, max-snippet:-1, max-image-preview:large, max-video-preview:-1\" \/>\n<meta property=\"og:locale\" content=\"hu_HU\" \/>\n<meta property=\"og:type\" content=\"article\" \/>\n<meta property=\"og:title\" content=\"SpinBetter kaszin\u00f3 \u00e9s bukm\u00e9ker j\u00e1t\u00e9kos v\u00e9lem\u00e9nye\" \/>\n<meta property=\"og:description\" content=\"Olvassa el a SpinBetter j\u00e1t\u00e9kosok \u00e9rt\u00e9kel\u00e9seit. Tudja meg, hogyan fogadnak, nyernek \u00e9s kapnak b\u00f3nuszokat m\u00e1sok!\" \/>\n<meta property=\"og:url\" content=\"https:\/\/spinbetter.cash\/hu\/player-reviews\/\" \/>\n<meta property=\"og:site_name\" content=\"Spinbetter Football HU\" \/>\n<meta property=\"article:modified_time\" content=\"2025-12-11T16:18:18+00:00\" \/>\n<meta name=\"twitter:card\" content=\"summary_large_image\" \/>\n<script type=\"application\/ld+json\" class=\"yoast-schema-graph\">{\"@context\":\"https:\\\/\\\/schema.org\",\"@graph\":[{\"@type\":\"WebPage\",\"@id\":\"https:\\\/\\\/spinbetter.cash\\\/hu\\\/player-reviews\\\/\",\"url\":\"https:\\\/\\\/spinbetter.cash\\\/hu\\\/player-reviews\\\/\",\"name\":\"SpinBetter kaszin\u00f3 \u00e9s bukm\u00e9ker j\u00e1t\u00e9kos v\u00e9lem\u00e9nye\",\"isPartOf\":{\"@id\":\"https:\\\/\\\/spinbetter.cash\\\/hu\\\/#website\"},\"datePublished\":\"2024-10-11T14:32:24+00:00\",\"dateModified\":\"2025-12-11T16:18:18+00:00\",\"description\":\"Olvassa el a SpinBetter j\u00e1t\u00e9kosok \u00e9rt\u00e9kel\u00e9seit. Tudja meg, hogyan fogadnak, nyernek \u00e9s kapnak b\u00f3nuszokat m\u00e1sok!\",\"breadcrumb\":{\"@id\":\"https:\\\/\\\/spinbetter.cash\\\/hu\\\/player-reviews\\\/#breadcrumb\"},\"inLanguage\":\"hu\",\"potentialAction\":[{\"@type\":\"ReadAction\",\"target\":[\"https:\\\/\\\/spinbetter.cash\\\/hu\\\/player-reviews\\\/\"]}]},{\"@type\":\"BreadcrumbList\",\"@id\":\"https:\\\/\\\/spinbetter.cash\\\/hu\\\/player-reviews\\\/#breadcrumb\",\"itemListElement\":[{\"@type\":\"ListItem\",\"position\":1,\"name\":\"Home\",\"item\":\"https:\\\/\\\/spinbetter.cash\\\/hu\\\/\"},{\"@type\":\"ListItem\",\"position\":2,\"name\":\"Critiques de joueurs\"}]},{\"@type\":\"WebSite\",\"@id\":\"https:\\\/\\\/spinbetter.cash\\\/hu\\\/#website\",\"url\":\"https:\\\/\\\/spinbetter.cash\\\/hu\\\/\",\"name\":\"Spinbetter Football HU\",\"description\":\"My WordPress Blog\",\"potentialAction\":[{\"@type\":\"SearchAction\",\"target\":{\"@type\":\"EntryPoint\",\"urlTemplate\":\"https:\\\/\\\/spinbetter.cash\\\/hu\\\/?s={search_term_string}\"},\"query-input\":{\"@type\":\"PropertyValueSpecification\",\"valueRequired\":true,\"valueName\":\"search_term_string\"}}],\"inLanguage\":\"hu\"}]}<\/script>\n<!-- \/ Yoast SEO plugin. -->","yoast_head_json":{"title":"SpinBetter kaszin\u00f3 \u00e9s bukm\u00e9ker j\u00e1t\u00e9kos v\u00e9lem\u00e9nye","description":"Olvassa el a SpinBetter j\u00e1t\u00e9kosok \u00e9rt\u00e9kel\u00e9seit. Tudja meg, hogyan fogadnak, nyernek \u00e9s kapnak b\u00f3nuszokat m\u00e1sok!","robots":{"index":"index","follow":"follow","max-snippet":"max-snippet:-1","max-image-preview":"max-image-preview:large","max-video-preview":"max-video-preview:-1"},"og_locale":"hu_HU","og_type":"article","og_title":"SpinBetter kaszin\u00f3 \u00e9s bukm\u00e9ker j\u00e1t\u00e9kos v\u00e9lem\u00e9nye","og_description":"Olvassa el a SpinBetter j\u00e1t\u00e9kosok \u00e9rt\u00e9kel\u00e9seit. Tudja meg, hogyan fogadnak, nyernek \u00e9s kapnak b\u00f3nuszokat m\u00e1sok!","og_url":"https:\/\/spinbetter.cash\/hu\/player-reviews\/","og_site_name":"Spinbetter Football HU","article_modified_time":"2025-12-11T16:18:18+00:00","twitter_card":"summary_large_image","schema":{"@context":"https:\/\/schema.org","@graph":[{"@type":"WebPage","@id":"https:\/\/spinbetter.cash\/hu\/player-reviews\/","url":"https:\/\/spinbetter.cash\/hu\/player-reviews\/","name":"SpinBetter kaszin\u00f3 \u00e9s bukm\u00e9ker j\u00e1t\u00e9kos v\u00e9lem\u00e9nye","isPartOf":{"@id":"https:\/\/spinbetter.cash\/hu\/#website"},"datePublished":"2024-10-11T14:32:24+00:00","dateModified":"2025-12-11T16:18:18+00:00","description":"Olvassa el a SpinBetter j\u00e1t\u00e9kosok \u00e9rt\u00e9kel\u00e9seit. Tudja meg, hogyan fogadnak, nyernek \u00e9s kapnak b\u00f3nuszokat m\u00e1sok!","breadcrumb":{"@id":"https:\/\/spinbetter.cash\/hu\/player-reviews\/#breadcrumb"},"inLanguage":"hu","potentialAction":[{"@type":"ReadAction","target":["https:\/\/spinbetter.cash\/hu\/player-reviews\/"]}]},{"@type":"BreadcrumbList","@id":"https:\/\/spinbetter.cash\/hu\/player-reviews\/#breadcrumb","itemListElement":[{"@type":"ListItem","position":1,"name":"Home","item":"https:\/\/spinbetter.cash\/hu\/"},{"@type":"ListItem","position":2,"name":"Critiques de joueurs"}]},{"@type":"WebSite","@id":"https:\/\/spinbetter.cash\/hu\/#website","url":"https:\/\/spinbetter.cash\/hu\/","name":"Spinbetter Football HU","description":"My WordPress Blog","potentialAction":[{"@type":"SearchAction","target":{"@type":"EntryPoint","urlTemplate":"https:\/\/spinbetter.cash\/hu\/?s={search_term_string}"},"query-input":{"@type":"PropertyValueSpecification","valueRequired":true,"valueName":"search_term_string"}}],"inLanguage":"hu"}]}},"_links":{"self":[{"href":"https:\/\/spinbetter.cash\/hu\/wp-json\/wp\/v2\/pages\/434","targetHints":{"allow":["GET"]}}],"collection":[{"href":"https:\/\/spinbetter.cash\/hu\/wp-json\/wp\/v2\/pages"}],"about":[{"href":"https:\/\/spinbetter.cash\/hu\/wp-json\/wp\/v2\/types\/page"}],"author":[{"embeddable":true,"href":"https:\/\/spinbetter.cash\/hu\/wp-json\/wp\/v2\/users\/1"}],"replies":[{"embeddable":true,"href":"https:\/\/spinbetter.cash\/hu\/wp-json\/wp\/v2\/comments?post=434"}],"version-history":[{"count":23,"href":"https:\/\/spinbetter.cash\/hu\/wp-json\/wp\/v2\/pages\/434\/revisions"}],"predecessor-version":[{"id":709,"href":"https:\/\/spinbetter.cash\/hu\/wp-json\/wp\/v2\/pages\/434\/revisions\/709"}],"wp:attachment":[{"href":"https:\/\/spinbetter.cash\/hu\/wp-json\/wp\/v2\/media?parent=434"}],"curies":[{"name":"wp","href":"https:\/\/api.w.org\/{rel}","templated":true}]}}