{"id":416,"date":"2024-10-11T14:31:11","date_gmt":"2024-10-11T14:31:11","guid":{"rendered":"https:\/\/spinbetter.cash\/hu\/?page_id=416"},"modified":"2025-12-11T16:18:37","modified_gmt":"2025-12-11T16:18:37","slug":"download","status":"publish","type":"page","link":"https:\/\/spinbetter.cash\/hu\/download\/","title":{"rendered":"Let\u00f6lt\u00e9s"},"content":{"rendered":"<p>amikor statisztik\u00e1kat kell r\u00e9szletesen elemeznie nagy k\u00e9perny\u0151n;<br \/>\nt\u00f6bb m\u0171velet egyidej\u0171 elv\u00e9gz\u00e9s\u00e9hez a lapok haszn\u00e1lat\u00e1val.<\/p>\n","protected":false},"excerpt":{"rendered":"<p>amikor statisztik\u00e1kat kell r\u00e9szletesen elemeznie nagy k\u00e9perny\u0151n; t\u00f6bb m\u0171velet egyidej\u0171 elv\u00e9gz\u00e9s\u00e9hez a lapok haszn\u00e1lat\u00e1val.<\/p>\n","protected":false},"author":1,"featured_media":0,"parent":0,"menu_order":0,"comment_status":"closed","ping_status":"closed","template":"","meta":{"_acf_changed":false,"footnotes":""},"class_list":["post-416","page","type-page","status-publish","hentry"],"acf":[],"yoast_head":"<!-- This site is optimized with the Yoast SEO plugin v27.3 - https:\/\/yoast.com\/product\/yoast-seo-wordpress\/ -->\n<title>SpinBetter Download \u2b50 T\u00f6ltsd Le az Online Kaszin\u00f3t a Mobilodra<\/title>\n<meta name=\"description\" content=\"T\u00f6ltsd le a SpinBetter Appot \u2728 min\u0151s\u00edtett mobilplatform sima navig\u00e1ci\u00f3val, v\u00e9dett fi\u00f3kkezel\u00e9ssel, gyors friss\u00edt\u00e9sekkel \u00e9s k\u00e9nyelmes hozz\u00e1f\u00e9r\u00e9ssel a szolg\u00e1ltat\u00e1s \u00f6sszes funkci\u00f3j\u00e1hoz.\" \/>\n<meta name=\"robots\" content=\"index, follow, max-snippet:-1, max-image-preview:large, max-video-preview:-1\" \/>\n<meta property=\"og:locale\" content=\"hu_HU\" \/>\n<meta property=\"og:type\" content=\"article\" \/>\n<meta property=\"og:title\" content=\"SpinBetter Download \u2b50 T\u00f6ltsd Le az Online Kaszin\u00f3t a Mobilodra\" \/>\n<meta property=\"og:description\" content=\"T\u00f6ltsd le a SpinBetter Appot \u2728 min\u0151s\u00edtett mobilplatform sima navig\u00e1ci\u00f3val, v\u00e9dett fi\u00f3kkezel\u00e9ssel, gyors friss\u00edt\u00e9sekkel \u00e9s k\u00e9nyelmes hozz\u00e1f\u00e9r\u00e9ssel a szolg\u00e1ltat\u00e1s \u00f6sszes funkci\u00f3j\u00e1hoz.\" \/>\n<meta property=\"og:url\" content=\"https:\/\/spinbetter.cash\/hu\/download\/\" \/>\n<meta property=\"og:site_name\" content=\"Spinbetter Football HU\" \/>\n<meta property=\"article:modified_time\" content=\"2025-12-11T16:18:37+00:00\" \/>\n<meta name=\"twitter:card\" content=\"summary_large_image\" \/>\n<meta name=\"twitter:label1\" content=\"Becs\u00fclt olvas\u00e1si id\u0151\" \/>\n\t<meta name=\"twitter:data1\" content=\"1 perc\" \/>\n<script type=\"application\/ld+json\" class=\"yoast-schema-graph\">{\"@context\":\"https:\\\/\\\/schema.org\",\"@graph\":[{\"@type\":\"WebPage\",\"@id\":\"https:\\\/\\\/spinbetter.cash\\\/hu\\\/download\\\/\",\"url\":\"https:\\\/\\\/spinbetter.cash\\\/hu\\\/download\\\/\",\"name\":\"SpinBetter Download \u2b50 T\u00f6ltsd Le az Online Kaszin\u00f3t a Mobilodra\",\"isPartOf\":{\"@id\":\"https:\\\/\\\/spinbetter.cash\\\/hu\\\/#website\"},\"datePublished\":\"2024-10-11T14:31:11+00:00\",\"dateModified\":\"2025-12-11T16:18:37+00:00\",\"description\":\"T\u00f6ltsd le a SpinBetter Appot \u2728 min\u0151s\u00edtett mobilplatform sima navig\u00e1ci\u00f3val, v\u00e9dett fi\u00f3kkezel\u00e9ssel, gyors friss\u00edt\u00e9sekkel \u00e9s k\u00e9nyelmes hozz\u00e1f\u00e9r\u00e9ssel a szolg\u00e1ltat\u00e1s \u00f6sszes funkci\u00f3j\u00e1hoz.\",\"breadcrumb\":{\"@id\":\"https:\\\/\\\/spinbetter.cash\\\/hu\\\/download\\\/#breadcrumb\"},\"inLanguage\":\"hu\",\"potentialAction\":[{\"@type\":\"ReadAction\",\"target\":[\"https:\\\/\\\/spinbetter.cash\\\/hu\\\/download\\\/\"]}]},{\"@type\":\"BreadcrumbList\",\"@id\":\"https:\\\/\\\/spinbetter.cash\\\/hu\\\/download\\\/#breadcrumb\",\"itemListElement\":[{\"@type\":\"ListItem\",\"position\":1,\"name\":\"Home\",\"item\":\"https:\\\/\\\/spinbetter.cash\\\/hu\\\/\"},{\"@type\":\"ListItem\",\"position\":2,\"name\":\"Let\u00f6lt\u00e9s\"}]},{\"@type\":\"WebSite\",\"@id\":\"https:\\\/\\\/spinbetter.cash\\\/hu\\\/#website\",\"url\":\"https:\\\/\\\/spinbetter.cash\\\/hu\\\/\",\"name\":\"Spinbetter Football HU\",\"description\":\"My WordPress Blog\",\"potentialAction\":[{\"@type\":\"SearchAction\",\"target\":{\"@type\":\"EntryPoint\",\"urlTemplate\":\"https:\\\/\\\/spinbetter.cash\\\/hu\\\/?s={search_term_string}\"},\"query-input\":{\"@type\":\"PropertyValueSpecification\",\"valueRequired\":true,\"valueName\":\"search_term_string\"}}],\"inLanguage\":\"hu\"}]}<\/script>\n<!-- \/ Yoast SEO plugin. -->","yoast_head_json":{"title":"SpinBetter Download \u2b50 T\u00f6ltsd Le az Online Kaszin\u00f3t a Mobilodra","description":"T\u00f6ltsd le a SpinBetter Appot \u2728 min\u0151s\u00edtett mobilplatform sima navig\u00e1ci\u00f3val, v\u00e9dett fi\u00f3kkezel\u00e9ssel, gyors friss\u00edt\u00e9sekkel \u00e9s k\u00e9nyelmes hozz\u00e1f\u00e9r\u00e9ssel a szolg\u00e1ltat\u00e1s \u00f6sszes funkci\u00f3j\u00e1hoz.","robots":{"index":"index","follow":"follow","max-snippet":"max-snippet:-1","max-image-preview":"max-image-preview:large","max-video-preview":"max-video-preview:-1"},"og_locale":"hu_HU","og_type":"article","og_title":"SpinBetter Download \u2b50 T\u00f6ltsd Le az Online Kaszin\u00f3t a Mobilodra","og_description":"T\u00f6ltsd le a SpinBetter Appot \u2728 min\u0151s\u00edtett mobilplatform sima navig\u00e1ci\u00f3val, v\u00e9dett fi\u00f3kkezel\u00e9ssel, gyors friss\u00edt\u00e9sekkel \u00e9s k\u00e9nyelmes hozz\u00e1f\u00e9r\u00e9ssel a szolg\u00e1ltat\u00e1s \u00f6sszes funkci\u00f3j\u00e1hoz.","og_url":"https:\/\/spinbetter.cash\/hu\/download\/","og_site_name":"Spinbetter Football HU","article_modified_time":"2025-12-11T16:18:37+00:00","twitter_card":"summary_large_image","twitter_misc":{"Becs\u00fclt olvas\u00e1si id\u0151":"1 perc"},"schema":{"@context":"https:\/\/schema.org","@graph":[{"@type":"WebPage","@id":"https:\/\/spinbetter.cash\/hu\/download\/","url":"https:\/\/spinbetter.cash\/hu\/download\/","name":"SpinBetter Download \u2b50 T\u00f6ltsd Le az Online Kaszin\u00f3t a Mobilodra","isPartOf":{"@id":"https:\/\/spinbetter.cash\/hu\/#website"},"datePublished":"2024-10-11T14:31:11+00:00","dateModified":"2025-12-11T16:18:37+00:00","description":"T\u00f6ltsd le a SpinBetter Appot \u2728 min\u0151s\u00edtett mobilplatform sima navig\u00e1ci\u00f3val, v\u00e9dett fi\u00f3kkezel\u00e9ssel, gyors friss\u00edt\u00e9sekkel \u00e9s k\u00e9nyelmes hozz\u00e1f\u00e9r\u00e9ssel a szolg\u00e1ltat\u00e1s \u00f6sszes funkci\u00f3j\u00e1hoz.","breadcrumb":{"@id":"https:\/\/spinbetter.cash\/hu\/download\/#breadcrumb"},"inLanguage":"hu","potentialAction":[{"@type":"ReadAction","target":["https:\/\/spinbetter.cash\/hu\/download\/"]}]},{"@type":"BreadcrumbList","@id":"https:\/\/spinbetter.cash\/hu\/download\/#breadcrumb","itemListElement":[{"@type":"ListItem","position":1,"name":"Home","item":"https:\/\/spinbetter.cash\/hu\/"},{"@type":"ListItem","position":2,"name":"Let\u00f6lt\u00e9s"}]},{"@type":"WebSite","@id":"https:\/\/spinbetter.cash\/hu\/#website","url":"https:\/\/spinbetter.cash\/hu\/","name":"Spinbetter Football HU","description":"My WordPress Blog","potentialAction":[{"@type":"SearchAction","target":{"@type":"EntryPoint","urlTemplate":"https:\/\/spinbetter.cash\/hu\/?s={search_term_string}"},"query-input":{"@type":"PropertyValueSpecification","valueRequired":true,"valueName":"search_term_string"}}],"inLanguage":"hu"}]}},"_links":{"self":[{"href":"https:\/\/spinbetter.cash\/hu\/wp-json\/wp\/v2\/pages\/416","targetHints":{"allow":["GET"]}}],"collection":[{"href":"https:\/\/spinbetter.cash\/hu\/wp-json\/wp\/v2\/pages"}],"about":[{"href":"https:\/\/spinbetter.cash\/hu\/wp-json\/wp\/v2\/types\/page"}],"author":[{"embeddable":true,"href":"https:\/\/spinbetter.cash\/hu\/wp-json\/wp\/v2\/users\/1"}],"replies":[{"embeddable":true,"href":"https:\/\/spinbetter.cash\/hu\/wp-json\/wp\/v2\/comments?post=416"}],"version-history":[{"count":27,"href":"https:\/\/spinbetter.cash\/hu\/wp-json\/wp\/v2\/pages\/416\/revisions"}],"predecessor-version":[{"id":710,"href":"https:\/\/spinbetter.cash\/hu\/wp-json\/wp\/v2\/pages\/416\/revisions\/710"}],"wp:attachment":[{"href":"https:\/\/spinbetter.cash\/hu\/wp-json\/wp\/v2\/media?parent=416"}],"curies":[{"name":"wp","href":"https:\/\/api.w.org\/{rel}","templated":true}]}}