{"id":392,"date":"2024-10-11T14:30:45","date_gmt":"2024-10-11T14:30:45","guid":{"rendered":"https:\/\/spinbetter.cash\/hu\/?page_id=392"},"modified":"2025-12-11T16:19:35","modified_gmt":"2025-12-11T16:19:35","slug":"free-spins","status":"publish","type":"page","link":"https:\/\/spinbetter.cash\/hu\/free-spins\/","title":{"rendered":"Ingyenes p\u00f6rget\u00e9sek"},"content":{"rendered":"","protected":false},"excerpt":{"rendered":"","protected":false},"author":1,"featured_media":0,"parent":0,"menu_order":0,"comment_status":"closed","ping_status":"closed","template":"","meta":{"_acf_changed":false,"footnotes":""},"class_list":["post-392","page","type-page","status-publish","hentry"],"acf":[],"yoast_head":"<!-- This site is optimized with the Yoast SEO plugin v27.3 - https:\/\/yoast.com\/product\/yoast-seo-wordpress\/ -->\n<title>SpinBetter Free Spins December 2025 \u2b50 Hogyan Szerezd Meg<\/title>\n<meta name=\"description\" content=\"Fedezd fel a SpinBetter Free Spins aj\u00e1nlatait \u2b50 struktur\u00e1lt prom\u00f3ci\u00f3s jutalmak, enged\u00e9lyezett j\u00e1t\u00e9klehet\u0151s\u00e9gek \u00e9s k\u00e9nyelmes aktiv\u00e1l\u00e1si eszk\u00f6z\u00f6k a z\u00f6kken\u0151mentes j\u00e1t\u00e9k\u00e9lm\u00e9ny\u00e9rt.\" \/>\n<meta name=\"robots\" content=\"index, follow, max-snippet:-1, max-image-preview:large, max-video-preview:-1\" \/>\n<meta property=\"og:locale\" content=\"hu_HU\" \/>\n<meta property=\"og:type\" content=\"article\" \/>\n<meta property=\"og:title\" content=\"SpinBetter Free Spins December 2025 \u2b50 Hogyan Szerezd Meg\" \/>\n<meta property=\"og:description\" content=\"Fedezd fel a SpinBetter Free Spins aj\u00e1nlatait \u2b50 struktur\u00e1lt prom\u00f3ci\u00f3s jutalmak, enged\u00e9lyezett j\u00e1t\u00e9klehet\u0151s\u00e9gek \u00e9s k\u00e9nyelmes aktiv\u00e1l\u00e1si eszk\u00f6z\u00f6k a z\u00f6kken\u0151mentes j\u00e1t\u00e9k\u00e9lm\u00e9ny\u00e9rt.\" \/>\n<meta property=\"og:url\" content=\"https:\/\/spinbetter.cash\/hu\/free-spins\/\" \/>\n<meta property=\"og:site_name\" content=\"Spinbetter Football HU\" \/>\n<meta property=\"article:modified_time\" content=\"2025-12-11T16:19:35+00:00\" \/>\n<meta name=\"twitter:card\" content=\"summary_large_image\" \/>\n<script type=\"application\/ld+json\" class=\"yoast-schema-graph\">{\"@context\":\"https:\\\/\\\/schema.org\",\"@graph\":[{\"@type\":\"WebPage\",\"@id\":\"https:\\\/\\\/spinbetter.cash\\\/hu\\\/free-spins\\\/\",\"url\":\"https:\\\/\\\/spinbetter.cash\\\/hu\\\/free-spins\\\/\",\"name\":\"SpinBetter Free Spins December 2025 \u2b50 Hogyan Szerezd Meg\",\"isPartOf\":{\"@id\":\"https:\\\/\\\/spinbetter.cash\\\/hu\\\/#website\"},\"datePublished\":\"2024-10-11T14:30:45+00:00\",\"dateModified\":\"2025-12-11T16:19:35+00:00\",\"description\":\"Fedezd fel a SpinBetter Free Spins aj\u00e1nlatait \u2b50 struktur\u00e1lt prom\u00f3ci\u00f3s jutalmak, enged\u00e9lyezett j\u00e1t\u00e9klehet\u0151s\u00e9gek \u00e9s k\u00e9nyelmes aktiv\u00e1l\u00e1si eszk\u00f6z\u00f6k a z\u00f6kken\u0151mentes j\u00e1t\u00e9k\u00e9lm\u00e9ny\u00e9rt.\",\"breadcrumb\":{\"@id\":\"https:\\\/\\\/spinbetter.cash\\\/hu\\\/free-spins\\\/#breadcrumb\"},\"inLanguage\":\"hu\",\"potentialAction\":[{\"@type\":\"ReadAction\",\"target\":[\"https:\\\/\\\/spinbetter.cash\\\/hu\\\/free-spins\\\/\"]}]},{\"@type\":\"BreadcrumbList\",\"@id\":\"https:\\\/\\\/spinbetter.cash\\\/hu\\\/free-spins\\\/#breadcrumb\",\"itemListElement\":[{\"@type\":\"ListItem\",\"position\":1,\"name\":\"Home\",\"item\":\"https:\\\/\\\/spinbetter.cash\\\/hu\\\/\"},{\"@type\":\"ListItem\",\"position\":2,\"name\":\"Ingyenes p\u00f6rget\u00e9sek\"}]},{\"@type\":\"WebSite\",\"@id\":\"https:\\\/\\\/spinbetter.cash\\\/hu\\\/#website\",\"url\":\"https:\\\/\\\/spinbetter.cash\\\/hu\\\/\",\"name\":\"Spinbetter Football HU\",\"description\":\"My WordPress Blog\",\"potentialAction\":[{\"@type\":\"SearchAction\",\"target\":{\"@type\":\"EntryPoint\",\"urlTemplate\":\"https:\\\/\\\/spinbetter.cash\\\/hu\\\/?s={search_term_string}\"},\"query-input\":{\"@type\":\"PropertyValueSpecification\",\"valueRequired\":true,\"valueName\":\"search_term_string\"}}],\"inLanguage\":\"hu\"}]}<\/script>\n<!-- \/ Yoast SEO plugin. -->","yoast_head_json":{"title":"SpinBetter Free Spins December 2025 \u2b50 Hogyan Szerezd Meg","description":"Fedezd fel a SpinBetter Free Spins aj\u00e1nlatait \u2b50 struktur\u00e1lt prom\u00f3ci\u00f3s jutalmak, enged\u00e9lyezett j\u00e1t\u00e9klehet\u0151s\u00e9gek \u00e9s k\u00e9nyelmes aktiv\u00e1l\u00e1si eszk\u00f6z\u00f6k a z\u00f6kken\u0151mentes j\u00e1t\u00e9k\u00e9lm\u00e9ny\u00e9rt.","robots":{"index":"index","follow":"follow","max-snippet":"max-snippet:-1","max-image-preview":"max-image-preview:large","max-video-preview":"max-video-preview:-1"},"og_locale":"hu_HU","og_type":"article","og_title":"SpinBetter Free Spins December 2025 \u2b50 Hogyan Szerezd Meg","og_description":"Fedezd fel a SpinBetter Free Spins aj\u00e1nlatait \u2b50 struktur\u00e1lt prom\u00f3ci\u00f3s jutalmak, enged\u00e9lyezett j\u00e1t\u00e9klehet\u0151s\u00e9gek \u00e9s k\u00e9nyelmes aktiv\u00e1l\u00e1si eszk\u00f6z\u00f6k a z\u00f6kken\u0151mentes j\u00e1t\u00e9k\u00e9lm\u00e9ny\u00e9rt.","og_url":"https:\/\/spinbetter.cash\/hu\/free-spins\/","og_site_name":"Spinbetter Football HU","article_modified_time":"2025-12-11T16:19:35+00:00","twitter_card":"summary_large_image","schema":{"@context":"https:\/\/schema.org","@graph":[{"@type":"WebPage","@id":"https:\/\/spinbetter.cash\/hu\/free-spins\/","url":"https:\/\/spinbetter.cash\/hu\/free-spins\/","name":"SpinBetter Free Spins December 2025 \u2b50 Hogyan Szerezd Meg","isPartOf":{"@id":"https:\/\/spinbetter.cash\/hu\/#website"},"datePublished":"2024-10-11T14:30:45+00:00","dateModified":"2025-12-11T16:19:35+00:00","description":"Fedezd fel a SpinBetter Free Spins aj\u00e1nlatait \u2b50 struktur\u00e1lt prom\u00f3ci\u00f3s jutalmak, enged\u00e9lyezett j\u00e1t\u00e9klehet\u0151s\u00e9gek \u00e9s k\u00e9nyelmes aktiv\u00e1l\u00e1si eszk\u00f6z\u00f6k a z\u00f6kken\u0151mentes j\u00e1t\u00e9k\u00e9lm\u00e9ny\u00e9rt.","breadcrumb":{"@id":"https:\/\/spinbetter.cash\/hu\/free-spins\/#breadcrumb"},"inLanguage":"hu","potentialAction":[{"@type":"ReadAction","target":["https:\/\/spinbetter.cash\/hu\/free-spins\/"]}]},{"@type":"BreadcrumbList","@id":"https:\/\/spinbetter.cash\/hu\/free-spins\/#breadcrumb","itemListElement":[{"@type":"ListItem","position":1,"name":"Home","item":"https:\/\/spinbetter.cash\/hu\/"},{"@type":"ListItem","position":2,"name":"Ingyenes p\u00f6rget\u00e9sek"}]},{"@type":"WebSite","@id":"https:\/\/spinbetter.cash\/hu\/#website","url":"https:\/\/spinbetter.cash\/hu\/","name":"Spinbetter Football HU","description":"My WordPress Blog","potentialAction":[{"@type":"SearchAction","target":{"@type":"EntryPoint","urlTemplate":"https:\/\/spinbetter.cash\/hu\/?s={search_term_string}"},"query-input":{"@type":"PropertyValueSpecification","valueRequired":true,"valueName":"search_term_string"}}],"inLanguage":"hu"}]}},"_links":{"self":[{"href":"https:\/\/spinbetter.cash\/hu\/wp-json\/wp\/v2\/pages\/392","targetHints":{"allow":["GET"]}}],"collection":[{"href":"https:\/\/spinbetter.cash\/hu\/wp-json\/wp\/v2\/pages"}],"about":[{"href":"https:\/\/spinbetter.cash\/hu\/wp-json\/wp\/v2\/types\/page"}],"author":[{"embeddable":true,"href":"https:\/\/spinbetter.cash\/hu\/wp-json\/wp\/v2\/users\/1"}],"replies":[{"embeddable":true,"href":"https:\/\/spinbetter.cash\/hu\/wp-json\/wp\/v2\/comments?post=392"}],"version-history":[{"count":19,"href":"https:\/\/spinbetter.cash\/hu\/wp-json\/wp\/v2\/pages\/392\/revisions"}],"predecessor-version":[{"id":714,"href":"https:\/\/spinbetter.cash\/hu\/wp-json\/wp\/v2\/pages\/392\/revisions\/714"}],"wp:attachment":[{"href":"https:\/\/spinbetter.cash\/hu\/wp-json\/wp\/v2\/media?parent=392"}],"curies":[{"name":"wp","href":"https:\/\/api.w.org\/{rel}","templated":true}]}}