{"id":364,"date":"2024-10-11T14:32:41","date_gmt":"2024-10-11T14:32:41","guid":{"rendered":"https:\/\/spinbetter.cash\/hu\/?page_id=364"},"modified":"2026-01-13T08:54:14","modified_gmt":"2026-01-13T08:54:14","slug":"promocode","status":"publish","type":"page","link":"https:\/\/spinbetter.cash\/hu\/promocode\/","title":{"rendered":"Prom\u00f3ci\u00f3s m\u00f3d"},"content":{"rendered":"","protected":false},"excerpt":{"rendered":"","protected":false},"author":1,"featured_media":0,"parent":0,"menu_order":0,"comment_status":"closed","ping_status":"closed","template":"","meta":{"_acf_changed":false,"footnotes":""},"class_list":["post-364","page","type-page","status-publish","hentry"],"acf":[],"yoast_head":"<!-- This site is optimized with the Yoast SEO plugin v27.3 - https:\/\/yoast.com\/product\/yoast-seo-wordpress\/ -->\n<title>SpinBetter Promo Code \u2b50 Szerezd Meg az \u00dcdv\u00f6zl\u0151 B\u00f3nuszt<\/title>\n<meta name=\"description\" content=\"SpinBetter Promo Code \u2728 platform \u00e1ltal j\u00f3v\u00e1hagyott b\u00f3nuszk\u00f3dok egy\u00e9rtelm\u0171 felt\u00e9telekkel, biztons\u00e1gos aktiv\u00e1l\u00e1ssal \u00e9s kib\u0151v\u00edtett lehet\u0151s\u00e9gekkel a kaszin\u00f3- \u00e9s sportfogad\u00e1si szekci\u00f3kban.\" \/>\n<meta name=\"robots\" content=\"index, follow, max-snippet:-1, max-image-preview:large, max-video-preview:-1\" \/>\n<meta property=\"og:locale\" content=\"hu_HU\" \/>\n<meta property=\"og:type\" content=\"article\" \/>\n<meta property=\"og:title\" content=\"SpinBetter Promo Code \u2b50 Szerezd Meg az \u00dcdv\u00f6zl\u0151 B\u00f3nuszt\" \/>\n<meta property=\"og:description\" content=\"SpinBetter Promo Code \u2728 platform \u00e1ltal j\u00f3v\u00e1hagyott b\u00f3nuszk\u00f3dok egy\u00e9rtelm\u0171 felt\u00e9telekkel, biztons\u00e1gos aktiv\u00e1l\u00e1ssal \u00e9s kib\u0151v\u00edtett lehet\u0151s\u00e9gekkel a kaszin\u00f3- \u00e9s sportfogad\u00e1si szekci\u00f3kban.\" \/>\n<meta property=\"og:url\" content=\"https:\/\/spinbetter.cash\/hu\/promocode\/\" \/>\n<meta property=\"og:site_name\" content=\"Spinbetter Football HU\" \/>\n<meta property=\"article:modified_time\" content=\"2026-01-13T08:54:14+00:00\" \/>\n<meta name=\"twitter:card\" content=\"summary_large_image\" \/>\n<script type=\"application\/ld+json\" class=\"yoast-schema-graph\">{\"@context\":\"https:\\\/\\\/schema.org\",\"@graph\":[{\"@type\":\"WebPage\",\"@id\":\"https:\\\/\\\/spinbetter.cash\\\/hu\\\/promocode\\\/\",\"url\":\"https:\\\/\\\/spinbetter.cash\\\/hu\\\/promocode\\\/\",\"name\":\"SpinBetter Promo Code \u2b50 Szerezd Meg az \u00dcdv\u00f6zl\u0151 B\u00f3nuszt\",\"isPartOf\":{\"@id\":\"https:\\\/\\\/spinbetter.cash\\\/hu\\\/#website\"},\"datePublished\":\"2024-10-11T14:32:41+00:00\",\"dateModified\":\"2026-01-13T08:54:14+00:00\",\"description\":\"SpinBetter Promo Code \u2728 platform \u00e1ltal j\u00f3v\u00e1hagyott b\u00f3nuszk\u00f3dok egy\u00e9rtelm\u0171 felt\u00e9telekkel, biztons\u00e1gos aktiv\u00e1l\u00e1ssal \u00e9s kib\u0151v\u00edtett lehet\u0151s\u00e9gekkel a kaszin\u00f3- \u00e9s sportfogad\u00e1si szekci\u00f3kban.\",\"breadcrumb\":{\"@id\":\"https:\\\/\\\/spinbetter.cash\\\/hu\\\/promocode\\\/#breadcrumb\"},\"inLanguage\":\"hu\",\"potentialAction\":[{\"@type\":\"ReadAction\",\"target\":[\"https:\\\/\\\/spinbetter.cash\\\/hu\\\/promocode\\\/\"]}]},{\"@type\":\"BreadcrumbList\",\"@id\":\"https:\\\/\\\/spinbetter.cash\\\/hu\\\/promocode\\\/#breadcrumb\",\"itemListElement\":[{\"@type\":\"ListItem\",\"position\":1,\"name\":\"Home\",\"item\":\"https:\\\/\\\/spinbetter.cash\\\/hu\\\/\"},{\"@type\":\"ListItem\",\"position\":2,\"name\":\"Prom\u00f3ci\u00f3s m\u00f3d\"}]},{\"@type\":\"WebSite\",\"@id\":\"https:\\\/\\\/spinbetter.cash\\\/hu\\\/#website\",\"url\":\"https:\\\/\\\/spinbetter.cash\\\/hu\\\/\",\"name\":\"Spinbetter Football HU\",\"description\":\"My WordPress Blog\",\"potentialAction\":[{\"@type\":\"SearchAction\",\"target\":{\"@type\":\"EntryPoint\",\"urlTemplate\":\"https:\\\/\\\/spinbetter.cash\\\/hu\\\/?s={search_term_string}\"},\"query-input\":{\"@type\":\"PropertyValueSpecification\",\"valueRequired\":true,\"valueName\":\"search_term_string\"}}],\"inLanguage\":\"hu\"}]}<\/script>\n<!-- \/ Yoast SEO plugin. -->","yoast_head_json":{"title":"SpinBetter Promo Code \u2b50 Szerezd Meg az \u00dcdv\u00f6zl\u0151 B\u00f3nuszt","description":"SpinBetter Promo Code \u2728 platform \u00e1ltal j\u00f3v\u00e1hagyott b\u00f3nuszk\u00f3dok egy\u00e9rtelm\u0171 felt\u00e9telekkel, biztons\u00e1gos aktiv\u00e1l\u00e1ssal \u00e9s kib\u0151v\u00edtett lehet\u0151s\u00e9gekkel a kaszin\u00f3- \u00e9s sportfogad\u00e1si szekci\u00f3kban.","robots":{"index":"index","follow":"follow","max-snippet":"max-snippet:-1","max-image-preview":"max-image-preview:large","max-video-preview":"max-video-preview:-1"},"og_locale":"hu_HU","og_type":"article","og_title":"SpinBetter Promo Code \u2b50 Szerezd Meg az \u00dcdv\u00f6zl\u0151 B\u00f3nuszt","og_description":"SpinBetter Promo Code \u2728 platform \u00e1ltal j\u00f3v\u00e1hagyott b\u00f3nuszk\u00f3dok egy\u00e9rtelm\u0171 felt\u00e9telekkel, biztons\u00e1gos aktiv\u00e1l\u00e1ssal \u00e9s kib\u0151v\u00edtett lehet\u0151s\u00e9gekkel a kaszin\u00f3- \u00e9s sportfogad\u00e1si szekci\u00f3kban.","og_url":"https:\/\/spinbetter.cash\/hu\/promocode\/","og_site_name":"Spinbetter Football HU","article_modified_time":"2026-01-13T08:54:14+00:00","twitter_card":"summary_large_image","schema":{"@context":"https:\/\/schema.org","@graph":[{"@type":"WebPage","@id":"https:\/\/spinbetter.cash\/hu\/promocode\/","url":"https:\/\/spinbetter.cash\/hu\/promocode\/","name":"SpinBetter Promo Code \u2b50 Szerezd Meg az \u00dcdv\u00f6zl\u0151 B\u00f3nuszt","isPartOf":{"@id":"https:\/\/spinbetter.cash\/hu\/#website"},"datePublished":"2024-10-11T14:32:41+00:00","dateModified":"2026-01-13T08:54:14+00:00","description":"SpinBetter Promo Code \u2728 platform \u00e1ltal j\u00f3v\u00e1hagyott b\u00f3nuszk\u00f3dok egy\u00e9rtelm\u0171 felt\u00e9telekkel, biztons\u00e1gos aktiv\u00e1l\u00e1ssal \u00e9s kib\u0151v\u00edtett lehet\u0151s\u00e9gekkel a kaszin\u00f3- \u00e9s sportfogad\u00e1si szekci\u00f3kban.","breadcrumb":{"@id":"https:\/\/spinbetter.cash\/hu\/promocode\/#breadcrumb"},"inLanguage":"hu","potentialAction":[{"@type":"ReadAction","target":["https:\/\/spinbetter.cash\/hu\/promocode\/"]}]},{"@type":"BreadcrumbList","@id":"https:\/\/spinbetter.cash\/hu\/promocode\/#breadcrumb","itemListElement":[{"@type":"ListItem","position":1,"name":"Home","item":"https:\/\/spinbetter.cash\/hu\/"},{"@type":"ListItem","position":2,"name":"Prom\u00f3ci\u00f3s m\u00f3d"}]},{"@type":"WebSite","@id":"https:\/\/spinbetter.cash\/hu\/#website","url":"https:\/\/spinbetter.cash\/hu\/","name":"Spinbetter Football HU","description":"My WordPress Blog","potentialAction":[{"@type":"SearchAction","target":{"@type":"EntryPoint","urlTemplate":"https:\/\/spinbetter.cash\/hu\/?s={search_term_string}"},"query-input":{"@type":"PropertyValueSpecification","valueRequired":true,"valueName":"search_term_string"}}],"inLanguage":"hu"}]}},"_links":{"self":[{"href":"https:\/\/spinbetter.cash\/hu\/wp-json\/wp\/v2\/pages\/364","targetHints":{"allow":["GET"]}}],"collection":[{"href":"https:\/\/spinbetter.cash\/hu\/wp-json\/wp\/v2\/pages"}],"about":[{"href":"https:\/\/spinbetter.cash\/hu\/wp-json\/wp\/v2\/types\/page"}],"author":[{"embeddable":true,"href":"https:\/\/spinbetter.cash\/hu\/wp-json\/wp\/v2\/users\/1"}],"replies":[{"embeddable":true,"href":"https:\/\/spinbetter.cash\/hu\/wp-json\/wp\/v2\/comments?post=364"}],"version-history":[{"count":35,"href":"https:\/\/spinbetter.cash\/hu\/wp-json\/wp\/v2\/pages\/364\/revisions"}],"predecessor-version":[{"id":717,"href":"https:\/\/spinbetter.cash\/hu\/wp-json\/wp\/v2\/pages\/364\/revisions\/717"}],"wp:attachment":[{"href":"https:\/\/spinbetter.cash\/hu\/wp-json\/wp\/v2\/media?parent=364"}],"curies":[{"name":"wp","href":"https:\/\/api.w.org\/{rel}","templated":true}]}}