{"id":354,"date":"2024-10-11T14:32:58","date_gmt":"2024-10-11T14:32:58","guid":{"rendered":"https:\/\/spinbetter.cash\/hu\/?page_id=354"},"modified":"2025-12-11T16:15:22","modified_gmt":"2025-12-11T16:15:22","slug":"registration","status":"publish","type":"page","link":"https:\/\/spinbetter.cash\/hu\/registration\/","title":{"rendered":"Fi\u00f3k regisztr\u00e1ci\u00f3"},"content":{"rendered":"","protected":false},"excerpt":{"rendered":"","protected":false},"author":1,"featured_media":0,"parent":0,"menu_order":0,"comment_status":"closed","ping_status":"closed","template":"","meta":{"_acf_changed":false,"footnotes":""},"class_list":["post-354","page","type-page","status-publish","hentry"],"acf":[],"yoast_head":"<!-- This site is optimized with the Yoast SEO plugin v27.3 - https:\/\/yoast.com\/product\/yoast-seo-wordpress\/ -->\n<title>SpinBetter Registration\ud83d\udd39Iratkozz Fel \u00e9s Szerezd Meg a 1750$ B\u00f3nuszt<\/title>\n<meta name=\"description\" content=\"SpinBetter Registration \u2714\ufe0f hozz l\u00e9tre biztons\u00e1gos fi\u00f3kot enged\u00e9lyezett k\u00f6rnyezetben, \u00e9s \u00e9rj el gyors hozz\u00e1f\u00e9r\u00e9st a kaszin\u00f3j\u00e1t\u00e9kokhoz, sportfogad\u00e1shoz, b\u00f3nuszokhoz \u00e9s k\u00e9nyelmes fizet\u00e9si eszk\u00f6z\u00f6kh\u00f6z.\" \/>\n<meta name=\"robots\" content=\"index, follow, max-snippet:-1, max-image-preview:large, max-video-preview:-1\" \/>\n<meta property=\"og:locale\" content=\"hu_HU\" \/>\n<meta property=\"og:type\" content=\"article\" \/>\n<meta property=\"og:title\" content=\"SpinBetter Registration\ud83d\udd39Iratkozz Fel \u00e9s Szerezd Meg a 1750$ B\u00f3nuszt\" \/>\n<meta property=\"og:description\" content=\"SpinBetter Registration \u2714\ufe0f hozz l\u00e9tre biztons\u00e1gos fi\u00f3kot enged\u00e9lyezett k\u00f6rnyezetben, \u00e9s \u00e9rj el gyors hozz\u00e1f\u00e9r\u00e9st a kaszin\u00f3j\u00e1t\u00e9kokhoz, sportfogad\u00e1shoz, b\u00f3nuszokhoz \u00e9s k\u00e9nyelmes fizet\u00e9si eszk\u00f6z\u00f6kh\u00f6z.\" \/>\n<meta property=\"og:url\" content=\"https:\/\/spinbetter.cash\/hu\/registration\/\" \/>\n<meta property=\"og:site_name\" content=\"Spinbetter Football HU\" \/>\n<meta property=\"article:modified_time\" content=\"2025-12-11T16:15:22+00:00\" \/>\n<meta name=\"twitter:card\" content=\"summary_large_image\" \/>\n<script type=\"application\/ld+json\" class=\"yoast-schema-graph\">{\"@context\":\"https:\\\/\\\/schema.org\",\"@graph\":[{\"@type\":\"WebPage\",\"@id\":\"https:\\\/\\\/spinbetter.cash\\\/hu\\\/registration\\\/\",\"url\":\"https:\\\/\\\/spinbetter.cash\\\/hu\\\/registration\\\/\",\"name\":\"SpinBetter Registration\ud83d\udd39Iratkozz Fel \u00e9s Szerezd Meg a 1750$ B\u00f3nuszt\",\"isPartOf\":{\"@id\":\"https:\\\/\\\/spinbetter.cash\\\/hu\\\/#website\"},\"datePublished\":\"2024-10-11T14:32:58+00:00\",\"dateModified\":\"2025-12-11T16:15:22+00:00\",\"description\":\"SpinBetter Registration \u2714\ufe0f hozz l\u00e9tre biztons\u00e1gos fi\u00f3kot enged\u00e9lyezett k\u00f6rnyezetben, \u00e9s \u00e9rj el gyors hozz\u00e1f\u00e9r\u00e9st a kaszin\u00f3j\u00e1t\u00e9kokhoz, sportfogad\u00e1shoz, b\u00f3nuszokhoz \u00e9s k\u00e9nyelmes fizet\u00e9si eszk\u00f6z\u00f6kh\u00f6z.\",\"breadcrumb\":{\"@id\":\"https:\\\/\\\/spinbetter.cash\\\/hu\\\/registration\\\/#breadcrumb\"},\"inLanguage\":\"hu\",\"potentialAction\":[{\"@type\":\"ReadAction\",\"target\":[\"https:\\\/\\\/spinbetter.cash\\\/hu\\\/registration\\\/\"]}]},{\"@type\":\"BreadcrumbList\",\"@id\":\"https:\\\/\\\/spinbetter.cash\\\/hu\\\/registration\\\/#breadcrumb\",\"itemListElement\":[{\"@type\":\"ListItem\",\"position\":1,\"name\":\"Home\",\"item\":\"https:\\\/\\\/spinbetter.cash\\\/hu\\\/\"},{\"@type\":\"ListItem\",\"position\":2,\"name\":\"Fi\u00f3k regisztr\u00e1ci\u00f3\"}]},{\"@type\":\"WebSite\",\"@id\":\"https:\\\/\\\/spinbetter.cash\\\/hu\\\/#website\",\"url\":\"https:\\\/\\\/spinbetter.cash\\\/hu\\\/\",\"name\":\"Spinbetter Football HU\",\"description\":\"My WordPress Blog\",\"potentialAction\":[{\"@type\":\"SearchAction\",\"target\":{\"@type\":\"EntryPoint\",\"urlTemplate\":\"https:\\\/\\\/spinbetter.cash\\\/hu\\\/?s={search_term_string}\"},\"query-input\":{\"@type\":\"PropertyValueSpecification\",\"valueRequired\":true,\"valueName\":\"search_term_string\"}}],\"inLanguage\":\"hu\"}]}<\/script>\n<!-- \/ Yoast SEO plugin. -->","yoast_head_json":{"title":"SpinBetter Registration\ud83d\udd39Iratkozz Fel \u00e9s Szerezd Meg a 1750$ B\u00f3nuszt","description":"SpinBetter Registration \u2714\ufe0f hozz l\u00e9tre biztons\u00e1gos fi\u00f3kot enged\u00e9lyezett k\u00f6rnyezetben, \u00e9s \u00e9rj el gyors hozz\u00e1f\u00e9r\u00e9st a kaszin\u00f3j\u00e1t\u00e9kokhoz, sportfogad\u00e1shoz, b\u00f3nuszokhoz \u00e9s k\u00e9nyelmes fizet\u00e9si eszk\u00f6z\u00f6kh\u00f6z.","robots":{"index":"index","follow":"follow","max-snippet":"max-snippet:-1","max-image-preview":"max-image-preview:large","max-video-preview":"max-video-preview:-1"},"og_locale":"hu_HU","og_type":"article","og_title":"SpinBetter Registration\ud83d\udd39Iratkozz Fel \u00e9s Szerezd Meg a 1750$ B\u00f3nuszt","og_description":"SpinBetter Registration \u2714\ufe0f hozz l\u00e9tre biztons\u00e1gos fi\u00f3kot enged\u00e9lyezett k\u00f6rnyezetben, \u00e9s \u00e9rj el gyors hozz\u00e1f\u00e9r\u00e9st a kaszin\u00f3j\u00e1t\u00e9kokhoz, sportfogad\u00e1shoz, b\u00f3nuszokhoz \u00e9s k\u00e9nyelmes fizet\u00e9si eszk\u00f6z\u00f6kh\u00f6z.","og_url":"https:\/\/spinbetter.cash\/hu\/registration\/","og_site_name":"Spinbetter Football HU","article_modified_time":"2025-12-11T16:15:22+00:00","twitter_card":"summary_large_image","schema":{"@context":"https:\/\/schema.org","@graph":[{"@type":"WebPage","@id":"https:\/\/spinbetter.cash\/hu\/registration\/","url":"https:\/\/spinbetter.cash\/hu\/registration\/","name":"SpinBetter Registration\ud83d\udd39Iratkozz Fel \u00e9s Szerezd Meg a 1750$ B\u00f3nuszt","isPartOf":{"@id":"https:\/\/spinbetter.cash\/hu\/#website"},"datePublished":"2024-10-11T14:32:58+00:00","dateModified":"2025-12-11T16:15:22+00:00","description":"SpinBetter Registration \u2714\ufe0f hozz l\u00e9tre biztons\u00e1gos fi\u00f3kot enged\u00e9lyezett k\u00f6rnyezetben, \u00e9s \u00e9rj el gyors hozz\u00e1f\u00e9r\u00e9st a kaszin\u00f3j\u00e1t\u00e9kokhoz, sportfogad\u00e1shoz, b\u00f3nuszokhoz \u00e9s k\u00e9nyelmes fizet\u00e9si eszk\u00f6z\u00f6kh\u00f6z.","breadcrumb":{"@id":"https:\/\/spinbetter.cash\/hu\/registration\/#breadcrumb"},"inLanguage":"hu","potentialAction":[{"@type":"ReadAction","target":["https:\/\/spinbetter.cash\/hu\/registration\/"]}]},{"@type":"BreadcrumbList","@id":"https:\/\/spinbetter.cash\/hu\/registration\/#breadcrumb","itemListElement":[{"@type":"ListItem","position":1,"name":"Home","item":"https:\/\/spinbetter.cash\/hu\/"},{"@type":"ListItem","position":2,"name":"Fi\u00f3k regisztr\u00e1ci\u00f3"}]},{"@type":"WebSite","@id":"https:\/\/spinbetter.cash\/hu\/#website","url":"https:\/\/spinbetter.cash\/hu\/","name":"Spinbetter Football HU","description":"My WordPress Blog","potentialAction":[{"@type":"SearchAction","target":{"@type":"EntryPoint","urlTemplate":"https:\/\/spinbetter.cash\/hu\/?s={search_term_string}"},"query-input":{"@type":"PropertyValueSpecification","valueRequired":true,"valueName":"search_term_string"}}],"inLanguage":"hu"}]}},"_links":{"self":[{"href":"https:\/\/spinbetter.cash\/hu\/wp-json\/wp\/v2\/pages\/354","targetHints":{"allow":["GET"]}}],"collection":[{"href":"https:\/\/spinbetter.cash\/hu\/wp-json\/wp\/v2\/pages"}],"about":[{"href":"https:\/\/spinbetter.cash\/hu\/wp-json\/wp\/v2\/types\/page"}],"author":[{"embeddable":true,"href":"https:\/\/spinbetter.cash\/hu\/wp-json\/wp\/v2\/users\/1"}],"replies":[{"embeddable":true,"href":"https:\/\/spinbetter.cash\/hu\/wp-json\/wp\/v2\/comments?post=354"}],"version-history":[{"count":28,"href":"https:\/\/spinbetter.cash\/hu\/wp-json\/wp\/v2\/pages\/354\/revisions"}],"predecessor-version":[{"id":694,"href":"https:\/\/spinbetter.cash\/hu\/wp-json\/wp\/v2\/pages\/354\/revisions\/694"}],"wp:attachment":[{"href":"https:\/\/spinbetter.cash\/hu\/wp-json\/wp\/v2\/media?parent=354"}],"curies":[{"name":"wp","href":"https:\/\/api.w.org\/{rel}","templated":true}]}}