{"id":336,"date":"2024-10-11T14:31:35","date_gmt":"2024-10-11T14:31:35","guid":{"rendered":"https:\/\/spinbetter.cash\/hu\/?page_id=336"},"modified":"2025-12-11T16:17:29","modified_gmt":"2025-12-11T16:17:29","slug":"login","status":"publish","type":"page","link":"https:\/\/spinbetter.cash\/hu\/login\/","title":{"rendered":"Bejelentkez\u00e9s"},"content":{"rendered":"","protected":false},"excerpt":{"rendered":"","protected":false},"author":1,"featured_media":0,"parent":0,"menu_order":0,"comment_status":"closed","ping_status":"closed","template":"","meta":{"_acf_changed":false,"footnotes":""},"class_list":["post-336","page","type-page","status-publish","hentry"],"acf":[],"yoast_head":"<!-- This site is optimized with the Yoast SEO plugin v27.3 - https:\/\/yoast.com\/product\/yoast-seo-wordpress\/ -->\n<title>SpinBetter Bel\u00e9p\u00e9s \u2714\ufe0f Gyors Hozz\u00e1f\u00e9r\u00e9s a Fogad\u00e1sokhoz \u00e9s Nyerem\u00e9nyekhez<\/title>\n<meta name=\"description\" content=\"SpinBetter Bejelentkez\u00e9s \u2705 biztons\u00e1gos fi\u00f3khozz\u00e1f\u00e9r\u00e9s v\u00e9dett autoriz\u00e1ci\u00f3val, gyors bel\u00e9p\u00e9s a kaszin\u00f3- \u00e9s sportfogad\u00e1si szekci\u00f3kba, teljes kontroll a fizet\u00e9sek \u00e9s b\u00f3nuszok kezel\u00e9se felett.\" \/>\n<meta name=\"robots\" content=\"index, follow, max-snippet:-1, max-image-preview:large, max-video-preview:-1\" \/>\n<meta property=\"og:locale\" content=\"hu_HU\" \/>\n<meta property=\"og:type\" content=\"article\" \/>\n<meta property=\"og:title\" content=\"SpinBetter Bel\u00e9p\u00e9s \u2714\ufe0f Gyors Hozz\u00e1f\u00e9r\u00e9s a Fogad\u00e1sokhoz \u00e9s Nyerem\u00e9nyekhez\" \/>\n<meta property=\"og:description\" content=\"SpinBetter Bejelentkez\u00e9s \u2705 biztons\u00e1gos fi\u00f3khozz\u00e1f\u00e9r\u00e9s v\u00e9dett autoriz\u00e1ci\u00f3val, gyors bel\u00e9p\u00e9s a kaszin\u00f3- \u00e9s sportfogad\u00e1si szekci\u00f3kba, teljes kontroll a fizet\u00e9sek \u00e9s b\u00f3nuszok kezel\u00e9se felett.\" \/>\n<meta property=\"og:url\" content=\"https:\/\/spinbetter.cash\/hu\/login\/\" \/>\n<meta property=\"og:site_name\" content=\"Spinbetter Football HU\" \/>\n<meta property=\"article:modified_time\" content=\"2025-12-11T16:17:29+00:00\" \/>\n<meta name=\"twitter:card\" content=\"summary_large_image\" \/>\n<script type=\"application\/ld+json\" class=\"yoast-schema-graph\">{\"@context\":\"https:\\\/\\\/schema.org\",\"@graph\":[{\"@type\":\"WebPage\",\"@id\":\"https:\\\/\\\/spinbetter.cash\\\/hu\\\/login\\\/\",\"url\":\"https:\\\/\\\/spinbetter.cash\\\/hu\\\/login\\\/\",\"name\":\"SpinBetter Bel\u00e9p\u00e9s \u2714\ufe0f Gyors Hozz\u00e1f\u00e9r\u00e9s a Fogad\u00e1sokhoz \u00e9s Nyerem\u00e9nyekhez\",\"isPartOf\":{\"@id\":\"https:\\\/\\\/spinbetter.cash\\\/hu\\\/#website\"},\"datePublished\":\"2024-10-11T14:31:35+00:00\",\"dateModified\":\"2025-12-11T16:17:29+00:00\",\"description\":\"SpinBetter Bejelentkez\u00e9s \u2705 biztons\u00e1gos fi\u00f3khozz\u00e1f\u00e9r\u00e9s v\u00e9dett autoriz\u00e1ci\u00f3val, gyors bel\u00e9p\u00e9s a kaszin\u00f3- \u00e9s sportfogad\u00e1si szekci\u00f3kba, teljes kontroll a fizet\u00e9sek \u00e9s b\u00f3nuszok kezel\u00e9se felett.\",\"breadcrumb\":{\"@id\":\"https:\\\/\\\/spinbetter.cash\\\/hu\\\/login\\\/#breadcrumb\"},\"inLanguage\":\"hu\",\"potentialAction\":[{\"@type\":\"ReadAction\",\"target\":[\"https:\\\/\\\/spinbetter.cash\\\/hu\\\/login\\\/\"]}]},{\"@type\":\"BreadcrumbList\",\"@id\":\"https:\\\/\\\/spinbetter.cash\\\/hu\\\/login\\\/#breadcrumb\",\"itemListElement\":[{\"@type\":\"ListItem\",\"position\":1,\"name\":\"Home\",\"item\":\"https:\\\/\\\/spinbetter.cash\\\/hu\\\/\"},{\"@type\":\"ListItem\",\"position\":2,\"name\":\"Bejelentkez\u00e9s\"}]},{\"@type\":\"WebSite\",\"@id\":\"https:\\\/\\\/spinbetter.cash\\\/hu\\\/#website\",\"url\":\"https:\\\/\\\/spinbetter.cash\\\/hu\\\/\",\"name\":\"Spinbetter Football HU\",\"description\":\"My WordPress Blog\",\"potentialAction\":[{\"@type\":\"SearchAction\",\"target\":{\"@type\":\"EntryPoint\",\"urlTemplate\":\"https:\\\/\\\/spinbetter.cash\\\/hu\\\/?s={search_term_string}\"},\"query-input\":{\"@type\":\"PropertyValueSpecification\",\"valueRequired\":true,\"valueName\":\"search_term_string\"}}],\"inLanguage\":\"hu\"}]}<\/script>\n<!-- \/ Yoast SEO plugin. -->","yoast_head_json":{"title":"SpinBetter Bel\u00e9p\u00e9s \u2714\ufe0f Gyors Hozz\u00e1f\u00e9r\u00e9s a Fogad\u00e1sokhoz \u00e9s Nyerem\u00e9nyekhez","description":"SpinBetter Bejelentkez\u00e9s \u2705 biztons\u00e1gos fi\u00f3khozz\u00e1f\u00e9r\u00e9s v\u00e9dett autoriz\u00e1ci\u00f3val, gyors bel\u00e9p\u00e9s a kaszin\u00f3- \u00e9s sportfogad\u00e1si szekci\u00f3kba, teljes kontroll a fizet\u00e9sek \u00e9s b\u00f3nuszok kezel\u00e9se felett.","robots":{"index":"index","follow":"follow","max-snippet":"max-snippet:-1","max-image-preview":"max-image-preview:large","max-video-preview":"max-video-preview:-1"},"og_locale":"hu_HU","og_type":"article","og_title":"SpinBetter Bel\u00e9p\u00e9s \u2714\ufe0f Gyors Hozz\u00e1f\u00e9r\u00e9s a Fogad\u00e1sokhoz \u00e9s Nyerem\u00e9nyekhez","og_description":"SpinBetter Bejelentkez\u00e9s \u2705 biztons\u00e1gos fi\u00f3khozz\u00e1f\u00e9r\u00e9s v\u00e9dett autoriz\u00e1ci\u00f3val, gyors bel\u00e9p\u00e9s a kaszin\u00f3- \u00e9s sportfogad\u00e1si szekci\u00f3kba, teljes kontroll a fizet\u00e9sek \u00e9s b\u00f3nuszok kezel\u00e9se felett.","og_url":"https:\/\/spinbetter.cash\/hu\/login\/","og_site_name":"Spinbetter Football HU","article_modified_time":"2025-12-11T16:17:29+00:00","twitter_card":"summary_large_image","schema":{"@context":"https:\/\/schema.org","@graph":[{"@type":"WebPage","@id":"https:\/\/spinbetter.cash\/hu\/login\/","url":"https:\/\/spinbetter.cash\/hu\/login\/","name":"SpinBetter Bel\u00e9p\u00e9s \u2714\ufe0f Gyors Hozz\u00e1f\u00e9r\u00e9s a Fogad\u00e1sokhoz \u00e9s Nyerem\u00e9nyekhez","isPartOf":{"@id":"https:\/\/spinbetter.cash\/hu\/#website"},"datePublished":"2024-10-11T14:31:35+00:00","dateModified":"2025-12-11T16:17:29+00:00","description":"SpinBetter Bejelentkez\u00e9s \u2705 biztons\u00e1gos fi\u00f3khozz\u00e1f\u00e9r\u00e9s v\u00e9dett autoriz\u00e1ci\u00f3val, gyors bel\u00e9p\u00e9s a kaszin\u00f3- \u00e9s sportfogad\u00e1si szekci\u00f3kba, teljes kontroll a fizet\u00e9sek \u00e9s b\u00f3nuszok kezel\u00e9se felett.","breadcrumb":{"@id":"https:\/\/spinbetter.cash\/hu\/login\/#breadcrumb"},"inLanguage":"hu","potentialAction":[{"@type":"ReadAction","target":["https:\/\/spinbetter.cash\/hu\/login\/"]}]},{"@type":"BreadcrumbList","@id":"https:\/\/spinbetter.cash\/hu\/login\/#breadcrumb","itemListElement":[{"@type":"ListItem","position":1,"name":"Home","item":"https:\/\/spinbetter.cash\/hu\/"},{"@type":"ListItem","position":2,"name":"Bejelentkez\u00e9s"}]},{"@type":"WebSite","@id":"https:\/\/spinbetter.cash\/hu\/#website","url":"https:\/\/spinbetter.cash\/hu\/","name":"Spinbetter Football HU","description":"My WordPress Blog","potentialAction":[{"@type":"SearchAction","target":{"@type":"EntryPoint","urlTemplate":"https:\/\/spinbetter.cash\/hu\/?s={search_term_string}"},"query-input":{"@type":"PropertyValueSpecification","valueRequired":true,"valueName":"search_term_string"}}],"inLanguage":"hu"}]}},"_links":{"self":[{"href":"https:\/\/spinbetter.cash\/hu\/wp-json\/wp\/v2\/pages\/336","targetHints":{"allow":["GET"]}}],"collection":[{"href":"https:\/\/spinbetter.cash\/hu\/wp-json\/wp\/v2\/pages"}],"about":[{"href":"https:\/\/spinbetter.cash\/hu\/wp-json\/wp\/v2\/types\/page"}],"author":[{"embeddable":true,"href":"https:\/\/spinbetter.cash\/hu\/wp-json\/wp\/v2\/users\/1"}],"replies":[{"embeddable":true,"href":"https:\/\/spinbetter.cash\/hu\/wp-json\/wp\/v2\/comments?post=336"}],"version-history":[{"count":20,"href":"https:\/\/spinbetter.cash\/hu\/wp-json\/wp\/v2\/pages\/336\/revisions"}],"predecessor-version":[{"id":705,"href":"https:\/\/spinbetter.cash\/hu\/wp-json\/wp\/v2\/pages\/336\/revisions\/705"}],"wp:attachment":[{"href":"https:\/\/spinbetter.cash\/hu\/wp-json\/wp\/v2\/media?parent=336"}],"curies":[{"name":"wp","href":"https:\/\/api.w.org\/{rel}","templated":true}]}}