{"id":320,"date":"2024-10-11T14:30:17","date_gmt":"2024-10-11T14:30:17","guid":{"rendered":"https:\/\/spinbetter.cash\/hu\/?page_id=320"},"modified":"2025-12-11T16:16:36","modified_gmt":"2025-12-11T16:16:36","slug":"sportsbook","status":"publish","type":"page","link":"https:\/\/spinbetter.cash\/hu\/sportsbook\/","title":{"rendered":"Sportfogad\u00e1s"},"content":{"rendered":"","protected":false},"excerpt":{"rendered":"","protected":false},"author":1,"featured_media":0,"parent":0,"menu_order":0,"comment_status":"closed","ping_status":"closed","template":"","meta":{"_acf_changed":false,"footnotes":""},"class_list":["post-320","page","type-page","status-publish","hentry"],"acf":[],"yoast_head":"<!-- This site is optimized with the Yoast SEO plugin v27.3 - https:\/\/yoast.com\/product\/yoast-seo-wordpress\/ -->\n<title>SpinBetter Fogad\u00e1s\ud83d\udd39Szerezd Meg a 1750$ \u00dcdv\u00f6zl\u0151 B\u00f3nuszt<\/title>\n<meta name=\"description\" content=\"SpinBetter Sportfogad\u00e1s\ud83d\udd39enged\u00e9lyezett fogad\u00f3iroda val\u00f3s idej\u0171 oddsokkal, sz\u00e9les esem\u00e9nyk\u00edn\u00e1lattal biztons\u00e1gos tranzakci\u00f3k, r\u00e9szletes statisztik\u00e1k \u00e9s rugalmas eszk\u00f6z\u00f6k a fogad\u00e1si \u00e9lm\u00e9nyhez.\" \/>\n<meta name=\"robots\" content=\"index, follow, max-snippet:-1, max-image-preview:large, max-video-preview:-1\" \/>\n<meta property=\"og:locale\" content=\"hu_HU\" \/>\n<meta property=\"og:type\" content=\"article\" \/>\n<meta property=\"og:title\" content=\"SpinBetter Fogad\u00e1s\ud83d\udd39Szerezd Meg a 1750$ \u00dcdv\u00f6zl\u0151 B\u00f3nuszt\" \/>\n<meta property=\"og:description\" content=\"SpinBetter Sportfogad\u00e1s\ud83d\udd39enged\u00e9lyezett fogad\u00f3iroda val\u00f3s idej\u0171 oddsokkal, sz\u00e9les esem\u00e9nyk\u00edn\u00e1lattal biztons\u00e1gos tranzakci\u00f3k, r\u00e9szletes statisztik\u00e1k \u00e9s rugalmas eszk\u00f6z\u00f6k a fogad\u00e1si \u00e9lm\u00e9nyhez.\" \/>\n<meta property=\"og:url\" content=\"https:\/\/spinbetter.cash\/hu\/sportsbook\/\" \/>\n<meta property=\"og:site_name\" content=\"Spinbetter Football HU\" \/>\n<meta property=\"article:modified_time\" content=\"2025-12-11T16:16:36+00:00\" \/>\n<meta name=\"twitter:card\" content=\"summary_large_image\" \/>\n<script type=\"application\/ld+json\" class=\"yoast-schema-graph\">{\"@context\":\"https:\\\/\\\/schema.org\",\"@graph\":[{\"@type\":\"WebPage\",\"@id\":\"https:\\\/\\\/spinbetter.cash\\\/hu\\\/sportsbook\\\/\",\"url\":\"https:\\\/\\\/spinbetter.cash\\\/hu\\\/sportsbook\\\/\",\"name\":\"SpinBetter Fogad\u00e1s\ud83d\udd39Szerezd Meg a 1750$ \u00dcdv\u00f6zl\u0151 B\u00f3nuszt\",\"isPartOf\":{\"@id\":\"https:\\\/\\\/spinbetter.cash\\\/hu\\\/#website\"},\"datePublished\":\"2024-10-11T14:30:17+00:00\",\"dateModified\":\"2025-12-11T16:16:36+00:00\",\"description\":\"SpinBetter Sportfogad\u00e1s\ud83d\udd39enged\u00e9lyezett fogad\u00f3iroda val\u00f3s idej\u0171 oddsokkal, sz\u00e9les esem\u00e9nyk\u00edn\u00e1lattal biztons\u00e1gos tranzakci\u00f3k, r\u00e9szletes statisztik\u00e1k \u00e9s rugalmas eszk\u00f6z\u00f6k a fogad\u00e1si \u00e9lm\u00e9nyhez.\",\"breadcrumb\":{\"@id\":\"https:\\\/\\\/spinbetter.cash\\\/hu\\\/sportsbook\\\/#breadcrumb\"},\"inLanguage\":\"hu\",\"potentialAction\":[{\"@type\":\"ReadAction\",\"target\":[\"https:\\\/\\\/spinbetter.cash\\\/hu\\\/sportsbook\\\/\"]}]},{\"@type\":\"BreadcrumbList\",\"@id\":\"https:\\\/\\\/spinbetter.cash\\\/hu\\\/sportsbook\\\/#breadcrumb\",\"itemListElement\":[{\"@type\":\"ListItem\",\"position\":1,\"name\":\"Home\",\"item\":\"https:\\\/\\\/spinbetter.cash\\\/hu\\\/\"},{\"@type\":\"ListItem\",\"position\":2,\"name\":\"Sportfogad\u00e1s\"}]},{\"@type\":\"WebSite\",\"@id\":\"https:\\\/\\\/spinbetter.cash\\\/hu\\\/#website\",\"url\":\"https:\\\/\\\/spinbetter.cash\\\/hu\\\/\",\"name\":\"Spinbetter Football HU\",\"description\":\"My WordPress Blog\",\"potentialAction\":[{\"@type\":\"SearchAction\",\"target\":{\"@type\":\"EntryPoint\",\"urlTemplate\":\"https:\\\/\\\/spinbetter.cash\\\/hu\\\/?s={search_term_string}\"},\"query-input\":{\"@type\":\"PropertyValueSpecification\",\"valueRequired\":true,\"valueName\":\"search_term_string\"}}],\"inLanguage\":\"hu\"}]}<\/script>\n<!-- \/ Yoast SEO plugin. -->","yoast_head_json":{"title":"SpinBetter Fogad\u00e1s\ud83d\udd39Szerezd Meg a 1750$ \u00dcdv\u00f6zl\u0151 B\u00f3nuszt","description":"SpinBetter Sportfogad\u00e1s\ud83d\udd39enged\u00e9lyezett fogad\u00f3iroda val\u00f3s idej\u0171 oddsokkal, sz\u00e9les esem\u00e9nyk\u00edn\u00e1lattal biztons\u00e1gos tranzakci\u00f3k, r\u00e9szletes statisztik\u00e1k \u00e9s rugalmas eszk\u00f6z\u00f6k a fogad\u00e1si \u00e9lm\u00e9nyhez.","robots":{"index":"index","follow":"follow","max-snippet":"max-snippet:-1","max-image-preview":"max-image-preview:large","max-video-preview":"max-video-preview:-1"},"og_locale":"hu_HU","og_type":"article","og_title":"SpinBetter Fogad\u00e1s\ud83d\udd39Szerezd Meg a 1750$ \u00dcdv\u00f6zl\u0151 B\u00f3nuszt","og_description":"SpinBetter Sportfogad\u00e1s\ud83d\udd39enged\u00e9lyezett fogad\u00f3iroda val\u00f3s idej\u0171 oddsokkal, sz\u00e9les esem\u00e9nyk\u00edn\u00e1lattal biztons\u00e1gos tranzakci\u00f3k, r\u00e9szletes statisztik\u00e1k \u00e9s rugalmas eszk\u00f6z\u00f6k a fogad\u00e1si \u00e9lm\u00e9nyhez.","og_url":"https:\/\/spinbetter.cash\/hu\/sportsbook\/","og_site_name":"Spinbetter Football HU","article_modified_time":"2025-12-11T16:16:36+00:00","twitter_card":"summary_large_image","schema":{"@context":"https:\/\/schema.org","@graph":[{"@type":"WebPage","@id":"https:\/\/spinbetter.cash\/hu\/sportsbook\/","url":"https:\/\/spinbetter.cash\/hu\/sportsbook\/","name":"SpinBetter Fogad\u00e1s\ud83d\udd39Szerezd Meg a 1750$ \u00dcdv\u00f6zl\u0151 B\u00f3nuszt","isPartOf":{"@id":"https:\/\/spinbetter.cash\/hu\/#website"},"datePublished":"2024-10-11T14:30:17+00:00","dateModified":"2025-12-11T16:16:36+00:00","description":"SpinBetter Sportfogad\u00e1s\ud83d\udd39enged\u00e9lyezett fogad\u00f3iroda val\u00f3s idej\u0171 oddsokkal, sz\u00e9les esem\u00e9nyk\u00edn\u00e1lattal biztons\u00e1gos tranzakci\u00f3k, r\u00e9szletes statisztik\u00e1k \u00e9s rugalmas eszk\u00f6z\u00f6k a fogad\u00e1si \u00e9lm\u00e9nyhez.","breadcrumb":{"@id":"https:\/\/spinbetter.cash\/hu\/sportsbook\/#breadcrumb"},"inLanguage":"hu","potentialAction":[{"@type":"ReadAction","target":["https:\/\/spinbetter.cash\/hu\/sportsbook\/"]}]},{"@type":"BreadcrumbList","@id":"https:\/\/spinbetter.cash\/hu\/sportsbook\/#breadcrumb","itemListElement":[{"@type":"ListItem","position":1,"name":"Home","item":"https:\/\/spinbetter.cash\/hu\/"},{"@type":"ListItem","position":2,"name":"Sportfogad\u00e1s"}]},{"@type":"WebSite","@id":"https:\/\/spinbetter.cash\/hu\/#website","url":"https:\/\/spinbetter.cash\/hu\/","name":"Spinbetter Football HU","description":"My WordPress Blog","potentialAction":[{"@type":"SearchAction","target":{"@type":"EntryPoint","urlTemplate":"https:\/\/spinbetter.cash\/hu\/?s={search_term_string}"},"query-input":{"@type":"PropertyValueSpecification","valueRequired":true,"valueName":"search_term_string"}}],"inLanguage":"hu"}]}},"_links":{"self":[{"href":"https:\/\/spinbetter.cash\/hu\/wp-json\/wp\/v2\/pages\/320","targetHints":{"allow":["GET"]}}],"collection":[{"href":"https:\/\/spinbetter.cash\/hu\/wp-json\/wp\/v2\/pages"}],"about":[{"href":"https:\/\/spinbetter.cash\/hu\/wp-json\/wp\/v2\/types\/page"}],"author":[{"embeddable":true,"href":"https:\/\/spinbetter.cash\/hu\/wp-json\/wp\/v2\/users\/1"}],"replies":[{"embeddable":true,"href":"https:\/\/spinbetter.cash\/hu\/wp-json\/wp\/v2\/comments?post=320"}],"version-history":[{"count":17,"href":"https:\/\/spinbetter.cash\/hu\/wp-json\/wp\/v2\/pages\/320\/revisions"}],"predecessor-version":[{"id":700,"href":"https:\/\/spinbetter.cash\/hu\/wp-json\/wp\/v2\/pages\/320\/revisions\/700"}],"wp:attachment":[{"href":"https:\/\/spinbetter.cash\/hu\/wp-json\/wp\/v2\/media?parent=320"}],"curies":[{"name":"wp","href":"https:\/\/api.w.org\/{rel}","templated":true}]}}