{"id":297,"date":"2024-10-11T14:29:57","date_gmt":"2024-10-11T14:29:57","guid":{"rendered":"https:\/\/spinbetter.cash\/hu\/?page_id=297"},"modified":"2025-12-11T16:15:37","modified_gmt":"2025-12-11T16:15:37","slug":"casino","status":"publish","type":"page","link":"https:\/\/spinbetter.cash\/hu\/casino\/","title":{"rendered":"Kaszin\u00f3"},"content":{"rendered":"","protected":false},"excerpt":{"rendered":"","protected":false},"author":1,"featured_media":0,"parent":0,"menu_order":0,"comment_status":"closed","ping_status":"closed","template":"","meta":{"_acf_changed":false,"footnotes":""},"class_list":["post-297","page","type-page","status-publish","hentry"],"acf":[],"yoast_head":"<!-- This site is optimized with the Yoast SEO plugin v27.3 - https:\/\/yoast.com\/product\/yoast-seo-wordpress\/ -->\n<title>SpinBetter Casino\u26a11750$ \u00dcdv\u00f6zl\u0151 B\u00f3nusz V\u00e1r R\u00e1d<\/title>\n<meta name=\"description\" content=\"SpinBetter Casino \u26a1 enged\u00e9lyezett online kaszin\u00f3 nyer\u0151g\u00e9pekkel, \u00e9l\u0151 oszt\u00f3s j\u00e1t\u00e9kokkal \u00e9s jackpotokkal biztons\u00e1gos fizet\u00e9sek, gyors bet\u00f6lt\u00e9s \u00e9s \u00e1tl\u00e1that\u00f3 b\u00f3nuszprogram akt\u00edv j\u00e1t\u00e9kosok sz\u00e1m\u00e1ra.\" \/>\n<meta name=\"robots\" content=\"index, follow, max-snippet:-1, max-image-preview:large, max-video-preview:-1\" \/>\n<meta property=\"og:locale\" content=\"hu_HU\" \/>\n<meta property=\"og:type\" content=\"article\" \/>\n<meta property=\"og:title\" content=\"SpinBetter Casino\u26a11750$ \u00dcdv\u00f6zl\u0151 B\u00f3nusz V\u00e1r R\u00e1d\" \/>\n<meta property=\"og:description\" content=\"SpinBetter Casino \u26a1 enged\u00e9lyezett online kaszin\u00f3 nyer\u0151g\u00e9pekkel, \u00e9l\u0151 oszt\u00f3s j\u00e1t\u00e9kokkal \u00e9s jackpotokkal biztons\u00e1gos fizet\u00e9sek, gyors bet\u00f6lt\u00e9s \u00e9s \u00e1tl\u00e1that\u00f3 b\u00f3nuszprogram akt\u00edv j\u00e1t\u00e9kosok sz\u00e1m\u00e1ra.\" \/>\n<meta property=\"og:url\" content=\"https:\/\/spinbetter.cash\/hu\/casino\/\" \/>\n<meta property=\"og:site_name\" content=\"Spinbetter Football HU\" \/>\n<meta property=\"article:modified_time\" content=\"2025-12-11T16:15:37+00:00\" \/>\n<meta name=\"twitter:card\" content=\"summary_large_image\" \/>\n<script type=\"application\/ld+json\" class=\"yoast-schema-graph\">{\"@context\":\"https:\\\/\\\/schema.org\",\"@graph\":[{\"@type\":\"WebPage\",\"@id\":\"https:\\\/\\\/spinbetter.cash\\\/hu\\\/casino\\\/\",\"url\":\"https:\\\/\\\/spinbetter.cash\\\/hu\\\/casino\\\/\",\"name\":\"SpinBetter Casino\u26a11750$ \u00dcdv\u00f6zl\u0151 B\u00f3nusz V\u00e1r R\u00e1d\",\"isPartOf\":{\"@id\":\"https:\\\/\\\/spinbetter.cash\\\/hu\\\/#website\"},\"datePublished\":\"2024-10-11T14:29:57+00:00\",\"dateModified\":\"2025-12-11T16:15:37+00:00\",\"description\":\"SpinBetter Casino \u26a1 enged\u00e9lyezett online kaszin\u00f3 nyer\u0151g\u00e9pekkel, \u00e9l\u0151 oszt\u00f3s j\u00e1t\u00e9kokkal \u00e9s jackpotokkal biztons\u00e1gos fizet\u00e9sek, gyors bet\u00f6lt\u00e9s \u00e9s \u00e1tl\u00e1that\u00f3 b\u00f3nuszprogram akt\u00edv j\u00e1t\u00e9kosok sz\u00e1m\u00e1ra.\",\"breadcrumb\":{\"@id\":\"https:\\\/\\\/spinbetter.cash\\\/hu\\\/casino\\\/#breadcrumb\"},\"inLanguage\":\"hu\",\"potentialAction\":[{\"@type\":\"ReadAction\",\"target\":[\"https:\\\/\\\/spinbetter.cash\\\/hu\\\/casino\\\/\"]}]},{\"@type\":\"BreadcrumbList\",\"@id\":\"https:\\\/\\\/spinbetter.cash\\\/hu\\\/casino\\\/#breadcrumb\",\"itemListElement\":[{\"@type\":\"ListItem\",\"position\":1,\"name\":\"Home\",\"item\":\"https:\\\/\\\/spinbetter.cash\\\/hu\\\/\"},{\"@type\":\"ListItem\",\"position\":2,\"name\":\"Kaszin\u00f3\"}]},{\"@type\":\"WebSite\",\"@id\":\"https:\\\/\\\/spinbetter.cash\\\/hu\\\/#website\",\"url\":\"https:\\\/\\\/spinbetter.cash\\\/hu\\\/\",\"name\":\"Spinbetter Football HU\",\"description\":\"My WordPress Blog\",\"potentialAction\":[{\"@type\":\"SearchAction\",\"target\":{\"@type\":\"EntryPoint\",\"urlTemplate\":\"https:\\\/\\\/spinbetter.cash\\\/hu\\\/?s={search_term_string}\"},\"query-input\":{\"@type\":\"PropertyValueSpecification\",\"valueRequired\":true,\"valueName\":\"search_term_string\"}}],\"inLanguage\":\"hu\"}]}<\/script>\n<!-- \/ Yoast SEO plugin. -->","yoast_head_json":{"title":"SpinBetter Casino\u26a11750$ \u00dcdv\u00f6zl\u0151 B\u00f3nusz V\u00e1r R\u00e1d","description":"SpinBetter Casino \u26a1 enged\u00e9lyezett online kaszin\u00f3 nyer\u0151g\u00e9pekkel, \u00e9l\u0151 oszt\u00f3s j\u00e1t\u00e9kokkal \u00e9s jackpotokkal biztons\u00e1gos fizet\u00e9sek, gyors bet\u00f6lt\u00e9s \u00e9s \u00e1tl\u00e1that\u00f3 b\u00f3nuszprogram akt\u00edv j\u00e1t\u00e9kosok sz\u00e1m\u00e1ra.","robots":{"index":"index","follow":"follow","max-snippet":"max-snippet:-1","max-image-preview":"max-image-preview:large","max-video-preview":"max-video-preview:-1"},"og_locale":"hu_HU","og_type":"article","og_title":"SpinBetter Casino\u26a11750$ \u00dcdv\u00f6zl\u0151 B\u00f3nusz V\u00e1r R\u00e1d","og_description":"SpinBetter Casino \u26a1 enged\u00e9lyezett online kaszin\u00f3 nyer\u0151g\u00e9pekkel, \u00e9l\u0151 oszt\u00f3s j\u00e1t\u00e9kokkal \u00e9s jackpotokkal biztons\u00e1gos fizet\u00e9sek, gyors bet\u00f6lt\u00e9s \u00e9s \u00e1tl\u00e1that\u00f3 b\u00f3nuszprogram akt\u00edv j\u00e1t\u00e9kosok sz\u00e1m\u00e1ra.","og_url":"https:\/\/spinbetter.cash\/hu\/casino\/","og_site_name":"Spinbetter Football HU","article_modified_time":"2025-12-11T16:15:37+00:00","twitter_card":"summary_large_image","schema":{"@context":"https:\/\/schema.org","@graph":[{"@type":"WebPage","@id":"https:\/\/spinbetter.cash\/hu\/casino\/","url":"https:\/\/spinbetter.cash\/hu\/casino\/","name":"SpinBetter Casino\u26a11750$ \u00dcdv\u00f6zl\u0151 B\u00f3nusz V\u00e1r R\u00e1d","isPartOf":{"@id":"https:\/\/spinbetter.cash\/hu\/#website"},"datePublished":"2024-10-11T14:29:57+00:00","dateModified":"2025-12-11T16:15:37+00:00","description":"SpinBetter Casino \u26a1 enged\u00e9lyezett online kaszin\u00f3 nyer\u0151g\u00e9pekkel, \u00e9l\u0151 oszt\u00f3s j\u00e1t\u00e9kokkal \u00e9s jackpotokkal biztons\u00e1gos fizet\u00e9sek, gyors bet\u00f6lt\u00e9s \u00e9s \u00e1tl\u00e1that\u00f3 b\u00f3nuszprogram akt\u00edv j\u00e1t\u00e9kosok sz\u00e1m\u00e1ra.","breadcrumb":{"@id":"https:\/\/spinbetter.cash\/hu\/casino\/#breadcrumb"},"inLanguage":"hu","potentialAction":[{"@type":"ReadAction","target":["https:\/\/spinbetter.cash\/hu\/casino\/"]}]},{"@type":"BreadcrumbList","@id":"https:\/\/spinbetter.cash\/hu\/casino\/#breadcrumb","itemListElement":[{"@type":"ListItem","position":1,"name":"Home","item":"https:\/\/spinbetter.cash\/hu\/"},{"@type":"ListItem","position":2,"name":"Kaszin\u00f3"}]},{"@type":"WebSite","@id":"https:\/\/spinbetter.cash\/hu\/#website","url":"https:\/\/spinbetter.cash\/hu\/","name":"Spinbetter Football HU","description":"My WordPress Blog","potentialAction":[{"@type":"SearchAction","target":{"@type":"EntryPoint","urlTemplate":"https:\/\/spinbetter.cash\/hu\/?s={search_term_string}"},"query-input":{"@type":"PropertyValueSpecification","valueRequired":true,"valueName":"search_term_string"}}],"inLanguage":"hu"}]}},"_links":{"self":[{"href":"https:\/\/spinbetter.cash\/hu\/wp-json\/wp\/v2\/pages\/297","targetHints":{"allow":["GET"]}}],"collection":[{"href":"https:\/\/spinbetter.cash\/hu\/wp-json\/wp\/v2\/pages"}],"about":[{"href":"https:\/\/spinbetter.cash\/hu\/wp-json\/wp\/v2\/types\/page"}],"author":[{"embeddable":true,"href":"https:\/\/spinbetter.cash\/hu\/wp-json\/wp\/v2\/users\/1"}],"replies":[{"embeddable":true,"href":"https:\/\/spinbetter.cash\/hu\/wp-json\/wp\/v2\/comments?post=297"}],"version-history":[{"count":25,"href":"https:\/\/spinbetter.cash\/hu\/wp-json\/wp\/v2\/pages\/297\/revisions"}],"predecessor-version":[{"id":695,"href":"https:\/\/spinbetter.cash\/hu\/wp-json\/wp\/v2\/pages\/297\/revisions\/695"}],"wp:attachment":[{"href":"https:\/\/spinbetter.cash\/hu\/wp-json\/wp\/v2\/media?parent=297"}],"curies":[{"name":"wp","href":"https:\/\/api.w.org\/{rel}","templated":true}]}}