{"id":152,"date":"2023-05-18T17:39:43","date_gmt":"2023-05-18T17:39:43","guid":{"rendered":"https:\/\/spinbetter.cash\/hu\/?page_id=152"},"modified":"2025-12-11T16:16:48","modified_gmt":"2025-12-11T16:16:48","slug":"bonus","status":"publish","type":"page","link":"https:\/\/spinbetter.cash\/hu\/bonus\/","title":{"rendered":"B\u00f3nusz"},"content":{"rendered":"","protected":false},"excerpt":{"rendered":"","protected":false},"author":1,"featured_media":0,"parent":0,"menu_order":0,"comment_status":"closed","ping_status":"closed","template":"","meta":{"_acf_changed":false,"footnotes":""},"class_list":["post-152","page","type-page","status-publish","hentry"],"acf":[],"yoast_head":"<!-- This site is optimized with the Yoast SEO plugin v27.3 - https:\/\/yoast.com\/product\/yoast-seo-wordpress\/ -->\n<title>SpinBetter Bonus\u26a1Aj\u00e1nlatok Kaszin\u00f3hoz \u00e9s Sportfogad\u00e1shoz<\/title>\n<meta name=\"description\" content=\"Fedezd fel a SpinBetter Bonus \u2728 \u00fcdv\u00f6zl\u0151 aj\u00e1nlatok, folyamatos prom\u00f3ci\u00f3k, h\u0171s\u00e9gjutalmak \u00e9s esem\u00e9nyb\u00f3nuszok mindez biztons\u00e1gos, min\u0151s\u00edtett k\u00f6rnyezetben \u00e9rhet\u0151 el.\" \/>\n<meta name=\"robots\" content=\"index, follow, max-snippet:-1, max-image-preview:large, max-video-preview:-1\" \/>\n<meta property=\"og:locale\" content=\"hu_HU\" \/>\n<meta property=\"og:type\" content=\"article\" \/>\n<meta property=\"og:title\" content=\"SpinBetter Bonus\u26a1Aj\u00e1nlatok Kaszin\u00f3hoz \u00e9s Sportfogad\u00e1shoz\" \/>\n<meta property=\"og:description\" content=\"Fedezd fel a SpinBetter Bonus \u2728 \u00fcdv\u00f6zl\u0151 aj\u00e1nlatok, folyamatos prom\u00f3ci\u00f3k, h\u0171s\u00e9gjutalmak \u00e9s esem\u00e9nyb\u00f3nuszok mindez biztons\u00e1gos, min\u0151s\u00edtett k\u00f6rnyezetben \u00e9rhet\u0151 el.\" \/>\n<meta property=\"og:url\" content=\"https:\/\/spinbetter.cash\/hu\/bonus\/\" \/>\n<meta property=\"og:site_name\" content=\"Spinbetter Football HU\" \/>\n<meta property=\"article:modified_time\" content=\"2025-12-11T16:16:48+00:00\" \/>\n<meta name=\"twitter:card\" content=\"summary_large_image\" \/>\n<script type=\"application\/ld+json\" class=\"yoast-schema-graph\">{\"@context\":\"https:\\\/\\\/schema.org\",\"@graph\":[{\"@type\":\"WebPage\",\"@id\":\"https:\\\/\\\/spinbetter.cash\\\/hu\\\/bonus\\\/\",\"url\":\"https:\\\/\\\/spinbetter.cash\\\/hu\\\/bonus\\\/\",\"name\":\"SpinBetter Bonus\u26a1Aj\u00e1nlatok Kaszin\u00f3hoz \u00e9s Sportfogad\u00e1shoz\",\"isPartOf\":{\"@id\":\"https:\\\/\\\/spinbetter.cash\\\/hu\\\/#website\"},\"datePublished\":\"2023-05-18T17:39:43+00:00\",\"dateModified\":\"2025-12-11T16:16:48+00:00\",\"description\":\"Fedezd fel a SpinBetter Bonus \u2728 \u00fcdv\u00f6zl\u0151 aj\u00e1nlatok, folyamatos prom\u00f3ci\u00f3k, h\u0171s\u00e9gjutalmak \u00e9s esem\u00e9nyb\u00f3nuszok mindez biztons\u00e1gos, min\u0151s\u00edtett k\u00f6rnyezetben \u00e9rhet\u0151 el.\",\"breadcrumb\":{\"@id\":\"https:\\\/\\\/spinbetter.cash\\\/hu\\\/bonus\\\/#breadcrumb\"},\"inLanguage\":\"hu\",\"potentialAction\":[{\"@type\":\"ReadAction\",\"target\":[\"https:\\\/\\\/spinbetter.cash\\\/hu\\\/bonus\\\/\"]}]},{\"@type\":\"BreadcrumbList\",\"@id\":\"https:\\\/\\\/spinbetter.cash\\\/hu\\\/bonus\\\/#breadcrumb\",\"itemListElement\":[{\"@type\":\"ListItem\",\"position\":1,\"name\":\"Home\",\"item\":\"https:\\\/\\\/spinbetter.cash\\\/hu\\\/\"},{\"@type\":\"ListItem\",\"position\":2,\"name\":\"B\u00f3nusz\"}]},{\"@type\":\"WebSite\",\"@id\":\"https:\\\/\\\/spinbetter.cash\\\/hu\\\/#website\",\"url\":\"https:\\\/\\\/spinbetter.cash\\\/hu\\\/\",\"name\":\"Spinbetter Football HU\",\"description\":\"My WordPress Blog\",\"potentialAction\":[{\"@type\":\"SearchAction\",\"target\":{\"@type\":\"EntryPoint\",\"urlTemplate\":\"https:\\\/\\\/spinbetter.cash\\\/hu\\\/?s={search_term_string}\"},\"query-input\":{\"@type\":\"PropertyValueSpecification\",\"valueRequired\":true,\"valueName\":\"search_term_string\"}}],\"inLanguage\":\"hu\"}]}<\/script>\n<!-- \/ Yoast SEO plugin. -->","yoast_head_json":{"title":"SpinBetter Bonus\u26a1Aj\u00e1nlatok Kaszin\u00f3hoz \u00e9s Sportfogad\u00e1shoz","description":"Fedezd fel a SpinBetter Bonus \u2728 \u00fcdv\u00f6zl\u0151 aj\u00e1nlatok, folyamatos prom\u00f3ci\u00f3k, h\u0171s\u00e9gjutalmak \u00e9s esem\u00e9nyb\u00f3nuszok mindez biztons\u00e1gos, min\u0151s\u00edtett k\u00f6rnyezetben \u00e9rhet\u0151 el.","robots":{"index":"index","follow":"follow","max-snippet":"max-snippet:-1","max-image-preview":"max-image-preview:large","max-video-preview":"max-video-preview:-1"},"og_locale":"hu_HU","og_type":"article","og_title":"SpinBetter Bonus\u26a1Aj\u00e1nlatok Kaszin\u00f3hoz \u00e9s Sportfogad\u00e1shoz","og_description":"Fedezd fel a SpinBetter Bonus \u2728 \u00fcdv\u00f6zl\u0151 aj\u00e1nlatok, folyamatos prom\u00f3ci\u00f3k, h\u0171s\u00e9gjutalmak \u00e9s esem\u00e9nyb\u00f3nuszok mindez biztons\u00e1gos, min\u0151s\u00edtett k\u00f6rnyezetben \u00e9rhet\u0151 el.","og_url":"https:\/\/spinbetter.cash\/hu\/bonus\/","og_site_name":"Spinbetter Football HU","article_modified_time":"2025-12-11T16:16:48+00:00","twitter_card":"summary_large_image","schema":{"@context":"https:\/\/schema.org","@graph":[{"@type":"WebPage","@id":"https:\/\/spinbetter.cash\/hu\/bonus\/","url":"https:\/\/spinbetter.cash\/hu\/bonus\/","name":"SpinBetter Bonus\u26a1Aj\u00e1nlatok Kaszin\u00f3hoz \u00e9s Sportfogad\u00e1shoz","isPartOf":{"@id":"https:\/\/spinbetter.cash\/hu\/#website"},"datePublished":"2023-05-18T17:39:43+00:00","dateModified":"2025-12-11T16:16:48+00:00","description":"Fedezd fel a SpinBetter Bonus \u2728 \u00fcdv\u00f6zl\u0151 aj\u00e1nlatok, folyamatos prom\u00f3ci\u00f3k, h\u0171s\u00e9gjutalmak \u00e9s esem\u00e9nyb\u00f3nuszok mindez biztons\u00e1gos, min\u0151s\u00edtett k\u00f6rnyezetben \u00e9rhet\u0151 el.","breadcrumb":{"@id":"https:\/\/spinbetter.cash\/hu\/bonus\/#breadcrumb"},"inLanguage":"hu","potentialAction":[{"@type":"ReadAction","target":["https:\/\/spinbetter.cash\/hu\/bonus\/"]}]},{"@type":"BreadcrumbList","@id":"https:\/\/spinbetter.cash\/hu\/bonus\/#breadcrumb","itemListElement":[{"@type":"ListItem","position":1,"name":"Home","item":"https:\/\/spinbetter.cash\/hu\/"},{"@type":"ListItem","position":2,"name":"B\u00f3nusz"}]},{"@type":"WebSite","@id":"https:\/\/spinbetter.cash\/hu\/#website","url":"https:\/\/spinbetter.cash\/hu\/","name":"Spinbetter Football HU","description":"My WordPress Blog","potentialAction":[{"@type":"SearchAction","target":{"@type":"EntryPoint","urlTemplate":"https:\/\/spinbetter.cash\/hu\/?s={search_term_string}"},"query-input":{"@type":"PropertyValueSpecification","valueRequired":true,"valueName":"search_term_string"}}],"inLanguage":"hu"}]}},"_links":{"self":[{"href":"https:\/\/spinbetter.cash\/hu\/wp-json\/wp\/v2\/pages\/152","targetHints":{"allow":["GET"]}}],"collection":[{"href":"https:\/\/spinbetter.cash\/hu\/wp-json\/wp\/v2\/pages"}],"about":[{"href":"https:\/\/spinbetter.cash\/hu\/wp-json\/wp\/v2\/types\/page"}],"author":[{"embeddable":true,"href":"https:\/\/spinbetter.cash\/hu\/wp-json\/wp\/v2\/users\/1"}],"replies":[{"embeddable":true,"href":"https:\/\/spinbetter.cash\/hu\/wp-json\/wp\/v2\/comments?post=152"}],"version-history":[{"count":25,"href":"https:\/\/spinbetter.cash\/hu\/wp-json\/wp\/v2\/pages\/152\/revisions"}],"predecessor-version":[{"id":702,"href":"https:\/\/spinbetter.cash\/hu\/wp-json\/wp\/v2\/pages\/152\/revisions\/702"}],"wp:attachment":[{"href":"https:\/\/spinbetter.cash\/hu\/wp-json\/wp\/v2\/media?parent=152"}],"curies":[{"name":"wp","href":"https:\/\/api.w.org\/{rel}","templated":true}]}}