{"id":635,"date":"2025-06-05T22:43:31","date_gmt":"2025-06-05T22:43:31","guid":{"rendered":"https:\/\/spinbetter.cash\/hr\/?page_id=635"},"modified":"2025-06-11T14:04:03","modified_gmt":"2025-06-11T14:04:03","slug":"100-free-spins","status":"publish","type":"page","link":"https:\/\/spinbetter.cash\/hr\/bonus\/100-free-spins\/","title":{"rendered":"Zgrabi 100 FS-a &#8211; Odmah!"},"content":{"rendered":"","protected":false},"excerpt":{"rendered":"","protected":false},"author":1,"featured_media":0,"parent":152,"menu_order":0,"comment_status":"closed","ping_status":"closed","template":"","meta":{"_acf_changed":false,"footnotes":""},"class_list":["post-635","page","type-page","status-publish","hentry"],"acf":[],"yoast_head":"<!-- This site is optimized with the Yoast SEO plugin v27.3 - https:\/\/yoast.com\/product\/yoast-seo-wordpress\/ -->\n<title>100 FS na SpinBetteru za pretplatu na Telegram | Bez depozita!<\/title>\n<meta name=\"description\" content=\"Zgrabite 100 besplatnih vrtnji bez depozita samo pretplatom na na\u0161 Telegram feed! Pridru\u017eite se SpinBetter. Va\u0161a igra po\u010dinje sada!\" \/>\n<meta name=\"robots\" content=\"index, follow, max-snippet:-1, max-image-preview:large, max-video-preview:-1\" \/>\n<meta property=\"og:locale\" content=\"hr_HR\" \/>\n<meta property=\"og:type\" content=\"article\" \/>\n<meta property=\"og:title\" content=\"100 FS na SpinBetteru za pretplatu na Telegram | Bez depozita!\" \/>\n<meta property=\"og:description\" content=\"Zgrabite 100 besplatnih vrtnji bez depozita samo pretplatom na na\u0161 Telegram feed! Pridru\u017eite se SpinBetter. Va\u0161a igra po\u010dinje sada!\" \/>\n<meta property=\"og:url\" content=\"https:\/\/spinbetter.cash\/hr\/bonus\/100-free-spins\/\" \/>\n<meta property=\"og:site_name\" content=\"Spinbetter football HR\" \/>\n<meta property=\"article:modified_time\" content=\"2025-06-11T14:04:03+00:00\" \/>\n<meta name=\"twitter:card\" content=\"summary_large_image\" \/>\n<script type=\"application\/ld+json\" class=\"yoast-schema-graph\">{\"@context\":\"https:\\\/\\\/schema.org\",\"@graph\":[{\"@type\":\"WebPage\",\"@id\":\"https:\\\/\\\/spinbetter.cash\\\/hr\\\/bonus\\\/100-free-spins\\\/\",\"url\":\"https:\\\/\\\/spinbetter.cash\\\/hr\\\/bonus\\\/100-free-spins\\\/\",\"name\":\"100 FS na SpinBetteru za pretplatu na Telegram | Bez depozita!\",\"isPartOf\":{\"@id\":\"https:\\\/\\\/spinbetter.cash\\\/hr\\\/#website\"},\"datePublished\":\"2025-06-05T22:43:31+00:00\",\"dateModified\":\"2025-06-11T14:04:03+00:00\",\"description\":\"Zgrabite 100 besplatnih vrtnji bez depozita samo pretplatom na na\u0161 Telegram feed! Pridru\u017eite se SpinBetter. Va\u0161a igra po\u010dinje sada!\",\"breadcrumb\":{\"@id\":\"https:\\\/\\\/spinbetter.cash\\\/hr\\\/bonus\\\/100-free-spins\\\/#breadcrumb\"},\"inLanguage\":\"hr\",\"potentialAction\":[{\"@type\":\"ReadAction\",\"target\":[\"https:\\\/\\\/spinbetter.cash\\\/hr\\\/bonus\\\/100-free-spins\\\/\"]}]},{\"@type\":\"BreadcrumbList\",\"@id\":\"https:\\\/\\\/spinbetter.cash\\\/hr\\\/bonus\\\/100-free-spins\\\/#breadcrumb\",\"itemListElement\":[{\"@type\":\"ListItem\",\"position\":1,\"name\":\"Home\",\"item\":\"https:\\\/\\\/spinbetter.cash\\\/hr\\\/\"},{\"@type\":\"ListItem\",\"position\":2,\"name\":\"Bonus\",\"item\":\"https:\\\/\\\/spinbetter.cash\\\/hr\\\/bonus\\\/\"},{\"@type\":\"ListItem\",\"position\":3,\"name\":\"Zgrabi 100 FS-a &#8211; Odmah!\"}]},{\"@type\":\"WebSite\",\"@id\":\"https:\\\/\\\/spinbetter.cash\\\/hr\\\/#website\",\"url\":\"https:\\\/\\\/spinbetter.cash\\\/hr\\\/\",\"name\":\"Spinbetter football HR\",\"description\":\"My WordPress Blog\",\"potentialAction\":[{\"@type\":\"SearchAction\",\"target\":{\"@type\":\"EntryPoint\",\"urlTemplate\":\"https:\\\/\\\/spinbetter.cash\\\/hr\\\/?s={search_term_string}\"},\"query-input\":{\"@type\":\"PropertyValueSpecification\",\"valueRequired\":true,\"valueName\":\"search_term_string\"}}],\"inLanguage\":\"hr\"}]}<\/script>\n<!-- \/ Yoast SEO plugin. -->","yoast_head_json":{"title":"100 FS na SpinBetteru za pretplatu na Telegram | Bez depozita!","description":"Zgrabite 100 besplatnih vrtnji bez depozita samo pretplatom na na\u0161 Telegram feed! Pridru\u017eite se SpinBetter. Va\u0161a igra po\u010dinje sada!","robots":{"index":"index","follow":"follow","max-snippet":"max-snippet:-1","max-image-preview":"max-image-preview:large","max-video-preview":"max-video-preview:-1"},"og_locale":"hr_HR","og_type":"article","og_title":"100 FS na SpinBetteru za pretplatu na Telegram | Bez depozita!","og_description":"Zgrabite 100 besplatnih vrtnji bez depozita samo pretplatom na na\u0161 Telegram feed! Pridru\u017eite se SpinBetter. Va\u0161a igra po\u010dinje sada!","og_url":"https:\/\/spinbetter.cash\/hr\/bonus\/100-free-spins\/","og_site_name":"Spinbetter football HR","article_modified_time":"2025-06-11T14:04:03+00:00","twitter_card":"summary_large_image","schema":{"@context":"https:\/\/schema.org","@graph":[{"@type":"WebPage","@id":"https:\/\/spinbetter.cash\/hr\/bonus\/100-free-spins\/","url":"https:\/\/spinbetter.cash\/hr\/bonus\/100-free-spins\/","name":"100 FS na SpinBetteru za pretplatu na Telegram | Bez depozita!","isPartOf":{"@id":"https:\/\/spinbetter.cash\/hr\/#website"},"datePublished":"2025-06-05T22:43:31+00:00","dateModified":"2025-06-11T14:04:03+00:00","description":"Zgrabite 100 besplatnih vrtnji bez depozita samo pretplatom na na\u0161 Telegram feed! Pridru\u017eite se SpinBetter. Va\u0161a igra po\u010dinje sada!","breadcrumb":{"@id":"https:\/\/spinbetter.cash\/hr\/bonus\/100-free-spins\/#breadcrumb"},"inLanguage":"hr","potentialAction":[{"@type":"ReadAction","target":["https:\/\/spinbetter.cash\/hr\/bonus\/100-free-spins\/"]}]},{"@type":"BreadcrumbList","@id":"https:\/\/spinbetter.cash\/hr\/bonus\/100-free-spins\/#breadcrumb","itemListElement":[{"@type":"ListItem","position":1,"name":"Home","item":"https:\/\/spinbetter.cash\/hr\/"},{"@type":"ListItem","position":2,"name":"Bonus","item":"https:\/\/spinbetter.cash\/hr\/bonus\/"},{"@type":"ListItem","position":3,"name":"Zgrabi 100 FS-a &#8211; Odmah!"}]},{"@type":"WebSite","@id":"https:\/\/spinbetter.cash\/hr\/#website","url":"https:\/\/spinbetter.cash\/hr\/","name":"Spinbetter football HR","description":"My WordPress Blog","potentialAction":[{"@type":"SearchAction","target":{"@type":"EntryPoint","urlTemplate":"https:\/\/spinbetter.cash\/hr\/?s={search_term_string}"},"query-input":{"@type":"PropertyValueSpecification","valueRequired":true,"valueName":"search_term_string"}}],"inLanguage":"hr"}]}},"_links":{"self":[{"href":"https:\/\/spinbetter.cash\/hr\/wp-json\/wp\/v2\/pages\/635","targetHints":{"allow":["GET"]}}],"collection":[{"href":"https:\/\/spinbetter.cash\/hr\/wp-json\/wp\/v2\/pages"}],"about":[{"href":"https:\/\/spinbetter.cash\/hr\/wp-json\/wp\/v2\/types\/page"}],"author":[{"embeddable":true,"href":"https:\/\/spinbetter.cash\/hr\/wp-json\/wp\/v2\/users\/1"}],"replies":[{"embeddable":true,"href":"https:\/\/spinbetter.cash\/hr\/wp-json\/wp\/v2\/comments?post=635"}],"version-history":[{"count":1,"href":"https:\/\/spinbetter.cash\/hr\/wp-json\/wp\/v2\/pages\/635\/revisions"}],"predecessor-version":[{"id":636,"href":"https:\/\/spinbetter.cash\/hr\/wp-json\/wp\/v2\/pages\/635\/revisions\/636"}],"up":[{"embeddable":true,"href":"https:\/\/spinbetter.cash\/hr\/wp-json\/wp\/v2\/pages\/152"}],"wp:attachment":[{"href":"https:\/\/spinbetter.cash\/hr\/wp-json\/wp\/v2\/media?parent=635"}],"curies":[{"name":"wp","href":"https:\/\/api.w.org\/{rel}","templated":true}]}}