{"id":626,"date":"2025-05-29T13:56:42","date_gmt":"2025-05-29T13:56:42","guid":{"rendered":"https:\/\/spinbetter.cash\/hr\/?page_id=626"},"modified":"2025-06-11T14:19:59","modified_gmt":"2025-06-11T14:19:59","slug":"bonuses-for-five-deposits","status":"publish","type":"page","link":"https:\/\/spinbetter.cash\/hr\/bonus\/bonuses-for-five-deposits\/","title":{"rendered":"Bonusi na 5 depozita"},"content":{"rendered":"","protected":false},"excerpt":{"rendered":"","protected":false},"author":1,"featured_media":0,"parent":152,"menu_order":0,"comment_status":"closed","ping_status":"closed","template":"","meta":{"_acf_changed":false,"footnotes":""},"class_list":["post-626","page","type-page","status-publish","hentry"],"acf":[],"yoast_head":"<!-- This site is optimized with the Yoast SEO plugin v27.3 - https:\/\/yoast.com\/product\/yoast-seo-wordpress\/ -->\n<title>SpinBetter promocija &gt; Bonusi na 5 depozita za sportsko kla\u0111enje<\/title>\n<meta name=\"description\" content=\"Zapo\u010dnite svoje putovanje sa SpinBetter i ostvarite bonuse na prvih pet depozita za sportsko kla\u0111enje \u2013 do 100 EUR! Pridru\u017eite se sada!\" \/>\n<meta name=\"robots\" content=\"index, follow, max-snippet:-1, max-image-preview:large, max-video-preview:-1\" \/>\n<meta property=\"og:locale\" content=\"hr_HR\" \/>\n<meta property=\"og:type\" content=\"article\" \/>\n<meta property=\"og:title\" content=\"SpinBetter promocija &gt; Bonusi na 5 depozita za sportsko kla\u0111enje\" \/>\n<meta property=\"og:description\" content=\"Zapo\u010dnite svoje putovanje sa SpinBetter i ostvarite bonuse na prvih pet depozita za sportsko kla\u0111enje \u2013 do 100 EUR! Pridru\u017eite se sada!\" \/>\n<meta property=\"og:url\" content=\"https:\/\/spinbetter.cash\/hr\/bonus\/bonuses-for-five-deposits\/\" \/>\n<meta property=\"og:site_name\" content=\"Spinbetter football HR\" \/>\n<meta property=\"article:modified_time\" content=\"2025-06-11T14:19:59+00:00\" \/>\n<meta name=\"twitter:card\" content=\"summary_large_image\" \/>\n<script type=\"application\/ld+json\" class=\"yoast-schema-graph\">{\"@context\":\"https:\\\/\\\/schema.org\",\"@graph\":[{\"@type\":\"WebPage\",\"@id\":\"https:\\\/\\\/spinbetter.cash\\\/hr\\\/bonus\\\/bonuses-for-five-deposits\\\/\",\"url\":\"https:\\\/\\\/spinbetter.cash\\\/hr\\\/bonus\\\/bonuses-for-five-deposits\\\/\",\"name\":\"SpinBetter promocija > Bonusi na 5 depozita za sportsko kla\u0111enje\",\"isPartOf\":{\"@id\":\"https:\\\/\\\/spinbetter.cash\\\/hr\\\/#website\"},\"datePublished\":\"2025-05-29T13:56:42+00:00\",\"dateModified\":\"2025-06-11T14:19:59+00:00\",\"description\":\"Zapo\u010dnite svoje putovanje sa SpinBetter i ostvarite bonuse na prvih pet depozita za sportsko kla\u0111enje \u2013 do 100 EUR! Pridru\u017eite se sada!\",\"breadcrumb\":{\"@id\":\"https:\\\/\\\/spinbetter.cash\\\/hr\\\/bonus\\\/bonuses-for-five-deposits\\\/#breadcrumb\"},\"inLanguage\":\"hr\",\"potentialAction\":[{\"@type\":\"ReadAction\",\"target\":[\"https:\\\/\\\/spinbetter.cash\\\/hr\\\/bonus\\\/bonuses-for-five-deposits\\\/\"]}]},{\"@type\":\"BreadcrumbList\",\"@id\":\"https:\\\/\\\/spinbetter.cash\\\/hr\\\/bonus\\\/bonuses-for-five-deposits\\\/#breadcrumb\",\"itemListElement\":[{\"@type\":\"ListItem\",\"position\":1,\"name\":\"Home\",\"item\":\"https:\\\/\\\/spinbetter.cash\\\/hr\\\/\"},{\"@type\":\"ListItem\",\"position\":2,\"name\":\"Bonus\",\"item\":\"https:\\\/\\\/spinbetter.cash\\\/hr\\\/bonus\\\/\"},{\"@type\":\"ListItem\",\"position\":3,\"name\":\"Bonusi na 5 depozita\"}]},{\"@type\":\"WebSite\",\"@id\":\"https:\\\/\\\/spinbetter.cash\\\/hr\\\/#website\",\"url\":\"https:\\\/\\\/spinbetter.cash\\\/hr\\\/\",\"name\":\"Spinbetter football HR\",\"description\":\"My WordPress Blog\",\"potentialAction\":[{\"@type\":\"SearchAction\",\"target\":{\"@type\":\"EntryPoint\",\"urlTemplate\":\"https:\\\/\\\/spinbetter.cash\\\/hr\\\/?s={search_term_string}\"},\"query-input\":{\"@type\":\"PropertyValueSpecification\",\"valueRequired\":true,\"valueName\":\"search_term_string\"}}],\"inLanguage\":\"hr\"}]}<\/script>\n<!-- \/ Yoast SEO plugin. -->","yoast_head_json":{"title":"SpinBetter promocija > Bonusi na 5 depozita za sportsko kla\u0111enje","description":"Zapo\u010dnite svoje putovanje sa SpinBetter i ostvarite bonuse na prvih pet depozita za sportsko kla\u0111enje \u2013 do 100 EUR! Pridru\u017eite se sada!","robots":{"index":"index","follow":"follow","max-snippet":"max-snippet:-1","max-image-preview":"max-image-preview:large","max-video-preview":"max-video-preview:-1"},"og_locale":"hr_HR","og_type":"article","og_title":"SpinBetter promocija > Bonusi na 5 depozita za sportsko kla\u0111enje","og_description":"Zapo\u010dnite svoje putovanje sa SpinBetter i ostvarite bonuse na prvih pet depozita za sportsko kla\u0111enje \u2013 do 100 EUR! Pridru\u017eite se sada!","og_url":"https:\/\/spinbetter.cash\/hr\/bonus\/bonuses-for-five-deposits\/","og_site_name":"Spinbetter football HR","article_modified_time":"2025-06-11T14:19:59+00:00","twitter_card":"summary_large_image","schema":{"@context":"https:\/\/schema.org","@graph":[{"@type":"WebPage","@id":"https:\/\/spinbetter.cash\/hr\/bonus\/bonuses-for-five-deposits\/","url":"https:\/\/spinbetter.cash\/hr\/bonus\/bonuses-for-five-deposits\/","name":"SpinBetter promocija > Bonusi na 5 depozita za sportsko kla\u0111enje","isPartOf":{"@id":"https:\/\/spinbetter.cash\/hr\/#website"},"datePublished":"2025-05-29T13:56:42+00:00","dateModified":"2025-06-11T14:19:59+00:00","description":"Zapo\u010dnite svoje putovanje sa SpinBetter i ostvarite bonuse na prvih pet depozita za sportsko kla\u0111enje \u2013 do 100 EUR! Pridru\u017eite se sada!","breadcrumb":{"@id":"https:\/\/spinbetter.cash\/hr\/bonus\/bonuses-for-five-deposits\/#breadcrumb"},"inLanguage":"hr","potentialAction":[{"@type":"ReadAction","target":["https:\/\/spinbetter.cash\/hr\/bonus\/bonuses-for-five-deposits\/"]}]},{"@type":"BreadcrumbList","@id":"https:\/\/spinbetter.cash\/hr\/bonus\/bonuses-for-five-deposits\/#breadcrumb","itemListElement":[{"@type":"ListItem","position":1,"name":"Home","item":"https:\/\/spinbetter.cash\/hr\/"},{"@type":"ListItem","position":2,"name":"Bonus","item":"https:\/\/spinbetter.cash\/hr\/bonus\/"},{"@type":"ListItem","position":3,"name":"Bonusi na 5 depozita"}]},{"@type":"WebSite","@id":"https:\/\/spinbetter.cash\/hr\/#website","url":"https:\/\/spinbetter.cash\/hr\/","name":"Spinbetter football HR","description":"My WordPress Blog","potentialAction":[{"@type":"SearchAction","target":{"@type":"EntryPoint","urlTemplate":"https:\/\/spinbetter.cash\/hr\/?s={search_term_string}"},"query-input":{"@type":"PropertyValueSpecification","valueRequired":true,"valueName":"search_term_string"}}],"inLanguage":"hr"}]}},"_links":{"self":[{"href":"https:\/\/spinbetter.cash\/hr\/wp-json\/wp\/v2\/pages\/626","targetHints":{"allow":["GET"]}}],"collection":[{"href":"https:\/\/spinbetter.cash\/hr\/wp-json\/wp\/v2\/pages"}],"about":[{"href":"https:\/\/spinbetter.cash\/hr\/wp-json\/wp\/v2\/types\/page"}],"author":[{"embeddable":true,"href":"https:\/\/spinbetter.cash\/hr\/wp-json\/wp\/v2\/users\/1"}],"replies":[{"embeddable":true,"href":"https:\/\/spinbetter.cash\/hr\/wp-json\/wp\/v2\/comments?post=626"}],"version-history":[{"count":1,"href":"https:\/\/spinbetter.cash\/hr\/wp-json\/wp\/v2\/pages\/626\/revisions"}],"predecessor-version":[{"id":627,"href":"https:\/\/spinbetter.cash\/hr\/wp-json\/wp\/v2\/pages\/626\/revisions\/627"}],"up":[{"embeddable":true,"href":"https:\/\/spinbetter.cash\/hr\/wp-json\/wp\/v2\/pages\/152"}],"wp:attachment":[{"href":"https:\/\/spinbetter.cash\/hr\/wp-json\/wp\/v2\/media?parent=626"}],"curies":[{"name":"wp","href":"https:\/\/api.w.org\/{rel}","templated":true}]}}