{"id":434,"date":"2024-10-11T14:32:24","date_gmt":"2024-10-11T14:32:24","guid":{"rendered":"https:\/\/spinbetter.cash\/hr\/?page_id=434"},"modified":"2025-06-11T13:57:27","modified_gmt":"2025-06-11T13:57:27","slug":"player-reviews","status":"publish","type":"page","link":"https:\/\/spinbetter.cash\/hr\/player-reviews\/","title":{"rendered":"Recenzije igra\u010da"},"content":{"rendered":"","protected":false},"excerpt":{"rendered":"","protected":false},"author":1,"featured_media":0,"parent":0,"menu_order":0,"comment_status":"closed","ping_status":"closed","template":"","meta":{"_acf_changed":false,"footnotes":""},"class_list":["post-434","page","type-page","status-publish","hentry"],"acf":[],"yoast_head":"<!-- This site is optimized with the Yoast SEO plugin v27.3 - https:\/\/yoast.com\/product\/yoast-seo-wordpress\/ -->\n<title>SpinBetter casino i recenzije kladionica<\/title>\n<meta name=\"description\" content=\"Pro\u010ditajte stvarne recenzije o SpinBetter. Saznajte kako se drugi klade, pobje\u0111uju i dobivaju velikodu\u0161ne bonuse!\" \/>\n<meta name=\"robots\" content=\"index, follow, max-snippet:-1, max-image-preview:large, max-video-preview:-1\" \/>\n<meta property=\"og:locale\" content=\"hr_HR\" \/>\n<meta property=\"og:type\" content=\"article\" \/>\n<meta property=\"og:title\" content=\"SpinBetter casino i recenzije kladionica\" \/>\n<meta property=\"og:description\" content=\"Pro\u010ditajte stvarne recenzije o SpinBetter. Saznajte kako se drugi klade, pobje\u0111uju i dobivaju velikodu\u0161ne bonuse!\" \/>\n<meta property=\"og:url\" content=\"https:\/\/spinbetter.cash\/hr\/player-reviews\/\" \/>\n<meta property=\"og:site_name\" content=\"Spinbetter football HR\" \/>\n<meta property=\"article:modified_time\" content=\"2025-06-11T13:57:27+00:00\" \/>\n<meta name=\"twitter:card\" content=\"summary_large_image\" \/>\n<script type=\"application\/ld+json\" class=\"yoast-schema-graph\">{\"@context\":\"https:\\\/\\\/schema.org\",\"@graph\":[{\"@type\":\"WebPage\",\"@id\":\"https:\\\/\\\/spinbetter.cash\\\/hr\\\/player-reviews\\\/\",\"url\":\"https:\\\/\\\/spinbetter.cash\\\/hr\\\/player-reviews\\\/\",\"name\":\"SpinBetter casino i recenzije kladionica\",\"isPartOf\":{\"@id\":\"https:\\\/\\\/spinbetter.cash\\\/hr\\\/#website\"},\"datePublished\":\"2024-10-11T14:32:24+00:00\",\"dateModified\":\"2025-06-11T13:57:27+00:00\",\"description\":\"Pro\u010ditajte stvarne recenzije o SpinBetter. Saznajte kako se drugi klade, pobje\u0111uju i dobivaju velikodu\u0161ne bonuse!\",\"breadcrumb\":{\"@id\":\"https:\\\/\\\/spinbetter.cash\\\/hr\\\/player-reviews\\\/#breadcrumb\"},\"inLanguage\":\"hr\",\"potentialAction\":[{\"@type\":\"ReadAction\",\"target\":[\"https:\\\/\\\/spinbetter.cash\\\/hr\\\/player-reviews\\\/\"]}]},{\"@type\":\"BreadcrumbList\",\"@id\":\"https:\\\/\\\/spinbetter.cash\\\/hr\\\/player-reviews\\\/#breadcrumb\",\"itemListElement\":[{\"@type\":\"ListItem\",\"position\":1,\"name\":\"Home\",\"item\":\"https:\\\/\\\/spinbetter.cash\\\/hr\\\/\"},{\"@type\":\"ListItem\",\"position\":2,\"name\":\"Recenzije igra\u010da\"}]},{\"@type\":\"WebSite\",\"@id\":\"https:\\\/\\\/spinbetter.cash\\\/hr\\\/#website\",\"url\":\"https:\\\/\\\/spinbetter.cash\\\/hr\\\/\",\"name\":\"Spinbetter football HR\",\"description\":\"My WordPress Blog\",\"potentialAction\":[{\"@type\":\"SearchAction\",\"target\":{\"@type\":\"EntryPoint\",\"urlTemplate\":\"https:\\\/\\\/spinbetter.cash\\\/hr\\\/?s={search_term_string}\"},\"query-input\":{\"@type\":\"PropertyValueSpecification\",\"valueRequired\":true,\"valueName\":\"search_term_string\"}}],\"inLanguage\":\"hr\"}]}<\/script>\n<!-- \/ Yoast SEO plugin. -->","yoast_head_json":{"title":"SpinBetter casino i recenzije kladionica","description":"Pro\u010ditajte stvarne recenzije o SpinBetter. Saznajte kako se drugi klade, pobje\u0111uju i dobivaju velikodu\u0161ne bonuse!","robots":{"index":"index","follow":"follow","max-snippet":"max-snippet:-1","max-image-preview":"max-image-preview:large","max-video-preview":"max-video-preview:-1"},"og_locale":"hr_HR","og_type":"article","og_title":"SpinBetter casino i recenzije kladionica","og_description":"Pro\u010ditajte stvarne recenzije o SpinBetter. Saznajte kako se drugi klade, pobje\u0111uju i dobivaju velikodu\u0161ne bonuse!","og_url":"https:\/\/spinbetter.cash\/hr\/player-reviews\/","og_site_name":"Spinbetter football HR","article_modified_time":"2025-06-11T13:57:27+00:00","twitter_card":"summary_large_image","schema":{"@context":"https:\/\/schema.org","@graph":[{"@type":"WebPage","@id":"https:\/\/spinbetter.cash\/hr\/player-reviews\/","url":"https:\/\/spinbetter.cash\/hr\/player-reviews\/","name":"SpinBetter casino i recenzije kladionica","isPartOf":{"@id":"https:\/\/spinbetter.cash\/hr\/#website"},"datePublished":"2024-10-11T14:32:24+00:00","dateModified":"2025-06-11T13:57:27+00:00","description":"Pro\u010ditajte stvarne recenzije o SpinBetter. Saznajte kako se drugi klade, pobje\u0111uju i dobivaju velikodu\u0161ne bonuse!","breadcrumb":{"@id":"https:\/\/spinbetter.cash\/hr\/player-reviews\/#breadcrumb"},"inLanguage":"hr","potentialAction":[{"@type":"ReadAction","target":["https:\/\/spinbetter.cash\/hr\/player-reviews\/"]}]},{"@type":"BreadcrumbList","@id":"https:\/\/spinbetter.cash\/hr\/player-reviews\/#breadcrumb","itemListElement":[{"@type":"ListItem","position":1,"name":"Home","item":"https:\/\/spinbetter.cash\/hr\/"},{"@type":"ListItem","position":2,"name":"Recenzije igra\u010da"}]},{"@type":"WebSite","@id":"https:\/\/spinbetter.cash\/hr\/#website","url":"https:\/\/spinbetter.cash\/hr\/","name":"Spinbetter football HR","description":"My WordPress Blog","potentialAction":[{"@type":"SearchAction","target":{"@type":"EntryPoint","urlTemplate":"https:\/\/spinbetter.cash\/hr\/?s={search_term_string}"},"query-input":{"@type":"PropertyValueSpecification","valueRequired":true,"valueName":"search_term_string"}}],"inLanguage":"hr"}]}},"_links":{"self":[{"href":"https:\/\/spinbetter.cash\/hr\/wp-json\/wp\/v2\/pages\/434","targetHints":{"allow":["GET"]}}],"collection":[{"href":"https:\/\/spinbetter.cash\/hr\/wp-json\/wp\/v2\/pages"}],"about":[{"href":"https:\/\/spinbetter.cash\/hr\/wp-json\/wp\/v2\/types\/page"}],"author":[{"embeddable":true,"href":"https:\/\/spinbetter.cash\/hr\/wp-json\/wp\/v2\/users\/1"}],"replies":[{"embeddable":true,"href":"https:\/\/spinbetter.cash\/hr\/wp-json\/wp\/v2\/comments?post=434"}],"version-history":[{"count":24,"href":"https:\/\/spinbetter.cash\/hr\/wp-json\/wp\/v2\/pages\/434\/revisions"}],"predecessor-version":[{"id":600,"href":"https:\/\/spinbetter.cash\/hr\/wp-json\/wp\/v2\/pages\/434\/revisions\/600"}],"wp:attachment":[{"href":"https:\/\/spinbetter.cash\/hr\/wp-json\/wp\/v2\/media?parent=434"}],"curies":[{"name":"wp","href":"https:\/\/api.w.org\/{rel}","templated":true}]}}