{"id":354,"date":"2024-10-11T14:32:58","date_gmt":"2024-10-11T14:32:58","guid":{"rendered":"https:\/\/spinbetter.cash\/hr\/?page_id=354"},"modified":"2025-11-20T08:41:03","modified_gmt":"2025-11-20T08:41:03","slug":"registration","status":"publish","type":"page","link":"https:\/\/spinbetter.cash\/hr\/registration\/","title":{"rendered":"Registracija"},"content":{"rendered":"","protected":false},"excerpt":{"rendered":"","protected":false},"author":1,"featured_media":0,"parent":0,"menu_order":0,"comment_status":"closed","ping_status":"closed","template":"","meta":{"_acf_changed":false,"footnotes":""},"class_list":["post-354","page","type-page","status-publish","hentry"],"acf":[],"yoast_head":"<!-- This site is optimized with the Yoast SEO plugin v27.3 - https:\/\/yoast.com\/product\/yoast-seo-wordpress\/ -->\n<title>SpinBetter Registracija | Take the bonus and start winning!<\/title>\n<meta name=\"description\" content=\"Registracija na SpinBetter. Jednostavan po\u010detak: stvorite ra\u010dun, ostvarite bonus, po\u010dnite se kladiti na sport i osvojite ve\u0107 danas!\" \/>\n<meta name=\"robots\" content=\"index, follow, max-snippet:-1, max-image-preview:large, max-video-preview:-1\" \/>\n<meta property=\"og:locale\" content=\"hr_HR\" \/>\n<meta property=\"og:type\" content=\"article\" \/>\n<meta property=\"og:title\" content=\"SpinBetter Registracija | Take the bonus and start winning!\" \/>\n<meta property=\"og:description\" content=\"Registracija na SpinBetter. Jednostavan po\u010detak: stvorite ra\u010dun, ostvarite bonus, po\u010dnite se kladiti na sport i osvojite ve\u0107 danas!\" \/>\n<meta property=\"og:url\" content=\"https:\/\/spinbetter.cash\/hr\/registration\/\" \/>\n<meta property=\"og:site_name\" content=\"Spinbetter football HR\" \/>\n<meta property=\"article:modified_time\" content=\"2025-11-20T08:41:03+00:00\" \/>\n<meta name=\"twitter:card\" content=\"summary_large_image\" \/>\n<script type=\"application\/ld+json\" class=\"yoast-schema-graph\">{\"@context\":\"https:\\\/\\\/schema.org\",\"@graph\":[{\"@type\":\"WebPage\",\"@id\":\"https:\\\/\\\/spinbetter.cash\\\/hr\\\/registration\\\/\",\"url\":\"https:\\\/\\\/spinbetter.cash\\\/hr\\\/registration\\\/\",\"name\":\"SpinBetter Registracija | Take the bonus and start winning!\",\"isPartOf\":{\"@id\":\"https:\\\/\\\/spinbetter.cash\\\/hr\\\/#website\"},\"datePublished\":\"2024-10-11T14:32:58+00:00\",\"dateModified\":\"2025-11-20T08:41:03+00:00\",\"description\":\"Registracija na SpinBetter. Jednostavan po\u010detak: stvorite ra\u010dun, ostvarite bonus, po\u010dnite se kladiti na sport i osvojite ve\u0107 danas!\",\"breadcrumb\":{\"@id\":\"https:\\\/\\\/spinbetter.cash\\\/hr\\\/registration\\\/#breadcrumb\"},\"inLanguage\":\"hr\",\"potentialAction\":[{\"@type\":\"ReadAction\",\"target\":[\"https:\\\/\\\/spinbetter.cash\\\/hr\\\/registration\\\/\"]}]},{\"@type\":\"BreadcrumbList\",\"@id\":\"https:\\\/\\\/spinbetter.cash\\\/hr\\\/registration\\\/#breadcrumb\",\"itemListElement\":[{\"@type\":\"ListItem\",\"position\":1,\"name\":\"Home\",\"item\":\"https:\\\/\\\/spinbetter.cash\\\/hr\\\/\"},{\"@type\":\"ListItem\",\"position\":2,\"name\":\"Registracija\"}]},{\"@type\":\"WebSite\",\"@id\":\"https:\\\/\\\/spinbetter.cash\\\/hr\\\/#website\",\"url\":\"https:\\\/\\\/spinbetter.cash\\\/hr\\\/\",\"name\":\"Spinbetter football HR\",\"description\":\"My WordPress Blog\",\"potentialAction\":[{\"@type\":\"SearchAction\",\"target\":{\"@type\":\"EntryPoint\",\"urlTemplate\":\"https:\\\/\\\/spinbetter.cash\\\/hr\\\/?s={search_term_string}\"},\"query-input\":{\"@type\":\"PropertyValueSpecification\",\"valueRequired\":true,\"valueName\":\"search_term_string\"}}],\"inLanguage\":\"hr\"}]}<\/script>\n<!-- \/ Yoast SEO plugin. -->","yoast_head_json":{"title":"SpinBetter Registracija | Take the bonus and start winning!","description":"Registracija na SpinBetter. Jednostavan po\u010detak: stvorite ra\u010dun, ostvarite bonus, po\u010dnite se kladiti na sport i osvojite ve\u0107 danas!","robots":{"index":"index","follow":"follow","max-snippet":"max-snippet:-1","max-image-preview":"max-image-preview:large","max-video-preview":"max-video-preview:-1"},"og_locale":"hr_HR","og_type":"article","og_title":"SpinBetter Registracija | Take the bonus and start winning!","og_description":"Registracija na SpinBetter. Jednostavan po\u010detak: stvorite ra\u010dun, ostvarite bonus, po\u010dnite se kladiti na sport i osvojite ve\u0107 danas!","og_url":"https:\/\/spinbetter.cash\/hr\/registration\/","og_site_name":"Spinbetter football HR","article_modified_time":"2025-11-20T08:41:03+00:00","twitter_card":"summary_large_image","schema":{"@context":"https:\/\/schema.org","@graph":[{"@type":"WebPage","@id":"https:\/\/spinbetter.cash\/hr\/registration\/","url":"https:\/\/spinbetter.cash\/hr\/registration\/","name":"SpinBetter Registracija | Take the bonus and start winning!","isPartOf":{"@id":"https:\/\/spinbetter.cash\/hr\/#website"},"datePublished":"2024-10-11T14:32:58+00:00","dateModified":"2025-11-20T08:41:03+00:00","description":"Registracija na SpinBetter. Jednostavan po\u010detak: stvorite ra\u010dun, ostvarite bonus, po\u010dnite se kladiti na sport i osvojite ve\u0107 danas!","breadcrumb":{"@id":"https:\/\/spinbetter.cash\/hr\/registration\/#breadcrumb"},"inLanguage":"hr","potentialAction":[{"@type":"ReadAction","target":["https:\/\/spinbetter.cash\/hr\/registration\/"]}]},{"@type":"BreadcrumbList","@id":"https:\/\/spinbetter.cash\/hr\/registration\/#breadcrumb","itemListElement":[{"@type":"ListItem","position":1,"name":"Home","item":"https:\/\/spinbetter.cash\/hr\/"},{"@type":"ListItem","position":2,"name":"Registracija"}]},{"@type":"WebSite","@id":"https:\/\/spinbetter.cash\/hr\/#website","url":"https:\/\/spinbetter.cash\/hr\/","name":"Spinbetter football HR","description":"My WordPress Blog","potentialAction":[{"@type":"SearchAction","target":{"@type":"EntryPoint","urlTemplate":"https:\/\/spinbetter.cash\/hr\/?s={search_term_string}"},"query-input":{"@type":"PropertyValueSpecification","valueRequired":true,"valueName":"search_term_string"}}],"inLanguage":"hr"}]}},"_links":{"self":[{"href":"https:\/\/spinbetter.cash\/hr\/wp-json\/wp\/v2\/pages\/354","targetHints":{"allow":["GET"]}}],"collection":[{"href":"https:\/\/spinbetter.cash\/hr\/wp-json\/wp\/v2\/pages"}],"about":[{"href":"https:\/\/spinbetter.cash\/hr\/wp-json\/wp\/v2\/types\/page"}],"author":[{"embeddable":true,"href":"https:\/\/spinbetter.cash\/hr\/wp-json\/wp\/v2\/users\/1"}],"replies":[{"embeddable":true,"href":"https:\/\/spinbetter.cash\/hr\/wp-json\/wp\/v2\/comments?post=354"}],"version-history":[{"count":25,"href":"https:\/\/spinbetter.cash\/hr\/wp-json\/wp\/v2\/pages\/354\/revisions"}],"predecessor-version":[{"id":675,"href":"https:\/\/spinbetter.cash\/hr\/wp-json\/wp\/v2\/pages\/354\/revisions\/675"}],"wp:attachment":[{"href":"https:\/\/spinbetter.cash\/hr\/wp-json\/wp\/v2\/media?parent=354"}],"curies":[{"name":"wp","href":"https:\/\/api.w.org\/{rel}","templated":true}]}}