{"id":2,"date":"2023-05-18T17:18:34","date_gmt":"2023-05-18T17:18:34","guid":{"rendered":"https:\/\/spinbetter.cash\/hr\/?page_id=2"},"modified":"2025-12-10T21:21:43","modified_gmt":"2025-12-10T21:21:43","slug":"sample-page","status":"publish","type":"page","link":"https:\/\/spinbetter.cash\/hr\/","title":{"rendered":"Po\u010detna stranica"},"content":{"rendered":"","protected":false},"excerpt":{"rendered":"","protected":false},"author":1,"featured_media":0,"parent":0,"menu_order":0,"comment_status":"closed","ping_status":"open","template":"","meta":{"_acf_changed":false,"footnotes":""},"class_list":["post-2","page","type-page","status-publish","hentry"],"acf":[],"yoast_head":"<!-- This site is optimized with the Yoast SEO plugin v27.3 - https:\/\/yoast.com\/product\/yoast-seo-wordpress\/ -->\n<title>Spinbetter | Online kockarnice i sportsko kla\u0111enje \/ najbolje u 2025<\/title>\n<meta name=\"description\" content=\"Detaljni pregled &gt; sportsko kla\u0111enje, Bonusi, casino igre, kao i prikladni na\u010dini nadopunjavanja ra\u010duna i mobilna aplikacija.\" \/>\n<meta name=\"robots\" content=\"index, follow, max-snippet:-1, max-image-preview:large, max-video-preview:-1\" \/>\n<meta property=\"og:locale\" content=\"hr_HR\" \/>\n<meta property=\"og:type\" content=\"article\" \/>\n<meta property=\"og:title\" content=\"Spinbetter | Online kockarnice i sportsko kla\u0111enje \/ najbolje u 2025\" \/>\n<meta property=\"og:description\" content=\"Detaljni pregled &gt; sportsko kla\u0111enje, Bonusi, casino igre, kao i prikladni na\u010dini nadopunjavanja ra\u010duna i mobilna aplikacija.\" \/>\n<meta property=\"og:url\" content=\"https:\/\/spinbetter.cash\/hr\/\" \/>\n<meta property=\"og:site_name\" content=\"Spinbetter football HR\" \/>\n<meta property=\"article:modified_time\" content=\"2025-12-10T21:21:43+00:00\" \/>\n<meta name=\"twitter:card\" content=\"summary_large_image\" \/>\n<script type=\"application\/ld+json\" class=\"yoast-schema-graph\">{\"@context\":\"https:\\\/\\\/schema.org\",\"@graph\":[{\"@type\":\"WebPage\",\"@id\":\"https:\\\/\\\/spinbetter.cash\\\/hr\\\/\",\"url\":\"https:\\\/\\\/spinbetter.cash\\\/hr\\\/\",\"name\":\"Spinbetter | Online kockarnice i sportsko kla\u0111enje \\\/ najbolje u 2025\",\"isPartOf\":{\"@id\":\"https:\\\/\\\/spinbetter.cash\\\/hr\\\/#website\"},\"datePublished\":\"2023-05-18T17:18:34+00:00\",\"dateModified\":\"2025-12-10T21:21:43+00:00\",\"description\":\"Detaljni pregled > sportsko kla\u0111enje, Bonusi, casino igre, kao i prikladni na\u010dini nadopunjavanja ra\u010duna i mobilna aplikacija.\",\"breadcrumb\":{\"@id\":\"https:\\\/\\\/spinbetter.cash\\\/hr\\\/#breadcrumb\"},\"inLanguage\":\"hr\",\"potentialAction\":[{\"@type\":\"ReadAction\",\"target\":[\"https:\\\/\\\/spinbetter.cash\\\/hr\\\/\"]}]},{\"@type\":\"BreadcrumbList\",\"@id\":\"https:\\\/\\\/spinbetter.cash\\\/hr\\\/#breadcrumb\",\"itemListElement\":[{\"@type\":\"ListItem\",\"position\":1,\"name\":\"Home\",\"item\":\"https:\\\/\\\/spinbetter.cash\\\/hr\\\/\"},{\"@type\":\"ListItem\",\"position\":2,\"name\":\"Po\u010detna stranica\"}]},{\"@type\":\"WebSite\",\"@id\":\"https:\\\/\\\/spinbetter.cash\\\/hr\\\/#website\",\"url\":\"https:\\\/\\\/spinbetter.cash\\\/hr\\\/\",\"name\":\"Spinbetter football HR\",\"description\":\"My WordPress Blog\",\"potentialAction\":[{\"@type\":\"SearchAction\",\"target\":{\"@type\":\"EntryPoint\",\"urlTemplate\":\"https:\\\/\\\/spinbetter.cash\\\/hr\\\/?s={search_term_string}\"},\"query-input\":{\"@type\":\"PropertyValueSpecification\",\"valueRequired\":true,\"valueName\":\"search_term_string\"}}],\"inLanguage\":\"hr\"}]}<\/script>\n<!-- \/ Yoast SEO plugin. -->","yoast_head_json":{"title":"Spinbetter | Online kockarnice i sportsko kla\u0111enje \/ najbolje u 2025","description":"Detaljni pregled > sportsko kla\u0111enje, Bonusi, casino igre, kao i prikladni na\u010dini nadopunjavanja ra\u010duna i mobilna aplikacija.","robots":{"index":"index","follow":"follow","max-snippet":"max-snippet:-1","max-image-preview":"max-image-preview:large","max-video-preview":"max-video-preview:-1"},"og_locale":"hr_HR","og_type":"article","og_title":"Spinbetter | Online kockarnice i sportsko kla\u0111enje \/ najbolje u 2025","og_description":"Detaljni pregled > sportsko kla\u0111enje, Bonusi, casino igre, kao i prikladni na\u010dini nadopunjavanja ra\u010duna i mobilna aplikacija.","og_url":"https:\/\/spinbetter.cash\/hr\/","og_site_name":"Spinbetter football HR","article_modified_time":"2025-12-10T21:21:43+00:00","twitter_card":"summary_large_image","schema":{"@context":"https:\/\/schema.org","@graph":[{"@type":"WebPage","@id":"https:\/\/spinbetter.cash\/hr\/","url":"https:\/\/spinbetter.cash\/hr\/","name":"Spinbetter | Online kockarnice i sportsko kla\u0111enje \/ najbolje u 2025","isPartOf":{"@id":"https:\/\/spinbetter.cash\/hr\/#website"},"datePublished":"2023-05-18T17:18:34+00:00","dateModified":"2025-12-10T21:21:43+00:00","description":"Detaljni pregled > sportsko kla\u0111enje, Bonusi, casino igre, kao i prikladni na\u010dini nadopunjavanja ra\u010duna i mobilna aplikacija.","breadcrumb":{"@id":"https:\/\/spinbetter.cash\/hr\/#breadcrumb"},"inLanguage":"hr","potentialAction":[{"@type":"ReadAction","target":["https:\/\/spinbetter.cash\/hr\/"]}]},{"@type":"BreadcrumbList","@id":"https:\/\/spinbetter.cash\/hr\/#breadcrumb","itemListElement":[{"@type":"ListItem","position":1,"name":"Home","item":"https:\/\/spinbetter.cash\/hr\/"},{"@type":"ListItem","position":2,"name":"Po\u010detna stranica"}]},{"@type":"WebSite","@id":"https:\/\/spinbetter.cash\/hr\/#website","url":"https:\/\/spinbetter.cash\/hr\/","name":"Spinbetter football HR","description":"My WordPress Blog","potentialAction":[{"@type":"SearchAction","target":{"@type":"EntryPoint","urlTemplate":"https:\/\/spinbetter.cash\/hr\/?s={search_term_string}"},"query-input":{"@type":"PropertyValueSpecification","valueRequired":true,"valueName":"search_term_string"}}],"inLanguage":"hr"}]}},"_links":{"self":[{"href":"https:\/\/spinbetter.cash\/hr\/wp-json\/wp\/v2\/pages\/2","targetHints":{"allow":["GET"]}}],"collection":[{"href":"https:\/\/spinbetter.cash\/hr\/wp-json\/wp\/v2\/pages"}],"about":[{"href":"https:\/\/spinbetter.cash\/hr\/wp-json\/wp\/v2\/types\/page"}],"author":[{"embeddable":true,"href":"https:\/\/spinbetter.cash\/hr\/wp-json\/wp\/v2\/users\/1"}],"replies":[{"embeddable":true,"href":"https:\/\/spinbetter.cash\/hr\/wp-json\/wp\/v2\/comments?post=2"}],"version-history":[{"count":115,"href":"https:\/\/spinbetter.cash\/hr\/wp-json\/wp\/v2\/pages\/2\/revisions"}],"predecessor-version":[{"id":689,"href":"https:\/\/spinbetter.cash\/hr\/wp-json\/wp\/v2\/pages\/2\/revisions\/689"}],"wp:attachment":[{"href":"https:\/\/spinbetter.cash\/hr\/wp-json\/wp\/v2\/media?parent=2"}],"curies":[{"name":"wp","href":"https:\/\/api.w.org\/{rel}","templated":true}]}}