{"id":635,"date":"2025-07-31T11:30:43","date_gmt":"2025-07-31T11:30:43","guid":{"rendered":"https:\/\/spinbetter.cash\/fr\/?page_id=635"},"modified":"2025-07-31T11:30:57","modified_gmt":"2025-07-31T11:30:57","slug":"20-cashback","status":"publish","type":"page","link":"https:\/\/spinbetter.cash\/fr\/bonus\/20-cashback\/","title":{"rendered":"Jusqu&rsquo;\u00e0 20 % de cashback"},"content":{"rendered":"","protected":false},"excerpt":{"rendered":"","protected":false},"author":1,"featured_media":0,"parent":152,"menu_order":0,"comment_status":"closed","ping_status":"closed","template":"","meta":{"_acf_changed":false,"footnotes":""},"class_list":["post-635","page","type-page","status-publish","hentry"],"acf":[],"yoast_head":"<!-- This site is optimized with the Yoast SEO plugin v27.3 - https:\/\/yoast.com\/product\/yoast-seo-wordpress\/ -->\n<title>Cashback football de SpinBetter \u1405 jusqu&#039;\u00e0 20 % des paris<\/title>\n<meta name=\"description\" content=\"Pariez sur le football sur SpinBetter et r\u00e9cup\u00e9rez jusqu&#039;\u00e0 20 % de vos pertes. Recevez jusqu&#039;\u00e0 500 \u20ac de cashback hebdomadaire sur votre compte bonus\u00a0\u2013 participez du 08\/04 au 10\/05\u00a0!\" \/>\n<meta name=\"robots\" content=\"index, follow, max-snippet:-1, max-image-preview:large, max-video-preview:-1\" \/>\n<meta property=\"og:locale\" content=\"fr_FR\" \/>\n<meta property=\"og:type\" content=\"article\" \/>\n<meta property=\"og:title\" content=\"Cashback football de SpinBetter \u1405 jusqu&#039;\u00e0 20 % des paris\" \/>\n<meta property=\"og:description\" content=\"Pariez sur le football sur SpinBetter et r\u00e9cup\u00e9rez jusqu&#039;\u00e0 20 % de vos pertes. Recevez jusqu&#039;\u00e0 500 \u20ac de cashback hebdomadaire sur votre compte bonus\u00a0\u2013 participez du 08\/04 au 10\/05\u00a0!\" \/>\n<meta property=\"og:url\" content=\"https:\/\/spinbetter.cash\/fr\/bonus\/20-cashback\/\" \/>\n<meta property=\"og:site_name\" content=\"Spinbetter Football FR\" \/>\n<meta property=\"article:modified_time\" content=\"2025-07-31T11:30:57+00:00\" \/>\n<meta name=\"twitter:card\" content=\"summary_large_image\" \/>\n<script type=\"application\/ld+json\" class=\"yoast-schema-graph\">{\"@context\":\"https:\\\/\\\/schema.org\",\"@graph\":[{\"@type\":\"WebPage\",\"@id\":\"https:\\\/\\\/spinbetter.cash\\\/fr\\\/bonus\\\/20-cashback\\\/\",\"url\":\"https:\\\/\\\/spinbetter.cash\\\/fr\\\/bonus\\\/20-cashback\\\/\",\"name\":\"Cashback football de SpinBetter \u1405 jusqu'\u00e0 20 % des paris\",\"isPartOf\":{\"@id\":\"https:\\\/\\\/spinbetter.cash\\\/fr\\\/#website\"},\"datePublished\":\"2025-07-31T11:30:43+00:00\",\"dateModified\":\"2025-07-31T11:30:57+00:00\",\"description\":\"Pariez sur le football sur SpinBetter et r\u00e9cup\u00e9rez jusqu'\u00e0 20 % de vos pertes. Recevez jusqu'\u00e0 500 \u20ac de cashback hebdomadaire sur votre compte bonus\u00a0\u2013 participez du 08\\\/04 au 10\\\/05\u00a0!\",\"breadcrumb\":{\"@id\":\"https:\\\/\\\/spinbetter.cash\\\/fr\\\/bonus\\\/20-cashback\\\/#breadcrumb\"},\"inLanguage\":\"fr-FR\",\"potentialAction\":[{\"@type\":\"ReadAction\",\"target\":[\"https:\\\/\\\/spinbetter.cash\\\/fr\\\/bonus\\\/20-cashback\\\/\"]}]},{\"@type\":\"BreadcrumbList\",\"@id\":\"https:\\\/\\\/spinbetter.cash\\\/fr\\\/bonus\\\/20-cashback\\\/#breadcrumb\",\"itemListElement\":[{\"@type\":\"ListItem\",\"position\":1,\"name\":\"Home\",\"item\":\"https:\\\/\\\/spinbetter.cash\\\/fr\\\/\"},{\"@type\":\"ListItem\",\"position\":2,\"name\":\"Bonus\",\"item\":\"https:\\\/\\\/spinbetter.cash\\\/fr\\\/bonus\\\/\"},{\"@type\":\"ListItem\",\"position\":3,\"name\":\"Jusqu&#8217;\u00e0 20 % de cashback\"}]},{\"@type\":\"WebSite\",\"@id\":\"https:\\\/\\\/spinbetter.cash\\\/fr\\\/#website\",\"url\":\"https:\\\/\\\/spinbetter.cash\\\/fr\\\/\",\"name\":\"Spinbetter Football FR\",\"description\":\"\",\"potentialAction\":[{\"@type\":\"SearchAction\",\"target\":{\"@type\":\"EntryPoint\",\"urlTemplate\":\"https:\\\/\\\/spinbetter.cash\\\/fr\\\/?s={search_term_string}\"},\"query-input\":{\"@type\":\"PropertyValueSpecification\",\"valueRequired\":true,\"valueName\":\"search_term_string\"}}],\"inLanguage\":\"fr-FR\"}]}<\/script>\n<!-- \/ Yoast SEO plugin. -->","yoast_head_json":{"title":"Cashback football de SpinBetter \u1405 jusqu'\u00e0 20 % des paris","description":"Pariez sur le football sur SpinBetter et r\u00e9cup\u00e9rez jusqu'\u00e0 20 % de vos pertes. Recevez jusqu'\u00e0 500 \u20ac de cashback hebdomadaire sur votre compte bonus\u00a0\u2013 participez du 08\/04 au 10\/05\u00a0!","robots":{"index":"index","follow":"follow","max-snippet":"max-snippet:-1","max-image-preview":"max-image-preview:large","max-video-preview":"max-video-preview:-1"},"og_locale":"fr_FR","og_type":"article","og_title":"Cashback football de SpinBetter \u1405 jusqu'\u00e0 20 % des paris","og_description":"Pariez sur le football sur SpinBetter et r\u00e9cup\u00e9rez jusqu'\u00e0 20 % de vos pertes. Recevez jusqu'\u00e0 500 \u20ac de cashback hebdomadaire sur votre compte bonus\u00a0\u2013 participez du 08\/04 au 10\/05\u00a0!","og_url":"https:\/\/spinbetter.cash\/fr\/bonus\/20-cashback\/","og_site_name":"Spinbetter Football FR","article_modified_time":"2025-07-31T11:30:57+00:00","twitter_card":"summary_large_image","schema":{"@context":"https:\/\/schema.org","@graph":[{"@type":"WebPage","@id":"https:\/\/spinbetter.cash\/fr\/bonus\/20-cashback\/","url":"https:\/\/spinbetter.cash\/fr\/bonus\/20-cashback\/","name":"Cashback football de SpinBetter \u1405 jusqu'\u00e0 20 % des paris","isPartOf":{"@id":"https:\/\/spinbetter.cash\/fr\/#website"},"datePublished":"2025-07-31T11:30:43+00:00","dateModified":"2025-07-31T11:30:57+00:00","description":"Pariez sur le football sur SpinBetter et r\u00e9cup\u00e9rez jusqu'\u00e0 20 % de vos pertes. Recevez jusqu'\u00e0 500 \u20ac de cashback hebdomadaire sur votre compte bonus\u00a0\u2013 participez du 08\/04 au 10\/05\u00a0!","breadcrumb":{"@id":"https:\/\/spinbetter.cash\/fr\/bonus\/20-cashback\/#breadcrumb"},"inLanguage":"fr-FR","potentialAction":[{"@type":"ReadAction","target":["https:\/\/spinbetter.cash\/fr\/bonus\/20-cashback\/"]}]},{"@type":"BreadcrumbList","@id":"https:\/\/spinbetter.cash\/fr\/bonus\/20-cashback\/#breadcrumb","itemListElement":[{"@type":"ListItem","position":1,"name":"Home","item":"https:\/\/spinbetter.cash\/fr\/"},{"@type":"ListItem","position":2,"name":"Bonus","item":"https:\/\/spinbetter.cash\/fr\/bonus\/"},{"@type":"ListItem","position":3,"name":"Jusqu&#8217;\u00e0 20 % de cashback"}]},{"@type":"WebSite","@id":"https:\/\/spinbetter.cash\/fr\/#website","url":"https:\/\/spinbetter.cash\/fr\/","name":"Spinbetter Football FR","description":"","potentialAction":[{"@type":"SearchAction","target":{"@type":"EntryPoint","urlTemplate":"https:\/\/spinbetter.cash\/fr\/?s={search_term_string}"},"query-input":{"@type":"PropertyValueSpecification","valueRequired":true,"valueName":"search_term_string"}}],"inLanguage":"fr-FR"}]}},"_links":{"self":[{"href":"https:\/\/spinbetter.cash\/fr\/wp-json\/wp\/v2\/pages\/635","targetHints":{"allow":["GET"]}}],"collection":[{"href":"https:\/\/spinbetter.cash\/fr\/wp-json\/wp\/v2\/pages"}],"about":[{"href":"https:\/\/spinbetter.cash\/fr\/wp-json\/wp\/v2\/types\/page"}],"author":[{"embeddable":true,"href":"https:\/\/spinbetter.cash\/fr\/wp-json\/wp\/v2\/users\/1"}],"replies":[{"embeddable":true,"href":"https:\/\/spinbetter.cash\/fr\/wp-json\/wp\/v2\/comments?post=635"}],"version-history":[{"count":1,"href":"https:\/\/spinbetter.cash\/fr\/wp-json\/wp\/v2\/pages\/635\/revisions"}],"predecessor-version":[{"id":636,"href":"https:\/\/spinbetter.cash\/fr\/wp-json\/wp\/v2\/pages\/635\/revisions\/636"}],"up":[{"embeddable":true,"href":"https:\/\/spinbetter.cash\/fr\/wp-json\/wp\/v2\/pages\/152"}],"wp:attachment":[{"href":"https:\/\/spinbetter.cash\/fr\/wp-json\/wp\/v2\/media?parent=635"}],"curies":[{"name":"wp","href":"https:\/\/api.w.org\/{rel}","templated":true}]}}