{"id":626,"date":"2025-07-03T11:11:12","date_gmt":"2025-07-03T11:11:12","guid":{"rendered":"https:\/\/spinbetter.cash\/fr\/?page_id=626"},"modified":"2025-07-03T11:14:12","modified_gmt":"2025-07-03T11:14:12","slug":"betting-cashback-from-spinbetter","status":"publish","type":"page","link":"https:\/\/spinbetter.cash\/fr\/bonus\/betting-cashback-from-spinbetter\/","title":{"rendered":"CASHBACK sur les paris de SpinBetter"},"content":{"rendered":"","protected":false},"excerpt":{"rendered":"","protected":false},"author":1,"featured_media":0,"parent":152,"menu_order":0,"comment_status":"closed","ping_status":"closed","template":"","meta":{"_acf_changed":false,"footnotes":""},"class_list":["post-626","page","type-page","status-publish","hentry"],"acf":[],"yoast_head":"<!-- This site is optimized with the Yoast SEO plugin v27.3 - https:\/\/yoast.com\/product\/yoast-seo-wordpress\/ -->\n<title>SpinBetter Cashback &gt; Votre chance de r\u00e9cup\u00e9rer vos pertes<\/title>\n<meta name=\"description\" content=\"Pariez sans crainte sur SpinBetter! Recevez 3% de cashback chaque semaine jusqu&#039;\u00e0 1\u00a0000\u00a0\u20ac. SpinBetter vous rembourse une partie de votre mise!\" \/>\n<meta name=\"robots\" content=\"index, follow, max-snippet:-1, max-image-preview:large, max-video-preview:-1\" \/>\n<meta property=\"og:locale\" content=\"fr_FR\" \/>\n<meta property=\"og:type\" content=\"article\" \/>\n<meta property=\"og:title\" content=\"SpinBetter Cashback &gt; Votre chance de r\u00e9cup\u00e9rer vos pertes\" \/>\n<meta property=\"og:description\" content=\"Pariez sans crainte sur SpinBetter! Recevez 3% de cashback chaque semaine jusqu&#039;\u00e0 1\u00a0000\u00a0\u20ac. SpinBetter vous rembourse une partie de votre mise!\" \/>\n<meta property=\"og:url\" content=\"https:\/\/spinbetter.cash\/fr\/bonus\/betting-cashback-from-spinbetter\/\" \/>\n<meta property=\"og:site_name\" content=\"Spinbetter Football FR\" \/>\n<meta property=\"article:modified_time\" content=\"2025-07-03T11:14:12+00:00\" \/>\n<meta name=\"twitter:card\" content=\"summary_large_image\" \/>\n<script type=\"application\/ld+json\" class=\"yoast-schema-graph\">{\"@context\":\"https:\\\/\\\/schema.org\",\"@graph\":[{\"@type\":\"WebPage\",\"@id\":\"https:\\\/\\\/spinbetter.cash\\\/fr\\\/bonus\\\/betting-cashback-from-spinbetter\\\/\",\"url\":\"https:\\\/\\\/spinbetter.cash\\\/fr\\\/bonus\\\/betting-cashback-from-spinbetter\\\/\",\"name\":\"SpinBetter Cashback > Votre chance de r\u00e9cup\u00e9rer vos pertes\",\"isPartOf\":{\"@id\":\"https:\\\/\\\/spinbetter.cash\\\/fr\\\/#website\"},\"datePublished\":\"2025-07-03T11:11:12+00:00\",\"dateModified\":\"2025-07-03T11:14:12+00:00\",\"description\":\"Pariez sans crainte sur SpinBetter! Recevez 3% de cashback chaque semaine jusqu'\u00e0 1\u00a0000\u00a0\u20ac. SpinBetter vous rembourse une partie de votre mise!\",\"breadcrumb\":{\"@id\":\"https:\\\/\\\/spinbetter.cash\\\/fr\\\/bonus\\\/betting-cashback-from-spinbetter\\\/#breadcrumb\"},\"inLanguage\":\"fr-FR\",\"potentialAction\":[{\"@type\":\"ReadAction\",\"target\":[\"https:\\\/\\\/spinbetter.cash\\\/fr\\\/bonus\\\/betting-cashback-from-spinbetter\\\/\"]}]},{\"@type\":\"BreadcrumbList\",\"@id\":\"https:\\\/\\\/spinbetter.cash\\\/fr\\\/bonus\\\/betting-cashback-from-spinbetter\\\/#breadcrumb\",\"itemListElement\":[{\"@type\":\"ListItem\",\"position\":1,\"name\":\"Home\",\"item\":\"https:\\\/\\\/spinbetter.cash\\\/fr\\\/\"},{\"@type\":\"ListItem\",\"position\":2,\"name\":\"Bonus\",\"item\":\"https:\\\/\\\/spinbetter.cash\\\/fr\\\/bonus\\\/\"},{\"@type\":\"ListItem\",\"position\":3,\"name\":\"CASHBACK sur les paris de SpinBetter\"}]},{\"@type\":\"WebSite\",\"@id\":\"https:\\\/\\\/spinbetter.cash\\\/fr\\\/#website\",\"url\":\"https:\\\/\\\/spinbetter.cash\\\/fr\\\/\",\"name\":\"Spinbetter Football FR\",\"description\":\"\",\"potentialAction\":[{\"@type\":\"SearchAction\",\"target\":{\"@type\":\"EntryPoint\",\"urlTemplate\":\"https:\\\/\\\/spinbetter.cash\\\/fr\\\/?s={search_term_string}\"},\"query-input\":{\"@type\":\"PropertyValueSpecification\",\"valueRequired\":true,\"valueName\":\"search_term_string\"}}],\"inLanguage\":\"fr-FR\"}]}<\/script>\n<!-- \/ Yoast SEO plugin. -->","yoast_head_json":{"title":"SpinBetter Cashback > Votre chance de r\u00e9cup\u00e9rer vos pertes","description":"Pariez sans crainte sur SpinBetter! Recevez 3% de cashback chaque semaine jusqu'\u00e0 1\u00a0000\u00a0\u20ac. SpinBetter vous rembourse une partie de votre mise!","robots":{"index":"index","follow":"follow","max-snippet":"max-snippet:-1","max-image-preview":"max-image-preview:large","max-video-preview":"max-video-preview:-1"},"og_locale":"fr_FR","og_type":"article","og_title":"SpinBetter Cashback > Votre chance de r\u00e9cup\u00e9rer vos pertes","og_description":"Pariez sans crainte sur SpinBetter! Recevez 3% de cashback chaque semaine jusqu'\u00e0 1\u00a0000\u00a0\u20ac. SpinBetter vous rembourse une partie de votre mise!","og_url":"https:\/\/spinbetter.cash\/fr\/bonus\/betting-cashback-from-spinbetter\/","og_site_name":"Spinbetter Football FR","article_modified_time":"2025-07-03T11:14:12+00:00","twitter_card":"summary_large_image","schema":{"@context":"https:\/\/schema.org","@graph":[{"@type":"WebPage","@id":"https:\/\/spinbetter.cash\/fr\/bonus\/betting-cashback-from-spinbetter\/","url":"https:\/\/spinbetter.cash\/fr\/bonus\/betting-cashback-from-spinbetter\/","name":"SpinBetter Cashback > Votre chance de r\u00e9cup\u00e9rer vos pertes","isPartOf":{"@id":"https:\/\/spinbetter.cash\/fr\/#website"},"datePublished":"2025-07-03T11:11:12+00:00","dateModified":"2025-07-03T11:14:12+00:00","description":"Pariez sans crainte sur SpinBetter! Recevez 3% de cashback chaque semaine jusqu'\u00e0 1\u00a0000\u00a0\u20ac. SpinBetter vous rembourse une partie de votre mise!","breadcrumb":{"@id":"https:\/\/spinbetter.cash\/fr\/bonus\/betting-cashback-from-spinbetter\/#breadcrumb"},"inLanguage":"fr-FR","potentialAction":[{"@type":"ReadAction","target":["https:\/\/spinbetter.cash\/fr\/bonus\/betting-cashback-from-spinbetter\/"]}]},{"@type":"BreadcrumbList","@id":"https:\/\/spinbetter.cash\/fr\/bonus\/betting-cashback-from-spinbetter\/#breadcrumb","itemListElement":[{"@type":"ListItem","position":1,"name":"Home","item":"https:\/\/spinbetter.cash\/fr\/"},{"@type":"ListItem","position":2,"name":"Bonus","item":"https:\/\/spinbetter.cash\/fr\/bonus\/"},{"@type":"ListItem","position":3,"name":"CASHBACK sur les paris de SpinBetter"}]},{"@type":"WebSite","@id":"https:\/\/spinbetter.cash\/fr\/#website","url":"https:\/\/spinbetter.cash\/fr\/","name":"Spinbetter Football FR","description":"","potentialAction":[{"@type":"SearchAction","target":{"@type":"EntryPoint","urlTemplate":"https:\/\/spinbetter.cash\/fr\/?s={search_term_string}"},"query-input":{"@type":"PropertyValueSpecification","valueRequired":true,"valueName":"search_term_string"}}],"inLanguage":"fr-FR"}]}},"_links":{"self":[{"href":"https:\/\/spinbetter.cash\/fr\/wp-json\/wp\/v2\/pages\/626","targetHints":{"allow":["GET"]}}],"collection":[{"href":"https:\/\/spinbetter.cash\/fr\/wp-json\/wp\/v2\/pages"}],"about":[{"href":"https:\/\/spinbetter.cash\/fr\/wp-json\/wp\/v2\/types\/page"}],"author":[{"embeddable":true,"href":"https:\/\/spinbetter.cash\/fr\/wp-json\/wp\/v2\/users\/1"}],"replies":[{"embeddable":true,"href":"https:\/\/spinbetter.cash\/fr\/wp-json\/wp\/v2\/comments?post=626"}],"version-history":[{"count":2,"href":"https:\/\/spinbetter.cash\/fr\/wp-json\/wp\/v2\/pages\/626\/revisions"}],"predecessor-version":[{"id":628,"href":"https:\/\/spinbetter.cash\/fr\/wp-json\/wp\/v2\/pages\/626\/revisions\/628"}],"up":[{"embeddable":true,"href":"https:\/\/spinbetter.cash\/fr\/wp-json\/wp\/v2\/pages\/152"}],"wp:attachment":[{"href":"https:\/\/spinbetter.cash\/fr\/wp-json\/wp\/v2\/media?parent=626"}],"curies":[{"name":"wp","href":"https:\/\/api.w.org\/{rel}","templated":true}]}}