{"id":599,"date":"2025-05-21T10:33:23","date_gmt":"2025-05-21T10:33:23","guid":{"rendered":"https:\/\/spinbetter.cash\/fr\/?page_id=599"},"modified":"2025-06-11T11:00:49","modified_gmt":"2025-06-11T11:00:49","slug":"bet-in-the-app","status":"publish","type":"page","link":"https:\/\/spinbetter.cash\/fr\/bonus\/bet-in-the-app\/","title":{"rendered":"Pariez dans l&rsquo;application"},"content":{"rendered":"","protected":false},"excerpt":{"rendered":"","protected":false},"author":1,"featured_media":0,"parent":152,"menu_order":0,"comment_status":"closed","ping_status":"closed","template":"","meta":{"_acf_changed":false,"footnotes":""},"class_list":["post-599","page","type-page","status-publish","hentry"],"acf":[],"yoast_head":"<!-- This site is optimized with the Yoast SEO plugin v27.3 - https:\/\/yoast.com\/product\/yoast-seo-wordpress\/ -->\n<title>Jouez \u00e0 SpinBetter et obtenez jusqu&#039;\u00e0 10 \u20ac gratuitement<\/title>\n<meta name=\"description\" content=\"T\u00e9l\u00e9chargez l&#039;appli SpinBetter et obtenez un pari gratuit sans d\u00e9p\u00f4t jusqu&#039;\u00e0 10\u00a0\u20ac! Pariez o\u00f9 que vous soyez\" \/>\n<meta name=\"robots\" content=\"index, follow, max-snippet:-1, max-image-preview:large, max-video-preview:-1\" \/>\n<meta property=\"og:locale\" content=\"fr_FR\" \/>\n<meta property=\"og:type\" content=\"article\" \/>\n<meta property=\"og:title\" content=\"Jouez \u00e0 SpinBetter et obtenez jusqu&#039;\u00e0 10 \u20ac gratuitement\" \/>\n<meta property=\"og:description\" content=\"T\u00e9l\u00e9chargez l&#039;appli SpinBetter et obtenez un pari gratuit sans d\u00e9p\u00f4t jusqu&#039;\u00e0 10\u00a0\u20ac! Pariez o\u00f9 que vous soyez\" \/>\n<meta property=\"og:url\" content=\"https:\/\/spinbetter.cash\/fr\/bonus\/bet-in-the-app\/\" \/>\n<meta property=\"og:site_name\" content=\"Spinbetter Football FR\" \/>\n<meta property=\"article:modified_time\" content=\"2025-06-11T11:00:49+00:00\" \/>\n<meta name=\"twitter:card\" content=\"summary_large_image\" \/>\n<script type=\"application\/ld+json\" class=\"yoast-schema-graph\">{\"@context\":\"https:\\\/\\\/schema.org\",\"@graph\":[{\"@type\":\"WebPage\",\"@id\":\"https:\\\/\\\/spinbetter.cash\\\/fr\\\/bonus\\\/bet-in-the-app\\\/\",\"url\":\"https:\\\/\\\/spinbetter.cash\\\/fr\\\/bonus\\\/bet-in-the-app\\\/\",\"name\":\"Jouez \u00e0 SpinBetter et obtenez jusqu'\u00e0 10 \u20ac gratuitement\",\"isPartOf\":{\"@id\":\"https:\\\/\\\/spinbetter.cash\\\/fr\\\/#website\"},\"datePublished\":\"2025-05-21T10:33:23+00:00\",\"dateModified\":\"2025-06-11T11:00:49+00:00\",\"description\":\"T\u00e9l\u00e9chargez l'appli SpinBetter et obtenez un pari gratuit sans d\u00e9p\u00f4t jusqu'\u00e0 10\u00a0\u20ac! Pariez o\u00f9 que vous soyez\",\"breadcrumb\":{\"@id\":\"https:\\\/\\\/spinbetter.cash\\\/fr\\\/bonus\\\/bet-in-the-app\\\/#breadcrumb\"},\"inLanguage\":\"fr-FR\",\"potentialAction\":[{\"@type\":\"ReadAction\",\"target\":[\"https:\\\/\\\/spinbetter.cash\\\/fr\\\/bonus\\\/bet-in-the-app\\\/\"]}]},{\"@type\":\"BreadcrumbList\",\"@id\":\"https:\\\/\\\/spinbetter.cash\\\/fr\\\/bonus\\\/bet-in-the-app\\\/#breadcrumb\",\"itemListElement\":[{\"@type\":\"ListItem\",\"position\":1,\"name\":\"Home\",\"item\":\"https:\\\/\\\/spinbetter.cash\\\/fr\\\/\"},{\"@type\":\"ListItem\",\"position\":2,\"name\":\"Bonus\",\"item\":\"https:\\\/\\\/spinbetter.cash\\\/fr\\\/bonus\\\/\"},{\"@type\":\"ListItem\",\"position\":3,\"name\":\"Pariez dans l&#8217;application\"}]},{\"@type\":\"WebSite\",\"@id\":\"https:\\\/\\\/spinbetter.cash\\\/fr\\\/#website\",\"url\":\"https:\\\/\\\/spinbetter.cash\\\/fr\\\/\",\"name\":\"Spinbetter Football FR\",\"description\":\"\",\"potentialAction\":[{\"@type\":\"SearchAction\",\"target\":{\"@type\":\"EntryPoint\",\"urlTemplate\":\"https:\\\/\\\/spinbetter.cash\\\/fr\\\/?s={search_term_string}\"},\"query-input\":{\"@type\":\"PropertyValueSpecification\",\"valueRequired\":true,\"valueName\":\"search_term_string\"}}],\"inLanguage\":\"fr-FR\"}]}<\/script>\n<!-- \/ Yoast SEO plugin. -->","yoast_head_json":{"title":"Jouez \u00e0 SpinBetter et obtenez jusqu'\u00e0 10 \u20ac gratuitement","description":"T\u00e9l\u00e9chargez l'appli SpinBetter et obtenez un pari gratuit sans d\u00e9p\u00f4t jusqu'\u00e0 10\u00a0\u20ac! Pariez o\u00f9 que vous soyez","robots":{"index":"index","follow":"follow","max-snippet":"max-snippet:-1","max-image-preview":"max-image-preview:large","max-video-preview":"max-video-preview:-1"},"og_locale":"fr_FR","og_type":"article","og_title":"Jouez \u00e0 SpinBetter et obtenez jusqu'\u00e0 10 \u20ac gratuitement","og_description":"T\u00e9l\u00e9chargez l'appli SpinBetter et obtenez un pari gratuit sans d\u00e9p\u00f4t jusqu'\u00e0 10\u00a0\u20ac! Pariez o\u00f9 que vous soyez","og_url":"https:\/\/spinbetter.cash\/fr\/bonus\/bet-in-the-app\/","og_site_name":"Spinbetter Football FR","article_modified_time":"2025-06-11T11:00:49+00:00","twitter_card":"summary_large_image","schema":{"@context":"https:\/\/schema.org","@graph":[{"@type":"WebPage","@id":"https:\/\/spinbetter.cash\/fr\/bonus\/bet-in-the-app\/","url":"https:\/\/spinbetter.cash\/fr\/bonus\/bet-in-the-app\/","name":"Jouez \u00e0 SpinBetter et obtenez jusqu'\u00e0 10 \u20ac gratuitement","isPartOf":{"@id":"https:\/\/spinbetter.cash\/fr\/#website"},"datePublished":"2025-05-21T10:33:23+00:00","dateModified":"2025-06-11T11:00:49+00:00","description":"T\u00e9l\u00e9chargez l'appli SpinBetter et obtenez un pari gratuit sans d\u00e9p\u00f4t jusqu'\u00e0 10\u00a0\u20ac! Pariez o\u00f9 que vous soyez","breadcrumb":{"@id":"https:\/\/spinbetter.cash\/fr\/bonus\/bet-in-the-app\/#breadcrumb"},"inLanguage":"fr-FR","potentialAction":[{"@type":"ReadAction","target":["https:\/\/spinbetter.cash\/fr\/bonus\/bet-in-the-app\/"]}]},{"@type":"BreadcrumbList","@id":"https:\/\/spinbetter.cash\/fr\/bonus\/bet-in-the-app\/#breadcrumb","itemListElement":[{"@type":"ListItem","position":1,"name":"Home","item":"https:\/\/spinbetter.cash\/fr\/"},{"@type":"ListItem","position":2,"name":"Bonus","item":"https:\/\/spinbetter.cash\/fr\/bonus\/"},{"@type":"ListItem","position":3,"name":"Pariez dans l&#8217;application"}]},{"@type":"WebSite","@id":"https:\/\/spinbetter.cash\/fr\/#website","url":"https:\/\/spinbetter.cash\/fr\/","name":"Spinbetter Football FR","description":"","potentialAction":[{"@type":"SearchAction","target":{"@type":"EntryPoint","urlTemplate":"https:\/\/spinbetter.cash\/fr\/?s={search_term_string}"},"query-input":{"@type":"PropertyValueSpecification","valueRequired":true,"valueName":"search_term_string"}}],"inLanguage":"fr-FR"}]}},"_links":{"self":[{"href":"https:\/\/spinbetter.cash\/fr\/wp-json\/wp\/v2\/pages\/599","targetHints":{"allow":["GET"]}}],"collection":[{"href":"https:\/\/spinbetter.cash\/fr\/wp-json\/wp\/v2\/pages"}],"about":[{"href":"https:\/\/spinbetter.cash\/fr\/wp-json\/wp\/v2\/types\/page"}],"author":[{"embeddable":true,"href":"https:\/\/spinbetter.cash\/fr\/wp-json\/wp\/v2\/users\/1"}],"replies":[{"embeddable":true,"href":"https:\/\/spinbetter.cash\/fr\/wp-json\/wp\/v2\/comments?post=599"}],"version-history":[{"count":2,"href":"https:\/\/spinbetter.cash\/fr\/wp-json\/wp\/v2\/pages\/599\/revisions"}],"predecessor-version":[{"id":601,"href":"https:\/\/spinbetter.cash\/fr\/wp-json\/wp\/v2\/pages\/599\/revisions\/601"}],"up":[{"embeddable":true,"href":"https:\/\/spinbetter.cash\/fr\/wp-json\/wp\/v2\/pages\/152"}],"wp:attachment":[{"href":"https:\/\/spinbetter.cash\/fr\/wp-json\/wp\/v2\/media?parent=599"}],"curies":[{"name":"wp","href":"https:\/\/api.w.org\/{rel}","templated":true}]}}