{"id":2,"date":"2023-05-18T17:18:34","date_gmt":"2023-05-18T17:18:34","guid":{"rendered":"https:\/\/spinbetter.cash\/fr\/?page_id=2"},"modified":"2025-12-10T21:17:00","modified_gmt":"2025-12-10T21:17:00","slug":"sample-page","status":"publish","type":"page","link":"https:\/\/spinbetter.cash\/fr\/","title":{"rendered":"Accueil"},"content":{"rendered":"","protected":false},"excerpt":{"rendered":"","protected":false},"author":1,"featured_media":0,"parent":0,"menu_order":0,"comment_status":"closed","ping_status":"open","template":"","meta":{"_acf_changed":false,"footnotes":""},"class_list":["post-2","page","type-page","status-publish","hentry"],"acf":[],"yoast_head":"<!-- This site is optimized with the Yoast SEO plugin v27.3 - https:\/\/yoast.com\/product\/yoast-seo-wordpress\/ -->\n<title>Spinbetter | \u0421asino en ligne et paris sportifs | Best of 2025<\/title>\n<meta name=\"description\" content=\"Une revue d\u00e9taill\u00e9e de Spinbetter &gt; paris sportifs, bonus, jeux de casino, m\u00e9thodes de d\u00e9p\u00f4t pratiques et application mobile\" \/>\n<meta name=\"robots\" content=\"index, follow, max-snippet:-1, max-image-preview:large, max-video-preview:-1\" \/>\n<meta property=\"og:locale\" content=\"fr_FR\" \/>\n<meta property=\"og:type\" content=\"article\" \/>\n<meta property=\"og:title\" content=\"Spinbetter | \u0421asino en ligne et paris sportifs | Best of 2025\" \/>\n<meta property=\"og:description\" content=\"Une revue d\u00e9taill\u00e9e de Spinbetter &gt; paris sportifs, bonus, jeux de casino, m\u00e9thodes de d\u00e9p\u00f4t pratiques et application mobile\" \/>\n<meta property=\"og:url\" content=\"https:\/\/spinbetter.cash\/fr\/\" \/>\n<meta property=\"og:site_name\" content=\"Spinbetter Football FR\" \/>\n<meta property=\"article:modified_time\" content=\"2025-12-10T21:17:00+00:00\" \/>\n<meta name=\"twitter:card\" content=\"summary_large_image\" \/>\n<script type=\"application\/ld+json\" class=\"yoast-schema-graph\">{\"@context\":\"https:\\\/\\\/schema.org\",\"@graph\":[{\"@type\":\"WebPage\",\"@id\":\"https:\\\/\\\/spinbetter.cash\\\/fr\\\/\",\"url\":\"https:\\\/\\\/spinbetter.cash\\\/fr\\\/\",\"name\":\"Spinbetter | \u0421asino en ligne et paris sportifs | Best of 2025\",\"isPartOf\":{\"@id\":\"https:\\\/\\\/spinbetter.cash\\\/fr\\\/#website\"},\"datePublished\":\"2023-05-18T17:18:34+00:00\",\"dateModified\":\"2025-12-10T21:17:00+00:00\",\"description\":\"Une revue d\u00e9taill\u00e9e de Spinbetter > paris sportifs, bonus, jeux de casino, m\u00e9thodes de d\u00e9p\u00f4t pratiques et application mobile\",\"breadcrumb\":{\"@id\":\"https:\\\/\\\/spinbetter.cash\\\/fr\\\/#breadcrumb\"},\"inLanguage\":\"fr-FR\",\"potentialAction\":[{\"@type\":\"ReadAction\",\"target\":[\"https:\\\/\\\/spinbetter.cash\\\/fr\\\/\"]}]},{\"@type\":\"BreadcrumbList\",\"@id\":\"https:\\\/\\\/spinbetter.cash\\\/fr\\\/#breadcrumb\",\"itemListElement\":[{\"@type\":\"ListItem\",\"position\":1,\"name\":\"Home\",\"item\":\"https:\\\/\\\/spinbetter.cash\\\/fr\\\/\"},{\"@type\":\"ListItem\",\"position\":2,\"name\":\"Accueil\"}]},{\"@type\":\"WebSite\",\"@id\":\"https:\\\/\\\/spinbetter.cash\\\/fr\\\/#website\",\"url\":\"https:\\\/\\\/spinbetter.cash\\\/fr\\\/\",\"name\":\"Spinbetter Football FR\",\"description\":\"\",\"potentialAction\":[{\"@type\":\"SearchAction\",\"target\":{\"@type\":\"EntryPoint\",\"urlTemplate\":\"https:\\\/\\\/spinbetter.cash\\\/fr\\\/?s={search_term_string}\"},\"query-input\":{\"@type\":\"PropertyValueSpecification\",\"valueRequired\":true,\"valueName\":\"search_term_string\"}}],\"inLanguage\":\"fr-FR\"}]}<\/script>\n<!-- \/ Yoast SEO plugin. -->","yoast_head_json":{"title":"Spinbetter | \u0421asino en ligne et paris sportifs | Best of 2025","description":"Une revue d\u00e9taill\u00e9e de Spinbetter > paris sportifs, bonus, jeux de casino, m\u00e9thodes de d\u00e9p\u00f4t pratiques et application mobile","robots":{"index":"index","follow":"follow","max-snippet":"max-snippet:-1","max-image-preview":"max-image-preview:large","max-video-preview":"max-video-preview:-1"},"og_locale":"fr_FR","og_type":"article","og_title":"Spinbetter | \u0421asino en ligne et paris sportifs | Best of 2025","og_description":"Une revue d\u00e9taill\u00e9e de Spinbetter > paris sportifs, bonus, jeux de casino, m\u00e9thodes de d\u00e9p\u00f4t pratiques et application mobile","og_url":"https:\/\/spinbetter.cash\/fr\/","og_site_name":"Spinbetter Football FR","article_modified_time":"2025-12-10T21:17:00+00:00","twitter_card":"summary_large_image","schema":{"@context":"https:\/\/schema.org","@graph":[{"@type":"WebPage","@id":"https:\/\/spinbetter.cash\/fr\/","url":"https:\/\/spinbetter.cash\/fr\/","name":"Spinbetter | \u0421asino en ligne et paris sportifs | Best of 2025","isPartOf":{"@id":"https:\/\/spinbetter.cash\/fr\/#website"},"datePublished":"2023-05-18T17:18:34+00:00","dateModified":"2025-12-10T21:17:00+00:00","description":"Une revue d\u00e9taill\u00e9e de Spinbetter > paris sportifs, bonus, jeux de casino, m\u00e9thodes de d\u00e9p\u00f4t pratiques et application mobile","breadcrumb":{"@id":"https:\/\/spinbetter.cash\/fr\/#breadcrumb"},"inLanguage":"fr-FR","potentialAction":[{"@type":"ReadAction","target":["https:\/\/spinbetter.cash\/fr\/"]}]},{"@type":"BreadcrumbList","@id":"https:\/\/spinbetter.cash\/fr\/#breadcrumb","itemListElement":[{"@type":"ListItem","position":1,"name":"Home","item":"https:\/\/spinbetter.cash\/fr\/"},{"@type":"ListItem","position":2,"name":"Accueil"}]},{"@type":"WebSite","@id":"https:\/\/spinbetter.cash\/fr\/#website","url":"https:\/\/spinbetter.cash\/fr\/","name":"Spinbetter Football FR","description":"","potentialAction":[{"@type":"SearchAction","target":{"@type":"EntryPoint","urlTemplate":"https:\/\/spinbetter.cash\/fr\/?s={search_term_string}"},"query-input":{"@type":"PropertyValueSpecification","valueRequired":true,"valueName":"search_term_string"}}],"inLanguage":"fr-FR"}]}},"_links":{"self":[{"href":"https:\/\/spinbetter.cash\/fr\/wp-json\/wp\/v2\/pages\/2","targetHints":{"allow":["GET"]}}],"collection":[{"href":"https:\/\/spinbetter.cash\/fr\/wp-json\/wp\/v2\/pages"}],"about":[{"href":"https:\/\/spinbetter.cash\/fr\/wp-json\/wp\/v2\/types\/page"}],"author":[{"embeddable":true,"href":"https:\/\/spinbetter.cash\/fr\/wp-json\/wp\/v2\/users\/1"}],"replies":[{"embeddable":true,"href":"https:\/\/spinbetter.cash\/fr\/wp-json\/wp\/v2\/comments?post=2"}],"version-history":[{"count":116,"href":"https:\/\/spinbetter.cash\/fr\/wp-json\/wp\/v2\/pages\/2\/revisions"}],"predecessor-version":[{"id":663,"href":"https:\/\/spinbetter.cash\/fr\/wp-json\/wp\/v2\/pages\/2\/revisions\/663"}],"wp:attachment":[{"href":"https:\/\/spinbetter.cash\/fr\/wp-json\/wp\/v2\/media?parent=2"}],"curies":[{"name":"wp","href":"https:\/\/api.w.org\/{rel}","templated":true}]}}