{"id":635,"date":"2025-07-31T11:26:31","date_gmt":"2025-07-31T11:26:31","guid":{"rendered":"https:\/\/spinbetter.cash\/fi\/?page_id=635"},"modified":"2025-07-31T11:26:47","modified_gmt":"2025-07-31T11:26:47","slug":"20-cashback","status":"publish","type":"page","link":"https:\/\/spinbetter.cash\/fi\/bonus\/20-cashback\/","title":{"rendered":"Jopa 20 % k\u00e4teispalautusta"},"content":{"rendered":"","protected":false},"excerpt":{"rendered":"","protected":false},"author":1,"featured_media":0,"parent":152,"menu_order":0,"comment_status":"closed","ping_status":"closed","template":"","meta":{"_acf_changed":false,"footnotes":""},"class_list":["post-635","page","type-page","status-publish","hentry"],"acf":[],"yoast_head":"<!-- This site is optimized with the Yoast SEO plugin v27.3 - https:\/\/yoast.com\/product\/yoast-seo-wordpress\/ -->\n<title>Jalkapallon cashback SpinBetterilt\u00e4 \u1405 viikoittain jopa 20 % vedoista<\/title>\n<meta name=\"description\" content=\"Ly\u00f6 vetoa jalkapallosta SpinBetterill\u00e4 ja saat takaisin jopa 20 % tappioistasi. Viikoittainen k\u00e4teispalautus jopa 500 \u20ac bonustilillesi \u2013 osallistu 4.08\u20135.10!\" \/>\n<meta name=\"robots\" content=\"index, follow, max-snippet:-1, max-image-preview:large, max-video-preview:-1\" \/>\n<meta property=\"og:locale\" content=\"fi_FI\" \/>\n<meta property=\"og:type\" content=\"article\" \/>\n<meta property=\"og:title\" content=\"Jalkapallon cashback SpinBetterilt\u00e4 \u1405 viikoittain jopa 20 % vedoista\" \/>\n<meta property=\"og:description\" content=\"Ly\u00f6 vetoa jalkapallosta SpinBetterill\u00e4 ja saat takaisin jopa 20 % tappioistasi. Viikoittainen k\u00e4teispalautus jopa 500 \u20ac bonustilillesi \u2013 osallistu 4.08\u20135.10!\" \/>\n<meta property=\"og:url\" content=\"https:\/\/spinbetter.cash\/fi\/bonus\/20-cashback\/\" \/>\n<meta property=\"og:site_name\" content=\"Spinbetter Football FI\" \/>\n<meta property=\"article:modified_time\" content=\"2025-07-31T11:26:47+00:00\" \/>\n<meta name=\"twitter:card\" content=\"summary_large_image\" \/>\n<script type=\"application\/ld+json\" class=\"yoast-schema-graph\">{\"@context\":\"https:\\\/\\\/schema.org\",\"@graph\":[{\"@type\":\"WebPage\",\"@id\":\"https:\\\/\\\/spinbetter.cash\\\/fi\\\/bonus\\\/20-cashback\\\/\",\"url\":\"https:\\\/\\\/spinbetter.cash\\\/fi\\\/bonus\\\/20-cashback\\\/\",\"name\":\"Jalkapallon cashback SpinBetterilt\u00e4 \u1405 viikoittain jopa 20 % vedoista\",\"isPartOf\":{\"@id\":\"https:\\\/\\\/spinbetter.cash\\\/fi\\\/#website\"},\"datePublished\":\"2025-07-31T11:26:31+00:00\",\"dateModified\":\"2025-07-31T11:26:47+00:00\",\"description\":\"Ly\u00f6 vetoa jalkapallosta SpinBetterill\u00e4 ja saat takaisin jopa 20 % tappioistasi. Viikoittainen k\u00e4teispalautus jopa 500 \u20ac bonustilillesi \u2013 osallistu 4.08\u20135.10!\",\"breadcrumb\":{\"@id\":\"https:\\\/\\\/spinbetter.cash\\\/fi\\\/bonus\\\/20-cashback\\\/#breadcrumb\"},\"inLanguage\":\"fi\",\"potentialAction\":[{\"@type\":\"ReadAction\",\"target\":[\"https:\\\/\\\/spinbetter.cash\\\/fi\\\/bonus\\\/20-cashback\\\/\"]}]},{\"@type\":\"BreadcrumbList\",\"@id\":\"https:\\\/\\\/spinbetter.cash\\\/fi\\\/bonus\\\/20-cashback\\\/#breadcrumb\",\"itemListElement\":[{\"@type\":\"ListItem\",\"position\":1,\"name\":\"Home\",\"item\":\"https:\\\/\\\/spinbetter.cash\\\/fi\\\/\"},{\"@type\":\"ListItem\",\"position\":2,\"name\":\"Bonus\",\"item\":\"https:\\\/\\\/spinbetter.cash\\\/fi\\\/bonus\\\/\"},{\"@type\":\"ListItem\",\"position\":3,\"name\":\"Jopa 20 % k\u00e4teispalautusta\"}]},{\"@type\":\"WebSite\",\"@id\":\"https:\\\/\\\/spinbetter.cash\\\/fi\\\/#website\",\"url\":\"https:\\\/\\\/spinbetter.cash\\\/fi\\\/\",\"name\":\"Spinbetter Football FI\",\"description\":\"My WordPress Blog\",\"potentialAction\":[{\"@type\":\"SearchAction\",\"target\":{\"@type\":\"EntryPoint\",\"urlTemplate\":\"https:\\\/\\\/spinbetter.cash\\\/fi\\\/?s={search_term_string}\"},\"query-input\":{\"@type\":\"PropertyValueSpecification\",\"valueRequired\":true,\"valueName\":\"search_term_string\"}}],\"inLanguage\":\"fi\"}]}<\/script>\n<!-- \/ Yoast SEO plugin. -->","yoast_head_json":{"title":"Jalkapallon cashback SpinBetterilt\u00e4 \u1405 viikoittain jopa 20 % vedoista","description":"Ly\u00f6 vetoa jalkapallosta SpinBetterill\u00e4 ja saat takaisin jopa 20 % tappioistasi. Viikoittainen k\u00e4teispalautus jopa 500 \u20ac bonustilillesi \u2013 osallistu 4.08\u20135.10!","robots":{"index":"index","follow":"follow","max-snippet":"max-snippet:-1","max-image-preview":"max-image-preview:large","max-video-preview":"max-video-preview:-1"},"og_locale":"fi_FI","og_type":"article","og_title":"Jalkapallon cashback SpinBetterilt\u00e4 \u1405 viikoittain jopa 20 % vedoista","og_description":"Ly\u00f6 vetoa jalkapallosta SpinBetterill\u00e4 ja saat takaisin jopa 20 % tappioistasi. Viikoittainen k\u00e4teispalautus jopa 500 \u20ac bonustilillesi \u2013 osallistu 4.08\u20135.10!","og_url":"https:\/\/spinbetter.cash\/fi\/bonus\/20-cashback\/","og_site_name":"Spinbetter Football FI","article_modified_time":"2025-07-31T11:26:47+00:00","twitter_card":"summary_large_image","schema":{"@context":"https:\/\/schema.org","@graph":[{"@type":"WebPage","@id":"https:\/\/spinbetter.cash\/fi\/bonus\/20-cashback\/","url":"https:\/\/spinbetter.cash\/fi\/bonus\/20-cashback\/","name":"Jalkapallon cashback SpinBetterilt\u00e4 \u1405 viikoittain jopa 20 % vedoista","isPartOf":{"@id":"https:\/\/spinbetter.cash\/fi\/#website"},"datePublished":"2025-07-31T11:26:31+00:00","dateModified":"2025-07-31T11:26:47+00:00","description":"Ly\u00f6 vetoa jalkapallosta SpinBetterill\u00e4 ja saat takaisin jopa 20 % tappioistasi. Viikoittainen k\u00e4teispalautus jopa 500 \u20ac bonustilillesi \u2013 osallistu 4.08\u20135.10!","breadcrumb":{"@id":"https:\/\/spinbetter.cash\/fi\/bonus\/20-cashback\/#breadcrumb"},"inLanguage":"fi","potentialAction":[{"@type":"ReadAction","target":["https:\/\/spinbetter.cash\/fi\/bonus\/20-cashback\/"]}]},{"@type":"BreadcrumbList","@id":"https:\/\/spinbetter.cash\/fi\/bonus\/20-cashback\/#breadcrumb","itemListElement":[{"@type":"ListItem","position":1,"name":"Home","item":"https:\/\/spinbetter.cash\/fi\/"},{"@type":"ListItem","position":2,"name":"Bonus","item":"https:\/\/spinbetter.cash\/fi\/bonus\/"},{"@type":"ListItem","position":3,"name":"Jopa 20 % k\u00e4teispalautusta"}]},{"@type":"WebSite","@id":"https:\/\/spinbetter.cash\/fi\/#website","url":"https:\/\/spinbetter.cash\/fi\/","name":"Spinbetter Football FI","description":"My WordPress Blog","potentialAction":[{"@type":"SearchAction","target":{"@type":"EntryPoint","urlTemplate":"https:\/\/spinbetter.cash\/fi\/?s={search_term_string}"},"query-input":{"@type":"PropertyValueSpecification","valueRequired":true,"valueName":"search_term_string"}}],"inLanguage":"fi"}]}},"_links":{"self":[{"href":"https:\/\/spinbetter.cash\/fi\/wp-json\/wp\/v2\/pages\/635","targetHints":{"allow":["GET"]}}],"collection":[{"href":"https:\/\/spinbetter.cash\/fi\/wp-json\/wp\/v2\/pages"}],"about":[{"href":"https:\/\/spinbetter.cash\/fi\/wp-json\/wp\/v2\/types\/page"}],"author":[{"embeddable":true,"href":"https:\/\/spinbetter.cash\/fi\/wp-json\/wp\/v2\/users\/1"}],"replies":[{"embeddable":true,"href":"https:\/\/spinbetter.cash\/fi\/wp-json\/wp\/v2\/comments?post=635"}],"version-history":[{"count":1,"href":"https:\/\/spinbetter.cash\/fi\/wp-json\/wp\/v2\/pages\/635\/revisions"}],"predecessor-version":[{"id":636,"href":"https:\/\/spinbetter.cash\/fi\/wp-json\/wp\/v2\/pages\/635\/revisions\/636"}],"up":[{"embeddable":true,"href":"https:\/\/spinbetter.cash\/fi\/wp-json\/wp\/v2\/pages\/152"}],"wp:attachment":[{"href":"https:\/\/spinbetter.cash\/fi\/wp-json\/wp\/v2\/media?parent=635"}],"curies":[{"name":"wp","href":"https:\/\/api.w.org\/{rel}","templated":true}]}}