{"id":628,"date":"2025-07-03T11:02:56","date_gmt":"2025-07-03T11:02:56","guid":{"rendered":"https:\/\/spinbetter.cash\/fi\/?page_id=628"},"modified":"2025-07-03T11:05:21","modified_gmt":"2025-07-03T11:05:21","slug":"betting-cashback-from-spinbetter","status":"publish","type":"page","link":"https:\/\/spinbetter.cash\/fi\/bonus\/betting-cashback-from-spinbetter\/","title":{"rendered":"Vedonly\u00f6nnin CASHBACK SpinBetter"},"content":{"rendered":"","protected":false},"excerpt":{"rendered":"","protected":false},"author":1,"featured_media":0,"parent":152,"menu_order":0,"comment_status":"closed","ping_status":"closed","template":"","meta":{"_acf_changed":false,"footnotes":""},"class_list":["post-628","page","type-page","status-publish","hentry"],"acf":[],"yoast_head":"<!-- This site is optimized with the Yoast SEO plugin v27.3 - https:\/\/yoast.com\/product\/yoast-seo-wordpress\/ -->\n<title>SpinBetter &gt; Mahdollisuutesi saada tappiosi takaisin<\/title>\n<meta name=\"description\" content=\"Ly\u00f6 vetoa pelk\u00e4\u00e4m\u00e4tt\u00e4 SpinBetter-kasinolla! Saat 3 % takaisin joka viikko jopa 1000 euroon asti. SpinBetter palauttaa osan rahoista!\" \/>\n<meta name=\"robots\" content=\"index, follow, max-snippet:-1, max-image-preview:large, max-video-preview:-1\" \/>\n<meta property=\"og:locale\" content=\"fi_FI\" \/>\n<meta property=\"og:type\" content=\"article\" \/>\n<meta property=\"og:title\" content=\"SpinBetter &gt; Mahdollisuutesi saada tappiosi takaisin\" \/>\n<meta property=\"og:description\" content=\"Ly\u00f6 vetoa pelk\u00e4\u00e4m\u00e4tt\u00e4 SpinBetter-kasinolla! Saat 3 % takaisin joka viikko jopa 1000 euroon asti. SpinBetter palauttaa osan rahoista!\" \/>\n<meta property=\"og:url\" content=\"https:\/\/spinbetter.cash\/fi\/bonus\/betting-cashback-from-spinbetter\/\" \/>\n<meta property=\"og:site_name\" content=\"Spinbetter Football FI\" \/>\n<meta property=\"article:modified_time\" content=\"2025-07-03T11:05:21+00:00\" \/>\n<meta name=\"twitter:card\" content=\"summary_large_image\" \/>\n<script type=\"application\/ld+json\" class=\"yoast-schema-graph\">{\"@context\":\"https:\\\/\\\/schema.org\",\"@graph\":[{\"@type\":\"WebPage\",\"@id\":\"https:\\\/\\\/spinbetter.cash\\\/fi\\\/bonus\\\/betting-cashback-from-spinbetter\\\/\",\"url\":\"https:\\\/\\\/spinbetter.cash\\\/fi\\\/bonus\\\/betting-cashback-from-spinbetter\\\/\",\"name\":\"SpinBetter > Mahdollisuutesi saada tappiosi takaisin\",\"isPartOf\":{\"@id\":\"https:\\\/\\\/spinbetter.cash\\\/fi\\\/#website\"},\"datePublished\":\"2025-07-03T11:02:56+00:00\",\"dateModified\":\"2025-07-03T11:05:21+00:00\",\"description\":\"Ly\u00f6 vetoa pelk\u00e4\u00e4m\u00e4tt\u00e4 SpinBetter-kasinolla! Saat 3 % takaisin joka viikko jopa 1000 euroon asti. SpinBetter palauttaa osan rahoista!\",\"breadcrumb\":{\"@id\":\"https:\\\/\\\/spinbetter.cash\\\/fi\\\/bonus\\\/betting-cashback-from-spinbetter\\\/#breadcrumb\"},\"inLanguage\":\"fi\",\"potentialAction\":[{\"@type\":\"ReadAction\",\"target\":[\"https:\\\/\\\/spinbetter.cash\\\/fi\\\/bonus\\\/betting-cashback-from-spinbetter\\\/\"]}]},{\"@type\":\"BreadcrumbList\",\"@id\":\"https:\\\/\\\/spinbetter.cash\\\/fi\\\/bonus\\\/betting-cashback-from-spinbetter\\\/#breadcrumb\",\"itemListElement\":[{\"@type\":\"ListItem\",\"position\":1,\"name\":\"Home\",\"item\":\"https:\\\/\\\/spinbetter.cash\\\/fi\\\/\"},{\"@type\":\"ListItem\",\"position\":2,\"name\":\"Bonus\",\"item\":\"https:\\\/\\\/spinbetter.cash\\\/fi\\\/bonus\\\/\"},{\"@type\":\"ListItem\",\"position\":3,\"name\":\"Vedonly\u00f6nnin CASHBACK SpinBetter\"}]},{\"@type\":\"WebSite\",\"@id\":\"https:\\\/\\\/spinbetter.cash\\\/fi\\\/#website\",\"url\":\"https:\\\/\\\/spinbetter.cash\\\/fi\\\/\",\"name\":\"Spinbetter Football FI\",\"description\":\"My WordPress Blog\",\"potentialAction\":[{\"@type\":\"SearchAction\",\"target\":{\"@type\":\"EntryPoint\",\"urlTemplate\":\"https:\\\/\\\/spinbetter.cash\\\/fi\\\/?s={search_term_string}\"},\"query-input\":{\"@type\":\"PropertyValueSpecification\",\"valueRequired\":true,\"valueName\":\"search_term_string\"}}],\"inLanguage\":\"fi\"}]}<\/script>\n<!-- \/ Yoast SEO plugin. -->","yoast_head_json":{"title":"SpinBetter > Mahdollisuutesi saada tappiosi takaisin","description":"Ly\u00f6 vetoa pelk\u00e4\u00e4m\u00e4tt\u00e4 SpinBetter-kasinolla! Saat 3 % takaisin joka viikko jopa 1000 euroon asti. SpinBetter palauttaa osan rahoista!","robots":{"index":"index","follow":"follow","max-snippet":"max-snippet:-1","max-image-preview":"max-image-preview:large","max-video-preview":"max-video-preview:-1"},"og_locale":"fi_FI","og_type":"article","og_title":"SpinBetter > Mahdollisuutesi saada tappiosi takaisin","og_description":"Ly\u00f6 vetoa pelk\u00e4\u00e4m\u00e4tt\u00e4 SpinBetter-kasinolla! Saat 3 % takaisin joka viikko jopa 1000 euroon asti. SpinBetter palauttaa osan rahoista!","og_url":"https:\/\/spinbetter.cash\/fi\/bonus\/betting-cashback-from-spinbetter\/","og_site_name":"Spinbetter Football FI","article_modified_time":"2025-07-03T11:05:21+00:00","twitter_card":"summary_large_image","schema":{"@context":"https:\/\/schema.org","@graph":[{"@type":"WebPage","@id":"https:\/\/spinbetter.cash\/fi\/bonus\/betting-cashback-from-spinbetter\/","url":"https:\/\/spinbetter.cash\/fi\/bonus\/betting-cashback-from-spinbetter\/","name":"SpinBetter > Mahdollisuutesi saada tappiosi takaisin","isPartOf":{"@id":"https:\/\/spinbetter.cash\/fi\/#website"},"datePublished":"2025-07-03T11:02:56+00:00","dateModified":"2025-07-03T11:05:21+00:00","description":"Ly\u00f6 vetoa pelk\u00e4\u00e4m\u00e4tt\u00e4 SpinBetter-kasinolla! Saat 3 % takaisin joka viikko jopa 1000 euroon asti. SpinBetter palauttaa osan rahoista!","breadcrumb":{"@id":"https:\/\/spinbetter.cash\/fi\/bonus\/betting-cashback-from-spinbetter\/#breadcrumb"},"inLanguage":"fi","potentialAction":[{"@type":"ReadAction","target":["https:\/\/spinbetter.cash\/fi\/bonus\/betting-cashback-from-spinbetter\/"]}]},{"@type":"BreadcrumbList","@id":"https:\/\/spinbetter.cash\/fi\/bonus\/betting-cashback-from-spinbetter\/#breadcrumb","itemListElement":[{"@type":"ListItem","position":1,"name":"Home","item":"https:\/\/spinbetter.cash\/fi\/"},{"@type":"ListItem","position":2,"name":"Bonus","item":"https:\/\/spinbetter.cash\/fi\/bonus\/"},{"@type":"ListItem","position":3,"name":"Vedonly\u00f6nnin CASHBACK SpinBetter"}]},{"@type":"WebSite","@id":"https:\/\/spinbetter.cash\/fi\/#website","url":"https:\/\/spinbetter.cash\/fi\/","name":"Spinbetter Football FI","description":"My WordPress Blog","potentialAction":[{"@type":"SearchAction","target":{"@type":"EntryPoint","urlTemplate":"https:\/\/spinbetter.cash\/fi\/?s={search_term_string}"},"query-input":{"@type":"PropertyValueSpecification","valueRequired":true,"valueName":"search_term_string"}}],"inLanguage":"fi"}]}},"_links":{"self":[{"href":"https:\/\/spinbetter.cash\/fi\/wp-json\/wp\/v2\/pages\/628","targetHints":{"allow":["GET"]}}],"collection":[{"href":"https:\/\/spinbetter.cash\/fi\/wp-json\/wp\/v2\/pages"}],"about":[{"href":"https:\/\/spinbetter.cash\/fi\/wp-json\/wp\/v2\/types\/page"}],"author":[{"embeddable":true,"href":"https:\/\/spinbetter.cash\/fi\/wp-json\/wp\/v2\/users\/1"}],"replies":[{"embeddable":true,"href":"https:\/\/spinbetter.cash\/fi\/wp-json\/wp\/v2\/comments?post=628"}],"version-history":[{"count":2,"href":"https:\/\/spinbetter.cash\/fi\/wp-json\/wp\/v2\/pages\/628\/revisions"}],"predecessor-version":[{"id":630,"href":"https:\/\/spinbetter.cash\/fi\/wp-json\/wp\/v2\/pages\/628\/revisions\/630"}],"up":[{"embeddable":true,"href":"https:\/\/spinbetter.cash\/fi\/wp-json\/wp\/v2\/pages\/152"}],"wp:attachment":[{"href":"https:\/\/spinbetter.cash\/fi\/wp-json\/wp\/v2\/media?parent=628"}],"curies":[{"name":"wp","href":"https:\/\/api.w.org\/{rel}","templated":true}]}}