{"id":613,"date":"2025-06-06T10:04:28","date_gmt":"2025-06-06T10:04:28","guid":{"rendered":"https:\/\/spinbetter.cash\/fi\/?page_id=613"},"modified":"2025-06-11T09:29:43","modified_gmt":"2025-06-11T09:29:43","slug":"spinbetter-welcome","status":"publish","type":"page","link":"https:\/\/spinbetter.cash\/fi\/bonus\/spinbetter-welcome\/","title":{"rendered":"SpinBetter tervetuloa"},"content":{"rendered":"","protected":false},"excerpt":{"rendered":"","protected":false},"author":1,"featured_media":0,"parent":152,"menu_order":0,"comment_status":"closed","ping_status":"closed","template":"","meta":{"_acf_changed":false,"footnotes":""},"class_list":["post-613","page","type-page","status-publish","hentry"],"acf":[],"yoast_head":"<!-- This site is optimized with the Yoast SEO plugin v27.3 - https:\/\/yoast.com\/product\/yoast-seo-wordpress\/ -->\n<title>SpinBetter &gt; Nappaa 1500 \u20ac + 150 ilmaiskierrosta!<\/title>\n<meta name=\"description\" content=\"Liity SpinBetterille ja nappaa uskomaton tervetuliaispaketti &gt; jopa 1500 \u20ac ja 150 ilmaiskierrosta - aloita voittaminen jo t\u00e4n\u00e4\u00e4n!\" \/>\n<meta name=\"robots\" content=\"index, follow, max-snippet:-1, max-image-preview:large, max-video-preview:-1\" \/>\n<meta property=\"og:locale\" content=\"fi_FI\" \/>\n<meta property=\"og:type\" content=\"article\" \/>\n<meta property=\"og:title\" content=\"SpinBetter &gt; Nappaa 1500 \u20ac + 150 ilmaiskierrosta!\" \/>\n<meta property=\"og:description\" content=\"Liity SpinBetterille ja nappaa uskomaton tervetuliaispaketti &gt; jopa 1500 \u20ac ja 150 ilmaiskierrosta - aloita voittaminen jo t\u00e4n\u00e4\u00e4n!\" \/>\n<meta property=\"og:url\" content=\"https:\/\/spinbetter.cash\/fi\/bonus\/spinbetter-welcome\/\" \/>\n<meta property=\"og:site_name\" content=\"Spinbetter Football FI\" \/>\n<meta property=\"article:modified_time\" content=\"2025-06-11T09:29:43+00:00\" \/>\n<meta name=\"twitter:card\" content=\"summary_large_image\" \/>\n<script type=\"application\/ld+json\" class=\"yoast-schema-graph\">{\"@context\":\"https:\\\/\\\/schema.org\",\"@graph\":[{\"@type\":\"WebPage\",\"@id\":\"https:\\\/\\\/spinbetter.cash\\\/fi\\\/bonus\\\/spinbetter-welcome\\\/\",\"url\":\"https:\\\/\\\/spinbetter.cash\\\/fi\\\/bonus\\\/spinbetter-welcome\\\/\",\"name\":\"SpinBetter > Nappaa 1500 \u20ac + 150 ilmaiskierrosta!\",\"isPartOf\":{\"@id\":\"https:\\\/\\\/spinbetter.cash\\\/fi\\\/#website\"},\"datePublished\":\"2025-06-06T10:04:28+00:00\",\"dateModified\":\"2025-06-11T09:29:43+00:00\",\"description\":\"Liity SpinBetterille ja nappaa uskomaton tervetuliaispaketti > jopa 1500 \u20ac ja 150 ilmaiskierrosta - aloita voittaminen jo t\u00e4n\u00e4\u00e4n!\",\"breadcrumb\":{\"@id\":\"https:\\\/\\\/spinbetter.cash\\\/fi\\\/bonus\\\/spinbetter-welcome\\\/#breadcrumb\"},\"inLanguage\":\"fi\",\"potentialAction\":[{\"@type\":\"ReadAction\",\"target\":[\"https:\\\/\\\/spinbetter.cash\\\/fi\\\/bonus\\\/spinbetter-welcome\\\/\"]}]},{\"@type\":\"BreadcrumbList\",\"@id\":\"https:\\\/\\\/spinbetter.cash\\\/fi\\\/bonus\\\/spinbetter-welcome\\\/#breadcrumb\",\"itemListElement\":[{\"@type\":\"ListItem\",\"position\":1,\"name\":\"Home\",\"item\":\"https:\\\/\\\/spinbetter.cash\\\/fi\\\/\"},{\"@type\":\"ListItem\",\"position\":2,\"name\":\"Bonus\",\"item\":\"https:\\\/\\\/spinbetter.cash\\\/fi\\\/bonus\\\/\"},{\"@type\":\"ListItem\",\"position\":3,\"name\":\"SpinBetter tervetuloa\"}]},{\"@type\":\"WebSite\",\"@id\":\"https:\\\/\\\/spinbetter.cash\\\/fi\\\/#website\",\"url\":\"https:\\\/\\\/spinbetter.cash\\\/fi\\\/\",\"name\":\"Spinbetter Football FI\",\"description\":\"My WordPress Blog\",\"potentialAction\":[{\"@type\":\"SearchAction\",\"target\":{\"@type\":\"EntryPoint\",\"urlTemplate\":\"https:\\\/\\\/spinbetter.cash\\\/fi\\\/?s={search_term_string}\"},\"query-input\":{\"@type\":\"PropertyValueSpecification\",\"valueRequired\":true,\"valueName\":\"search_term_string\"}}],\"inLanguage\":\"fi\"}]}<\/script>\n<!-- \/ Yoast SEO plugin. -->","yoast_head_json":{"title":"SpinBetter > Nappaa 1500 \u20ac + 150 ilmaiskierrosta!","description":"Liity SpinBetterille ja nappaa uskomaton tervetuliaispaketti > jopa 1500 \u20ac ja 150 ilmaiskierrosta - aloita voittaminen jo t\u00e4n\u00e4\u00e4n!","robots":{"index":"index","follow":"follow","max-snippet":"max-snippet:-1","max-image-preview":"max-image-preview:large","max-video-preview":"max-video-preview:-1"},"og_locale":"fi_FI","og_type":"article","og_title":"SpinBetter > Nappaa 1500 \u20ac + 150 ilmaiskierrosta!","og_description":"Liity SpinBetterille ja nappaa uskomaton tervetuliaispaketti > jopa 1500 \u20ac ja 150 ilmaiskierrosta - aloita voittaminen jo t\u00e4n\u00e4\u00e4n!","og_url":"https:\/\/spinbetter.cash\/fi\/bonus\/spinbetter-welcome\/","og_site_name":"Spinbetter Football FI","article_modified_time":"2025-06-11T09:29:43+00:00","twitter_card":"summary_large_image","schema":{"@context":"https:\/\/schema.org","@graph":[{"@type":"WebPage","@id":"https:\/\/spinbetter.cash\/fi\/bonus\/spinbetter-welcome\/","url":"https:\/\/spinbetter.cash\/fi\/bonus\/spinbetter-welcome\/","name":"SpinBetter > Nappaa 1500 \u20ac + 150 ilmaiskierrosta!","isPartOf":{"@id":"https:\/\/spinbetter.cash\/fi\/#website"},"datePublished":"2025-06-06T10:04:28+00:00","dateModified":"2025-06-11T09:29:43+00:00","description":"Liity SpinBetterille ja nappaa uskomaton tervetuliaispaketti > jopa 1500 \u20ac ja 150 ilmaiskierrosta - aloita voittaminen jo t\u00e4n\u00e4\u00e4n!","breadcrumb":{"@id":"https:\/\/spinbetter.cash\/fi\/bonus\/spinbetter-welcome\/#breadcrumb"},"inLanguage":"fi","potentialAction":[{"@type":"ReadAction","target":["https:\/\/spinbetter.cash\/fi\/bonus\/spinbetter-welcome\/"]}]},{"@type":"BreadcrumbList","@id":"https:\/\/spinbetter.cash\/fi\/bonus\/spinbetter-welcome\/#breadcrumb","itemListElement":[{"@type":"ListItem","position":1,"name":"Home","item":"https:\/\/spinbetter.cash\/fi\/"},{"@type":"ListItem","position":2,"name":"Bonus","item":"https:\/\/spinbetter.cash\/fi\/bonus\/"},{"@type":"ListItem","position":3,"name":"SpinBetter tervetuloa"}]},{"@type":"WebSite","@id":"https:\/\/spinbetter.cash\/fi\/#website","url":"https:\/\/spinbetter.cash\/fi\/","name":"Spinbetter Football FI","description":"My WordPress Blog","potentialAction":[{"@type":"SearchAction","target":{"@type":"EntryPoint","urlTemplate":"https:\/\/spinbetter.cash\/fi\/?s={search_term_string}"},"query-input":{"@type":"PropertyValueSpecification","valueRequired":true,"valueName":"search_term_string"}}],"inLanguage":"fi"}]}},"_links":{"self":[{"href":"https:\/\/spinbetter.cash\/fi\/wp-json\/wp\/v2\/pages\/613","targetHints":{"allow":["GET"]}}],"collection":[{"href":"https:\/\/spinbetter.cash\/fi\/wp-json\/wp\/v2\/pages"}],"about":[{"href":"https:\/\/spinbetter.cash\/fi\/wp-json\/wp\/v2\/types\/page"}],"author":[{"embeddable":true,"href":"https:\/\/spinbetter.cash\/fi\/wp-json\/wp\/v2\/users\/1"}],"replies":[{"embeddable":true,"href":"https:\/\/spinbetter.cash\/fi\/wp-json\/wp\/v2\/comments?post=613"}],"version-history":[{"count":1,"href":"https:\/\/spinbetter.cash\/fi\/wp-json\/wp\/v2\/pages\/613\/revisions"}],"predecessor-version":[{"id":614,"href":"https:\/\/spinbetter.cash\/fi\/wp-json\/wp\/v2\/pages\/613\/revisions\/614"}],"up":[{"embeddable":true,"href":"https:\/\/spinbetter.cash\/fi\/wp-json\/wp\/v2\/pages\/152"}],"wp:attachment":[{"href":"https:\/\/spinbetter.cash\/fi\/wp-json\/wp\/v2\/media?parent=613"}],"curies":[{"name":"wp","href":"https:\/\/api.w.org\/{rel}","templated":true}]}}