{"id":609,"date":"2025-06-05T10:14:43","date_gmt":"2025-06-05T10:14:43","guid":{"rendered":"https:\/\/spinbetter.cash\/fi\/?page_id=609"},"modified":"2025-06-11T10:10:31","modified_gmt":"2025-06-11T10:10:31","slug":"bet-now-pay-later","status":"publish","type":"page","link":"https:\/\/spinbetter.cash\/fi\/bonus\/bet-now-pay-later\/","title":{"rendered":"Ly\u00f6 veto nyt \u2013 maksa my\u00f6hemmin"},"content":{"rendered":"","protected":false},"excerpt":{"rendered":"","protected":false},"author":1,"featured_media":0,"parent":152,"menu_order":0,"comment_status":"closed","ping_status":"closed","template":"","meta":{"_acf_changed":false,"footnotes":""},"class_list":["post-609","page","type-page","status-publish","hentry"],"acf":[],"yoast_head":"<!-- This site is optimized with the Yoast SEO plugin v27.3 - https:\/\/yoast.com\/product\/yoast-seo-wordpress\/ -->\n<title>Maksa my\u00f6hemmin Advance Bet - palvelulla SpinBetter!<\/title>\n<meta name=\"description\" content=\"\u00c4l\u00e4 anna tyhj\u00e4n saldon pys\u00e4ytt\u00e4\u00e4 j\u00e4nnityst\u00e4! SpinBetterin Advance Bet -toiminnolla voit ly\u00f6d\u00e4 vetoa, vaikka tilill\u00e4si ei olisi yht\u00e4\u00e4n rahaa!\" \/>\n<meta name=\"robots\" content=\"index, follow, max-snippet:-1, max-image-preview:large, max-video-preview:-1\" \/>\n<meta property=\"og:locale\" content=\"fi_FI\" \/>\n<meta property=\"og:type\" content=\"article\" \/>\n<meta property=\"og:title\" content=\"Maksa my\u00f6hemmin Advance Bet - palvelulla SpinBetter!\" \/>\n<meta property=\"og:description\" content=\"\u00c4l\u00e4 anna tyhj\u00e4n saldon pys\u00e4ytt\u00e4\u00e4 j\u00e4nnityst\u00e4! SpinBetterin Advance Bet -toiminnolla voit ly\u00f6d\u00e4 vetoa, vaikka tilill\u00e4si ei olisi yht\u00e4\u00e4n rahaa!\" \/>\n<meta property=\"og:url\" content=\"https:\/\/spinbetter.cash\/fi\/bonus\/bet-now-pay-later\/\" \/>\n<meta property=\"og:site_name\" content=\"Spinbetter Football FI\" \/>\n<meta property=\"article:modified_time\" content=\"2025-06-11T10:10:31+00:00\" \/>\n<meta name=\"twitter:card\" content=\"summary_large_image\" \/>\n<script type=\"application\/ld+json\" class=\"yoast-schema-graph\">{\"@context\":\"https:\\\/\\\/schema.org\",\"@graph\":[{\"@type\":\"WebPage\",\"@id\":\"https:\\\/\\\/spinbetter.cash\\\/fi\\\/bonus\\\/bet-now-pay-later\\\/\",\"url\":\"https:\\\/\\\/spinbetter.cash\\\/fi\\\/bonus\\\/bet-now-pay-later\\\/\",\"name\":\"Maksa my\u00f6hemmin Advance Bet - palvelulla SpinBetter!\",\"isPartOf\":{\"@id\":\"https:\\\/\\\/spinbetter.cash\\\/fi\\\/#website\"},\"datePublished\":\"2025-06-05T10:14:43+00:00\",\"dateModified\":\"2025-06-11T10:10:31+00:00\",\"description\":\"\u00c4l\u00e4 anna tyhj\u00e4n saldon pys\u00e4ytt\u00e4\u00e4 j\u00e4nnityst\u00e4! SpinBetterin Advance Bet -toiminnolla voit ly\u00f6d\u00e4 vetoa, vaikka tilill\u00e4si ei olisi yht\u00e4\u00e4n rahaa!\",\"breadcrumb\":{\"@id\":\"https:\\\/\\\/spinbetter.cash\\\/fi\\\/bonus\\\/bet-now-pay-later\\\/#breadcrumb\"},\"inLanguage\":\"fi\",\"potentialAction\":[{\"@type\":\"ReadAction\",\"target\":[\"https:\\\/\\\/spinbetter.cash\\\/fi\\\/bonus\\\/bet-now-pay-later\\\/\"]}]},{\"@type\":\"BreadcrumbList\",\"@id\":\"https:\\\/\\\/spinbetter.cash\\\/fi\\\/bonus\\\/bet-now-pay-later\\\/#breadcrumb\",\"itemListElement\":[{\"@type\":\"ListItem\",\"position\":1,\"name\":\"Home\",\"item\":\"https:\\\/\\\/spinbetter.cash\\\/fi\\\/\"},{\"@type\":\"ListItem\",\"position\":2,\"name\":\"Bonus\",\"item\":\"https:\\\/\\\/spinbetter.cash\\\/fi\\\/bonus\\\/\"},{\"@type\":\"ListItem\",\"position\":3,\"name\":\"Ly\u00f6 veto nyt \u2013 maksa my\u00f6hemmin\"}]},{\"@type\":\"WebSite\",\"@id\":\"https:\\\/\\\/spinbetter.cash\\\/fi\\\/#website\",\"url\":\"https:\\\/\\\/spinbetter.cash\\\/fi\\\/\",\"name\":\"Spinbetter Football FI\",\"description\":\"My WordPress Blog\",\"potentialAction\":[{\"@type\":\"SearchAction\",\"target\":{\"@type\":\"EntryPoint\",\"urlTemplate\":\"https:\\\/\\\/spinbetter.cash\\\/fi\\\/?s={search_term_string}\"},\"query-input\":{\"@type\":\"PropertyValueSpecification\",\"valueRequired\":true,\"valueName\":\"search_term_string\"}}],\"inLanguage\":\"fi\"}]}<\/script>\n<!-- \/ Yoast SEO plugin. -->","yoast_head_json":{"title":"Maksa my\u00f6hemmin Advance Bet - palvelulla SpinBetter!","description":"\u00c4l\u00e4 anna tyhj\u00e4n saldon pys\u00e4ytt\u00e4\u00e4 j\u00e4nnityst\u00e4! SpinBetterin Advance Bet -toiminnolla voit ly\u00f6d\u00e4 vetoa, vaikka tilill\u00e4si ei olisi yht\u00e4\u00e4n rahaa!","robots":{"index":"index","follow":"follow","max-snippet":"max-snippet:-1","max-image-preview":"max-image-preview:large","max-video-preview":"max-video-preview:-1"},"og_locale":"fi_FI","og_type":"article","og_title":"Maksa my\u00f6hemmin Advance Bet - palvelulla SpinBetter!","og_description":"\u00c4l\u00e4 anna tyhj\u00e4n saldon pys\u00e4ytt\u00e4\u00e4 j\u00e4nnityst\u00e4! SpinBetterin Advance Bet -toiminnolla voit ly\u00f6d\u00e4 vetoa, vaikka tilill\u00e4si ei olisi yht\u00e4\u00e4n rahaa!","og_url":"https:\/\/spinbetter.cash\/fi\/bonus\/bet-now-pay-later\/","og_site_name":"Spinbetter Football FI","article_modified_time":"2025-06-11T10:10:31+00:00","twitter_card":"summary_large_image","schema":{"@context":"https:\/\/schema.org","@graph":[{"@type":"WebPage","@id":"https:\/\/spinbetter.cash\/fi\/bonus\/bet-now-pay-later\/","url":"https:\/\/spinbetter.cash\/fi\/bonus\/bet-now-pay-later\/","name":"Maksa my\u00f6hemmin Advance Bet - palvelulla SpinBetter!","isPartOf":{"@id":"https:\/\/spinbetter.cash\/fi\/#website"},"datePublished":"2025-06-05T10:14:43+00:00","dateModified":"2025-06-11T10:10:31+00:00","description":"\u00c4l\u00e4 anna tyhj\u00e4n saldon pys\u00e4ytt\u00e4\u00e4 j\u00e4nnityst\u00e4! SpinBetterin Advance Bet -toiminnolla voit ly\u00f6d\u00e4 vetoa, vaikka tilill\u00e4si ei olisi yht\u00e4\u00e4n rahaa!","breadcrumb":{"@id":"https:\/\/spinbetter.cash\/fi\/bonus\/bet-now-pay-later\/#breadcrumb"},"inLanguage":"fi","potentialAction":[{"@type":"ReadAction","target":["https:\/\/spinbetter.cash\/fi\/bonus\/bet-now-pay-later\/"]}]},{"@type":"BreadcrumbList","@id":"https:\/\/spinbetter.cash\/fi\/bonus\/bet-now-pay-later\/#breadcrumb","itemListElement":[{"@type":"ListItem","position":1,"name":"Home","item":"https:\/\/spinbetter.cash\/fi\/"},{"@type":"ListItem","position":2,"name":"Bonus","item":"https:\/\/spinbetter.cash\/fi\/bonus\/"},{"@type":"ListItem","position":3,"name":"Ly\u00f6 veto nyt \u2013 maksa my\u00f6hemmin"}]},{"@type":"WebSite","@id":"https:\/\/spinbetter.cash\/fi\/#website","url":"https:\/\/spinbetter.cash\/fi\/","name":"Spinbetter Football FI","description":"My WordPress Blog","potentialAction":[{"@type":"SearchAction","target":{"@type":"EntryPoint","urlTemplate":"https:\/\/spinbetter.cash\/fi\/?s={search_term_string}"},"query-input":{"@type":"PropertyValueSpecification","valueRequired":true,"valueName":"search_term_string"}}],"inLanguage":"fi"}]}},"_links":{"self":[{"href":"https:\/\/spinbetter.cash\/fi\/wp-json\/wp\/v2\/pages\/609","targetHints":{"allow":["GET"]}}],"collection":[{"href":"https:\/\/spinbetter.cash\/fi\/wp-json\/wp\/v2\/pages"}],"about":[{"href":"https:\/\/spinbetter.cash\/fi\/wp-json\/wp\/v2\/types\/page"}],"author":[{"embeddable":true,"href":"https:\/\/spinbetter.cash\/fi\/wp-json\/wp\/v2\/users\/1"}],"replies":[{"embeddable":true,"href":"https:\/\/spinbetter.cash\/fi\/wp-json\/wp\/v2\/comments?post=609"}],"version-history":[{"count":1,"href":"https:\/\/spinbetter.cash\/fi\/wp-json\/wp\/v2\/pages\/609\/revisions"}],"predecessor-version":[{"id":610,"href":"https:\/\/spinbetter.cash\/fi\/wp-json\/wp\/v2\/pages\/609\/revisions\/610"}],"up":[{"embeddable":true,"href":"https:\/\/spinbetter.cash\/fi\/wp-json\/wp\/v2\/pages\/152"}],"wp:attachment":[{"href":"https:\/\/spinbetter.cash\/fi\/wp-json\/wp\/v2\/media?parent=609"}],"curies":[{"name":"wp","href":"https:\/\/api.w.org\/{rel}","templated":true}]}}