{"id":434,"date":"2024-10-11T14:32:24","date_gmt":"2024-10-11T14:32:24","guid":{"rendered":"https:\/\/spinbetter.cash\/fi\/?page_id=434"},"modified":"2025-03-04T11:19:19","modified_gmt":"2025-03-04T11:19:19","slug":"player-reviews","status":"publish","type":"page","link":"https:\/\/spinbetter.cash\/fi\/player-reviews\/","title":{"rendered":"Pelaajien arvostelut"},"content":{"rendered":"","protected":false},"excerpt":{"rendered":"","protected":false},"author":1,"featured_media":0,"parent":0,"menu_order":0,"comment_status":"closed","ping_status":"closed","template":"","meta":{"_acf_changed":false,"footnotes":""},"class_list":["post-434","page","type-page","status-publish","hentry"],"acf":[],"yoast_head":"<!-- This site is optimized with the Yoast SEO plugin v27.3 - https:\/\/yoast.com\/product\/yoast-seo-wordpress\/ -->\n<title>SpinBetter kasino ja vedonv\u00e4litt\u00e4j\u00e4 pelaajien arvostelut<\/title>\n<meta name=\"description\" content=\"Lue pelaajien arvosteluja SpinBetterist\u00e4. Ota selv\u00e4\u00e4, miten muut panostavat, voittavat ja saavat bonuksia!\" \/>\n<meta name=\"robots\" content=\"index, follow, max-snippet:-1, max-image-preview:large, max-video-preview:-1\" \/>\n<meta property=\"og:locale\" content=\"fi_FI\" \/>\n<meta property=\"og:type\" content=\"article\" \/>\n<meta property=\"og:title\" content=\"SpinBetter kasino ja vedonv\u00e4litt\u00e4j\u00e4 pelaajien arvostelut\" \/>\n<meta property=\"og:description\" content=\"Lue pelaajien arvosteluja SpinBetterist\u00e4. Ota selv\u00e4\u00e4, miten muut panostavat, voittavat ja saavat bonuksia!\" \/>\n<meta property=\"og:url\" content=\"https:\/\/spinbetter.cash\/fi\/player-reviews\/\" \/>\n<meta property=\"og:site_name\" content=\"Spinbetter Football FI\" \/>\n<meta property=\"article:modified_time\" content=\"2025-03-04T11:19:19+00:00\" \/>\n<meta name=\"twitter:card\" content=\"summary_large_image\" \/>\n<script type=\"application\/ld+json\" class=\"yoast-schema-graph\">{\"@context\":\"https:\\\/\\\/schema.org\",\"@graph\":[{\"@type\":\"WebPage\",\"@id\":\"https:\\\/\\\/spinbetter.cash\\\/fi\\\/player-reviews\\\/\",\"url\":\"https:\\\/\\\/spinbetter.cash\\\/fi\\\/player-reviews\\\/\",\"name\":\"SpinBetter kasino ja vedonv\u00e4litt\u00e4j\u00e4 pelaajien arvostelut\",\"isPartOf\":{\"@id\":\"https:\\\/\\\/spinbetter.cash\\\/fi\\\/#website\"},\"datePublished\":\"2024-10-11T14:32:24+00:00\",\"dateModified\":\"2025-03-04T11:19:19+00:00\",\"description\":\"Lue pelaajien arvosteluja SpinBetterist\u00e4. Ota selv\u00e4\u00e4, miten muut panostavat, voittavat ja saavat bonuksia!\",\"breadcrumb\":{\"@id\":\"https:\\\/\\\/spinbetter.cash\\\/fi\\\/player-reviews\\\/#breadcrumb\"},\"inLanguage\":\"fi\",\"potentialAction\":[{\"@type\":\"ReadAction\",\"target\":[\"https:\\\/\\\/spinbetter.cash\\\/fi\\\/player-reviews\\\/\"]}]},{\"@type\":\"BreadcrumbList\",\"@id\":\"https:\\\/\\\/spinbetter.cash\\\/fi\\\/player-reviews\\\/#breadcrumb\",\"itemListElement\":[{\"@type\":\"ListItem\",\"position\":1,\"name\":\"Home\",\"item\":\"https:\\\/\\\/spinbetter.cash\\\/fi\\\/\"},{\"@type\":\"ListItem\",\"position\":2,\"name\":\"Pelaajien arvostelut\"}]},{\"@type\":\"WebSite\",\"@id\":\"https:\\\/\\\/spinbetter.cash\\\/fi\\\/#website\",\"url\":\"https:\\\/\\\/spinbetter.cash\\\/fi\\\/\",\"name\":\"Spinbetter Football FI\",\"description\":\"My WordPress Blog\",\"potentialAction\":[{\"@type\":\"SearchAction\",\"target\":{\"@type\":\"EntryPoint\",\"urlTemplate\":\"https:\\\/\\\/spinbetter.cash\\\/fi\\\/?s={search_term_string}\"},\"query-input\":{\"@type\":\"PropertyValueSpecification\",\"valueRequired\":true,\"valueName\":\"search_term_string\"}}],\"inLanguage\":\"fi\"}]}<\/script>\n<!-- \/ Yoast SEO plugin. -->","yoast_head_json":{"title":"SpinBetter kasino ja vedonv\u00e4litt\u00e4j\u00e4 pelaajien arvostelut","description":"Lue pelaajien arvosteluja SpinBetterist\u00e4. Ota selv\u00e4\u00e4, miten muut panostavat, voittavat ja saavat bonuksia!","robots":{"index":"index","follow":"follow","max-snippet":"max-snippet:-1","max-image-preview":"max-image-preview:large","max-video-preview":"max-video-preview:-1"},"og_locale":"fi_FI","og_type":"article","og_title":"SpinBetter kasino ja vedonv\u00e4litt\u00e4j\u00e4 pelaajien arvostelut","og_description":"Lue pelaajien arvosteluja SpinBetterist\u00e4. Ota selv\u00e4\u00e4, miten muut panostavat, voittavat ja saavat bonuksia!","og_url":"https:\/\/spinbetter.cash\/fi\/player-reviews\/","og_site_name":"Spinbetter Football FI","article_modified_time":"2025-03-04T11:19:19+00:00","twitter_card":"summary_large_image","schema":{"@context":"https:\/\/schema.org","@graph":[{"@type":"WebPage","@id":"https:\/\/spinbetter.cash\/fi\/player-reviews\/","url":"https:\/\/spinbetter.cash\/fi\/player-reviews\/","name":"SpinBetter kasino ja vedonv\u00e4litt\u00e4j\u00e4 pelaajien arvostelut","isPartOf":{"@id":"https:\/\/spinbetter.cash\/fi\/#website"},"datePublished":"2024-10-11T14:32:24+00:00","dateModified":"2025-03-04T11:19:19+00:00","description":"Lue pelaajien arvosteluja SpinBetterist\u00e4. Ota selv\u00e4\u00e4, miten muut panostavat, voittavat ja saavat bonuksia!","breadcrumb":{"@id":"https:\/\/spinbetter.cash\/fi\/player-reviews\/#breadcrumb"},"inLanguage":"fi","potentialAction":[{"@type":"ReadAction","target":["https:\/\/spinbetter.cash\/fi\/player-reviews\/"]}]},{"@type":"BreadcrumbList","@id":"https:\/\/spinbetter.cash\/fi\/player-reviews\/#breadcrumb","itemListElement":[{"@type":"ListItem","position":1,"name":"Home","item":"https:\/\/spinbetter.cash\/fi\/"},{"@type":"ListItem","position":2,"name":"Pelaajien arvostelut"}]},{"@type":"WebSite","@id":"https:\/\/spinbetter.cash\/fi\/#website","url":"https:\/\/spinbetter.cash\/fi\/","name":"Spinbetter Football FI","description":"My WordPress Blog","potentialAction":[{"@type":"SearchAction","target":{"@type":"EntryPoint","urlTemplate":"https:\/\/spinbetter.cash\/fi\/?s={search_term_string}"},"query-input":{"@type":"PropertyValueSpecification","valueRequired":true,"valueName":"search_term_string"}}],"inLanguage":"fi"}]}},"_links":{"self":[{"href":"https:\/\/spinbetter.cash\/fi\/wp-json\/wp\/v2\/pages\/434","targetHints":{"allow":["GET"]}}],"collection":[{"href":"https:\/\/spinbetter.cash\/fi\/wp-json\/wp\/v2\/pages"}],"about":[{"href":"https:\/\/spinbetter.cash\/fi\/wp-json\/wp\/v2\/types\/page"}],"author":[{"embeddable":true,"href":"https:\/\/spinbetter.cash\/fi\/wp-json\/wp\/v2\/users\/1"}],"replies":[{"embeddable":true,"href":"https:\/\/spinbetter.cash\/fi\/wp-json\/wp\/v2\/comments?post=434"}],"version-history":[{"count":22,"href":"https:\/\/spinbetter.cash\/fi\/wp-json\/wp\/v2\/pages\/434\/revisions"}],"predecessor-version":[{"id":590,"href":"https:\/\/spinbetter.cash\/fi\/wp-json\/wp\/v2\/pages\/434\/revisions\/590"}],"wp:attachment":[{"href":"https:\/\/spinbetter.cash\/fi\/wp-json\/wp\/v2\/media?parent=434"}],"curies":[{"name":"wp","href":"https:\/\/api.w.org\/{rel}","templated":true}]}}