{"id":354,"date":"2024-10-11T14:32:58","date_gmt":"2024-10-11T14:32:58","guid":{"rendered":"https:\/\/spinbetter.cash\/fi\/?page_id=354"},"modified":"2025-11-20T11:31:12","modified_gmt":"2025-11-20T11:31:12","slug":"registration","status":"publish","type":"page","link":"https:\/\/spinbetter.cash\/fi\/registration\/","title":{"rendered":"Rekister\u00f6inti"},"content":{"rendered":"","protected":false},"excerpt":{"rendered":"","protected":false},"author":1,"featured_media":0,"parent":0,"menu_order":0,"comment_status":"closed","ping_status":"closed","template":"","meta":{"_acf_changed":false,"footnotes":""},"class_list":["post-354","page","type-page","status-publish","hentry"],"acf":[],"yoast_head":"<!-- This site is optimized with the Yoast SEO plugin v27.3 - https:\/\/yoast.com\/product\/yoast-seo-wordpress\/ -->\n<title>SpinBetter rekister\u00f6inti | Ota bonus ja aloita voittaminen!<\/title>\n<meta name=\"description\" content=\"Rekister\u00f6ityminen SpinBetteriin. Helppo aloitus: luo tili, hanki bonus ja aloita vedonly\u00f6nti urheilusta ja voita jo t\u00e4n\u00e4\u00e4n!\" \/>\n<meta name=\"robots\" content=\"index, follow, max-snippet:-1, max-image-preview:large, max-video-preview:-1\" \/>\n<meta property=\"og:locale\" content=\"fi_FI\" \/>\n<meta property=\"og:type\" content=\"article\" \/>\n<meta property=\"og:title\" content=\"SpinBetter rekister\u00f6inti | Ota bonus ja aloita voittaminen!\" \/>\n<meta property=\"og:description\" content=\"Rekister\u00f6ityminen SpinBetteriin. Helppo aloitus: luo tili, hanki bonus ja aloita vedonly\u00f6nti urheilusta ja voita jo t\u00e4n\u00e4\u00e4n!\" \/>\n<meta property=\"og:url\" content=\"https:\/\/spinbetter.cash\/fi\/registration\/\" \/>\n<meta property=\"og:site_name\" content=\"Spinbetter Football FI\" \/>\n<meta property=\"article:modified_time\" content=\"2025-11-20T11:31:12+00:00\" \/>\n<meta name=\"twitter:card\" content=\"summary_large_image\" \/>\n<script type=\"application\/ld+json\" class=\"yoast-schema-graph\">{\"@context\":\"https:\\\/\\\/schema.org\",\"@graph\":[{\"@type\":\"WebPage\",\"@id\":\"https:\\\/\\\/spinbetter.cash\\\/fi\\\/registration\\\/\",\"url\":\"https:\\\/\\\/spinbetter.cash\\\/fi\\\/registration\\\/\",\"name\":\"SpinBetter rekister\u00f6inti | Ota bonus ja aloita voittaminen!\",\"isPartOf\":{\"@id\":\"https:\\\/\\\/spinbetter.cash\\\/fi\\\/#website\"},\"datePublished\":\"2024-10-11T14:32:58+00:00\",\"dateModified\":\"2025-11-20T11:31:12+00:00\",\"description\":\"Rekister\u00f6ityminen SpinBetteriin. Helppo aloitus: luo tili, hanki bonus ja aloita vedonly\u00f6nti urheilusta ja voita jo t\u00e4n\u00e4\u00e4n!\",\"breadcrumb\":{\"@id\":\"https:\\\/\\\/spinbetter.cash\\\/fi\\\/registration\\\/#breadcrumb\"},\"inLanguage\":\"fi\",\"potentialAction\":[{\"@type\":\"ReadAction\",\"target\":[\"https:\\\/\\\/spinbetter.cash\\\/fi\\\/registration\\\/\"]}]},{\"@type\":\"BreadcrumbList\",\"@id\":\"https:\\\/\\\/spinbetter.cash\\\/fi\\\/registration\\\/#breadcrumb\",\"itemListElement\":[{\"@type\":\"ListItem\",\"position\":1,\"name\":\"Home\",\"item\":\"https:\\\/\\\/spinbetter.cash\\\/fi\\\/\"},{\"@type\":\"ListItem\",\"position\":2,\"name\":\"Rekister\u00f6inti\"}]},{\"@type\":\"WebSite\",\"@id\":\"https:\\\/\\\/spinbetter.cash\\\/fi\\\/#website\",\"url\":\"https:\\\/\\\/spinbetter.cash\\\/fi\\\/\",\"name\":\"Spinbetter Football FI\",\"description\":\"My WordPress Blog\",\"potentialAction\":[{\"@type\":\"SearchAction\",\"target\":{\"@type\":\"EntryPoint\",\"urlTemplate\":\"https:\\\/\\\/spinbetter.cash\\\/fi\\\/?s={search_term_string}\"},\"query-input\":{\"@type\":\"PropertyValueSpecification\",\"valueRequired\":true,\"valueName\":\"search_term_string\"}}],\"inLanguage\":\"fi\"}]}<\/script>\n<!-- \/ Yoast SEO plugin. -->","yoast_head_json":{"title":"SpinBetter rekister\u00f6inti | Ota bonus ja aloita voittaminen!","description":"Rekister\u00f6ityminen SpinBetteriin. Helppo aloitus: luo tili, hanki bonus ja aloita vedonly\u00f6nti urheilusta ja voita jo t\u00e4n\u00e4\u00e4n!","robots":{"index":"index","follow":"follow","max-snippet":"max-snippet:-1","max-image-preview":"max-image-preview:large","max-video-preview":"max-video-preview:-1"},"og_locale":"fi_FI","og_type":"article","og_title":"SpinBetter rekister\u00f6inti | Ota bonus ja aloita voittaminen!","og_description":"Rekister\u00f6ityminen SpinBetteriin. Helppo aloitus: luo tili, hanki bonus ja aloita vedonly\u00f6nti urheilusta ja voita jo t\u00e4n\u00e4\u00e4n!","og_url":"https:\/\/spinbetter.cash\/fi\/registration\/","og_site_name":"Spinbetter Football FI","article_modified_time":"2025-11-20T11:31:12+00:00","twitter_card":"summary_large_image","schema":{"@context":"https:\/\/schema.org","@graph":[{"@type":"WebPage","@id":"https:\/\/spinbetter.cash\/fi\/registration\/","url":"https:\/\/spinbetter.cash\/fi\/registration\/","name":"SpinBetter rekister\u00f6inti | Ota bonus ja aloita voittaminen!","isPartOf":{"@id":"https:\/\/spinbetter.cash\/fi\/#website"},"datePublished":"2024-10-11T14:32:58+00:00","dateModified":"2025-11-20T11:31:12+00:00","description":"Rekister\u00f6ityminen SpinBetteriin. Helppo aloitus: luo tili, hanki bonus ja aloita vedonly\u00f6nti urheilusta ja voita jo t\u00e4n\u00e4\u00e4n!","breadcrumb":{"@id":"https:\/\/spinbetter.cash\/fi\/registration\/#breadcrumb"},"inLanguage":"fi","potentialAction":[{"@type":"ReadAction","target":["https:\/\/spinbetter.cash\/fi\/registration\/"]}]},{"@type":"BreadcrumbList","@id":"https:\/\/spinbetter.cash\/fi\/registration\/#breadcrumb","itemListElement":[{"@type":"ListItem","position":1,"name":"Home","item":"https:\/\/spinbetter.cash\/fi\/"},{"@type":"ListItem","position":2,"name":"Rekister\u00f6inti"}]},{"@type":"WebSite","@id":"https:\/\/spinbetter.cash\/fi\/#website","url":"https:\/\/spinbetter.cash\/fi\/","name":"Spinbetter Football FI","description":"My WordPress Blog","potentialAction":[{"@type":"SearchAction","target":{"@type":"EntryPoint","urlTemplate":"https:\/\/spinbetter.cash\/fi\/?s={search_term_string}"},"query-input":{"@type":"PropertyValueSpecification","valueRequired":true,"valueName":"search_term_string"}}],"inLanguage":"fi"}]}},"_links":{"self":[{"href":"https:\/\/spinbetter.cash\/fi\/wp-json\/wp\/v2\/pages\/354","targetHints":{"allow":["GET"]}}],"collection":[{"href":"https:\/\/spinbetter.cash\/fi\/wp-json\/wp\/v2\/pages"}],"about":[{"href":"https:\/\/spinbetter.cash\/fi\/wp-json\/wp\/v2\/types\/page"}],"author":[{"embeddable":true,"href":"https:\/\/spinbetter.cash\/fi\/wp-json\/wp\/v2\/users\/1"}],"replies":[{"embeddable":true,"href":"https:\/\/spinbetter.cash\/fi\/wp-json\/wp\/v2\/comments?post=354"}],"version-history":[{"count":26,"href":"https:\/\/spinbetter.cash\/fi\/wp-json\/wp\/v2\/pages\/354\/revisions"}],"predecessor-version":[{"id":656,"href":"https:\/\/spinbetter.cash\/fi\/wp-json\/wp\/v2\/pages\/354\/revisions\/656"}],"wp:attachment":[{"href":"https:\/\/spinbetter.cash\/fi\/wp-json\/wp\/v2\/media?parent=354"}],"curies":[{"name":"wp","href":"https:\/\/api.w.org\/{rel}","templated":true}]}}