{"id":336,"date":"2024-10-11T14:31:35","date_gmt":"2024-10-11T14:31:35","guid":{"rendered":"https:\/\/spinbetter.cash\/fi\/?page_id=336"},"modified":"2025-06-11T09:23:11","modified_gmt":"2025-06-11T09:23:11","slug":"login","status":"publish","type":"page","link":"https:\/\/spinbetter.cash\/fi\/login\/","title":{"rendered":"Kirjaudu sis\u00e4\u00e4n"},"content":{"rendered":"","protected":false},"excerpt":{"rendered":"","protected":false},"author":1,"featured_media":0,"parent":0,"menu_order":0,"comment_status":"closed","ping_status":"closed","template":"","meta":{"_acf_changed":false,"footnotes":""},"class_list":["post-336","page","type-page","status-publish","hentry"],"acf":[],"yoast_head":"<!-- This site is optimized with the Yoast SEO plugin v27.3 - https:\/\/yoast.com\/product\/yoast-seo-wordpress\/ -->\n<title>SpinBetter Login | Nopea p\u00e4\u00e4sy panoksiin ja voittoihin!<\/title>\n<meta name=\"description\" content=\"Kirjaudu sis\u00e4\u00e4n SpinBetteriin &gt; V\u00e4lit\u00f6n p\u00e4\u00e4sy tilillesi, urheiluvedonly\u00f6ntiin ja uhkapeleihin! Kirjaudu sis\u00e4\u00e4n ja aloita voittaminen heti!\" \/>\n<meta name=\"robots\" content=\"index, follow, max-snippet:-1, max-image-preview:large, max-video-preview:-1\" \/>\n<meta property=\"og:locale\" content=\"fi_FI\" \/>\n<meta property=\"og:type\" content=\"article\" \/>\n<meta property=\"og:title\" content=\"SpinBetter Login | Nopea p\u00e4\u00e4sy panoksiin ja voittoihin!\" \/>\n<meta property=\"og:description\" content=\"Kirjaudu sis\u00e4\u00e4n SpinBetteriin &gt; V\u00e4lit\u00f6n p\u00e4\u00e4sy tilillesi, urheiluvedonly\u00f6ntiin ja uhkapeleihin! Kirjaudu sis\u00e4\u00e4n ja aloita voittaminen heti!\" \/>\n<meta property=\"og:url\" content=\"https:\/\/spinbetter.cash\/fi\/login\/\" \/>\n<meta property=\"og:site_name\" content=\"Spinbetter Football FI\" \/>\n<meta property=\"article:modified_time\" content=\"2025-06-11T09:23:11+00:00\" \/>\n<meta name=\"twitter:card\" content=\"summary_large_image\" \/>\n<script type=\"application\/ld+json\" class=\"yoast-schema-graph\">{\"@context\":\"https:\\\/\\\/schema.org\",\"@graph\":[{\"@type\":\"WebPage\",\"@id\":\"https:\\\/\\\/spinbetter.cash\\\/fi\\\/login\\\/\",\"url\":\"https:\\\/\\\/spinbetter.cash\\\/fi\\\/login\\\/\",\"name\":\"SpinBetter Login | Nopea p\u00e4\u00e4sy panoksiin ja voittoihin!\",\"isPartOf\":{\"@id\":\"https:\\\/\\\/spinbetter.cash\\\/fi\\\/#website\"},\"datePublished\":\"2024-10-11T14:31:35+00:00\",\"dateModified\":\"2025-06-11T09:23:11+00:00\",\"description\":\"Kirjaudu sis\u00e4\u00e4n SpinBetteriin > V\u00e4lit\u00f6n p\u00e4\u00e4sy tilillesi, urheiluvedonly\u00f6ntiin ja uhkapeleihin! Kirjaudu sis\u00e4\u00e4n ja aloita voittaminen heti!\",\"breadcrumb\":{\"@id\":\"https:\\\/\\\/spinbetter.cash\\\/fi\\\/login\\\/#breadcrumb\"},\"inLanguage\":\"fi\",\"potentialAction\":[{\"@type\":\"ReadAction\",\"target\":[\"https:\\\/\\\/spinbetter.cash\\\/fi\\\/login\\\/\"]}]},{\"@type\":\"BreadcrumbList\",\"@id\":\"https:\\\/\\\/spinbetter.cash\\\/fi\\\/login\\\/#breadcrumb\",\"itemListElement\":[{\"@type\":\"ListItem\",\"position\":1,\"name\":\"Home\",\"item\":\"https:\\\/\\\/spinbetter.cash\\\/fi\\\/\"},{\"@type\":\"ListItem\",\"position\":2,\"name\":\"Kirjaudu sis\u00e4\u00e4n\"}]},{\"@type\":\"WebSite\",\"@id\":\"https:\\\/\\\/spinbetter.cash\\\/fi\\\/#website\",\"url\":\"https:\\\/\\\/spinbetter.cash\\\/fi\\\/\",\"name\":\"Spinbetter Football FI\",\"description\":\"My WordPress Blog\",\"potentialAction\":[{\"@type\":\"SearchAction\",\"target\":{\"@type\":\"EntryPoint\",\"urlTemplate\":\"https:\\\/\\\/spinbetter.cash\\\/fi\\\/?s={search_term_string}\"},\"query-input\":{\"@type\":\"PropertyValueSpecification\",\"valueRequired\":true,\"valueName\":\"search_term_string\"}}],\"inLanguage\":\"fi\"}]}<\/script>\n<!-- \/ Yoast SEO plugin. -->","yoast_head_json":{"title":"SpinBetter Login | Nopea p\u00e4\u00e4sy panoksiin ja voittoihin!","description":"Kirjaudu sis\u00e4\u00e4n SpinBetteriin > V\u00e4lit\u00f6n p\u00e4\u00e4sy tilillesi, urheiluvedonly\u00f6ntiin ja uhkapeleihin! Kirjaudu sis\u00e4\u00e4n ja aloita voittaminen heti!","robots":{"index":"index","follow":"follow","max-snippet":"max-snippet:-1","max-image-preview":"max-image-preview:large","max-video-preview":"max-video-preview:-1"},"og_locale":"fi_FI","og_type":"article","og_title":"SpinBetter Login | Nopea p\u00e4\u00e4sy panoksiin ja voittoihin!","og_description":"Kirjaudu sis\u00e4\u00e4n SpinBetteriin > V\u00e4lit\u00f6n p\u00e4\u00e4sy tilillesi, urheiluvedonly\u00f6ntiin ja uhkapeleihin! Kirjaudu sis\u00e4\u00e4n ja aloita voittaminen heti!","og_url":"https:\/\/spinbetter.cash\/fi\/login\/","og_site_name":"Spinbetter Football FI","article_modified_time":"2025-06-11T09:23:11+00:00","twitter_card":"summary_large_image","schema":{"@context":"https:\/\/schema.org","@graph":[{"@type":"WebPage","@id":"https:\/\/spinbetter.cash\/fi\/login\/","url":"https:\/\/spinbetter.cash\/fi\/login\/","name":"SpinBetter Login | Nopea p\u00e4\u00e4sy panoksiin ja voittoihin!","isPartOf":{"@id":"https:\/\/spinbetter.cash\/fi\/#website"},"datePublished":"2024-10-11T14:31:35+00:00","dateModified":"2025-06-11T09:23:11+00:00","description":"Kirjaudu sis\u00e4\u00e4n SpinBetteriin > V\u00e4lit\u00f6n p\u00e4\u00e4sy tilillesi, urheiluvedonly\u00f6ntiin ja uhkapeleihin! Kirjaudu sis\u00e4\u00e4n ja aloita voittaminen heti!","breadcrumb":{"@id":"https:\/\/spinbetter.cash\/fi\/login\/#breadcrumb"},"inLanguage":"fi","potentialAction":[{"@type":"ReadAction","target":["https:\/\/spinbetter.cash\/fi\/login\/"]}]},{"@type":"BreadcrumbList","@id":"https:\/\/spinbetter.cash\/fi\/login\/#breadcrumb","itemListElement":[{"@type":"ListItem","position":1,"name":"Home","item":"https:\/\/spinbetter.cash\/fi\/"},{"@type":"ListItem","position":2,"name":"Kirjaudu sis\u00e4\u00e4n"}]},{"@type":"WebSite","@id":"https:\/\/spinbetter.cash\/fi\/#website","url":"https:\/\/spinbetter.cash\/fi\/","name":"Spinbetter Football FI","description":"My WordPress Blog","potentialAction":[{"@type":"SearchAction","target":{"@type":"EntryPoint","urlTemplate":"https:\/\/spinbetter.cash\/fi\/?s={search_term_string}"},"query-input":{"@type":"PropertyValueSpecification","valueRequired":true,"valueName":"search_term_string"}}],"inLanguage":"fi"}]}},"_links":{"self":[{"href":"https:\/\/spinbetter.cash\/fi\/wp-json\/wp\/v2\/pages\/336","targetHints":{"allow":["GET"]}}],"collection":[{"href":"https:\/\/spinbetter.cash\/fi\/wp-json\/wp\/v2\/pages"}],"about":[{"href":"https:\/\/spinbetter.cash\/fi\/wp-json\/wp\/v2\/types\/page"}],"author":[{"embeddable":true,"href":"https:\/\/spinbetter.cash\/fi\/wp-json\/wp\/v2\/users\/1"}],"replies":[{"embeddable":true,"href":"https:\/\/spinbetter.cash\/fi\/wp-json\/wp\/v2\/comments?post=336"}],"version-history":[{"count":20,"href":"https:\/\/spinbetter.cash\/fi\/wp-json\/wp\/v2\/pages\/336\/revisions"}],"predecessor-version":[{"id":568,"href":"https:\/\/spinbetter.cash\/fi\/wp-json\/wp\/v2\/pages\/336\/revisions\/568"}],"wp:attachment":[{"href":"https:\/\/spinbetter.cash\/fi\/wp-json\/wp\/v2\/media?parent=336"}],"curies":[{"name":"wp","href":"https:\/\/api.w.org\/{rel}","templated":true}]}}