{"id":704,"date":"2025-12-10T08:27:16","date_gmt":"2025-12-10T08:27:16","guid":{"rendered":"https:\/\/spinbetter.cash\/es\/?page_id=704"},"modified":"2025-12-10T14:19:46","modified_gmt":"2025-12-10T14:19:46","slug":"cookies-policy","status":"publish","type":"page","link":"https:\/\/spinbetter.cash\/es\/cookies-policy\/","title":{"rendered":"Pol\u00edtica de Cookies"},"content":{"rendered":"","protected":false},"excerpt":{"rendered":"","protected":false},"author":1,"featured_media":0,"parent":0,"menu_order":0,"comment_status":"closed","ping_status":"closed","template":"","meta":{"_acf_changed":false,"footnotes":""},"class_list":["post-704","page","type-page","status-publish","hentry"],"acf":[],"yoast_head":"<!-- This site is optimized with the Yoast SEO plugin v27.3 - https:\/\/yoast.com\/product\/yoast-seo-wordpress\/ -->\n<title>SpinBetter Uso de Cookies y Preferencias del Usuario<\/title>\n<meta name=\"description\" content=\"Informaci\u00f3n sobre c\u00f3mo SpinBetter utiliza cookies para mejorar navegaci\u00f3n, recordar preferencias y optimizar la experiencia del usuario.\" \/>\n<meta name=\"robots\" content=\"index, follow, max-snippet:-1, max-image-preview:large, max-video-preview:-1\" \/>\n<meta property=\"og:locale\" content=\"es_ES\" \/>\n<meta property=\"og:type\" content=\"article\" \/>\n<meta property=\"og:title\" content=\"SpinBetter Uso de Cookies y Preferencias del Usuario\" \/>\n<meta property=\"og:description\" content=\"Informaci\u00f3n sobre c\u00f3mo SpinBetter utiliza cookies para mejorar navegaci\u00f3n, recordar preferencias y optimizar la experiencia del usuario.\" \/>\n<meta property=\"og:url\" content=\"https:\/\/spinbetter.cash\/es\/cookies-policy\/\" \/>\n<meta property=\"og:site_name\" content=\"Spinbetter Football ES\" \/>\n<meta property=\"article:modified_time\" content=\"2025-12-10T14:19:46+00:00\" \/>\n<meta name=\"twitter:card\" content=\"summary_large_image\" \/>\n<script type=\"application\/ld+json\" class=\"yoast-schema-graph\">{\"@context\":\"https:\\\/\\\/schema.org\",\"@graph\":[{\"@type\":\"WebPage\",\"@id\":\"https:\\\/\\\/spinbetter.cash\\\/es\\\/cookies-policy\\\/\",\"url\":\"https:\\\/\\\/spinbetter.cash\\\/es\\\/cookies-policy\\\/\",\"name\":\"SpinBetter Uso de Cookies y Preferencias del Usuario\",\"isPartOf\":{\"@id\":\"https:\\\/\\\/spinbetter.cash\\\/es\\\/#website\"},\"datePublished\":\"2025-12-10T08:27:16+00:00\",\"dateModified\":\"2025-12-10T14:19:46+00:00\",\"description\":\"Informaci\u00f3n sobre c\u00f3mo SpinBetter utiliza cookies para mejorar navegaci\u00f3n, recordar preferencias y optimizar la experiencia del usuario.\",\"breadcrumb\":{\"@id\":\"https:\\\/\\\/spinbetter.cash\\\/es\\\/cookies-policy\\\/#breadcrumb\"},\"inLanguage\":\"es\",\"potentialAction\":[{\"@type\":\"ReadAction\",\"target\":[\"https:\\\/\\\/spinbetter.cash\\\/es\\\/cookies-policy\\\/\"]}]},{\"@type\":\"BreadcrumbList\",\"@id\":\"https:\\\/\\\/spinbetter.cash\\\/es\\\/cookies-policy\\\/#breadcrumb\",\"itemListElement\":[{\"@type\":\"ListItem\",\"position\":1,\"name\":\"Home\",\"item\":\"https:\\\/\\\/spinbetter.cash\\\/es\\\/\"},{\"@type\":\"ListItem\",\"position\":2,\"name\":\"Pol\u00edtica de Cookies\"}]},{\"@type\":\"WebSite\",\"@id\":\"https:\\\/\\\/spinbetter.cash\\\/es\\\/#website\",\"url\":\"https:\\\/\\\/spinbetter.cash\\\/es\\\/\",\"name\":\"Spinbetter Football ES\",\"description\":\"\",\"potentialAction\":[{\"@type\":\"SearchAction\",\"target\":{\"@type\":\"EntryPoint\",\"urlTemplate\":\"https:\\\/\\\/spinbetter.cash\\\/es\\\/?s={search_term_string}\"},\"query-input\":{\"@type\":\"PropertyValueSpecification\",\"valueRequired\":true,\"valueName\":\"search_term_string\"}}],\"inLanguage\":\"es\"}]}<\/script>\n<!-- \/ Yoast SEO plugin. -->","yoast_head_json":{"title":"SpinBetter Uso de Cookies y Preferencias del Usuario","description":"Informaci\u00f3n sobre c\u00f3mo SpinBetter utiliza cookies para mejorar navegaci\u00f3n, recordar preferencias y optimizar la experiencia del usuario.","robots":{"index":"index","follow":"follow","max-snippet":"max-snippet:-1","max-image-preview":"max-image-preview:large","max-video-preview":"max-video-preview:-1"},"og_locale":"es_ES","og_type":"article","og_title":"SpinBetter Uso de Cookies y Preferencias del Usuario","og_description":"Informaci\u00f3n sobre c\u00f3mo SpinBetter utiliza cookies para mejorar navegaci\u00f3n, recordar preferencias y optimizar la experiencia del usuario.","og_url":"https:\/\/spinbetter.cash\/es\/cookies-policy\/","og_site_name":"Spinbetter Football ES","article_modified_time":"2025-12-10T14:19:46+00:00","twitter_card":"summary_large_image","schema":{"@context":"https:\/\/schema.org","@graph":[{"@type":"WebPage","@id":"https:\/\/spinbetter.cash\/es\/cookies-policy\/","url":"https:\/\/spinbetter.cash\/es\/cookies-policy\/","name":"SpinBetter Uso de Cookies y Preferencias del Usuario","isPartOf":{"@id":"https:\/\/spinbetter.cash\/es\/#website"},"datePublished":"2025-12-10T08:27:16+00:00","dateModified":"2025-12-10T14:19:46+00:00","description":"Informaci\u00f3n sobre c\u00f3mo SpinBetter utiliza cookies para mejorar navegaci\u00f3n, recordar preferencias y optimizar la experiencia del usuario.","breadcrumb":{"@id":"https:\/\/spinbetter.cash\/es\/cookies-policy\/#breadcrumb"},"inLanguage":"es","potentialAction":[{"@type":"ReadAction","target":["https:\/\/spinbetter.cash\/es\/cookies-policy\/"]}]},{"@type":"BreadcrumbList","@id":"https:\/\/spinbetter.cash\/es\/cookies-policy\/#breadcrumb","itemListElement":[{"@type":"ListItem","position":1,"name":"Home","item":"https:\/\/spinbetter.cash\/es\/"},{"@type":"ListItem","position":2,"name":"Pol\u00edtica de Cookies"}]},{"@type":"WebSite","@id":"https:\/\/spinbetter.cash\/es\/#website","url":"https:\/\/spinbetter.cash\/es\/","name":"Spinbetter Football ES","description":"","potentialAction":[{"@type":"SearchAction","target":{"@type":"EntryPoint","urlTemplate":"https:\/\/spinbetter.cash\/es\/?s={search_term_string}"},"query-input":{"@type":"PropertyValueSpecification","valueRequired":true,"valueName":"search_term_string"}}],"inLanguage":"es"}]}},"_links":{"self":[{"href":"https:\/\/spinbetter.cash\/es\/wp-json\/wp\/v2\/pages\/704","targetHints":{"allow":["GET"]}}],"collection":[{"href":"https:\/\/spinbetter.cash\/es\/wp-json\/wp\/v2\/pages"}],"about":[{"href":"https:\/\/spinbetter.cash\/es\/wp-json\/wp\/v2\/types\/page"}],"author":[{"embeddable":true,"href":"https:\/\/spinbetter.cash\/es\/wp-json\/wp\/v2\/users\/1"}],"replies":[{"embeddable":true,"href":"https:\/\/spinbetter.cash\/es\/wp-json\/wp\/v2\/comments?post=704"}],"version-history":[{"count":2,"href":"https:\/\/spinbetter.cash\/es\/wp-json\/wp\/v2\/pages\/704\/revisions"}],"predecessor-version":[{"id":715,"href":"https:\/\/spinbetter.cash\/es\/wp-json\/wp\/v2\/pages\/704\/revisions\/715"}],"wp:attachment":[{"href":"https:\/\/spinbetter.cash\/es\/wp-json\/wp\/v2\/media?parent=704"}],"curies":[{"name":"wp","href":"https:\/\/api.w.org\/{rel}","templated":true}]}}